{"id":58057,"date":"2017-05-25T22:16:28","date_gmt":"2017-05-25T20:16:28","guid":{"rendered":"https:\/\/mlsbeschlaege.de\/produkt\/hublot-b5000\/"},"modified":"2026-03-19T14:01:36","modified_gmt":"2026-03-19T13:01:36","slug":"hublot-b5000","status":"publish","type":"product","link":"https:\/\/mlsbeschlaege.de\/fr\/produit\/hublot-b5000\/","title":{"rendered":"Hublot B5000"},"content":{"rendered":"<h2><strong>Hublot en acier inoxydable<\/strong><\/h2>\n<p>La fen\u00eatre \u00e0 hublot est adapt\u00e9e au montage sur des portes int\u00e9rieures. Le montage simple se fait sans d\u00e9coupe, directement sur le panneau de porte. Ce hublot est extr\u00eamement plat, ce qui conf\u00e8re \u00e0 votre maison ou \u00e0 votre bureau un caract\u00e8re ultramoderne et surprenant. Les vis du hublot en acier inoxydable bross\u00e9 sont visibles d&#8217;un c\u00f4t\u00e9. La fen\u00eatre ronde est \u00e9quip\u00e9e d&#8217;un panneau vitr\u00e9 en verre d\u00e9poli de 4 mm d&#8217;\u00e9paisseur. Elle peut ainsi \u00eatre mont\u00e9e \u00e0 n&#8217;importe quelle hauteur de porte.     <\/p>\n<p>Les hublots de porte sont garantis 2 ans.<\/p>\n<h3>Misez sur une qualit\u00e9 \u00e9lev\u00e9e et un design moderne<\/h3>\n<p>Nos hublots transforment n&#8217;importe quelle pi\u00e8ce en un lieu magique et grandiose. Les hublots doivent leur look moderne \u00e0 leurs caract\u00e9ristiques uniques &#8211; ils sont extr\u00eamement plats, fabriqu\u00e9s en acier inoxydable bross\u00e9 et \u00e9quip\u00e9s de verre d\u00e9poli. Vos portes de chambre, de cuisine, de salle de bain, de bureau, d&#8217;\u00e9tude, de cabinet m\u00e9dical ou de camping-car auront fi\u00e8re allure avec nos hublots !  <\/p>\n<h3>Contenu de la livraison :<\/h3>\n<ul>\n<li>1 anneau m\u00e9tallique en acier inoxydable<\/li>\n<li>1 panneau de verre VSG 4 mm<\/li>\n<li>Mat\u00e9riel de fixation<\/li>\n<\/ul>\n<p>Consultez \u00e9galement d&#8217;autres offres dans notre boutique en ligne &#8211; vous y trouverez d&#8217;autres diam\u00e8tres et d&#8217;autres variantes de vitrage (verre clair et verre d\u00e9poli).<\/p>\n<div class=\"col-md-12\">\n<h1 style=\"text-align: center;\">Galerie de photos<\/h1>\n<div id=\"grid-gallery-18-78088\" data-gg-id=\"18\" data-title=\"B5000\" data-grid-type=\"2\" data-offset=\"5.3\" data-area-position=\"center\" data-icons=\"\" data-preloader=\"true\" data-width=\"auto\" data-height=\"500\" data-padding=\"0\" data-quicksand=\"disabled\" data-quicksand-duration=\"none\" data-popup-theme=\"theme_6\" data-popup-type=\"pretty-photo\" data-popup-captions=\"hide\" data-popup-image-text=\"data-description\" data-popup-widthsize=\"auto\" data-popup-heightsize=\"auto\" data-popup-i18n-words=\"{&quot;close&quot;:&quot;fermer&quot;,&quot;next&quot;:&quot;suivant&quot;,&quot;previous&quot;:&quot;pr\\u00e9c\\u00e9dent&quot;,&quot;start_slideshow&quot;:&quot;d\\u00e9marrer le diaporama&quot;,&quot;stop_slideshow&quot;:&quot;arr\\u00e9ter le diaporama&quot;,&quot;image&quot;:&quot;image&quot;,&quot;of&quot;:&quot;de&quot;,&quot;prev&quot;:&quot;pr\\u00e9c.&quot;,&quot;cExpand&quot;:&quot;Agrandir&quot;,&quot;cPrevious&quot;:&quot;Pr\\u00e9c\\u00e9dent&quot;,&quot;cNext&quot;:&quot;Suivant&quot;,&quot;cExpandStr&quot;:&quot;Agrandir l&#039;image&quot;,&quot;cRotate&quot;:&quot;Pivoter&quot;,&quot;cDetails&quot;:&quot;Details&quot;}\" data-popup-slideshow=\"true\" data-popup-slideshow-speed=\"2500\" data-popup-hoverstop=\"true\" data-popup-slideshow-auto=\"false\" data-popup-background=\"\" data-popup-transparency=\"30\" data-popup-disable-history=\"\" data-popup-disable-changed-url=\"\" data-popup-border-type=\"solid\" data-popup-border-color=\"\" data-popup-border-width=\"\" data-popup-border-enable=\"\" data-fullscreen=\"false\" data-hide-tooltip=\"false\" data-caption-font-family=\"Default\" data-caption-text-size=\"140\" data-is-mobile=\"0\" data-caption-mobile=\"false\" data-hide-long-tltp-title=\"1\" data-caption-disabled-on-mobile=\"false\" data-popup-placement-type=\"0\" data-social-sharing=\"{&quot;enabled&quot;:null,&quot;gallerySharing&quot;:{&quot;enabled&quot;:null,&quot;position&quot;:null},&quot;imageSharing&quot;:{&quot;enabled&quot;:null,&quot;wrapperClass&quot;:&quot; vertical &quot;},&quot;popupSharing&quot;:{&quot;enabled&quot;:null,&quot;wrapperClass&quot;:&quot; vertical &quot;}}\" class=\"grid-gallery grid-gallery-fixed \" style=\" width:100%; height:auto; margin-left:auto; margin-right:auto;position:relative;\"> <div class=\"gallery-loading\"> <div class=\"blocks\"> <div class=\"block\"><\/div> <div class=\"block\"><\/div> <div class=\"block\"><\/div> <div class=\"block\"><\/div> <\/div> <\/div> <div class=\"gallery-sharing-top\" style=\"display:none;\"> <\/div> <div id=\"photos-18\" class=\"grid-gallery-photos\"><FIGURE class=\"grid-gallery-caption\" data-grid-gallery-type=\"quarter-slide-up\" data-index=\"0\" style=\"display:none;border-radius:50;; margin:2.65px; height:5000; width:auto;\" ><div class=\"crop\" style=\"\"><img decoding=\"async\" src=\"https:\/\/mlsbeschlaege.de\/wp-content\/uploads\/2024\/12\/IMG_3733-1-337x500.jpg\" class=\"ggImg ggNotInitImg\" alt=\"IMG_3733 (1)\" title=\"IMG_3733 (1)\" data-description=\"IMG_3733 (1)\" data-caption=\"IMG_3733 (1)\" data-title=\"IMG_3733 (1)\" style=\" height:500px; width:auto;\" \/><\/div><FIGCAPTION class=\"\" data-alpha=\"5\" style=\"color:#ffffff; background-color:#6f0000; font-size:140; text-align:left; font-family:Default;\" ><div class=\"grid-gallery-figcaption-wrap\" style=\"\"><\/div><\/FIGCAPTION><\/FIGURE><FIGURE class=\"grid-gallery-caption\" data-grid-gallery-type=\"quarter-slide-up\" data-index=\"1\" style=\"display:none;border-radius:50;; margin:2.65px; height:5000; width:auto;\" ><div class=\"crop\" style=\"\"><img decoding=\"async\" src=\"https:\/\/mlsbeschlaege.de\/wp-content\/uploads\/2024\/12\/IMG_3827-rotated-375x500.jpg\" class=\"ggImg ggNotInitImg\" alt=\"IMG_3827\" title=\"IMG_3827\" data-description=\"IMG_3827\" data-caption=\"IMG_3827\" data-title=\"IMG_3827\" style=\" height:500px; width:auto;\" \/><\/div><FIGCAPTION class=\"\" data-alpha=\"5\" style=\"color:#ffffff; background-color:#6f0000; font-size:140; text-align:left; font-family:Default;\" ><div class=\"grid-gallery-figcaption-wrap\" style=\"\"><\/div><\/FIGCAPTION><\/FIGURE> <div class=\"grid-gallery-clearfix\"><\/div> <\/div> <div class=\"gallery-sharing-bottom\" style=\"display:none;\"> <\/div> <div class=\"gallery-sharing-image\" style=\"display:none;\"> <\/div> <div class=\"gallery-sharing-popup\" style=\"display:none;\"> <\/div> <div class=\"grid-gallery-clearfix\"><\/div> <\/div> <!-- Gallery by Supsystic plugin1.15.32 --><a title=\"Wordpress Gallery Plugin Free\" style=\"display:none;\" href=\"https:\/\/supsystic.com\/plugins\/photo-gallery\/?utm_medium=love_link\" target=\"_blank\">Wordpress Gallery Plugin Free<\/a><\/div>\n<script>function getWR360PopupSkin(){return 'dark_clean';}<\/script>","protected":false},"excerpt":{"rendered":"<table style=\"border: none; border-width: 0;\" cellspacing=\"0\" cellpadding=\"0\">\n<tr>\n<td style=\"border: none; border-width: 0;\"><img decoding=\"async\" style=\"float: left;padding: 0 15px 15px 0\" src=\"https:\/\/mlsbeschlaege.de\/wp-content\/uploads\/drawings\/bullaugen.svg\"><\/td>\n<td style=\"border: none; border-width: 0;\">\n<ul>\n<li>une qualit\u00e9 d&#8217;ex\u00e9cution parfaite<\/li>\n<li>extra-plat<\/li>\n<li>montage d&#8217;un seul c\u00f4t\u00e9 sans d\u00e9coupe<\/li>\n<li>mont\u00e9 directement sur le panneau de porte, montage facile<\/li>\n<li>Vis visibles d&#8217;un seul c\u00f4t\u00e9<\/li>\n<li>un anneau m\u00e9tallique en acier inoxydable bross\u00e9<\/li>\n<li>un panneau de verre VSG 4 mm<\/li>\n<li>diff\u00e9rentes tailles<\/li>\n<\/ul>\n<p><i class=\"fa fa-video-camera\"><\/i><a href=\"#\">[video_popup url=\"https:\/\/mlsbeschlaege.de\/wp-content\/uploads\/2023\/06\/B_5000.mp4\" text=\"  Vid\u00e9o B5000\" wrap=\"1\"]<\/a><\/p>\n<p><i class=\"fa fa-file-pdf-o\"><\/i><a id=\"link-to-assembly-instruction\" href=\"https:\/\/mlsbeschlaege.de\/wp-content\/uploads\/docs\/B5000fr.pdf\" target=\"_blank\" rel=\"noopener noreferrer\">  Instructions de montage hublots<\/a> <img decoding=\"async\" style=\"display:none;height:16px;padding-left:10px;\" id=\"link-to-assembly-instruction-flag-de\" height=\"16px\" src=\"https:\/\/mlsbeschlaege.de\/wp-content\/uploads\/flag-fr.webp\"> <img decoding=\"async\" style=\"display:none;height:16px;padding-left:10px;\" id=\"link-to-assembly-instruction-flag-other\" height=\"16px\" src=\"https:\/\/mlsbeschlaege.de\/wp-content\/uploads\/flag-enesfrit.webp\"><br \/>\n<script>\ndocument.addEventListener('DOMContentLoaded', function() {\n    const userLang = navigator.language || navigator.userLanguage;\n    const link = document.querySelector('#link-to-assembly-instruction');\n    const flagDe = document.querySelector('#link-to-assembly-instruction-flag-de');\n    const flagOther = document.querySelector('#link-to-assembly-instruction-flag-other');\n    if (userLang.startsWith('fr')) {\n        link.textContent = ' Instructions de montage hublots';\n        link.href=\"https:\/\/mlsbeschlaege.de\/wp-content\/uploads\/docs\/B5000fr.pdf\"\n        flagDe.style.display = \"inline-block\";\n        flagOther.style.display = \"none\";\n    } else {\n        link.textContent = ' Installation instructions for portholes';\n        link.href=\"https:\/\/mlsbeschlaege.de\/wp-content\/uploads\/docs\/b5000.pdf\"\n        flagOther.style.display = \"inline-block\";\n        flagDe.style.display = \"none\";\n    }\n});\n<\/script><\/p>\n<p><i class=\"fa fa-file-pdf-o\"><\/i><a href=\"https:\/\/mlsbeschlaege.de\/wp-content\/uploads\/docs\/Bullaugen_B5000.pdf\" target=\"_blank\" rel=\"noopener noreferrer\">  Hublots B5000<\/a><\/p>\n<p><i class=\"fa fa-file-pdf-o\"><\/i><a href=\"https:\/\/mlsbeschlaege.de\/wp-content\/uploads\/docs\/MLS_Katalog_Bullaugen.pdf\" target=\"_blank\" rel=\"noopener noreferrer\">  Catalogue des hublots<\/a><\/p>\n<p><i class=\"fa fa-euro\"><\/i><a href=\"https:\/\/mlsbeschlaege.de\/wp-content\/uploads\/docs\/B2B-Preisliste-Bullaugen-DE.pdf\" target=\"_blank\" rel=\"noopener noreferrer\">  Liste de prix hublots<\/a>\n<\/td>\n<\/tr>\n<\/table>\n<table id=\"tabelka\">\n<tbody>\n<tr>\n<td>D (mm)<\/td>\n<td>d (mm)<\/td>\n<td>clair<\/td>\n<td>mat<\/td>\n<\/tr>\n<tr>\n<td>250<\/td>\n<td>190<\/td>\n<td>0180-0180<\/td>\n<td>0180-0190<\/td>\n<\/tr>\n<tr>\n<td>300<\/td>\n<td>235<\/td>\n<td>0180-0181<\/td>\n<td>0180-0191<\/td>\n<\/tr>\n<tr>\n<td>350<\/td>\n<td>285<\/td>\n<td>0180-0182<\/td>\n<td>0180-0192<\/td>\n<\/tr>\n<tr>\n<td>400<\/td>\n<td>310<\/td>\n<td>0180-0183<\/td>\n<td>0180-0193<\/td>\n<\/tr>\n<\/tbody>\n<\/table>\n","protected":false},"featured_media":58058,"comment_status":"open","ping_status":"closed","template":"","meta":{"pgc_sgb_lightbox_settings":"","_links_to":"","_links_to_target":""},"product_brand":[],"product_cat":[628],"product_tag":[],"class_list":{"0":"post-58057","1":"product","2":"type-product","3":"status-publish","4":"has-post-thumbnail","6":"product_cat-hublots","7":"product_shipping_class-klasa-a","10":"first","11":"instock","12":"taxable","13":"shipping-taxable","14":"product-type-variable"},"yoast_head":"<!-- This site is optimized with the Yoast SEO plugin v26.6 - https:\/\/yoast.com\/wordpress\/plugins\/seo\/ -->\n<title>Hublot B5000 - MLS Beschl\u00e4ge<\/title>\n<meta name=\"robots\" content=\"index, follow, max-snippet:-1, max-image-preview:large, max-video-preview:-1\" \/>\n<link rel=\"canonical\" href=\"https:\/\/mlsbeschlaege.de\/fr\/produit\/hublot-b5000\/\" \/>\n<meta property=\"og:locale\" content=\"fr_FR\" \/>\n<meta property=\"og:type\" content=\"article\" \/>\n<meta property=\"og:title\" content=\"Hublot B5000 - MLS Beschl\u00e4ge\" \/>\n<meta property=\"og:description\" content=\"une qualit\u00e9 d&#039;ex\u00e9cution parfaite  extra-plat  montage d&#039;un seul c\u00f4t\u00e9 sans d\u00e9coupe  mont\u00e9 directement sur le panneau de porte, montage facile  Vis visibles d&#039;un seul c\u00f4t\u00e9  un anneau m\u00e9tallique en acier inoxydable bross\u00e9  un panneau de verre VSG 4 mm  diff\u00e9rentes tailles     Instructions de montage hublots     Hublots B5000   Catalogue des hublots   Liste de prix hublots     D (mm) d (mm) clair mat   250 190 0180-0180 0180-0190   300 235 0180-0181 0180-0191   350 285 0180-0182 0180-0192   400 310 0180-0183 0180-0193\" \/>\n<meta property=\"og:url\" content=\"https:\/\/mlsbeschlaege.de\/fr\/produit\/hublot-b5000\/\" \/>\n<meta property=\"og:site_name\" content=\"MLS Beschl\u00e4ge\" \/>\n<meta property=\"article:modified_time\" content=\"2026-03-19T13:01:36+00:00\" \/>\n<meta property=\"og:image\" content=\"https:\/\/mlsbeschlaege.de\/wp-content\/uploads\/2017\/05\/B5000-klar.png\" \/>\n\t<meta property=\"og:image:width\" content=\"600\" \/>\n\t<meta property=\"og:image:height\" content=\"600\" \/>\n\t<meta property=\"og:image:type\" content=\"image\/png\" \/>\n<meta name=\"twitter:card\" content=\"summary_large_image\" \/>\n<meta name=\"twitter:label1\" content=\"Dur\u00e9e de lecture estim\u00e9e\" \/>\n\t<meta name=\"twitter:data1\" content=\"2 minutes\" \/>\n<script type=\"application\/ld+json\" class=\"yoast-schema-graph\">{\"@context\":\"https:\/\/schema.org\",\"@graph\":[{\"@type\":\"WebPage\",\"@id\":\"https:\/\/mlsbeschlaege.de\/fr\/produit\/hublot-b5000\/\",\"url\":\"https:\/\/mlsbeschlaege.de\/fr\/produit\/hublot-b5000\/\",\"name\":\"Hublot B5000 - MLS Beschl\u00e4ge\",\"isPartOf\":{\"@id\":\"https:\/\/mlsbeschlaege.de\/fr\/#website\"},\"primaryImageOfPage\":{\"@id\":\"https:\/\/mlsbeschlaege.de\/fr\/produit\/hublot-b5000\/#primaryimage\"},\"image\":{\"@id\":\"https:\/\/mlsbeschlaege.de\/fr\/produit\/hublot-b5000\/#primaryimage\"},\"thumbnailUrl\":\"https:\/\/mlsbeschlaege.de\/wp-content\/uploads\/2017\/05\/B5000-klar.png\",\"datePublished\":\"2017-05-25T20:16:28+00:00\",\"dateModified\":\"2026-03-19T13:01:36+00:00\",\"breadcrumb\":{\"@id\":\"https:\/\/mlsbeschlaege.de\/fr\/produit\/hublot-b5000\/#breadcrumb\"},\"inLanguage\":\"fr-FR\",\"potentialAction\":[{\"@type\":\"ReadAction\",\"target\":[\"https:\/\/mlsbeschlaege.de\/fr\/produit\/hublot-b5000\/\"]}]},{\"@type\":\"ImageObject\",\"inLanguage\":\"fr-FR\",\"@id\":\"https:\/\/mlsbeschlaege.de\/fr\/produit\/hublot-b5000\/#primaryimage\",\"url\":\"https:\/\/mlsbeschlaege.de\/wp-content\/uploads\/2017\/05\/B5000-klar.png\",\"contentUrl\":\"https:\/\/mlsbeschlaege.de\/wp-content\/uploads\/2017\/05\/B5000-klar.png\",\"width\":600,\"height\":600},{\"@type\":\"BreadcrumbList\",\"@id\":\"https:\/\/mlsbeschlaege.de\/fr\/produit\/hublot-b5000\/#breadcrumb\",\"itemListElement\":[{\"@type\":\"ListItem\",\"position\":1,\"name\":\"Strona g\u0142\u00f3wna\",\"item\":\"https:\/\/mlsbeschlaege.de\/fr\/\"},{\"@type\":\"ListItem\",\"position\":2,\"name\":\"Boutique\",\"item\":\"https:\/\/mlsbeschlaege.de\/shop\/\"},{\"@type\":\"ListItem\",\"position\":3,\"name\":\"Hublot B5000\"}]},{\"@type\":\"WebSite\",\"@id\":\"https:\/\/mlsbeschlaege.de\/fr\/#website\",\"url\":\"https:\/\/mlsbeschlaege.de\/fr\/\",\"name\":\"MLS Beschl\u00e4ge\",\"description\":\"Qualit\u00e4t Beschlaege aus Edelstahl und Aluminium f\u00fcr Glas und Holz Anwendungen\",\"potentialAction\":[{\"@type\":\"SearchAction\",\"target\":{\"@type\":\"EntryPoint\",\"urlTemplate\":\"https:\/\/mlsbeschlaege.de\/fr\/?s={search_term_string}\"},\"query-input\":{\"@type\":\"PropertyValueSpecification\",\"valueRequired\":true,\"valueName\":\"search_term_string\"}}],\"inLanguage\":\"fr-FR\"}]}<\/script>\n<!-- \/ Yoast SEO plugin. -->","yoast_head_json":{"title":"Hublot B5000 - MLS Beschl\u00e4ge","robots":{"index":"index","follow":"follow","max-snippet":"max-snippet:-1","max-image-preview":"max-image-preview:large","max-video-preview":"max-video-preview:-1"},"canonical":"https:\/\/mlsbeschlaege.de\/fr\/produit\/hublot-b5000\/","og_locale":"fr_FR","og_type":"article","og_title":"Hublot B5000 - MLS Beschl\u00e4ge","og_description":"une qualit\u00e9 d'ex\u00e9cution parfaite  extra-plat  montage d'un seul c\u00f4t\u00e9 sans d\u00e9coupe  mont\u00e9 directement sur le panneau de porte, montage facile  Vis visibles d'un seul c\u00f4t\u00e9  un anneau m\u00e9tallique en acier inoxydable bross\u00e9  un panneau de verre VSG 4 mm  diff\u00e9rentes tailles     Instructions de montage hublots     Hublots B5000   Catalogue des hublots   Liste de prix hublots     D (mm) d (mm) clair mat   250 190 0180-0180 0180-0190   300 235 0180-0181 0180-0191   350 285 0180-0182 0180-0192   400 310 0180-0183 0180-0193","og_url":"https:\/\/mlsbeschlaege.de\/fr\/produit\/hublot-b5000\/","og_site_name":"MLS Beschl\u00e4ge","article_modified_time":"2026-03-19T13:01:36+00:00","og_image":[{"width":600,"height":600,"url":"https:\/\/mlsbeschlaege.de\/wp-content\/uploads\/2017\/05\/B5000-klar.png","type":"image\/png"}],"twitter_card":"summary_large_image","twitter_misc":{"Dur\u00e9e de lecture estim\u00e9e":"2 minutes"},"schema":{"@context":"https:\/\/schema.org","@graph":[{"@type":"WebPage","@id":"https:\/\/mlsbeschlaege.de\/fr\/produit\/hublot-b5000\/","url":"https:\/\/mlsbeschlaege.de\/fr\/produit\/hublot-b5000\/","name":"Hublot B5000 - MLS Beschl\u00e4ge","isPartOf":{"@id":"https:\/\/mlsbeschlaege.de\/fr\/#website"},"primaryImageOfPage":{"@id":"https:\/\/mlsbeschlaege.de\/fr\/produit\/hublot-b5000\/#primaryimage"},"image":{"@id":"https:\/\/mlsbeschlaege.de\/fr\/produit\/hublot-b5000\/#primaryimage"},"thumbnailUrl":"https:\/\/mlsbeschlaege.de\/wp-content\/uploads\/2017\/05\/B5000-klar.png","datePublished":"2017-05-25T20:16:28+00:00","dateModified":"2026-03-19T13:01:36+00:00","breadcrumb":{"@id":"https:\/\/mlsbeschlaege.de\/fr\/produit\/hublot-b5000\/#breadcrumb"},"inLanguage":"fr-FR","potentialAction":[{"@type":"ReadAction","target":["https:\/\/mlsbeschlaege.de\/fr\/produit\/hublot-b5000\/"]}]},{"@type":"ImageObject","inLanguage":"fr-FR","@id":"https:\/\/mlsbeschlaege.de\/fr\/produit\/hublot-b5000\/#primaryimage","url":"https:\/\/mlsbeschlaege.de\/wp-content\/uploads\/2017\/05\/B5000-klar.png","contentUrl":"https:\/\/mlsbeschlaege.de\/wp-content\/uploads\/2017\/05\/B5000-klar.png","width":600,"height":600},{"@type":"BreadcrumbList","@id":"https:\/\/mlsbeschlaege.de\/fr\/produit\/hublot-b5000\/#breadcrumb","itemListElement":[{"@type":"ListItem","position":1,"name":"Strona g\u0142\u00f3wna","item":"https:\/\/mlsbeschlaege.de\/fr\/"},{"@type":"ListItem","position":2,"name":"Boutique","item":"https:\/\/mlsbeschlaege.de\/shop\/"},{"@type":"ListItem","position":3,"name":"Hublot B5000"}]},{"@type":"WebSite","@id":"https:\/\/mlsbeschlaege.de\/fr\/#website","url":"https:\/\/mlsbeschlaege.de\/fr\/","name":"MLS Beschl\u00e4ge","description":"Qualit\u00e4t Beschlaege aus Edelstahl und Aluminium f\u00fcr Glas und Holz Anwendungen","potentialAction":[{"@type":"SearchAction","target":{"@type":"EntryPoint","urlTemplate":"https:\/\/mlsbeschlaege.de\/fr\/?s={search_term_string}"},"query-input":{"@type":"PropertyValueSpecification","valueRequired":true,"valueName":"search_term_string"}}],"inLanguage":"fr-FR"}]}},"_links":{"self":[{"href":"https:\/\/mlsbeschlaege.de\/fr\/wp-json\/wp\/v2\/product\/58057","targetHints":{"allow":["GET"]}}],"collection":[{"href":"https:\/\/mlsbeschlaege.de\/fr\/wp-json\/wp\/v2\/product"}],"about":[{"href":"https:\/\/mlsbeschlaege.de\/fr\/wp-json\/wp\/v2\/types\/product"}],"replies":[{"embeddable":true,"href":"https:\/\/mlsbeschlaege.de\/fr\/wp-json\/wp\/v2\/comments?post=58057"}],"version-history":[{"count":2,"href":"https:\/\/mlsbeschlaege.de\/fr\/wp-json\/wp\/v2\/product\/58057\/revisions"}],"predecessor-version":[{"id":58202,"href":"https:\/\/mlsbeschlaege.de\/fr\/wp-json\/wp\/v2\/product\/58057\/revisions\/58202"}],"wp:featuredmedia":[{"embeddable":true,"href":"https:\/\/mlsbeschlaege.de\/fr\/wp-json\/wp\/v2\/media\/58058"}],"wp:attachment":[{"href":"https:\/\/mlsbeschlaege.de\/fr\/wp-json\/wp\/v2\/media?parent=58057"}],"wp:term":[{"taxonomy":"product_brand","embeddable":true,"href":"https:\/\/mlsbeschlaege.de\/fr\/wp-json\/wp\/v2\/product_brand?post=58057"},{"taxonomy":"product_cat","embeddable":true,"href":"https:\/\/mlsbeschlaege.de\/fr\/wp-json\/wp\/v2\/product_cat?post=58057"},{"taxonomy":"product_tag","embeddable":true,"href":"https:\/\/mlsbeschlaege.de\/fr\/wp-json\/wp\/v2\/product_tag?post=58057"}],"curies":[{"name":"wp","href":"https:\/\/api.w.org\/{rel}","templated":true}]}}