{"id":58049,"date":"2017-05-22T23:13:30","date_gmt":"2017-05-22T21:13:30","guid":{"rendered":"https:\/\/mlsbeschlaege.de\/produkt\/hublot-b3000\/"},"modified":"2026-02-20T11:36:41","modified_gmt":"2026-02-20T10:36:41","slug":"hublot-b3000","status":"publish","type":"product","link":"https:\/\/mlsbeschlaege.de\/fr\/produit\/hublot-b3000\/","title":{"rendered":"Hublot B3000"},"content":{"rendered":"<h2><strong>Hublot en acier inoxydable avec vitrage mat<\/strong><\/h2>\n<p>Le hublot de porte en acier inoxydable bross\u00e9 est con\u00e7u pour \u00eatre install\u00e9 sur des portes int\u00e9rieures. Gr\u00e2ce \u00e0 sa qualit\u00e9 de finition parfaite, le hublot rond avec verre d\u00e9poli sera pendant des ann\u00e9es une d\u00e9coration unique de votre habitation et une solution originale pour la d\u00e9coration int\u00e9rieure. Le hublot en acier inoxydable convient aux panneaux de porte de 18 mm ou plus. Le vitrage de la fen\u00eatre se compose de deux panneaux de verre VSG d&#8217;une \u00e9paisseur de 4 mm. Le hublot design pour portes int\u00e9rieures est fix\u00e9 des deux c\u00f4t\u00e9s par des \u00e9crous borgnes. Il est adaptable en option \u00e0 l&#8217;\u00e9paisseur du panneau de porte.   <\/p>\n<p>Les hublots de porte sont garantis 2 ans.<\/p>\n<h3><strong>O\u00f9 peut-on installer la fen\u00eatre hublot ?<\/strong><\/h3>\n<p>Le hublot en acier inoxydable avec verre d\u00e9poli peut \u00eatre install\u00e9 sur des portes int\u00e9rieures. Le hublot en acier inoxydable avec verre d\u00e9poli peut \u00eatre install\u00e9 sur des portes coulissantes ou battantes. Elle sera parfaite dans la porte de la cuisine, de la salle de bain ou, par exemple, dans la chambre de votre enfant. Le hublot pour porte donnera \u00e0 votre int\u00e9rieur un caract\u00e8re cr\u00e9atif, impressionnant et moderne. Une porte avec hublot en acier inoxydable et panneau de verre d\u00e9poli s&#8217;adapte parfaitement \u00e0 tout int\u00e9rieur !    <\/p>\n<h3><strong>Instructions d&#8217;installation du hublot en acier inoxydable :<\/strong><\/h3>\n<p>1. d\u00e9monter le panneau de porte et le poser \u00e0 plat<br \/>\n2. mesurer le centre de l&#8217;ouverture \u00e0 d\u00e9couper. Les dimensions de la d\u00e9coupe sont indiqu\u00e9es dans le tableau en fonction du diam\u00e8tre du hublot.<br \/>\n3. Mesurez les dimensions de la d\u00e9coupe et dessinez-les avec un crayon. Commencer ensuite avec une m\u00e8che de \u00f8 8 mm, puis scier l&#8217;ouverture avec une scie sauteuse et une lame de scie appropri\u00e9e pour une coupe circulaire.<br \/>\n4. Nettoyer l&#8217;ouverture sci\u00e9e de la poussi\u00e8re et de la sciure.<br \/>\n5. Fixer \u00e0 nouveau le panneau de porte dans le cadre de porte.<br \/>\n6. Placer les deux parties du hublot de chaque c\u00f4t\u00e9 de la porte dans l&#8217;ouverture sci\u00e9e, ajuster les trous de fixation et visser les vis.  <\/p>\n<h3><strong>Contenu de la livraison :<\/strong><\/h3>\n<ul>\n<li>2 anneaux m\u00e9talliques en acier inoxydable<\/li>\n<li>2 panneaux de verre VSG 4 mm<\/li>\n<li>Mat\u00e9riel de fixation<\/li>\n<\/ul>\n<p>Consultez \u00e9galement d&#8217;autres offres dans notre boutique en ligne &#8211; vous y trouverez d&#8217;autres diam\u00e8tres et d&#8217;autres variantes de vitrage (verre clair et verre d\u00e9poli).<\/p>\n<script>function getWR360PopupSkin(){return 'dark_clean';}<\/script>","protected":false},"excerpt":{"rendered":"<div class=\"col-md-5\"><img decoding=\"async\" style=\"float: left; padding: 0 15px 15px 0;\" src=\"https:\/\/mlsbeschlaege.de\/wp-content\/uploads\/drawings\/bullaugen.svg\"><\/div>\n<div class=\"col-md-7\">\n<ul>\n<li>d&#8217;une qualit\u00e9 d&#8217;ex\u00e9cution parfaite<\/li>\n<li>pour panneau de porte \u00e0 partir de 18 mm<\/li>\n<li>deux anneaux m\u00e9talliques en acier inoxydable bross\u00e9<\/li>\n<li>deux panneaux de verre VSG 4 mm<\/li>\n<li>Fixation des deux c\u00f4t\u00e9s par \u00e9crou borgne<\/li>\n<li>Option : adaptable \u00e0 l&#8217;\u00e9paisseur du panneau de porte<\/li>\n<\/ul>\n<p><i class=\"fa fa-file-pdf-o\"><\/i><a href=\"https:\/\/mlsbeschlaege.de\/wp-content\/uploads\/docs\/Montageanleitung_Bullaugen_B3000.pdf\" target=\"_blank\" rel=\"noopener\">  Instructions de montage hublots<\/a><\/p>\n<p><i class=\"fa fa-file-pdf-o\"><\/i><a href=\"https:\/\/mlsbeschlaege.de\/wp-content\/uploads\/docs\/MLS_Katalog_Bullaugen.pdf\" target=\"_blank\" rel=\"noopener\">  Catalogue des hublots<\/a><\/p>\n<p><i class=\"fa-solid fa-euro-sign\"><\/i><a href=\"https:\/\/mlsbeschlaege.de\/wp-content\/uploads\/docs\/B2B-Preisliste-Bullaugen-DE.pdf\" target=\"_blank\" rel=\"noopener\">  Liste de prix hublots<\/a><\/p>\n<div class=\"ico-360\">\n[wr360expand name=\"view04\" browserfs=\"true\" config=\"https:\/\/mlsbeschlaege.de\/wp-content\/uploads\/360\/b3000ml\/b3000ml.xml\"]<\/p>\n<p class=\"text-center\">Pr\u00e9sentation \u00e0 360<\/p>\n<p>[\/wr360expand]\n<\/div>\n<\/div>\n<table id=\"tabelka\">\n<tbody>\n<tr>\n<td>D (mm)<\/td>\n<td>d (mm)<\/td>\n<td>B (mm)<\/td>\n<td>mat<\/td>\n<\/tr>\n<tr>\n<td>250<\/td>\n<td>170<\/td>\n<td>235<\/td>\n<td>0180-0080<\/td>\n<\/tr>\n<tr>\n<td>300<\/td>\n<td>220<\/td>\n<td>270<\/td>\n<td>0180-0081<\/td>\n<\/tr>\n<tr>\n<td>350<\/td>\n<td>250<\/td>\n<td>315<\/td>\n<td>0180-0082<\/td>\n<\/tr>\n<tr>\n<td>400<\/td>\n<td>280<\/td>\n<td>355<\/td>\n<td>0180-0083<\/td>\n<\/tr>\n<tr>\n<td>450<\/td>\n<td>300<\/td>\n<td>390<\/td>\n<td>0180-0084 <span style=\"color: red;\">S<\/span><\/td>\n<\/tr>\n<tr>\n<td>500<\/td>\n<td>350<\/td>\n<td>450<\/td>\n<td>0180-0085 <span style=\"color: red;\">S<\/span><\/td>\n<\/tr>\n<\/tbody>\n<\/table>\n<p>Tous les articles marqu\u00e9s d&#8217;un<span style=\"color: red;\">&#8220;S<\/span>&#8221; sont des fabrications sp\u00e9ciales.<br \/>\nNous attirons express\u00e9ment votre attention sur le fait que les fabrications sp\u00e9ciales ne peuvent pas \u00eatre reprises.<\/p>\n","protected":false},"featured_media":58050,"comment_status":"open","ping_status":"closed","template":"","meta":{"pgc_sgb_lightbox_settings":"","_links_to":"","_links_to_target":""},"product_brand":[],"product_cat":[628],"product_tag":[],"class_list":{"0":"post-58049","1":"product","2":"type-product","3":"status-publish","4":"has-post-thumbnail","6":"product_cat-hublots","7":"product_shipping_class-klasa-a","10":"first","11":"instock","12":"taxable","13":"shipping-taxable","14":"product-type-variable"},"yoast_head":"<!-- This site is optimized with the Yoast SEO plugin v26.6 - https:\/\/yoast.com\/wordpress\/plugins\/seo\/ -->\n<title>Hublot B3000 - MLS Beschl\u00e4ge<\/title>\n<meta name=\"robots\" content=\"index, follow, max-snippet:-1, max-image-preview:large, max-video-preview:-1\" \/>\n<link rel=\"canonical\" href=\"https:\/\/mlsbeschlaege.de\/fr\/produit\/hublot-b3000\/\" \/>\n<meta property=\"og:locale\" content=\"fr_FR\" \/>\n<meta property=\"og:type\" content=\"article\" \/>\n<meta property=\"og:title\" content=\"Hublot B3000 - MLS Beschl\u00e4ge\" \/>\n<meta property=\"og:description\" content=\"d&#039;une qualit\u00e9 d&#039;ex\u00e9cution parfaite  pour panneau de porte \u00e0 partir de 18 mm  deux anneaux m\u00e9talliques en acier inoxydable bross\u00e9  deux panneaux de verre VSG 4 mm  Fixation des deux c\u00f4t\u00e9s par \u00e9crou borgne  Option : adaptable \u00e0 l&#039;\u00e9paisseur du panneau de porte  Instructions de montage hublots  Catalogue des hublots  Liste de prix hublots     D (mm) d (mm) B (mm) mat  250 170 235 0180-0080  300 220 270 0180-0081  350 250 315 0180-0082  400 280 355 0180-0083  450 300 390 0180-0084 S  500 350 450 0180-0085 S  Tous les articles marqu\u00e9s d&#039;un&quot;S&quot; sont des fabrications sp\u00e9ciales. Nous attirons express\u00e9ment votre attention sur le fait que les fabrications sp\u00e9ciales ne peuvent pas \u00eatre reprises.\" \/>\n<meta property=\"og:url\" content=\"https:\/\/mlsbeschlaege.de\/fr\/produit\/hublot-b3000\/\" \/>\n<meta property=\"og:site_name\" content=\"MLS Beschl\u00e4ge\" \/>\n<meta property=\"article:modified_time\" content=\"2026-02-20T10:36:41+00:00\" \/>\n<meta property=\"og:image\" content=\"https:\/\/mlsbeschlaege.de\/wp-content\/uploads\/2017\/05\/b3000.png\" \/>\n\t<meta property=\"og:image:width\" content=\"1000\" \/>\n\t<meta property=\"og:image:height\" content=\"1000\" \/>\n\t<meta property=\"og:image:type\" content=\"image\/png\" \/>\n<meta name=\"twitter:card\" content=\"summary_large_image\" \/>\n<meta name=\"twitter:label1\" content=\"Dur\u00e9e de lecture estim\u00e9e\" \/>\n\t<meta name=\"twitter:data1\" content=\"2 minutes\" \/>\n<script type=\"application\/ld+json\" class=\"yoast-schema-graph\">{\"@context\":\"https:\/\/schema.org\",\"@graph\":[{\"@type\":\"WebPage\",\"@id\":\"https:\/\/mlsbeschlaege.de\/fr\/produit\/hublot-b3000\/\",\"url\":\"https:\/\/mlsbeschlaege.de\/fr\/produit\/hublot-b3000\/\",\"name\":\"Hublot B3000 - MLS Beschl\u00e4ge\",\"isPartOf\":{\"@id\":\"https:\/\/mlsbeschlaege.de\/fr\/#website\"},\"primaryImageOfPage\":{\"@id\":\"https:\/\/mlsbeschlaege.de\/fr\/produit\/hublot-b3000\/#primaryimage\"},\"image\":{\"@id\":\"https:\/\/mlsbeschlaege.de\/fr\/produit\/hublot-b3000\/#primaryimage\"},\"thumbnailUrl\":\"https:\/\/mlsbeschlaege.de\/wp-content\/uploads\/2017\/05\/b3000.png\",\"datePublished\":\"2017-05-22T21:13:30+00:00\",\"dateModified\":\"2026-02-20T10:36:41+00:00\",\"breadcrumb\":{\"@id\":\"https:\/\/mlsbeschlaege.de\/fr\/produit\/hublot-b3000\/#breadcrumb\"},\"inLanguage\":\"fr-FR\",\"potentialAction\":[{\"@type\":\"ReadAction\",\"target\":[\"https:\/\/mlsbeschlaege.de\/fr\/produit\/hublot-b3000\/\"]}]},{\"@type\":\"ImageObject\",\"inLanguage\":\"fr-FR\",\"@id\":\"https:\/\/mlsbeschlaege.de\/fr\/produit\/hublot-b3000\/#primaryimage\",\"url\":\"https:\/\/mlsbeschlaege.de\/wp-content\/uploads\/2017\/05\/b3000.png\",\"contentUrl\":\"https:\/\/mlsbeschlaege.de\/wp-content\/uploads\/2017\/05\/b3000.png\",\"width\":1000,\"height\":1000},{\"@type\":\"BreadcrumbList\",\"@id\":\"https:\/\/mlsbeschlaege.de\/fr\/produit\/hublot-b3000\/#breadcrumb\",\"itemListElement\":[{\"@type\":\"ListItem\",\"position\":1,\"name\":\"Strona g\u0142\u00f3wna\",\"item\":\"https:\/\/mlsbeschlaege.de\/fr\/\"},{\"@type\":\"ListItem\",\"position\":2,\"name\":\"Boutique\",\"item\":\"https:\/\/mlsbeschlaege.de\/shop\/\"},{\"@type\":\"ListItem\",\"position\":3,\"name\":\"Hublot B3000\"}]},{\"@type\":\"WebSite\",\"@id\":\"https:\/\/mlsbeschlaege.de\/fr\/#website\",\"url\":\"https:\/\/mlsbeschlaege.de\/fr\/\",\"name\":\"MLS Beschl\u00e4ge\",\"description\":\"Qualit\u00e4t Beschlaege aus Edelstahl und Aluminium f\u00fcr Glas und Holz Anwendungen\",\"potentialAction\":[{\"@type\":\"SearchAction\",\"target\":{\"@type\":\"EntryPoint\",\"urlTemplate\":\"https:\/\/mlsbeschlaege.de\/fr\/?s={search_term_string}\"},\"query-input\":{\"@type\":\"PropertyValueSpecification\",\"valueRequired\":true,\"valueName\":\"search_term_string\"}}],\"inLanguage\":\"fr-FR\"}]}<\/script>\n<!-- \/ Yoast SEO plugin. -->","yoast_head_json":{"title":"Hublot B3000 - MLS Beschl\u00e4ge","robots":{"index":"index","follow":"follow","max-snippet":"max-snippet:-1","max-image-preview":"max-image-preview:large","max-video-preview":"max-video-preview:-1"},"canonical":"https:\/\/mlsbeschlaege.de\/fr\/produit\/hublot-b3000\/","og_locale":"fr_FR","og_type":"article","og_title":"Hublot B3000 - MLS Beschl\u00e4ge","og_description":"d'une qualit\u00e9 d'ex\u00e9cution parfaite  pour panneau de porte \u00e0 partir de 18 mm  deux anneaux m\u00e9talliques en acier inoxydable bross\u00e9  deux panneaux de verre VSG 4 mm  Fixation des deux c\u00f4t\u00e9s par \u00e9crou borgne  Option : adaptable \u00e0 l'\u00e9paisseur du panneau de porte  Instructions de montage hublots  Catalogue des hublots  Liste de prix hublots     D (mm) d (mm) B (mm) mat  250 170 235 0180-0080  300 220 270 0180-0081  350 250 315 0180-0082  400 280 355 0180-0083  450 300 390 0180-0084 S  500 350 450 0180-0085 S  Tous les articles marqu\u00e9s d'un\"S\" sont des fabrications sp\u00e9ciales. Nous attirons express\u00e9ment votre attention sur le fait que les fabrications sp\u00e9ciales ne peuvent pas \u00eatre reprises.","og_url":"https:\/\/mlsbeschlaege.de\/fr\/produit\/hublot-b3000\/","og_site_name":"MLS Beschl\u00e4ge","article_modified_time":"2026-02-20T10:36:41+00:00","og_image":[{"width":1000,"height":1000,"url":"https:\/\/mlsbeschlaege.de\/wp-content\/uploads\/2017\/05\/b3000.png","type":"image\/png"}],"twitter_card":"summary_large_image","twitter_misc":{"Dur\u00e9e de lecture estim\u00e9e":"2 minutes"},"schema":{"@context":"https:\/\/schema.org","@graph":[{"@type":"WebPage","@id":"https:\/\/mlsbeschlaege.de\/fr\/produit\/hublot-b3000\/","url":"https:\/\/mlsbeschlaege.de\/fr\/produit\/hublot-b3000\/","name":"Hublot B3000 - MLS Beschl\u00e4ge","isPartOf":{"@id":"https:\/\/mlsbeschlaege.de\/fr\/#website"},"primaryImageOfPage":{"@id":"https:\/\/mlsbeschlaege.de\/fr\/produit\/hublot-b3000\/#primaryimage"},"image":{"@id":"https:\/\/mlsbeschlaege.de\/fr\/produit\/hublot-b3000\/#primaryimage"},"thumbnailUrl":"https:\/\/mlsbeschlaege.de\/wp-content\/uploads\/2017\/05\/b3000.png","datePublished":"2017-05-22T21:13:30+00:00","dateModified":"2026-02-20T10:36:41+00:00","breadcrumb":{"@id":"https:\/\/mlsbeschlaege.de\/fr\/produit\/hublot-b3000\/#breadcrumb"},"inLanguage":"fr-FR","potentialAction":[{"@type":"ReadAction","target":["https:\/\/mlsbeschlaege.de\/fr\/produit\/hublot-b3000\/"]}]},{"@type":"ImageObject","inLanguage":"fr-FR","@id":"https:\/\/mlsbeschlaege.de\/fr\/produit\/hublot-b3000\/#primaryimage","url":"https:\/\/mlsbeschlaege.de\/wp-content\/uploads\/2017\/05\/b3000.png","contentUrl":"https:\/\/mlsbeschlaege.de\/wp-content\/uploads\/2017\/05\/b3000.png","width":1000,"height":1000},{"@type":"BreadcrumbList","@id":"https:\/\/mlsbeschlaege.de\/fr\/produit\/hublot-b3000\/#breadcrumb","itemListElement":[{"@type":"ListItem","position":1,"name":"Strona g\u0142\u00f3wna","item":"https:\/\/mlsbeschlaege.de\/fr\/"},{"@type":"ListItem","position":2,"name":"Boutique","item":"https:\/\/mlsbeschlaege.de\/shop\/"},{"@type":"ListItem","position":3,"name":"Hublot B3000"}]},{"@type":"WebSite","@id":"https:\/\/mlsbeschlaege.de\/fr\/#website","url":"https:\/\/mlsbeschlaege.de\/fr\/","name":"MLS Beschl\u00e4ge","description":"Qualit\u00e4t Beschlaege aus Edelstahl und Aluminium f\u00fcr Glas und Holz Anwendungen","potentialAction":[{"@type":"SearchAction","target":{"@type":"EntryPoint","urlTemplate":"https:\/\/mlsbeschlaege.de\/fr\/?s={search_term_string}"},"query-input":{"@type":"PropertyValueSpecification","valueRequired":true,"valueName":"search_term_string"}}],"inLanguage":"fr-FR"}]}},"_links":{"self":[{"href":"https:\/\/mlsbeschlaege.de\/fr\/wp-json\/wp\/v2\/product\/58049","targetHints":{"allow":["GET"]}}],"collection":[{"href":"https:\/\/mlsbeschlaege.de\/fr\/wp-json\/wp\/v2\/product"}],"about":[{"href":"https:\/\/mlsbeschlaege.de\/fr\/wp-json\/wp\/v2\/types\/product"}],"replies":[{"embeddable":true,"href":"https:\/\/mlsbeschlaege.de\/fr\/wp-json\/wp\/v2\/comments?post=58049"}],"version-history":[{"count":0,"href":"https:\/\/mlsbeschlaege.de\/fr\/wp-json\/wp\/v2\/product\/58049\/revisions"}],"wp:featuredmedia":[{"embeddable":true,"href":"https:\/\/mlsbeschlaege.de\/fr\/wp-json\/wp\/v2\/media\/58050"}],"wp:attachment":[{"href":"https:\/\/mlsbeschlaege.de\/fr\/wp-json\/wp\/v2\/media?parent=58049"}],"wp:term":[{"taxonomy":"product_brand","embeddable":true,"href":"https:\/\/mlsbeschlaege.de\/fr\/wp-json\/wp\/v2\/product_brand?post=58049"},{"taxonomy":"product_cat","embeddable":true,"href":"https:\/\/mlsbeschlaege.de\/fr\/wp-json\/wp\/v2\/product_cat?post=58049"},{"taxonomy":"product_tag","embeddable":true,"href":"https:\/\/mlsbeschlaege.de\/fr\/wp-json\/wp\/v2\/product_tag?post=58049"}],"curies":[{"name":"wp","href":"https:\/\/api.w.org\/{rel}","templated":true}]}}