{"id":58028,"date":"2017-05-22T22:43:16","date_gmt":"2017-05-22T20:43:16","guid":{"rendered":"https:\/\/mlsbeschlaege.de\/produkt\/hublot-b2000\/"},"modified":"2026-02-20T11:36:39","modified_gmt":"2026-02-20T10:36:39","slug":"hublot-b2000","status":"publish","type":"product","link":"https:\/\/mlsbeschlaege.de\/fr\/produit\/hublot-b2000\/","title":{"rendered":"Hublot B2000"},"content":{"rendered":"<h2><strong>Hublot Acier inoxydable B2000<\/strong><\/h2>\n<p>Le hublot en acier inoxydable est con\u00e7u pour \u00eatre mont\u00e9 sur des portes int\u00e9rieures telles que des portes de chambre ou de cuisine. Gr\u00e2ce \u00e0 deux cadres t\u00e9lescopiques r\u00e9glables, le hublot peut \u00eatre mont\u00e9 dans le panneau de porte de 35 \u00e0 45 mm. Le verre transparent VSG d&#8217;une \u00e9paisseur de 4 mm vous assure plus de lumi\u00e8re et cr\u00e9e une ambiance unique, quelle que soit la porte dans laquelle la fen\u00eatre ronde est install\u00e9e. Les vis du hublot en acier inoxydable bross\u00e9 sont visibles d&#8217;un c\u00f4t\u00e9, ce qui donne \u00e0 votre appartement ou \u00e0 votre bureau un caract\u00e8re tr\u00e8s moderne et impressionnant. La fen\u00eatre ronde \u00e0 hublot de la plus haute qualit\u00e9 est une solution originale pour un nouveau design de votre int\u00e9rieur.    <\/p>\n<p>Le hublot est \u00e9galement disponible dans une version avec des vis visibles des deux c\u00f4t\u00e9s ainsi qu&#8217;avec un remplissage en verre mat.<\/p>\n<p>Les hublots de porte sont garantis 2 ans.<\/p>\n<h3>Possibilit\u00e9s d&#8217;utilisation du hublot rond :<\/h3>\n<p>Les fen\u00eatres \u00e0 hublot en acier inoxydable avec verre d\u00e9poli peuvent \u00eatre install\u00e9es sur les portes int\u00e9rieures de votre appartement, de votre maison ou de votre bureau. Elles se distingueront par leur aspect ultramoderne et leur qualit\u00e9 de fabrication. Les possibilit\u00e9s d&#8217;utilisation sont presque illimit\u00e9es ! Laissez libre cours \u00e0 votre imagination et donnez \u00e0 votre int\u00e9rieur un nouveau look admirable.   <\/p>\n<h3><strong>Instructions d&#8217;installation du hublot en acier inoxydable :<\/strong><\/h3>\n<ol>\n<li>D\u00e9montez le panneau de porte et posez-le \u00e0 plat.<\/li>\n<li>Mesurer le centre de l&#8217;ouverture \u00e0 d\u00e9couper. Les dimensions de la d\u00e9coupe sont indiqu\u00e9es dans le tableau en fonction du diam\u00e8tre du hublot. <\/li>\n<li>Mesurez les dimensions de la coupe et dessinez-les avec un crayon. Commencez ensuite \u00e0 percer avec une m\u00e8che de \u00f8 8 mm, puis d\u00e9coupez l&#8217;ouverture avec une scie sauteuse et une lame de scie appropri\u00e9e pour une coupe circulaire. <\/li>\n<li>Nettoyer l&#8217;ouverture sci\u00e9e de la poussi\u00e8re et de la sciure.<\/li>\n<li>Fixez \u00e0 nouveau le panneau de porte dans le cadre de la porte.<\/li>\n<li>Ins\u00e9rez les deux parties du hublot de chaque c\u00f4t\u00e9 de la porte dans l&#8217;ouverture sci\u00e9e, ajustez les trous de fixation et vissez les vis.<\/li>\n<\/ol>\n<h3><strong>Contenu de la livraison :<\/strong><\/h3>\n<ul>\n<li>2 anneaux m\u00e9talliques en acier inoxydable<\/li>\n<li>2 panneaux de verre VSG 4 mm<\/li>\n<li>2 cadres t\u00e9lescopiques<\/li>\n<li>Mat\u00e9riel de fixation<\/li>\n<\/ul>\n<p>Consultez \u00e9galement d&#8217;autres offres dans notre boutique en ligne &#8211; vous y trouverez d&#8217;autres diam\u00e8tres et d&#8217;autres variantes de vitrage (verre clair et verre d\u00e9poli).<\/p>\n<script>function getWR360PopupSkin(){return 'dark_clean';}<\/script>","protected":false},"excerpt":{"rendered":"<div class=\"col-md-5\"><img decoding=\"async\" style=\"float: left; padding: 0 30px 15px 0;\" src=\"https:\/\/mlsbeschlaege.de\/wp-content\/uploads\/drawings\/bullaugen.svg\"><\/div>\n<div class=\"col-md-7\">\n<ul>\n<li>d&#8217;une qualit\u00e9 d&#8217;ex\u00e9cution parfaite<\/li>\n<li>pour panneau de porte 35 &#8211; 45 mm<\/li>\n<li>deux anneaux m\u00e9talliques en acier inoxydable bross\u00e9<\/li>\n<li>deux cadres t\u00e9lescopiques<\/li>\n<li>deux panneaux de verre VSG 4 mm<\/li>\n<li>deux options de fixation<\/li>\n<li>incl. Mat\u00e9riel de fixation<\/li>\n<li>Solutions sp\u00e9ciales possibles sur demande<\/li>\n<\/ul>\n<p><i class=\"fa fa-file-pdf-o\"><\/i><a href=\"https:\/\/mlsbeschlaege.de\/wp-content\/uploads\/docs\/Montageanleitung_Bullaugen_B2000.pdf\" target=\"_blank\" rel=\"noopener\">  Instructions de montage hublots<\/a><\/p>\n<p><i class=\"fa fa-file-pdf-o\"><\/i><a href=\"https:\/\/mlsbeschlaege.de\/wp-content\/uploads\/docs\/MLS_Katalog_Bullaugen.pdf\" target=\"_blank\" rel=\"noopener noreferrer\">  Catalogue des hublots<\/a><\/p>\n<p><i class=\"fa fa-euro\"><\/i><a href=\"https:\/\/mlsbeschlaege.de\/wp-content\/uploads\/docs\/B2B-Preisliste-Bullaugen-DE.pdf\" target=\"_blank\" rel=\"noopener\">  Liste de prix hublots<\/a><\/p>\n<div class=\"ico-360\">\n[wr360expand name=\"view04\" browserfs=\"true\" config=\"https:\/\/mlsbeschlaege.de\/wp-content\/uploads\/\/360\/b2000_01pr\/b2000_01pr.xml\"]<\/p>\n<p class=\"text-center\">Pr\u00e9sentation \u00e0 360<\/p>\n<p>[\/wr360expand]\n<\/div>\n<\/div>\n<table id=\"tabelka\">\n<tbody>\n<tr>\n<td>D (mm)<\/td>\n<td>d (mm)<\/td>\n<td>B (mm)<\/td>\n<td>clair<\/td>\n<td>mat<\/td>\n<\/tr>\n<tr>\n<td>250<\/td>\n<td>180<\/td>\n<td>235<\/td>\n<td>0180-0050-xx<\/td>\n<td>0180-0070-xx<\/td>\n<\/tr>\n<tr>\n<td>300<\/td>\n<td>225<\/td>\n<td>280<\/td>\n<td>0180-0051-xx<\/td>\n<td>0180-0071-xx<\/td>\n<\/tr>\n<tr>\n<td>350<\/td>\n<td>265<\/td>\n<td>330<\/td>\n<td>0180-0052-xx<\/td>\n<td>0180-0072-xx<\/td>\n<\/tr>\n<tr>\n<td>400<\/td>\n<td>295<\/td>\n<td>370<\/td>\n<td>0180-0053-xx<\/td>\n<td> 0180-0073-xx<\/td>\n<\/tr>\n<\/tbody>\n<\/table>\n<p>-xx : veuillez indiquer la variante de fixation (01-vissage visible d&#8217;un c\u00f4t\u00e9 \/ 02-vissage visible des deux c\u00f4t\u00e9s)<\/p>\n","protected":false},"featured_media":58047,"comment_status":"open","ping_status":"closed","template":"","meta":{"pgc_sgb_lightbox_settings":"","_links_to":"","_links_to_target":""},"product_brand":[],"product_cat":[628],"product_tag":[],"class_list":{"0":"post-58028","1":"product","2":"type-product","3":"status-publish","4":"has-post-thumbnail","6":"product_cat-hublots","7":"product_shipping_class-klasa-a","10":"first","11":"instock","12":"taxable","13":"shipping-taxable","14":"product-type-variable"},"yoast_head":"<!-- This site is optimized with the Yoast SEO plugin v26.6 - https:\/\/yoast.com\/wordpress\/plugins\/seo\/ -->\n<title>Hublot B2000 - MLS Beschl\u00e4ge<\/title>\n<meta name=\"robots\" content=\"index, follow, max-snippet:-1, max-image-preview:large, max-video-preview:-1\" \/>\n<link rel=\"canonical\" href=\"https:\/\/mlsbeschlaege.de\/fr\/produit\/hublot-b2000\/\" \/>\n<meta property=\"og:locale\" content=\"fr_FR\" \/>\n<meta property=\"og:type\" content=\"article\" \/>\n<meta property=\"og:title\" content=\"Hublot B2000 - MLS Beschl\u00e4ge\" \/>\n<meta property=\"og:description\" content=\"d&#039;une qualit\u00e9 d&#039;ex\u00e9cution parfaite  pour panneau de porte 35 - 45 mm  deux anneaux m\u00e9talliques en acier inoxydable bross\u00e9  deux cadres t\u00e9lescopiques  deux panneaux de verre VSG 4 mm  deux options de fixation  incl. Mat\u00e9riel de fixation  Solutions sp\u00e9ciales possibles sur demande  Instructions de montage hublots  Catalogue des hublots  Liste de prix hublots     D (mm) d (mm) B (mm) clair mat  250 180 235 0180-0050-xx 0180-0070-xx  300 225 280 0180-0051-xx 0180-0071-xx  350 265 330 0180-0052-xx 0180-0072-xx  400 295 370 0180-0053-xx 0180-0073-xx  -xx : veuillez indiquer la variante de fixation (01-vissage visible d&#039;un c\u00f4t\u00e9 \/ 02-vissage visible des deux c\u00f4t\u00e9s)\" \/>\n<meta property=\"og:url\" content=\"https:\/\/mlsbeschlaege.de\/fr\/produit\/hublot-b2000\/\" \/>\n<meta property=\"og:site_name\" content=\"MLS Beschl\u00e4ge\" \/>\n<meta property=\"article:modified_time\" content=\"2026-02-20T10:36:39+00:00\" \/>\n<meta name=\"twitter:card\" content=\"summary_large_image\" \/>\n<meta name=\"twitter:label1\" content=\"Dur\u00e9e de lecture estim\u00e9e\" \/>\n\t<meta name=\"twitter:data1\" content=\"2 minutes\" \/>\n<script type=\"application\/ld+json\" class=\"yoast-schema-graph\">{\"@context\":\"https:\/\/schema.org\",\"@graph\":[{\"@type\":\"WebPage\",\"@id\":\"https:\/\/mlsbeschlaege.de\/fr\/produit\/hublot-b2000\/\",\"url\":\"https:\/\/mlsbeschlaege.de\/fr\/produit\/hublot-b2000\/\",\"name\":\"Hublot B2000 - MLS Beschl\u00e4ge\",\"isPartOf\":{\"@id\":\"https:\/\/mlsbeschlaege.de\/fr\/#website\"},\"primaryImageOfPage\":{\"@id\":\"https:\/\/mlsbeschlaege.de\/fr\/produit\/hublot-b2000\/#primaryimage\"},\"image\":{\"@id\":\"https:\/\/mlsbeschlaege.de\/fr\/produit\/hublot-b2000\/#primaryimage\"},\"thumbnailUrl\":\"https:\/\/mlsbeschlaege.de\/wp-content\/uploads\/2017\/05\/b2000-klar-1.png\",\"datePublished\":\"2017-05-22T20:43:16+00:00\",\"dateModified\":\"2026-02-20T10:36:39+00:00\",\"breadcrumb\":{\"@id\":\"https:\/\/mlsbeschlaege.de\/fr\/produit\/hublot-b2000\/#breadcrumb\"},\"inLanguage\":\"fr-FR\",\"potentialAction\":[{\"@type\":\"ReadAction\",\"target\":[\"https:\/\/mlsbeschlaege.de\/fr\/produit\/hublot-b2000\/\"]}]},{\"@type\":\"ImageObject\",\"inLanguage\":\"fr-FR\",\"@id\":\"https:\/\/mlsbeschlaege.de\/fr\/produit\/hublot-b2000\/#primaryimage\",\"url\":\"https:\/\/mlsbeschlaege.de\/wp-content\/uploads\/2017\/05\/b2000-klar-1.png\",\"contentUrl\":\"https:\/\/mlsbeschlaege.de\/wp-content\/uploads\/2017\/05\/b2000-klar-1.png\",\"width\":600,\"height\":600},{\"@type\":\"BreadcrumbList\",\"@id\":\"https:\/\/mlsbeschlaege.de\/fr\/produit\/hublot-b2000\/#breadcrumb\",\"itemListElement\":[{\"@type\":\"ListItem\",\"position\":1,\"name\":\"Strona g\u0142\u00f3wna\",\"item\":\"https:\/\/mlsbeschlaege.de\/fr\/\"},{\"@type\":\"ListItem\",\"position\":2,\"name\":\"Boutique\",\"item\":\"https:\/\/mlsbeschlaege.de\/shop\/\"},{\"@type\":\"ListItem\",\"position\":3,\"name\":\"Hublot B2000\"}]},{\"@type\":\"WebSite\",\"@id\":\"https:\/\/mlsbeschlaege.de\/fr\/#website\",\"url\":\"https:\/\/mlsbeschlaege.de\/fr\/\",\"name\":\"MLS Beschl\u00e4ge\",\"description\":\"Qualit\u00e4t Beschlaege aus Edelstahl und Aluminium f\u00fcr Glas und Holz Anwendungen\",\"potentialAction\":[{\"@type\":\"SearchAction\",\"target\":{\"@type\":\"EntryPoint\",\"urlTemplate\":\"https:\/\/mlsbeschlaege.de\/fr\/?s={search_term_string}\"},\"query-input\":{\"@type\":\"PropertyValueSpecification\",\"valueRequired\":true,\"valueName\":\"search_term_string\"}}],\"inLanguage\":\"fr-FR\"}]}<\/script>\n<!-- \/ Yoast SEO plugin. -->","yoast_head_json":{"title":"Hublot B2000 - MLS Beschl\u00e4ge","robots":{"index":"index","follow":"follow","max-snippet":"max-snippet:-1","max-image-preview":"max-image-preview:large","max-video-preview":"max-video-preview:-1"},"canonical":"https:\/\/mlsbeschlaege.de\/fr\/produit\/hublot-b2000\/","og_locale":"fr_FR","og_type":"article","og_title":"Hublot B2000 - MLS Beschl\u00e4ge","og_description":"d'une qualit\u00e9 d'ex\u00e9cution parfaite  pour panneau de porte 35 - 45 mm  deux anneaux m\u00e9talliques en acier inoxydable bross\u00e9  deux cadres t\u00e9lescopiques  deux panneaux de verre VSG 4 mm  deux options de fixation  incl. Mat\u00e9riel de fixation  Solutions sp\u00e9ciales possibles sur demande  Instructions de montage hublots  Catalogue des hublots  Liste de prix hublots     D (mm) d (mm) B (mm) clair mat  250 180 235 0180-0050-xx 0180-0070-xx  300 225 280 0180-0051-xx 0180-0071-xx  350 265 330 0180-0052-xx 0180-0072-xx  400 295 370 0180-0053-xx 0180-0073-xx  -xx : veuillez indiquer la variante de fixation (01-vissage visible d'un c\u00f4t\u00e9 \/ 02-vissage visible des deux c\u00f4t\u00e9s)","og_url":"https:\/\/mlsbeschlaege.de\/fr\/produit\/hublot-b2000\/","og_site_name":"MLS Beschl\u00e4ge","article_modified_time":"2026-02-20T10:36:39+00:00","twitter_card":"summary_large_image","twitter_misc":{"Dur\u00e9e de lecture estim\u00e9e":"2 minutes"},"schema":{"@context":"https:\/\/schema.org","@graph":[{"@type":"WebPage","@id":"https:\/\/mlsbeschlaege.de\/fr\/produit\/hublot-b2000\/","url":"https:\/\/mlsbeschlaege.de\/fr\/produit\/hublot-b2000\/","name":"Hublot B2000 - MLS Beschl\u00e4ge","isPartOf":{"@id":"https:\/\/mlsbeschlaege.de\/fr\/#website"},"primaryImageOfPage":{"@id":"https:\/\/mlsbeschlaege.de\/fr\/produit\/hublot-b2000\/#primaryimage"},"image":{"@id":"https:\/\/mlsbeschlaege.de\/fr\/produit\/hublot-b2000\/#primaryimage"},"thumbnailUrl":"https:\/\/mlsbeschlaege.de\/wp-content\/uploads\/2017\/05\/b2000-klar-1.png","datePublished":"2017-05-22T20:43:16+00:00","dateModified":"2026-02-20T10:36:39+00:00","breadcrumb":{"@id":"https:\/\/mlsbeschlaege.de\/fr\/produit\/hublot-b2000\/#breadcrumb"},"inLanguage":"fr-FR","potentialAction":[{"@type":"ReadAction","target":["https:\/\/mlsbeschlaege.de\/fr\/produit\/hublot-b2000\/"]}]},{"@type":"ImageObject","inLanguage":"fr-FR","@id":"https:\/\/mlsbeschlaege.de\/fr\/produit\/hublot-b2000\/#primaryimage","url":"https:\/\/mlsbeschlaege.de\/wp-content\/uploads\/2017\/05\/b2000-klar-1.png","contentUrl":"https:\/\/mlsbeschlaege.de\/wp-content\/uploads\/2017\/05\/b2000-klar-1.png","width":600,"height":600},{"@type":"BreadcrumbList","@id":"https:\/\/mlsbeschlaege.de\/fr\/produit\/hublot-b2000\/#breadcrumb","itemListElement":[{"@type":"ListItem","position":1,"name":"Strona g\u0142\u00f3wna","item":"https:\/\/mlsbeschlaege.de\/fr\/"},{"@type":"ListItem","position":2,"name":"Boutique","item":"https:\/\/mlsbeschlaege.de\/shop\/"},{"@type":"ListItem","position":3,"name":"Hublot B2000"}]},{"@type":"WebSite","@id":"https:\/\/mlsbeschlaege.de\/fr\/#website","url":"https:\/\/mlsbeschlaege.de\/fr\/","name":"MLS Beschl\u00e4ge","description":"Qualit\u00e4t Beschlaege aus Edelstahl und Aluminium f\u00fcr Glas und Holz Anwendungen","potentialAction":[{"@type":"SearchAction","target":{"@type":"EntryPoint","urlTemplate":"https:\/\/mlsbeschlaege.de\/fr\/?s={search_term_string}"},"query-input":{"@type":"PropertyValueSpecification","valueRequired":true,"valueName":"search_term_string"}}],"inLanguage":"fr-FR"}]}},"_links":{"self":[{"href":"https:\/\/mlsbeschlaege.de\/fr\/wp-json\/wp\/v2\/product\/58028","targetHints":{"allow":["GET"]}}],"collection":[{"href":"https:\/\/mlsbeschlaege.de\/fr\/wp-json\/wp\/v2\/product"}],"about":[{"href":"https:\/\/mlsbeschlaege.de\/fr\/wp-json\/wp\/v2\/types\/product"}],"replies":[{"embeddable":true,"href":"https:\/\/mlsbeschlaege.de\/fr\/wp-json\/wp\/v2\/comments?post=58028"}],"version-history":[{"count":0,"href":"https:\/\/mlsbeschlaege.de\/fr\/wp-json\/wp\/v2\/product\/58028\/revisions"}],"wp:featuredmedia":[{"embeddable":true,"href":"https:\/\/mlsbeschlaege.de\/fr\/wp-json\/wp\/v2\/media\/58047"}],"wp:attachment":[{"href":"https:\/\/mlsbeschlaege.de\/fr\/wp-json\/wp\/v2\/media?parent=58028"}],"wp:term":[{"taxonomy":"product_brand","embeddable":true,"href":"https:\/\/mlsbeschlaege.de\/fr\/wp-json\/wp\/v2\/product_brand?post=58028"},{"taxonomy":"product_cat","embeddable":true,"href":"https:\/\/mlsbeschlaege.de\/fr\/wp-json\/wp\/v2\/product_cat?post=58028"},{"taxonomy":"product_tag","embeddable":true,"href":"https:\/\/mlsbeschlaege.de\/fr\/wp-json\/wp\/v2\/product_tag?post=58028"}],"curies":[{"name":"wp","href":"https:\/\/api.w.org\/{rel}","templated":true}]}}