{"id":58013,"date":"2017-05-17T18:16:54","date_gmt":"2017-05-17T16:16:54","guid":{"rendered":"https:\/\/mlsbeschlaege.de\/produkt\/hublot-b1000\/"},"modified":"2026-03-19T14:10:59","modified_gmt":"2026-03-19T13:10:59","slug":"hublot-b1000","status":"publish","type":"product","link":"https:\/\/mlsbeschlaege.de\/fr\/produit\/hublot-b1000\/","title":{"rendered":"Hublot B1000"},"content":{"rendered":"<h2><strong>Hublot Acier inoxydable B1000<\/strong><\/h2>\n<p>Vous souhaitez un nouveau design pour votre espace de travail ? C&#8217;est facile avec les hublots de porte en acier inoxydable. Les hublots ronds sont con\u00e7us pour \u00eatre install\u00e9s sur des portes int\u00e9rieures, qu&#8217;elles soient classiques, coulissantes ou battantes. Le hublot en acier bross\u00e9 peut \u00eatre mont\u00e9 dans des portes d&#8217;une \u00e9paisseur de panneau de 40 mm (+\/- 2 mm). Le panneau vitr\u00e9 est fabriqu\u00e9 en verre de s\u00e9curit\u00e9 VSG 4 mm, ce qui permet de monter les hublots \u00e0 n&#8217;importe quelle hauteur. Cette variante est \u00e9quip\u00e9e de vis visibles des deux c\u00f4t\u00e9s.     <\/p>\n<p>Les hublots de porte sont garantis 2 ans.<\/p>\n<h3><strong>Embellissez vos portes avec le hublot rond<\/strong><\/h3>\n<p>Si vous souhaitez mettre l&#8217;accent sur la personnalisation et vous d\u00e9marquer, les \u0153ill\u00e8res de porte vous permettent de donner \u00e0 vos pi\u00e8ces un nouveau design moderne. Et ce, sans grand effort ! Nos hublots en acier inoxydable orneront les portes int\u00e9rieures de votre bureau, de votre salle d&#8217;\u00e9tude, de votre cabinet m\u00e9dical ou de votre laboratoire. Avec du verre transparent ou du verre d\u00e9poli, un hublot en acier inoxydable est une solution parfaite pour transformer votre espace de travail.   <\/p>\n<h3><strong>Instructions d&#8217;installation du hublot en acier inoxydable :<\/strong><\/h3>\n<ol>\n<li>D\u00e9montez le panneau de porte et posez-le \u00e0 plat.<\/li>\n<li>Mesurer le centre de l&#8217;ouverture \u00e0 d\u00e9couper. Les dimensions de la d\u00e9coupe sont indiqu\u00e9es dans le tableau en fonction du diam\u00e8tre du hublot. <\/li>\n<li>Mesurez les dimensions de la coupe et dessinez-les avec un crayon. Commencez ensuite \u00e0 percer avec une m\u00e8che de \u00f8 8 mm, puis d\u00e9coupez l&#8217;ouverture avec une scie sauteuse et une lame de scie appropri\u00e9e pour une coupe circulaire. <\/li>\n<li>Nettoyer l&#8217;ouverture sci\u00e9e de la poussi\u00e8re et de la sciure.<\/li>\n<li>Fixez \u00e0 nouveau le panneau de porte dans le cadre de la porte.<\/li>\n<li>Ins\u00e9rez les deux parties du hublot de chaque c\u00f4t\u00e9 de la porte dans l&#8217;ouverture sci\u00e9e, ajustez les trous de fixation et vissez les vis.<\/li>\n<\/ol>\n<h3><strong>Contenu de la livraison :<\/strong><\/h3>\n<ul>\n<li>2 anneaux m\u00e9talliques en acier inoxydable<\/li>\n<li>1 panneau de verre VSG 4 mm<\/li>\n<li>Mat\u00e9riel de fixation<\/li>\n<\/ul>\n<p>Consultez \u00e9galement d&#8217;autres offres dans notre boutique en ligne &#8211; vous y trouverez d&#8217;autres diam\u00e8tres et d&#8217;autres variantes de vitrage (verre clair et verre d\u00e9poli).<\/p>\n<script>function getWR360PopupSkin(){return 'dark_clean';}<\/script>","protected":false},"excerpt":{"rendered":"<p><img decoding=\"async\" style=\"float: left; padding: 0 30px 15px 0;\" src=\"https:\/\/mlsbeschlaege.de\/wp-content\/uploads\/drawings\/bullaugen.svg\"><\/p>\n<ul>\n<li>d&#8217;une qualit\u00e9 d&#8217;ex\u00e9cution parfaite<\/li>\n<li>pour panneau de porte 40 mm (+\/- 2 mm)<\/li>\n<li>deux anneaux m\u00e9talliques en acier inoxydable bross\u00e9<\/li>\n<li>un panneau de verre VSG 4 mm<\/li>\n<li>Vis visibles des deux c\u00f4t\u00e9s<\/li>\n<\/ul>\n<p><i class=\"fa fa-video-camera\"><\/i><a href=\"#\">[video_popup url=\"https:\/\/mlsbeschlaege.de\/wp-content\/uploads\/2023\/05\/MLS-B_1000.mp4\" text=\"  Vid\u00e9o B1000\" wrap=\"1\"]<\/a><\/p>\n<p><i class=\"fa fa-file-pdf-o\"><\/i><a id=\"link-to-assembly-instruction\" href=\"https:\/\/mlsbeschlaege.de\/wp-content\/uploads\/docs\/B1000fr.pdf\" target=\"_blank\" rel=\"noopener noreferrer\">  Instructions de montage hublots<\/a> <img decoding=\"async\" style=\"display:none;height:16px;padding-left:10px;\" id=\"link-to-assembly-instruction-flag-de\" height=\"16px\" src=\"https:\/\/mlsbeschlaege.de\/wp-content\/uploads\/flag-fr.webp\"> <img decoding=\"async\" style=\"display:none;height:16px;padding-left:10px;\" id=\"link-to-assembly-instruction-flag-other\" height=\"16px\" src=\"https:\/\/mlsbeschlaege.de\/wp-content\/uploads\/flag-enesfrit.webp\"><script>\ndocument.addEventListener('DOMContentLoaded', function() {\n    const userLang = navigator.language || navigator.userLanguage;\n    const link = document.querySelector('#link-to-assembly-instruction');\n    const flagDe = document.querySelector('#link-to-assembly-instruction-flag-de');\n    const flagOther = document.querySelector('#link-to-assembly-instruction-flag-other');\n    if (userLang.startsWith('fr')) {\n        link.textContent = ' Instructions de montage hublots';\n        link.href=\"https:\/\/mlsbeschlaege.de\/wp-content\/uploads\/docs\/B1000fr.pdf\"\n        flagDe.style.display = \"inline-block\";\n        flagOther.style.display = \"none\";\n    } else {\n        link.textContent = ' Installation instructions for portholes';\n        link.href=\"https:\/\/mlsbeschlaege.de\/wp-content\/uploads\/docs\/b1000.pdf\"\n        flagOther.style.display = \"inline-block\";\n        flagDe.style.display = \"none\";\n    }\n});\n<\/script><\/p>\n<p><i class=\"fa fa-file-pdf-o\"><\/i><a href=\"https:\/\/mlsbeschlaege.de\/wp-content\/uploads\/docs\/MLS_Katalog_Bullaugen.pdf\" target=\"_blank\" rel=\"noopener noreferrer\">  Catalogue des hublots<\/a><\/p>\n<p><i class=\"fa fa-euro\"><\/i><a href=\"https:\/\/mlsbeschlaege.de\/wp-content\/uploads\/docs\/B2B-Preisliste-Bullaugen-DE.pdf\" target=\"_blank\" rel=\"noopener noreferrer\">  Liste de prix hublots<\/a><\/p>\n<div class=\"ico-360\">\n[wr360expand name=\"view04\" browserfs=\"true\" config=\"https:\/\/mlsbeschlaege.de\/wp-content\/uploads\/360\/b1000pr\/b1000pr.xml\"]<\/p>\n<p class=\"text-center\">Pr\u00e9sentation \u00e0 360<\/p>\n<p>[\/wr360expand]\n<\/div>\n<table id=\"tabelka\">\n<tbody>\n<tr>\n<td>D (mm)<\/td>\n<td>d (mm)<\/td>\n<td>B (mm)<\/td>\n<td>Verre clair<\/td>\n<td>Verre mat<\/td>\n<\/tr>\n<tr>\n<td>250<\/td>\n<td>160<\/td>\n<td>235<\/td>\n<td>0180-0001<\/td>\n<td>0180-0020<\/td>\n<\/tr>\n<tr>\n<td>300<\/td>\n<td>200<\/td>\n<td>280<\/td>\n<td>0180-0002<\/td>\n<td>0180-0021<\/td>\n<\/tr>\n<tr>\n<td>350<\/td>\n<td>240<\/td>\n<td>330<\/td>\n<td>0180-0003<\/td>\n<td>0180-0022<\/td>\n<\/tr>\n<tr>\n<td>400<\/td>\n<td>280<\/td>\n<td>370<\/td>\n<td>0180-0004<\/td>\n<td>0180-0023<\/td>\n<\/tr>\n<tr>\n<td>450<\/td>\n<td>330<\/td>\n<td>420<\/td>\n<td>0180-0005 <span style=\"color: red;\">S<\/span><\/td>\n<td>0180-0024<\/td>\n<\/tr>\n<tr>\n<td>500<\/td>\n<td>360<\/td>\n<td>460<\/td>\n<td>0180-0006 <span style=\"color: red;\">S<\/span><\/td>\n<td>0180-0025<\/td>\n<\/tr>\n<\/tbody>\n<\/table>\n<p>Tous les articles marqu\u00e9s d&#8217;un<span style=\"color: red;\">&#8220;S<\/span>&#8221; sont des fabrications sp\u00e9ciales.<br \/>\nNous attirons express\u00e9ment votre attention sur le fait que les fabrications sp\u00e9ciales ne peuvent pas \u00eatre reprises.<\/p>\n","protected":false},"featured_media":58014,"comment_status":"open","ping_status":"closed","template":"","meta":{"pgc_sgb_lightbox_settings":"","_links_to":"","_links_to_target":""},"product_brand":[],"product_cat":[628],"product_tag":[],"class_list":{"0":"post-58013","1":"product","2":"type-product","3":"status-publish","4":"has-post-thumbnail","6":"product_cat-hublots","7":"product_shipping_class-klasa-a","10":"first","11":"instock","12":"taxable","13":"shipping-taxable","14":"product-type-variable"},"yoast_head":"<!-- This site is optimized with the Yoast SEO plugin v26.6 - https:\/\/yoast.com\/wordpress\/plugins\/seo\/ -->\n<title>Hublot B1000 - MLS Beschl\u00e4ge<\/title>\n<meta name=\"robots\" content=\"index, follow, max-snippet:-1, max-image-preview:large, max-video-preview:-1\" \/>\n<link rel=\"canonical\" href=\"https:\/\/mlsbeschlaege.de\/fr\/produit\/hublot-b1000\/\" \/>\n<meta property=\"og:locale\" content=\"fr_FR\" \/>\n<meta property=\"og:type\" content=\"article\" \/>\n<meta property=\"og:title\" content=\"Hublot B1000 - MLS Beschl\u00e4ge\" \/>\n<meta property=\"og:description\" content=\"d&#039;une qualit\u00e9 d&#039;ex\u00e9cution parfaite  pour panneau de porte 40 mm (+\/- 2 mm)  deux anneaux m\u00e9talliques en acier inoxydable bross\u00e9  un panneau de verre VSG 4 mm  Vis visibles des deux c\u00f4t\u00e9s     Instructions de montage hublots    Catalogue des hublots   Liste de prix hublots         D (mm) d (mm) B (mm) Verre clair Verre mat   250 160 235 0180-0001 0180-0020   300 200 280 0180-0002 0180-0021   350 240 330 0180-0003 0180-0022   400 280 370 0180-0004 0180-0023   450 330 420 0180-0005 S 0180-0024   500 360 460 0180-0006 S 0180-0025    Tous les articles marqu\u00e9s d&#039;un&quot;S&quot; sont des fabrications sp\u00e9ciales. Nous attirons express\u00e9ment votre attention sur le fait que les fabrications sp\u00e9ciales ne peuvent pas \u00eatre reprises.\" \/>\n<meta property=\"og:url\" content=\"https:\/\/mlsbeschlaege.de\/fr\/produit\/hublot-b1000\/\" \/>\n<meta property=\"og:site_name\" content=\"MLS Beschl\u00e4ge\" \/>\n<meta property=\"article:modified_time\" content=\"2026-03-19T13:10:59+00:00\" \/>\n<meta property=\"og:image\" content=\"https:\/\/mlsbeschlaege.de\/wp-content\/uploads\/2017\/05\/B1000k.png\" \/>\n\t<meta property=\"og:image:width\" content=\"600\" \/>\n\t<meta property=\"og:image:height\" content=\"600\" \/>\n\t<meta property=\"og:image:type\" content=\"image\/png\" \/>\n<meta name=\"twitter:card\" content=\"summary_large_image\" \/>\n<meta name=\"twitter:label1\" content=\"Dur\u00e9e de lecture estim\u00e9e\" \/>\n\t<meta name=\"twitter:data1\" content=\"2 minutes\" \/>\n<script type=\"application\/ld+json\" class=\"yoast-schema-graph\">{\"@context\":\"https:\/\/schema.org\",\"@graph\":[{\"@type\":\"WebPage\",\"@id\":\"https:\/\/mlsbeschlaege.de\/fr\/produit\/hublot-b1000\/\",\"url\":\"https:\/\/mlsbeschlaege.de\/fr\/produit\/hublot-b1000\/\",\"name\":\"Hublot B1000 - MLS Beschl\u00e4ge\",\"isPartOf\":{\"@id\":\"https:\/\/mlsbeschlaege.de\/fr\/#website\"},\"primaryImageOfPage\":{\"@id\":\"https:\/\/mlsbeschlaege.de\/fr\/produit\/hublot-b1000\/#primaryimage\"},\"image\":{\"@id\":\"https:\/\/mlsbeschlaege.de\/fr\/produit\/hublot-b1000\/#primaryimage\"},\"thumbnailUrl\":\"https:\/\/mlsbeschlaege.de\/wp-content\/uploads\/2017\/05\/B1000k.png\",\"datePublished\":\"2017-05-17T16:16:54+00:00\",\"dateModified\":\"2026-03-19T13:10:59+00:00\",\"breadcrumb\":{\"@id\":\"https:\/\/mlsbeschlaege.de\/fr\/produit\/hublot-b1000\/#breadcrumb\"},\"inLanguage\":\"fr-FR\",\"potentialAction\":[{\"@type\":\"ReadAction\",\"target\":[\"https:\/\/mlsbeschlaege.de\/fr\/produit\/hublot-b1000\/\"]}]},{\"@type\":\"ImageObject\",\"inLanguage\":\"fr-FR\",\"@id\":\"https:\/\/mlsbeschlaege.de\/fr\/produit\/hublot-b1000\/#primaryimage\",\"url\":\"https:\/\/mlsbeschlaege.de\/wp-content\/uploads\/2017\/05\/B1000k.png\",\"contentUrl\":\"https:\/\/mlsbeschlaege.de\/wp-content\/uploads\/2017\/05\/B1000k.png\",\"width\":600,\"height\":600},{\"@type\":\"BreadcrumbList\",\"@id\":\"https:\/\/mlsbeschlaege.de\/fr\/produit\/hublot-b1000\/#breadcrumb\",\"itemListElement\":[{\"@type\":\"ListItem\",\"position\":1,\"name\":\"Strona g\u0142\u00f3wna\",\"item\":\"https:\/\/mlsbeschlaege.de\/fr\/\"},{\"@type\":\"ListItem\",\"position\":2,\"name\":\"Boutique\",\"item\":\"https:\/\/mlsbeschlaege.de\/shop\/\"},{\"@type\":\"ListItem\",\"position\":3,\"name\":\"Hublot B1000\"}]},{\"@type\":\"WebSite\",\"@id\":\"https:\/\/mlsbeschlaege.de\/fr\/#website\",\"url\":\"https:\/\/mlsbeschlaege.de\/fr\/\",\"name\":\"MLS Beschl\u00e4ge\",\"description\":\"Qualit\u00e4t Beschlaege aus Edelstahl und Aluminium f\u00fcr Glas und Holz Anwendungen\",\"potentialAction\":[{\"@type\":\"SearchAction\",\"target\":{\"@type\":\"EntryPoint\",\"urlTemplate\":\"https:\/\/mlsbeschlaege.de\/fr\/?s={search_term_string}\"},\"query-input\":{\"@type\":\"PropertyValueSpecification\",\"valueRequired\":true,\"valueName\":\"search_term_string\"}}],\"inLanguage\":\"fr-FR\"}]}<\/script>\n<!-- \/ Yoast SEO plugin. -->","yoast_head_json":{"title":"Hublot B1000 - MLS Beschl\u00e4ge","robots":{"index":"index","follow":"follow","max-snippet":"max-snippet:-1","max-image-preview":"max-image-preview:large","max-video-preview":"max-video-preview:-1"},"canonical":"https:\/\/mlsbeschlaege.de\/fr\/produit\/hublot-b1000\/","og_locale":"fr_FR","og_type":"article","og_title":"Hublot B1000 - MLS Beschl\u00e4ge","og_description":"d'une qualit\u00e9 d'ex\u00e9cution parfaite  pour panneau de porte 40 mm (+\/- 2 mm)  deux anneaux m\u00e9talliques en acier inoxydable bross\u00e9  un panneau de verre VSG 4 mm  Vis visibles des deux c\u00f4t\u00e9s     Instructions de montage hublots    Catalogue des hublots   Liste de prix hublots         D (mm) d (mm) B (mm) Verre clair Verre mat   250 160 235 0180-0001 0180-0020   300 200 280 0180-0002 0180-0021   350 240 330 0180-0003 0180-0022   400 280 370 0180-0004 0180-0023   450 330 420 0180-0005 S 0180-0024   500 360 460 0180-0006 S 0180-0025    Tous les articles marqu\u00e9s d'un\"S\" sont des fabrications sp\u00e9ciales. Nous attirons express\u00e9ment votre attention sur le fait que les fabrications sp\u00e9ciales ne peuvent pas \u00eatre reprises.","og_url":"https:\/\/mlsbeschlaege.de\/fr\/produit\/hublot-b1000\/","og_site_name":"MLS Beschl\u00e4ge","article_modified_time":"2026-03-19T13:10:59+00:00","og_image":[{"width":600,"height":600,"url":"https:\/\/mlsbeschlaege.de\/wp-content\/uploads\/2017\/05\/B1000k.png","type":"image\/png"}],"twitter_card":"summary_large_image","twitter_misc":{"Dur\u00e9e de lecture estim\u00e9e":"2 minutes"},"schema":{"@context":"https:\/\/schema.org","@graph":[{"@type":"WebPage","@id":"https:\/\/mlsbeschlaege.de\/fr\/produit\/hublot-b1000\/","url":"https:\/\/mlsbeschlaege.de\/fr\/produit\/hublot-b1000\/","name":"Hublot B1000 - MLS Beschl\u00e4ge","isPartOf":{"@id":"https:\/\/mlsbeschlaege.de\/fr\/#website"},"primaryImageOfPage":{"@id":"https:\/\/mlsbeschlaege.de\/fr\/produit\/hublot-b1000\/#primaryimage"},"image":{"@id":"https:\/\/mlsbeschlaege.de\/fr\/produit\/hublot-b1000\/#primaryimage"},"thumbnailUrl":"https:\/\/mlsbeschlaege.de\/wp-content\/uploads\/2017\/05\/B1000k.png","datePublished":"2017-05-17T16:16:54+00:00","dateModified":"2026-03-19T13:10:59+00:00","breadcrumb":{"@id":"https:\/\/mlsbeschlaege.de\/fr\/produit\/hublot-b1000\/#breadcrumb"},"inLanguage":"fr-FR","potentialAction":[{"@type":"ReadAction","target":["https:\/\/mlsbeschlaege.de\/fr\/produit\/hublot-b1000\/"]}]},{"@type":"ImageObject","inLanguage":"fr-FR","@id":"https:\/\/mlsbeschlaege.de\/fr\/produit\/hublot-b1000\/#primaryimage","url":"https:\/\/mlsbeschlaege.de\/wp-content\/uploads\/2017\/05\/B1000k.png","contentUrl":"https:\/\/mlsbeschlaege.de\/wp-content\/uploads\/2017\/05\/B1000k.png","width":600,"height":600},{"@type":"BreadcrumbList","@id":"https:\/\/mlsbeschlaege.de\/fr\/produit\/hublot-b1000\/#breadcrumb","itemListElement":[{"@type":"ListItem","position":1,"name":"Strona g\u0142\u00f3wna","item":"https:\/\/mlsbeschlaege.de\/fr\/"},{"@type":"ListItem","position":2,"name":"Boutique","item":"https:\/\/mlsbeschlaege.de\/shop\/"},{"@type":"ListItem","position":3,"name":"Hublot B1000"}]},{"@type":"WebSite","@id":"https:\/\/mlsbeschlaege.de\/fr\/#website","url":"https:\/\/mlsbeschlaege.de\/fr\/","name":"MLS Beschl\u00e4ge","description":"Qualit\u00e4t Beschlaege aus Edelstahl und Aluminium f\u00fcr Glas und Holz Anwendungen","potentialAction":[{"@type":"SearchAction","target":{"@type":"EntryPoint","urlTemplate":"https:\/\/mlsbeschlaege.de\/fr\/?s={search_term_string}"},"query-input":{"@type":"PropertyValueSpecification","valueRequired":true,"valueName":"search_term_string"}}],"inLanguage":"fr-FR"}]}},"_links":{"self":[{"href":"https:\/\/mlsbeschlaege.de\/fr\/wp-json\/wp\/v2\/product\/58013","targetHints":{"allow":["GET"]}}],"collection":[{"href":"https:\/\/mlsbeschlaege.de\/fr\/wp-json\/wp\/v2\/product"}],"about":[{"href":"https:\/\/mlsbeschlaege.de\/fr\/wp-json\/wp\/v2\/types\/product"}],"replies":[{"embeddable":true,"href":"https:\/\/mlsbeschlaege.de\/fr\/wp-json\/wp\/v2\/comments?post=58013"}],"version-history":[{"count":2,"href":"https:\/\/mlsbeschlaege.de\/fr\/wp-json\/wp\/v2\/product\/58013\/revisions"}],"predecessor-version":[{"id":58207,"href":"https:\/\/mlsbeschlaege.de\/fr\/wp-json\/wp\/v2\/product\/58013\/revisions\/58207"}],"wp:featuredmedia":[{"embeddable":true,"href":"https:\/\/mlsbeschlaege.de\/fr\/wp-json\/wp\/v2\/media\/58014"}],"wp:attachment":[{"href":"https:\/\/mlsbeschlaege.de\/fr\/wp-json\/wp\/v2\/media?parent=58013"}],"wp:term":[{"taxonomy":"product_brand","embeddable":true,"href":"https:\/\/mlsbeschlaege.de\/fr\/wp-json\/wp\/v2\/product_brand?post=58013"},{"taxonomy":"product_cat","embeddable":true,"href":"https:\/\/mlsbeschlaege.de\/fr\/wp-json\/wp\/v2\/product_cat?post=58013"},{"taxonomy":"product_tag","embeddable":true,"href":"https:\/\/mlsbeschlaege.de\/fr\/wp-json\/wp\/v2\/product_tag?post=58013"}],"curies":[{"name":"wp","href":"https:\/\/api.w.org\/{rel}","templated":true}]}}