{"id":57921,"date":"2017-05-25T22:27:41","date_gmt":"2017-05-25T20:27:41","guid":{"rendered":"https:\/\/mlsbeschlaege.de\/produkt\/hublot-b6000-acier-inoxydable\/"},"modified":"2026-03-19T13:59:09","modified_gmt":"2026-03-19T12:59:09","slug":"hublot-b6000-acier-inoxydable","status":"publish","type":"product","link":"https:\/\/mlsbeschlaege.de\/fr\/produit\/hublot-b6000-acier-inoxydable\/","title":{"rendered":"Hublot B6000 Acier inoxydable"},"content":{"rendered":"<h2><strong>Hublot en acier inoxydable<\/strong><\/h2>\n<p>Vous cherchez de nouvelles id\u00e9es pour le design de votre int\u00e9rieur ? Les hublots ronds en acier inoxydable bross\u00e9 embelliront aussi bien vos portes de chambre, de cuisine, de salle de bains que de bureau. Le hublot peut \u00eatre install\u00e9 sur des portes avec un panneau de porte d&#8217;une \u00e9paisseur de 40 mm (+\/- 2 mm). Le panneau vitr\u00e9 en verre de s\u00e9curit\u00e9 transparent VSG 4 mm peut \u00eatre mont\u00e9 \u00e0 n&#8217;importe quelle hauteur. Cette variante est \u00e9quip\u00e9e de vis visibles des deux c\u00f4t\u00e9s.    <\/p>\n<p>Les hublots de porte sont garantis 2 ans.<\/p>\n<h3><strong>Changez le look de vos portes avec le hublot rond<\/strong><\/h3>\n<p>Vous recherchez une touche d&#8217;originalit\u00e9 ? Sans grand effort, vos int\u00e9rieurs gagnent un nouveau design moderne avec les hublots de porte. Les hublots ronds en acier inoxydable bross\u00e9 orneront les portes de votre appartement, bureau, cabinet de travail, cabinet m\u00e9dical ou laboratoire. Avec du verre clair ou du verre d\u00e9poli, un hublot design est une solution parfaite pour changer votre espace de vie ou de travail.   <\/p>\n<h3><strong>Instructions d&#8217;installation pour hublot en acier inoxydable<\/strong><\/h3>\n<ol>\n<li>D\u00e9montez le panneau de porte et posez-le \u00e0 plat.<\/li>\n<li>Mesurer le centre de l&#8217;ouverture \u00e0 d\u00e9couper. Les dimensions de la d\u00e9coupe sont indiqu\u00e9es dans le tableau en fonction du diam\u00e8tre du hublot. <\/li>\n<li>Mesurez les dimensions de la coupe et dessinez-les avec un crayon. Commencez ensuite \u00e0 percer avec une m\u00e8che de \u00f8 8 mm, puis d\u00e9coupez l&#8217;ouverture avec une scie sauteuse et une lame de scie appropri\u00e9e pour une coupe circulaire. <\/li>\n<li>Nettoyer l&#8217;ouverture sci\u00e9e de la poussi\u00e8re et de la sciure.<\/li>\n<li>Fixez \u00e0 nouveau le panneau de porte dans le cadre de la porte.<\/li>\n<li>Ins\u00e9rez les deux parties du hublot de chaque c\u00f4t\u00e9 de la porte dans l&#8217;ouverture sci\u00e9e, ajustez les trous de fixation et vissez les vis.<\/li>\n<\/ol>\n<h3><strong>Contenu de la livraison :<\/strong><\/h3>\n<ul>\n<li>2 anneaux m\u00e9talliques en acier inoxydable<\/li>\n<li>1 panneau de verre VSG 4 mm<\/li>\n<li>Mat\u00e9riel de fixation<\/li>\n<\/ul>\n<p>Consultez \u00e9galement d&#8217;autres offres dans notre boutique en ligne &#8211; vous y trouverez d&#8217;autres diam\u00e8tres et d&#8217;autres variantes de vitrage (verre clair et verre d\u00e9poli).<\/p>\n<script>function getWR360PopupSkin(){return 'dark_clean';}<\/script>","protected":false},"excerpt":{"rendered":"<p><img decoding=\"async\" style=\"float: left; padding: 0 15px 15px 0;\" src=\"https:\/\/mlsbeschlaege.de\/wp-content\/uploads\/drawings\/bullaugen.svg\"><\/p>\n<ul>\n<li>d&#8217;une qualit\u00e9 d&#8217;ex\u00e9cution parfaite<\/li>\n<li>pour panneau de porte 40 mm (+\/- 2 mm)<\/li>\n<li>deux anneaux m\u00e9talliques en acier inoxydable 1.4301 naturel mat<\/li>\n<li>un panneau de verre VSG 4 mm<\/li>\n<li>Vis visibles des deux c\u00f4t\u00e9s<\/li>\n<\/ul>\n<p><i class=\"fa fa-video-camera\"><\/i><a href=\"#\">[video_popup url=\"https:\/\/mlsbeschlaege.de\/wp-content\/uploads\/2023\/05\/MLS-B_6000.mp4\" text=\"  Vid\u00e9o B6000\" wrap=\"1\"]<\/a><\/p>\n<p><i class=\"fa fa-file-pdf-o\"><\/i><a id=\"link-to-assembly-instruction\" href=\"https:\/\/mlsbeschlaege.de\/wp-content\/uploads\/docs\/B6000fr.pdf\" target=\"_blank\" rel=\"noopener noreferrer\">  Instructions de montage hublots<\/a> <img decoding=\"async\" style=\"display:none;height:16px;padding-left:10px;\" id=\"link-to-assembly-instruction-flag-de\" height=\"16px\" src=\"https:\/\/mlsbeschlaege.de\/wp-content\/uploads\/flag-fr.webp\"> <img decoding=\"async\" style=\"display:none;height:16px;padding-left:10px;\" id=\"link-to-assembly-instruction-flag-other\" height=\"16px\" src=\"https:\/\/mlsbeschlaege.de\/wp-content\/uploads\/flag-enesfrit.webp\"><br \/>\n<br \/><script>\ndocument.addEventListener('DOMContentLoaded', function() {\n    const userLang = navigator.language || navigator.userLanguage;\n    const link = document.querySelector('#link-to-assembly-instruction');\n    const flagDe = document.querySelector('#link-to-assembly-instruction-flag-de');\n    const flagOther = document.querySelector('#link-to-assembly-instruction-flag-other');\n    if (userLang.startsWith('fr')) {\n        link.textContent = ' Instructions de montage hublots';\n        link.href=\"https:\/\/mlsbeschlaege.de\/wp-content\/uploads\/docs\/B6000fr.pdf\"\n        flagDe.style.display = \"inline-block\";\n        flagOther.style.display = \"none\";\n    } else {\n        link.textContent = ' Installation instructions for portholes';\n        link.href=\"https:\/\/mlsbeschlaege.de\/wp-content\/uploads\/docs\/b6000.pdf\"\n        flagOther.style.display = \"inline-block\";\n        flagDe.style.display = \"none\";\n    }\n});\n<\/script><\/p>\n<p><i class=\"fa fa-file-pdf-o\"><\/i><a href=\"https:\/\/mlsbeschlaege.de\/wp-content\/uploads\/docs\/MLS_Katalog_Bullaugen.pdf\" target=\"_blank\" rel=\"noopener noreferrer\">  Catalogue des hublots<\/a><\/p>\n<p><i class=\"fa fa-euro\"><\/i><a href=\"https:\/\/mlsbeschlaege.de\/wp-content\/uploads\/docs\/B2B-Preisliste-Bullaugen-DE.pdf\" target=\"_blank\" rel=\"noopener noreferrer\">  Liste de prix hublots<\/a><\/p>\n<div class=\"ico-360\">\n[wr360expand name=\"view04\" browserfs=\"true\" config=\"https:\/\/mlsbeschlaege.de\/wp-content\/uploads\/360\/b6000pr\/b6000pr.xml\"]<\/p>\n<p class=\"text-center\"><i class=\"fa fa-cube\"><\/i><\/p>\n<p class=\"text-center\">Pr\u00e9sentation \u00e0 360<\/p>\n<p>[\/wr360expand]\n<\/p><\/div>\n<table id=\"tabelka\">\n<tbody>\n<tr>\n<td>D (mm)<\/td>\n<td>d (mm)<\/td>\n<td>B (mm)<\/td>\n<td>clair<\/td>\n<td>mat<\/td>\n<\/tr>\n<tr>\n<td>250<\/td>\n<td>160<\/td>\n<td>235<\/td>\n<td>0180-0200<\/td>\n<td>0180-0210<\/td>\n<\/tr>\n<tr>\n<td>300<\/td>\n<td>200<\/td>\n<td>280<\/td>\n<td>0180-0201<\/td>\n<td>0180-0211<\/td>\n<\/tr>\n<tr>\n<td>350<\/td>\n<td>240<\/td>\n<td>330<\/td>\n<td>0180-0202<\/td>\n<td>0180-0212<\/td>\n<\/tr>\n<tr>\n<td>400<\/td>\n<td>280<\/td>\n<td>370<\/td>\n<td>0180-0203<\/td>\n<td>0180-0213<\/td>\n<\/tr>\n<tr>\n<td>450<\/td>\n<td>330<\/td>\n<td>420<\/td>\n<td>0180-0204 <span style=\"color: red;\">S<\/span><\/td>\n<td>0180-0214<\/td>\n<\/tr>\n<tr>\n<td>500<\/td>\n<td>360<\/td>\n<td>460<\/td>\n<td>0180-0205 <span style=\"color: red;\">S<\/span><\/td>\n<td>0180-0215<\/td>\n<\/tr>\n<\/tbody>\n<\/table>\n<p>Tous les articles marqu\u00e9s d&#8217;un<span style=\"color: red;\">&#8220;S<\/span>&#8221; sont des fabrications sp\u00e9ciales.<br \/>Nous attirons express\u00e9ment votre attention sur le fait que les fabrications sp\u00e9ciales ne peuvent pas \u00eatre reprises.<\/p>\n","protected":false},"featured_media":57929,"comment_status":"open","ping_status":"closed","template":"","meta":{"pgc_sgb_lightbox_settings":"","_links_to":"","_links_to_target":""},"product_brand":[],"product_cat":[628],"product_tag":[],"class_list":{"0":"post-57921","1":"product","2":"type-product","3":"status-publish","4":"has-post-thumbnail","6":"product_cat-hublots","7":"product_shipping_class-klasa-a","10":"first","11":"instock","12":"taxable","13":"shipping-taxable","14":"product-type-variable"},"yoast_head":"<!-- This site is optimized with the Yoast SEO plugin v26.6 - https:\/\/yoast.com\/wordpress\/plugins\/seo\/ -->\n<title>Hublot B6000 Acier inoxydable - MLS Beschl\u00e4ge<\/title>\n<meta name=\"robots\" content=\"index, follow, max-snippet:-1, max-image-preview:large, max-video-preview:-1\" \/>\n<link rel=\"canonical\" href=\"https:\/\/mlsbeschlaege.de\/fr\/produit\/hublot-b6000-acier-inoxydable\/\" \/>\n<meta property=\"og:locale\" content=\"fr_FR\" \/>\n<meta property=\"og:type\" content=\"article\" \/>\n<meta property=\"og:title\" content=\"Hublot B6000 Acier inoxydable - MLS Beschl\u00e4ge\" \/>\n<meta property=\"og:description\" content=\"d&#039;une qualit\u00e9 d&#039;ex\u00e9cution parfaite  pour panneau de porte 40 mm (+\/- 2 mm)  deux anneaux m\u00e9talliques en acier inoxydable 1.4301 naturel mat  un panneau de verre VSG 4 mm  Vis visibles des deux c\u00f4t\u00e9s     Instructions de montage hublots    Catalogue des hublots   Liste de prix hublots       D (mm) d (mm) B (mm) clair mat   250 160 235 0180-0200 0180-0210   300 200 280 0180-0201 0180-0211   350 240 330 0180-0202 0180-0212   400 280 370 0180-0203 0180-0213   450 330 420 0180-0204 S 0180-0214   500 360 460 0180-0205 S 0180-0215    Tous les articles marqu\u00e9s d&#039;un&quot;S&quot; sont des fabrications sp\u00e9ciales.Nous attirons express\u00e9ment votre attention sur le fait que les fabrications sp\u00e9ciales ne peuvent pas \u00eatre reprises.\" \/>\n<meta property=\"og:url\" content=\"https:\/\/mlsbeschlaege.de\/fr\/produit\/hublot-b6000-acier-inoxydable\/\" \/>\n<meta property=\"og:site_name\" content=\"MLS Beschl\u00e4ge\" \/>\n<meta property=\"article:modified_time\" content=\"2026-03-19T12:59:09+00:00\" \/>\n<meta property=\"og:image\" content=\"https:\/\/mlsbeschlaege.de\/wp-content\/uploads\/2017\/05\/B6000klar_p.png\" \/>\n\t<meta property=\"og:image:width\" content=\"760\" \/>\n\t<meta property=\"og:image:height\" content=\"760\" \/>\n\t<meta property=\"og:image:type\" content=\"image\/png\" \/>\n<meta name=\"twitter:card\" content=\"summary_large_image\" \/>\n<meta name=\"twitter:label1\" content=\"Dur\u00e9e de lecture estim\u00e9e\" \/>\n\t<meta name=\"twitter:data1\" content=\"2 minutes\" \/>\n<script type=\"application\/ld+json\" class=\"yoast-schema-graph\">{\"@context\":\"https:\/\/schema.org\",\"@graph\":[{\"@type\":\"WebPage\",\"@id\":\"https:\/\/mlsbeschlaege.de\/fr\/produit\/hublot-b6000-acier-inoxydable\/\",\"url\":\"https:\/\/mlsbeschlaege.de\/fr\/produit\/hublot-b6000-acier-inoxydable\/\",\"name\":\"Hublot B6000 Acier inoxydable - MLS Beschl\u00e4ge\",\"isPartOf\":{\"@id\":\"https:\/\/mlsbeschlaege.de\/fr\/#website\"},\"primaryImageOfPage\":{\"@id\":\"https:\/\/mlsbeschlaege.de\/fr\/produit\/hublot-b6000-acier-inoxydable\/#primaryimage\"},\"image\":{\"@id\":\"https:\/\/mlsbeschlaege.de\/fr\/produit\/hublot-b6000-acier-inoxydable\/#primaryimage\"},\"thumbnailUrl\":\"https:\/\/mlsbeschlaege.de\/wp-content\/uploads\/2017\/05\/B6000klar_p.png\",\"datePublished\":\"2017-05-25T20:27:41+00:00\",\"dateModified\":\"2026-03-19T12:59:09+00:00\",\"breadcrumb\":{\"@id\":\"https:\/\/mlsbeschlaege.de\/fr\/produit\/hublot-b6000-acier-inoxydable\/#breadcrumb\"},\"inLanguage\":\"fr-FR\",\"potentialAction\":[{\"@type\":\"ReadAction\",\"target\":[\"https:\/\/mlsbeschlaege.de\/fr\/produit\/hublot-b6000-acier-inoxydable\/\"]}]},{\"@type\":\"ImageObject\",\"inLanguage\":\"fr-FR\",\"@id\":\"https:\/\/mlsbeschlaege.de\/fr\/produit\/hublot-b6000-acier-inoxydable\/#primaryimage\",\"url\":\"https:\/\/mlsbeschlaege.de\/wp-content\/uploads\/2017\/05\/B6000klar_p.png\",\"contentUrl\":\"https:\/\/mlsbeschlaege.de\/wp-content\/uploads\/2017\/05\/B6000klar_p.png\",\"width\":760,\"height\":760},{\"@type\":\"BreadcrumbList\",\"@id\":\"https:\/\/mlsbeschlaege.de\/fr\/produit\/hublot-b6000-acier-inoxydable\/#breadcrumb\",\"itemListElement\":[{\"@type\":\"ListItem\",\"position\":1,\"name\":\"Strona g\u0142\u00f3wna\",\"item\":\"https:\/\/mlsbeschlaege.de\/fr\/\"},{\"@type\":\"ListItem\",\"position\":2,\"name\":\"Boutique\",\"item\":\"https:\/\/mlsbeschlaege.de\/shop\/\"},{\"@type\":\"ListItem\",\"position\":3,\"name\":\"Hublot B6000 Acier inoxydable\"}]},{\"@type\":\"WebSite\",\"@id\":\"https:\/\/mlsbeschlaege.de\/fr\/#website\",\"url\":\"https:\/\/mlsbeschlaege.de\/fr\/\",\"name\":\"MLS Beschl\u00e4ge\",\"description\":\"Qualit\u00e4t Beschlaege aus Edelstahl und Aluminium f\u00fcr Glas und Holz Anwendungen\",\"potentialAction\":[{\"@type\":\"SearchAction\",\"target\":{\"@type\":\"EntryPoint\",\"urlTemplate\":\"https:\/\/mlsbeschlaege.de\/fr\/?s={search_term_string}\"},\"query-input\":{\"@type\":\"PropertyValueSpecification\",\"valueRequired\":true,\"valueName\":\"search_term_string\"}}],\"inLanguage\":\"fr-FR\"}]}<\/script>\n<!-- \/ Yoast SEO plugin. -->","yoast_head_json":{"title":"Hublot B6000 Acier inoxydable - MLS Beschl\u00e4ge","robots":{"index":"index","follow":"follow","max-snippet":"max-snippet:-1","max-image-preview":"max-image-preview:large","max-video-preview":"max-video-preview:-1"},"canonical":"https:\/\/mlsbeschlaege.de\/fr\/produit\/hublot-b6000-acier-inoxydable\/","og_locale":"fr_FR","og_type":"article","og_title":"Hublot B6000 Acier inoxydable - MLS Beschl\u00e4ge","og_description":"d'une qualit\u00e9 d'ex\u00e9cution parfaite  pour panneau de porte 40 mm (+\/- 2 mm)  deux anneaux m\u00e9talliques en acier inoxydable 1.4301 naturel mat  un panneau de verre VSG 4 mm  Vis visibles des deux c\u00f4t\u00e9s     Instructions de montage hublots    Catalogue des hublots   Liste de prix hublots       D (mm) d (mm) B (mm) clair mat   250 160 235 0180-0200 0180-0210   300 200 280 0180-0201 0180-0211   350 240 330 0180-0202 0180-0212   400 280 370 0180-0203 0180-0213   450 330 420 0180-0204 S 0180-0214   500 360 460 0180-0205 S 0180-0215    Tous les articles marqu\u00e9s d'un\"S\" sont des fabrications sp\u00e9ciales.Nous attirons express\u00e9ment votre attention sur le fait que les fabrications sp\u00e9ciales ne peuvent pas \u00eatre reprises.","og_url":"https:\/\/mlsbeschlaege.de\/fr\/produit\/hublot-b6000-acier-inoxydable\/","og_site_name":"MLS Beschl\u00e4ge","article_modified_time":"2026-03-19T12:59:09+00:00","og_image":[{"width":760,"height":760,"url":"https:\/\/mlsbeschlaege.de\/wp-content\/uploads\/2017\/05\/B6000klar_p.png","type":"image\/png"}],"twitter_card":"summary_large_image","twitter_misc":{"Dur\u00e9e de lecture estim\u00e9e":"2 minutes"},"schema":{"@context":"https:\/\/schema.org","@graph":[{"@type":"WebPage","@id":"https:\/\/mlsbeschlaege.de\/fr\/produit\/hublot-b6000-acier-inoxydable\/","url":"https:\/\/mlsbeschlaege.de\/fr\/produit\/hublot-b6000-acier-inoxydable\/","name":"Hublot B6000 Acier inoxydable - MLS Beschl\u00e4ge","isPartOf":{"@id":"https:\/\/mlsbeschlaege.de\/fr\/#website"},"primaryImageOfPage":{"@id":"https:\/\/mlsbeschlaege.de\/fr\/produit\/hublot-b6000-acier-inoxydable\/#primaryimage"},"image":{"@id":"https:\/\/mlsbeschlaege.de\/fr\/produit\/hublot-b6000-acier-inoxydable\/#primaryimage"},"thumbnailUrl":"https:\/\/mlsbeschlaege.de\/wp-content\/uploads\/2017\/05\/B6000klar_p.png","datePublished":"2017-05-25T20:27:41+00:00","dateModified":"2026-03-19T12:59:09+00:00","breadcrumb":{"@id":"https:\/\/mlsbeschlaege.de\/fr\/produit\/hublot-b6000-acier-inoxydable\/#breadcrumb"},"inLanguage":"fr-FR","potentialAction":[{"@type":"ReadAction","target":["https:\/\/mlsbeschlaege.de\/fr\/produit\/hublot-b6000-acier-inoxydable\/"]}]},{"@type":"ImageObject","inLanguage":"fr-FR","@id":"https:\/\/mlsbeschlaege.de\/fr\/produit\/hublot-b6000-acier-inoxydable\/#primaryimage","url":"https:\/\/mlsbeschlaege.de\/wp-content\/uploads\/2017\/05\/B6000klar_p.png","contentUrl":"https:\/\/mlsbeschlaege.de\/wp-content\/uploads\/2017\/05\/B6000klar_p.png","width":760,"height":760},{"@type":"BreadcrumbList","@id":"https:\/\/mlsbeschlaege.de\/fr\/produit\/hublot-b6000-acier-inoxydable\/#breadcrumb","itemListElement":[{"@type":"ListItem","position":1,"name":"Strona g\u0142\u00f3wna","item":"https:\/\/mlsbeschlaege.de\/fr\/"},{"@type":"ListItem","position":2,"name":"Boutique","item":"https:\/\/mlsbeschlaege.de\/shop\/"},{"@type":"ListItem","position":3,"name":"Hublot B6000 Acier inoxydable"}]},{"@type":"WebSite","@id":"https:\/\/mlsbeschlaege.de\/fr\/#website","url":"https:\/\/mlsbeschlaege.de\/fr\/","name":"MLS Beschl\u00e4ge","description":"Qualit\u00e4t Beschlaege aus Edelstahl und Aluminium f\u00fcr Glas und Holz Anwendungen","potentialAction":[{"@type":"SearchAction","target":{"@type":"EntryPoint","urlTemplate":"https:\/\/mlsbeschlaege.de\/fr\/?s={search_term_string}"},"query-input":{"@type":"PropertyValueSpecification","valueRequired":true,"valueName":"search_term_string"}}],"inLanguage":"fr-FR"}]}},"_links":{"self":[{"href":"https:\/\/mlsbeschlaege.de\/fr\/wp-json\/wp\/v2\/product\/57921","targetHints":{"allow":["GET"]}}],"collection":[{"href":"https:\/\/mlsbeschlaege.de\/fr\/wp-json\/wp\/v2\/product"}],"about":[{"href":"https:\/\/mlsbeschlaege.de\/fr\/wp-json\/wp\/v2\/types\/product"}],"replies":[{"embeddable":true,"href":"https:\/\/mlsbeschlaege.de\/fr\/wp-json\/wp\/v2\/comments?post=57921"}],"version-history":[{"count":2,"href":"https:\/\/mlsbeschlaege.de\/fr\/wp-json\/wp\/v2\/product\/57921\/revisions"}],"predecessor-version":[{"id":58200,"href":"https:\/\/mlsbeschlaege.de\/fr\/wp-json\/wp\/v2\/product\/57921\/revisions\/58200"}],"wp:featuredmedia":[{"embeddable":true,"href":"https:\/\/mlsbeschlaege.de\/fr\/wp-json\/wp\/v2\/media\/57929"}],"wp:attachment":[{"href":"https:\/\/mlsbeschlaege.de\/fr\/wp-json\/wp\/v2\/media?parent=57921"}],"wp:term":[{"taxonomy":"product_brand","embeddable":true,"href":"https:\/\/mlsbeschlaege.de\/fr\/wp-json\/wp\/v2\/product_brand?post=57921"},{"taxonomy":"product_cat","embeddable":true,"href":"https:\/\/mlsbeschlaege.de\/fr\/wp-json\/wp\/v2\/product_cat?post=57921"},{"taxonomy":"product_tag","embeddable":true,"href":"https:\/\/mlsbeschlaege.de\/fr\/wp-json\/wp\/v2\/product_tag?post=57921"}],"curies":[{"name":"wp","href":"https:\/\/api.w.org\/{rel}","templated":true}]}}