{"id":57769,"date":"2017-06-07T20:08:54","date_gmt":"2017-06-07T18:08:54","guid":{"rendered":"https:\/\/mlsbeschlaege.de\/produkt\/poignee-coquille-mg-05\/"},"modified":"2026-02-20T11:33:24","modified_gmt":"2026-02-20T10:33:24","slug":"poignee-coquille-mg-05","status":"publish","type":"product","link":"https:\/\/mlsbeschlaege.de\/fr\/produit\/poignee-coquille-mg-05\/","title":{"rendered":"Poign\u00e9e coquille MG.05"},"content":{"rendered":"<h2><strong>Poign\u00e9es coquilles en acier inoxydable pour portes int\u00e9rieures<\/strong><\/h2>\n<p>Poign\u00e9es coquilles de haute qualit\u00e9 en acier inoxydable massif d&#8217;un diam\u00e8tre de 60 mm. Elles conviennent \u00e0 une porte en verre d&#8217;une \u00e9paisseur de 8, 10 et 12 mm et sont disponibles en tant que paire de poign\u00e9es. Le montage est simple et s&#8217;effectue par collage. Les poign\u00e9es coquilles modernes en acier inoxydable massif sont une solution id\u00e9ale pour d\u00e9corer votre espace de bureau !  <\/p>\n<p>Consultez \u00e9galement d&#8217;autres offres dans notre boutique en ligne &#8211; vous y trouverez d&#8217;autres produits en acier inoxydable pour \u00e9quiper votre maison ou votre bureau.<\/p>\n<script>function getWR360PopupSkin(){return 'dark_clean';}<\/script>","protected":false},"excerpt":{"rendered":"<p><img decoding=\"async\" style=\"float: left; padding: 0 30px 15px 0; width: 200px;\" src=\"https:\/\/mlsbeschlaege.de\/wp-content\/uploads\/drawings\/mg.05.png\"><\/p>\n<ul>\n<li>Acier inoxydable massif d : 65 mm<\/li>\n<li>\u00e0 coller<\/li>\n<li>Per\u00e7age du verre d : 50 mm<\/li>\n<\/ul>\n<p><i class=\"fa fa-file-pdf-o\"><\/i><a href=\"https:\/\/mlsbeschlaege.de\/wp-content\/uploads\/docs\/MLS_Katalog_Griffmuscheln.pdf\" target=\"_blank\" rel=\"noopener noreferrer\">  Catalogue des poign\u00e9es<\/a><\/p>\n<p>[member_only]<\/p>\n<p><i class=\"fa fa-euro\"><\/i><a href=\"https:\/\/mlsbeschlaege.de\/wp-content\/uploads\/2022\/09\/B2B-Preisliste-07.2022-Griffmuscheln-DE-netto-netto.pdf\" target=\"_blank\" rel=\"noopener noreferrer\">  Liste de prix des poign\u00e9es<\/a><\/p>\n<p>[\/member_only]<\/p>\n<div class=\"ico-360\">\n[wr360expand name=\"view04\" browserfs=\"true\" config=\"https:\/\/mlsbeschlaege.de\/wp-content\/uploads\/360\/gm.05\/gm.05.xml\"]<\/p>\n<p class=\"text-center\">Pr\u00e9sentation \u00e0 360<\/p>\n<p>[\/wr360expand]\n<\/div>\n<table id=\"tabelka\">\n<tbody>\n<tr>\n<td>\u00c9paisseur du verre<\/td>\n<td>mat<\/td>\n<td>poli<\/td>\n<\/tr>\n<tr>\n<td>8 mm<\/td>\n<td>0160-0044<\/td>\n<td>0160-0047<\/td>\n<\/tr>\n<tr>\n<td>10 mm<\/td>\n<td>0160-0045<\/td>\n<td>0160-0048<\/td>\n<\/tr>\n<tr>\n<td>12 mm<\/td>\n<td>0160-0046<\/td>\n<td>0160-0049<\/td>\n<\/tr>\n<\/tbody>\n<\/table>\n","protected":false},"featured_media":57788,"comment_status":"open","ping_status":"closed","template":"","meta":{"pgc_sgb_lightbox_settings":"","_links_to":"","_links_to_target":""},"product_brand":[],"product_cat":[635],"product_tag":[],"class_list":{"0":"post-57769","1":"product","2":"type-product","3":"status-publish","4":"has-post-thumbnail","6":"product_cat-poignees-coquilles","7":"product_shipping_class-klasa-a","10":"first","11":"instock","12":"taxable","13":"shipping-taxable","14":"product-type-variable"},"yoast_head":"<!-- This site is optimized with the Yoast SEO plugin v26.6 - https:\/\/yoast.com\/wordpress\/plugins\/seo\/ -->\n<title>Poign\u00e9e coquille MG.05 - MLS Beschl\u00e4ge<\/title>\n<meta name=\"robots\" content=\"index, follow, max-snippet:-1, max-image-preview:large, max-video-preview:-1\" \/>\n<link rel=\"canonical\" href=\"https:\/\/mlsbeschlaege.de\/fr\/produit\/poignee-coquille-mg-05\/\" \/>\n<meta property=\"og:locale\" content=\"fr_FR\" \/>\n<meta property=\"og:type\" content=\"article\" \/>\n<meta property=\"og:title\" content=\"Poign\u00e9e coquille MG.05 - MLS Beschl\u00e4ge\" \/>\n<meta property=\"og:description\" content=\"Acier inoxydable massif d : 65 mm  \u00e0 coller  Per\u00e7age du verre d : 50 mm  Catalogue des poign\u00e9es [member_only]  Liste de prix des poign\u00e9es [\/member_only]     \u00c9paisseur du verre mat poli  8 mm 0160-0044 0160-0047  10 mm 0160-0045 0160-0048  12 mm 0160-0046 0160-0049\" \/>\n<meta property=\"og:url\" content=\"https:\/\/mlsbeschlaege.de\/fr\/produit\/poignee-coquille-mg-05\/\" \/>\n<meta property=\"og:site_name\" content=\"MLS Beschl\u00e4ge\" \/>\n<meta property=\"article:modified_time\" content=\"2026-02-20T10:33:24+00:00\" \/>\n<meta property=\"og:image\" content=\"https:\/\/mlsbeschlaege.de\/wp-content\/uploads\/2017\/06\/mg05-1-e1486475212625.png\" \/>\n\t<meta property=\"og:image:width\" content=\"745\" \/>\n\t<meta property=\"og:image:height\" content=\"745\" \/>\n\t<meta property=\"og:image:type\" content=\"image\/png\" \/>\n<meta name=\"twitter:card\" content=\"summary_large_image\" \/>\n<meta name=\"twitter:label1\" content=\"Dur\u00e9e de lecture estim\u00e9e\" \/>\n\t<meta name=\"twitter:data1\" content=\"1 minute\" \/>\n<script type=\"application\/ld+json\" class=\"yoast-schema-graph\">{\"@context\":\"https:\/\/schema.org\",\"@graph\":[{\"@type\":\"WebPage\",\"@id\":\"https:\/\/mlsbeschlaege.de\/fr\/produit\/poignee-coquille-mg-05\/\",\"url\":\"https:\/\/mlsbeschlaege.de\/fr\/produit\/poignee-coquille-mg-05\/\",\"name\":\"Poign\u00e9e coquille MG.05 - MLS Beschl\u00e4ge\",\"isPartOf\":{\"@id\":\"https:\/\/mlsbeschlaege.de\/fr\/#website\"},\"primaryImageOfPage\":{\"@id\":\"https:\/\/mlsbeschlaege.de\/fr\/produit\/poignee-coquille-mg-05\/#primaryimage\"},\"image\":{\"@id\":\"https:\/\/mlsbeschlaege.de\/fr\/produit\/poignee-coquille-mg-05\/#primaryimage\"},\"thumbnailUrl\":\"https:\/\/mlsbeschlaege.de\/wp-content\/uploads\/2017\/06\/mg05-1-e1486475212625.png\",\"datePublished\":\"2017-06-07T18:08:54+00:00\",\"dateModified\":\"2026-02-20T10:33:24+00:00\",\"breadcrumb\":{\"@id\":\"https:\/\/mlsbeschlaege.de\/fr\/produit\/poignee-coquille-mg-05\/#breadcrumb\"},\"inLanguage\":\"fr-FR\",\"potentialAction\":[{\"@type\":\"ReadAction\",\"target\":[\"https:\/\/mlsbeschlaege.de\/fr\/produit\/poignee-coquille-mg-05\/\"]}]},{\"@type\":\"ImageObject\",\"inLanguage\":\"fr-FR\",\"@id\":\"https:\/\/mlsbeschlaege.de\/fr\/produit\/poignee-coquille-mg-05\/#primaryimage\",\"url\":\"https:\/\/mlsbeschlaege.de\/wp-content\/uploads\/2017\/06\/mg05-1-e1486475212625.png\",\"contentUrl\":\"https:\/\/mlsbeschlaege.de\/wp-content\/uploads\/2017\/06\/mg05-1-e1486475212625.png\",\"width\":745,\"height\":745},{\"@type\":\"BreadcrumbList\",\"@id\":\"https:\/\/mlsbeschlaege.de\/fr\/produit\/poignee-coquille-mg-05\/#breadcrumb\",\"itemListElement\":[{\"@type\":\"ListItem\",\"position\":1,\"name\":\"Strona g\u0142\u00f3wna\",\"item\":\"https:\/\/mlsbeschlaege.de\/fr\/\"},{\"@type\":\"ListItem\",\"position\":2,\"name\":\"Boutique\",\"item\":\"https:\/\/mlsbeschlaege.de\/shop\/\"},{\"@type\":\"ListItem\",\"position\":3,\"name\":\"Poign\u00e9e coquille MG.05\"}]},{\"@type\":\"WebSite\",\"@id\":\"https:\/\/mlsbeschlaege.de\/fr\/#website\",\"url\":\"https:\/\/mlsbeschlaege.de\/fr\/\",\"name\":\"MLS Beschl\u00e4ge\",\"description\":\"Qualit\u00e4t Beschlaege aus Edelstahl und Aluminium f\u00fcr Glas und Holz Anwendungen\",\"potentialAction\":[{\"@type\":\"SearchAction\",\"target\":{\"@type\":\"EntryPoint\",\"urlTemplate\":\"https:\/\/mlsbeschlaege.de\/fr\/?s={search_term_string}\"},\"query-input\":{\"@type\":\"PropertyValueSpecification\",\"valueRequired\":true,\"valueName\":\"search_term_string\"}}],\"inLanguage\":\"fr-FR\"}]}<\/script>\n<!-- \/ Yoast SEO plugin. -->","yoast_head_json":{"title":"Poign\u00e9e coquille MG.05 - MLS Beschl\u00e4ge","robots":{"index":"index","follow":"follow","max-snippet":"max-snippet:-1","max-image-preview":"max-image-preview:large","max-video-preview":"max-video-preview:-1"},"canonical":"https:\/\/mlsbeschlaege.de\/fr\/produit\/poignee-coquille-mg-05\/","og_locale":"fr_FR","og_type":"article","og_title":"Poign\u00e9e coquille MG.05 - MLS Beschl\u00e4ge","og_description":"Acier inoxydable massif d : 65 mm  \u00e0 coller  Per\u00e7age du verre d : 50 mm  Catalogue des poign\u00e9es [member_only]  Liste de prix des poign\u00e9es [\/member_only]     \u00c9paisseur du verre mat poli  8 mm 0160-0044 0160-0047  10 mm 0160-0045 0160-0048  12 mm 0160-0046 0160-0049","og_url":"https:\/\/mlsbeschlaege.de\/fr\/produit\/poignee-coquille-mg-05\/","og_site_name":"MLS Beschl\u00e4ge","article_modified_time":"2026-02-20T10:33:24+00:00","og_image":[{"width":745,"height":745,"url":"https:\/\/mlsbeschlaege.de\/wp-content\/uploads\/2017\/06\/mg05-1-e1486475212625.png","type":"image\/png"}],"twitter_card":"summary_large_image","twitter_misc":{"Dur\u00e9e de lecture estim\u00e9e":"1 minute"},"schema":{"@context":"https:\/\/schema.org","@graph":[{"@type":"WebPage","@id":"https:\/\/mlsbeschlaege.de\/fr\/produit\/poignee-coquille-mg-05\/","url":"https:\/\/mlsbeschlaege.de\/fr\/produit\/poignee-coquille-mg-05\/","name":"Poign\u00e9e coquille MG.05 - MLS Beschl\u00e4ge","isPartOf":{"@id":"https:\/\/mlsbeschlaege.de\/fr\/#website"},"primaryImageOfPage":{"@id":"https:\/\/mlsbeschlaege.de\/fr\/produit\/poignee-coquille-mg-05\/#primaryimage"},"image":{"@id":"https:\/\/mlsbeschlaege.de\/fr\/produit\/poignee-coquille-mg-05\/#primaryimage"},"thumbnailUrl":"https:\/\/mlsbeschlaege.de\/wp-content\/uploads\/2017\/06\/mg05-1-e1486475212625.png","datePublished":"2017-06-07T18:08:54+00:00","dateModified":"2026-02-20T10:33:24+00:00","breadcrumb":{"@id":"https:\/\/mlsbeschlaege.de\/fr\/produit\/poignee-coquille-mg-05\/#breadcrumb"},"inLanguage":"fr-FR","potentialAction":[{"@type":"ReadAction","target":["https:\/\/mlsbeschlaege.de\/fr\/produit\/poignee-coquille-mg-05\/"]}]},{"@type":"ImageObject","inLanguage":"fr-FR","@id":"https:\/\/mlsbeschlaege.de\/fr\/produit\/poignee-coquille-mg-05\/#primaryimage","url":"https:\/\/mlsbeschlaege.de\/wp-content\/uploads\/2017\/06\/mg05-1-e1486475212625.png","contentUrl":"https:\/\/mlsbeschlaege.de\/wp-content\/uploads\/2017\/06\/mg05-1-e1486475212625.png","width":745,"height":745},{"@type":"BreadcrumbList","@id":"https:\/\/mlsbeschlaege.de\/fr\/produit\/poignee-coquille-mg-05\/#breadcrumb","itemListElement":[{"@type":"ListItem","position":1,"name":"Strona g\u0142\u00f3wna","item":"https:\/\/mlsbeschlaege.de\/fr\/"},{"@type":"ListItem","position":2,"name":"Boutique","item":"https:\/\/mlsbeschlaege.de\/shop\/"},{"@type":"ListItem","position":3,"name":"Poign\u00e9e coquille MG.05"}]},{"@type":"WebSite","@id":"https:\/\/mlsbeschlaege.de\/fr\/#website","url":"https:\/\/mlsbeschlaege.de\/fr\/","name":"MLS Beschl\u00e4ge","description":"Qualit\u00e4t Beschlaege aus Edelstahl und Aluminium f\u00fcr Glas und Holz Anwendungen","potentialAction":[{"@type":"SearchAction","target":{"@type":"EntryPoint","urlTemplate":"https:\/\/mlsbeschlaege.de\/fr\/?s={search_term_string}"},"query-input":{"@type":"PropertyValueSpecification","valueRequired":true,"valueName":"search_term_string"}}],"inLanguage":"fr-FR"}]}},"_links":{"self":[{"href":"https:\/\/mlsbeschlaege.de\/fr\/wp-json\/wp\/v2\/product\/57769","targetHints":{"allow":["GET"]}}],"collection":[{"href":"https:\/\/mlsbeschlaege.de\/fr\/wp-json\/wp\/v2\/product"}],"about":[{"href":"https:\/\/mlsbeschlaege.de\/fr\/wp-json\/wp\/v2\/types\/product"}],"replies":[{"embeddable":true,"href":"https:\/\/mlsbeschlaege.de\/fr\/wp-json\/wp\/v2\/comments?post=57769"}],"version-history":[{"count":0,"href":"https:\/\/mlsbeschlaege.de\/fr\/wp-json\/wp\/v2\/product\/57769\/revisions"}],"wp:featuredmedia":[{"embeddable":true,"href":"https:\/\/mlsbeschlaege.de\/fr\/wp-json\/wp\/v2\/media\/57788"}],"wp:attachment":[{"href":"https:\/\/mlsbeschlaege.de\/fr\/wp-json\/wp\/v2\/media?parent=57769"}],"wp:term":[{"taxonomy":"product_brand","embeddable":true,"href":"https:\/\/mlsbeschlaege.de\/fr\/wp-json\/wp\/v2\/product_brand?post=57769"},{"taxonomy":"product_cat","embeddable":true,"href":"https:\/\/mlsbeschlaege.de\/fr\/wp-json\/wp\/v2\/product_cat?post=57769"},{"taxonomy":"product_tag","embeddable":true,"href":"https:\/\/mlsbeschlaege.de\/fr\/wp-json\/wp\/v2\/product_tag?post=57769"}],"curies":[{"name":"wp","href":"https:\/\/api.w.org\/{rel}","templated":true}]}}