{"id":57348,"date":"2017-06-17T20:46:29","date_gmt":"2017-06-17T18:46:29","guid":{"rendered":"https:\/\/mlsbeschlaege.de\/produkt\/poignee-de-porte-venezia-02\/"},"modified":"2026-02-20T11:26:11","modified_gmt":"2026-02-20T10:26:11","slug":"poignee-de-porte-venezia-02","status":"publish","type":"product","link":"https:\/\/mlsbeschlaege.de\/fr\/produit\/poignee-de-porte-venezia-02\/","title":{"rendered":"Poign\u00e9e de porte Venezia.02"},"content":{"rendered":"<p>MLS con\u00e7oit, fabrique et commercialise des ferrures de porte en acier inoxydable et en aluminium.<br \/>\nVous cherchez une poign\u00e9e de porte pour votre porte ext\u00e9rieure\/int\u00e9rieure ou une ferrure de porte coulissante ? Vous trouverez tout cela et bien plus encore chez nous, avec un rapport qualit\u00e9-prix optimal. <\/p>\n<h2><strong>Caract\u00e9ristiques de qualit\u00e9 des poign\u00e9es MLS :<\/strong><\/h2>\n<ul>\n<li>Version standard en acier inoxydable VA 1.4301\/V2A<\/li>\n<li>Barre de poign\u00e9e \u00c9paisseur de paroi du tube 1,5 et 2,0 mm<\/li>\n<li>Barre de poign\u00e9e Embout rectifi\u00e9 au centre<\/li>\n<li>Support de poign\u00e9e en acier inoxydable massif avec rosace<\/li>\n<li><strong>Des supports<\/strong> coup\u00e9s avec pr\u00e9cision <strong>garantissent<\/strong> une assise optimale sur le tube rond<\/li>\n<li>Chaque d\u00e9tail de la poign\u00e9e ponc\u00e9 grain 320<\/li>\n<li>Par paire, y compris la fixation pour les portes en verre 8-12mm (per\u00e7age du verre d:14mm) <\/li>\n<li>Portes en verre &#8211; Paire de poign\u00e9es ou poign\u00e9e simple avec vis aveuglante, collage UV<\/li>\n<li>Portes en bois\/alu\/acier &#8211; Paire de poign\u00e9es ou poign\u00e9e simple avec montage visible\/invisible<\/li>\n<li>Par paire, y compris la fixation pour les portes en bois 40-55mm (per\u00e7age du bois d:10mm) <\/li>\n<li>Qualit\u00e9 sup\u00e9rieure<\/li>\n<li>Variantes sur demande &#8211; Poli miroir, acier inoxydable V4A , longueurs sp\u00e9ciales<\/li>\n<\/ul>\n<p>Bien entendu, vous b\u00e9n\u00e9ficiez d&#8217;une garantie de fonctionnement de 5 ans sur toutes nos poign\u00e9es de porte et ferrures de porte coulissante.<\/p>\n<p>En accord avec notre promesse de qualit\u00e9 &#8220;<strong><i>MLS &#8211; seul le meilleur est assez bon pour nous<\/i><\/strong>&#8220;, la marque MLS ne vous propose que des produits de qualit\u00e9 sup\u00e9rieure.<\/p>\n<p>Et d&#8217;ailleurs, vous ne trouverez <strong>pas de produits import\u00e9s\/d&#8217;Extr\u00eame-Orient<\/strong> en promotion chez nous.<\/p>\n<script>function getWR360PopupSkin(){return 'dark_clean';}<\/script>","protected":false},"excerpt":{"rendered":"<div class=\"col-md-5\"><img decoding=\"async\" style=\"float: left;padding: 0 30px 15px 0\" src=\"https:\/\/mlsbeschlaege.de\/wp-content\/uploads\/drawings\/venezia.png\"><\/div>\n<div class=\"col-md-7\">\n<p>Barre de poign\u00e9e D : 25 mm, d : 25 mm<\/p>\n<p>Per\u00e7age du verre \u00f8 : 14 mm<\/p>\n<p>Per\u00e7age du bois \u00f8 : 10 mm<\/p>\n<ul>\n<li>Poign\u00e9e simple ou paire de poign\u00e9es<\/li>\n<li>Acier inoxydable V2A<\/li>\n<li>ponc\u00e9 grain 320<\/li>\n<li>Barre de poign\u00e9e avec \u00e9paisseur de paroi du tube de 2,0 mm<\/li>\n<li>Raccordement du mat\u00e9riau plein soud\u00e9<\/li>\n<li>qualit\u00e9 sup\u00e9rieure<\/li>\n<\/ul>\n<p><i class=\"fa fa-video-camera\"><\/i><a href=\"#\">[video_popup url=\"https:\/\/mlsbeschlaege.de\/wp-content\/uploads\/2023\/08\/turgriffe_holz.mp4\" text=\"  Venezia.02 Vid\u00e9o\" wrap=\"]<\/a><\/p>\n<p><i class=\"fa fa-file-pdf-o\"><\/i><a href=\"https:\/\/mlsbeschlaege.de\/wp-content\/uploads\/docs\/MLS_Katalog_Turgriffe.pdf\" target=\"_blank\" rel=\"noopener noreferrer\">  Catalogue des poign\u00e9es<\/a><\/p>\n<p>[member_only]<\/p>\n<p><i class=\"fa fa-euro\"><\/i><a href=\"https:\/\/mlsbeschlaege.de\/wp-content\/uploads\/2022\/09\/Preisliste-Juli-2022-netto-netto-Tuergriffe_Stossgriffe-B2B.pdf\" target=\"_blank\" rel=\"noopener noreferrer\">  Poign\u00e9es Liste de prix<\/a><\/p>\n<p>[\/member_only]<\/p>\n<p><i class=\"fa fa-file-pdf-o\"><\/i><a href=\"https:\/\/mlsbeschlaege.de\/wp-content\/uploads\/docs\/Griff_Befestigungsarten.pdf\" target=\"_blank\" rel=\"noopener noreferrer\">  Poign\u00e9es Types de fixation<\/a><\/p>\n<div class=\"ico-360\">\n[wr360expand name=\"view04\" browserfs=\"true\" config=\"\/wp-content\/uploads\/360\/venezia\/venezia.xml\"]<\/p>\n<p class=\"text-center\">Pr\u00e9sentation \u00e0 360<\/p>\n<p>[\/wr360expand]\n<\/div>\n<\/div>\n<table id=\"tabelka\">\n<tbody>\n<tr>\n<td>L (mm)<\/td>\n<td>B (mm)<\/td>\n<td>N\u00b0 d&#8217;art.<\/td>\n<\/tr>\n<tr>\n<td>225<\/td>\n<td>200<\/td>\n<td>0150-0140-xx<\/td>\n<\/tr>\n<tr>\n<td>325<\/td>\n<td>300<\/td>\n<td>0150-0141-xx<\/td>\n<\/tr>\n<tr>\n<td>625<\/td>\n<td>600<\/td>\n<td>0150-0142-xx<\/td>\n<\/tr>\n<tr>\n<td>925<\/td>\n<td>900<\/td>\n<td>0150-0143-xx<\/td>\n<\/tr>\n<tr>\n<td>1225<\/td>\n<td>1200<\/td>\n<td>0150-0144-xx<\/td>\n<\/tr>\n<\/tbody>\n<\/table>\n","protected":false},"featured_media":57350,"comment_status":"open","ping_status":"closed","template":"","meta":{"pgc_sgb_lightbox_settings":"","_links_to":"","_links_to_target":""},"product_brand":[],"product_cat":[643,647],"product_tag":[],"class_list":{"0":"post-57348","1":"product","2":"type-product","3":"status-publish","4":"has-post-thumbnail","6":"product_cat-offres-speciales","7":"product_cat-poignees-de-porte","8":"product_shipping_class-klasa-a","11":"first","12":"instock","13":"taxable","14":"shipping-taxable","15":"purchasable","16":"product-type-variable"},"yoast_head":"<!-- This site is optimized with the Yoast SEO plugin v26.6 - https:\/\/yoast.com\/wordpress\/plugins\/seo\/ -->\n<title>Poign\u00e9e de porte Venezia.02 - MLS Beschl\u00e4ge<\/title>\n<meta name=\"robots\" content=\"index, follow, max-snippet:-1, max-image-preview:large, max-video-preview:-1\" \/>\n<link rel=\"canonical\" href=\"https:\/\/mlsbeschlaege.de\/fr\/produit\/poignee-de-porte-venezia-02\/\" \/>\n<meta property=\"og:locale\" content=\"fr_FR\" \/>\n<meta property=\"og:type\" content=\"article\" \/>\n<meta property=\"og:title\" content=\"Poign\u00e9e de porte Venezia.02 - MLS Beschl\u00e4ge\" \/>\n<meta property=\"og:description\" content=\"Barre de poign\u00e9e D : 25 mm, d : 25 mm Per\u00e7age du verre \u00f8 : 14 mm Per\u00e7age du bois \u00f8 : 10 mm  Poign\u00e9e simple ou paire de poign\u00e9es  Acier inoxydable V2A  ponc\u00e9 grain 320  Barre de poign\u00e9e avec \u00e9paisseur de paroi du tube de 2,0 mm  Raccordement du mat\u00e9riau plein soud\u00e9  qualit\u00e9 sup\u00e9rieure   Catalogue des poign\u00e9es [member_only]  Poign\u00e9es Liste de prix [\/member_only]  Poign\u00e9es Types de fixation     L (mm) B (mm) N\u00b0 d&#039;art.  225 200 0150-0140-xx  325 300 0150-0141-xx  625 600 0150-0142-xx  925 900 0150-0143-xx  1225 1200 0150-0144-xx\" \/>\n<meta property=\"og:url\" content=\"https:\/\/mlsbeschlaege.de\/fr\/produit\/poignee-de-porte-venezia-02\/\" \/>\n<meta property=\"og:site_name\" content=\"MLS Beschl\u00e4ge\" \/>\n<meta property=\"article:modified_time\" content=\"2026-02-20T10:26:11+00:00\" \/>\n<meta property=\"og:image\" content=\"https:\/\/mlsbeschlaege.de\/wp-content\/uploads\/2018\/02\/venezia2-2.png\" \/>\n\t<meta property=\"og:image:width\" content=\"1000\" \/>\n\t<meta property=\"og:image:height\" content=\"1000\" \/>\n\t<meta property=\"og:image:type\" content=\"image\/png\" \/>\n<meta name=\"twitter:card\" content=\"summary_large_image\" \/>\n<meta name=\"twitter:label1\" content=\"Dur\u00e9e de lecture estim\u00e9e\" \/>\n\t<meta name=\"twitter:data1\" content=\"1 minute\" \/>\n<script type=\"application\/ld+json\" class=\"yoast-schema-graph\">{\"@context\":\"https:\/\/schema.org\",\"@graph\":[{\"@type\":\"WebPage\",\"@id\":\"https:\/\/mlsbeschlaege.de\/fr\/produit\/poignee-de-porte-venezia-02\/\",\"url\":\"https:\/\/mlsbeschlaege.de\/fr\/produit\/poignee-de-porte-venezia-02\/\",\"name\":\"Poign\u00e9e de porte Venezia.02 - MLS Beschl\u00e4ge\",\"isPartOf\":{\"@id\":\"https:\/\/mlsbeschlaege.de\/fr\/#website\"},\"primaryImageOfPage\":{\"@id\":\"https:\/\/mlsbeschlaege.de\/fr\/produit\/poignee-de-porte-venezia-02\/#primaryimage\"},\"image\":{\"@id\":\"https:\/\/mlsbeschlaege.de\/fr\/produit\/poignee-de-porte-venezia-02\/#primaryimage\"},\"thumbnailUrl\":\"https:\/\/mlsbeschlaege.de\/wp-content\/uploads\/2018\/02\/venezia2-2.png\",\"datePublished\":\"2017-06-17T18:46:29+00:00\",\"dateModified\":\"2026-02-20T10:26:11+00:00\",\"breadcrumb\":{\"@id\":\"https:\/\/mlsbeschlaege.de\/fr\/produit\/poignee-de-porte-venezia-02\/#breadcrumb\"},\"inLanguage\":\"fr-FR\",\"potentialAction\":[{\"@type\":\"ReadAction\",\"target\":[\"https:\/\/mlsbeschlaege.de\/fr\/produit\/poignee-de-porte-venezia-02\/\"]}]},{\"@type\":\"ImageObject\",\"inLanguage\":\"fr-FR\",\"@id\":\"https:\/\/mlsbeschlaege.de\/fr\/produit\/poignee-de-porte-venezia-02\/#primaryimage\",\"url\":\"https:\/\/mlsbeschlaege.de\/wp-content\/uploads\/2018\/02\/venezia2-2.png\",\"contentUrl\":\"https:\/\/mlsbeschlaege.de\/wp-content\/uploads\/2018\/02\/venezia2-2.png\",\"width\":1000,\"height\":1000},{\"@type\":\"BreadcrumbList\",\"@id\":\"https:\/\/mlsbeschlaege.de\/fr\/produit\/poignee-de-porte-venezia-02\/#breadcrumb\",\"itemListElement\":[{\"@type\":\"ListItem\",\"position\":1,\"name\":\"Strona g\u0142\u00f3wna\",\"item\":\"https:\/\/mlsbeschlaege.de\/fr\/\"},{\"@type\":\"ListItem\",\"position\":2,\"name\":\"Boutique\",\"item\":\"https:\/\/mlsbeschlaege.de\/shop\/\"},{\"@type\":\"ListItem\",\"position\":3,\"name\":\"Poign\u00e9e de porte Venezia.02\"}]},{\"@type\":\"WebSite\",\"@id\":\"https:\/\/mlsbeschlaege.de\/fr\/#website\",\"url\":\"https:\/\/mlsbeschlaege.de\/fr\/\",\"name\":\"MLS Beschl\u00e4ge\",\"description\":\"Qualit\u00e4t Beschlaege aus Edelstahl und Aluminium f\u00fcr Glas und Holz Anwendungen\",\"potentialAction\":[{\"@type\":\"SearchAction\",\"target\":{\"@type\":\"EntryPoint\",\"urlTemplate\":\"https:\/\/mlsbeschlaege.de\/fr\/?s={search_term_string}\"},\"query-input\":{\"@type\":\"PropertyValueSpecification\",\"valueRequired\":true,\"valueName\":\"search_term_string\"}}],\"inLanguage\":\"fr-FR\"}]}<\/script>\n<!-- \/ Yoast SEO plugin. -->","yoast_head_json":{"title":"Poign\u00e9e de porte Venezia.02 - MLS Beschl\u00e4ge","robots":{"index":"index","follow":"follow","max-snippet":"max-snippet:-1","max-image-preview":"max-image-preview:large","max-video-preview":"max-video-preview:-1"},"canonical":"https:\/\/mlsbeschlaege.de\/fr\/produit\/poignee-de-porte-venezia-02\/","og_locale":"fr_FR","og_type":"article","og_title":"Poign\u00e9e de porte Venezia.02 - MLS Beschl\u00e4ge","og_description":"Barre de poign\u00e9e D : 25 mm, d : 25 mm Per\u00e7age du verre \u00f8 : 14 mm Per\u00e7age du bois \u00f8 : 10 mm  Poign\u00e9e simple ou paire de poign\u00e9es  Acier inoxydable V2A  ponc\u00e9 grain 320  Barre de poign\u00e9e avec \u00e9paisseur de paroi du tube de 2,0 mm  Raccordement du mat\u00e9riau plein soud\u00e9  qualit\u00e9 sup\u00e9rieure   Catalogue des poign\u00e9es [member_only]  Poign\u00e9es Liste de prix [\/member_only]  Poign\u00e9es Types de fixation     L (mm) B (mm) N\u00b0 d'art.  225 200 0150-0140-xx  325 300 0150-0141-xx  625 600 0150-0142-xx  925 900 0150-0143-xx  1225 1200 0150-0144-xx","og_url":"https:\/\/mlsbeschlaege.de\/fr\/produit\/poignee-de-porte-venezia-02\/","og_site_name":"MLS Beschl\u00e4ge","article_modified_time":"2026-02-20T10:26:11+00:00","og_image":[{"width":1000,"height":1000,"url":"https:\/\/mlsbeschlaege.de\/wp-content\/uploads\/2018\/02\/venezia2-2.png","type":"image\/png"}],"twitter_card":"summary_large_image","twitter_misc":{"Dur\u00e9e de lecture estim\u00e9e":"1 minute"},"schema":{"@context":"https:\/\/schema.org","@graph":[{"@type":"WebPage","@id":"https:\/\/mlsbeschlaege.de\/fr\/produit\/poignee-de-porte-venezia-02\/","url":"https:\/\/mlsbeschlaege.de\/fr\/produit\/poignee-de-porte-venezia-02\/","name":"Poign\u00e9e de porte Venezia.02 - MLS Beschl\u00e4ge","isPartOf":{"@id":"https:\/\/mlsbeschlaege.de\/fr\/#website"},"primaryImageOfPage":{"@id":"https:\/\/mlsbeschlaege.de\/fr\/produit\/poignee-de-porte-venezia-02\/#primaryimage"},"image":{"@id":"https:\/\/mlsbeschlaege.de\/fr\/produit\/poignee-de-porte-venezia-02\/#primaryimage"},"thumbnailUrl":"https:\/\/mlsbeschlaege.de\/wp-content\/uploads\/2018\/02\/venezia2-2.png","datePublished":"2017-06-17T18:46:29+00:00","dateModified":"2026-02-20T10:26:11+00:00","breadcrumb":{"@id":"https:\/\/mlsbeschlaege.de\/fr\/produit\/poignee-de-porte-venezia-02\/#breadcrumb"},"inLanguage":"fr-FR","potentialAction":[{"@type":"ReadAction","target":["https:\/\/mlsbeschlaege.de\/fr\/produit\/poignee-de-porte-venezia-02\/"]}]},{"@type":"ImageObject","inLanguage":"fr-FR","@id":"https:\/\/mlsbeschlaege.de\/fr\/produit\/poignee-de-porte-venezia-02\/#primaryimage","url":"https:\/\/mlsbeschlaege.de\/wp-content\/uploads\/2018\/02\/venezia2-2.png","contentUrl":"https:\/\/mlsbeschlaege.de\/wp-content\/uploads\/2018\/02\/venezia2-2.png","width":1000,"height":1000},{"@type":"BreadcrumbList","@id":"https:\/\/mlsbeschlaege.de\/fr\/produit\/poignee-de-porte-venezia-02\/#breadcrumb","itemListElement":[{"@type":"ListItem","position":1,"name":"Strona g\u0142\u00f3wna","item":"https:\/\/mlsbeschlaege.de\/fr\/"},{"@type":"ListItem","position":2,"name":"Boutique","item":"https:\/\/mlsbeschlaege.de\/shop\/"},{"@type":"ListItem","position":3,"name":"Poign\u00e9e de porte Venezia.02"}]},{"@type":"WebSite","@id":"https:\/\/mlsbeschlaege.de\/fr\/#website","url":"https:\/\/mlsbeschlaege.de\/fr\/","name":"MLS Beschl\u00e4ge","description":"Qualit\u00e4t Beschlaege aus Edelstahl und Aluminium f\u00fcr Glas und Holz Anwendungen","potentialAction":[{"@type":"SearchAction","target":{"@type":"EntryPoint","urlTemplate":"https:\/\/mlsbeschlaege.de\/fr\/?s={search_term_string}"},"query-input":{"@type":"PropertyValueSpecification","valueRequired":true,"valueName":"search_term_string"}}],"inLanguage":"fr-FR"}]}},"_links":{"self":[{"href":"https:\/\/mlsbeschlaege.de\/fr\/wp-json\/wp\/v2\/product\/57348","targetHints":{"allow":["GET"]}}],"collection":[{"href":"https:\/\/mlsbeschlaege.de\/fr\/wp-json\/wp\/v2\/product"}],"about":[{"href":"https:\/\/mlsbeschlaege.de\/fr\/wp-json\/wp\/v2\/types\/product"}],"replies":[{"embeddable":true,"href":"https:\/\/mlsbeschlaege.de\/fr\/wp-json\/wp\/v2\/comments?post=57348"}],"version-history":[{"count":0,"href":"https:\/\/mlsbeschlaege.de\/fr\/wp-json\/wp\/v2\/product\/57348\/revisions"}],"wp:featuredmedia":[{"embeddable":true,"href":"https:\/\/mlsbeschlaege.de\/fr\/wp-json\/wp\/v2\/media\/57350"}],"wp:attachment":[{"href":"https:\/\/mlsbeschlaege.de\/fr\/wp-json\/wp\/v2\/media?parent=57348"}],"wp:term":[{"taxonomy":"product_brand","embeddable":true,"href":"https:\/\/mlsbeschlaege.de\/fr\/wp-json\/wp\/v2\/product_brand?post=57348"},{"taxonomy":"product_cat","embeddable":true,"href":"https:\/\/mlsbeschlaege.de\/fr\/wp-json\/wp\/v2\/product_cat?post=57348"},{"taxonomy":"product_tag","embeddable":true,"href":"https:\/\/mlsbeschlaege.de\/fr\/wp-json\/wp\/v2\/product_tag?post=57348"}],"curies":[{"name":"wp","href":"https:\/\/api.w.org\/{rel}","templated":true}]}}