{"id":57343,"date":"2017-06-11T11:25:27","date_gmt":"2017-06-11T09:25:27","guid":{"rendered":"https:\/\/mlsbeschlaege.de\/produkt\/rangement-de-poche-ta-3\/"},"modified":"2026-02-20T11:26:10","modified_gmt":"2026-02-20T10:26:10","slug":"rangement-de-poche-ta-3","status":"publish","type":"product","link":"https:\/\/mlsbeschlaege.de\/fr\/produit\/rangement-de-poche-ta-3\/","title":{"rendered":"Rangement de poche TA.3"},"content":{"rendered":"<h2><strong>Rangements pour sacs modernes TA.3 en acier inoxydable<\/strong><\/h2>\n<p>Rangements de poche design en acier inoxydable poli K320. Version droite avec 3 barres de rangement d&#8217;un diam\u00e8tre de 15 mm et 2 barres transversales d&#8217;un diam\u00e8tre de 20 mm. <\/p>\n<p>\u00c9l\u00e9gance et stabilit\u00e9.<\/p>\n<p>Le porte-sacs est livr\u00e9 avec un kit de fixation TA.20.<\/p>\n<script>function getWR360PopupSkin(){return 'dark_clean';}<\/script>","protected":false},"excerpt":{"rendered":"<p><img decoding=\"async\" style=\"float: left;padding: 0 30px 15px 0\" src=\"https:\/\/mlsbeschlaege.de\/wp-content\/uploads\/drawings\/ta3.svg\"><\/p>\n<ul>\n<li>Acier inoxydable poli K320<\/li>\n<li>Barre transversale D : 15 mm<\/li>\n<li>Barre de support d : 20 mm<\/li>\n<li>kit de fixation TA.20 inclus<\/li>\n<\/ul>\n<p><i class=\"fa fa-file-pdf-o\"><\/i><a href=\"https:\/\/mlsbeschlaege.de\/wp-content\/uploads\/docs\/MLS_Katalog_Taschenablagen.pdf\" target=\"_blank\" rel=\"noopener noreferrer\">  Catalogue des vide-poches<\/a><\/p>\n<p>[member_only]<\/p>\n<p><i class=\"fa fa-euro\"><\/i><a href=\"https:\/\/mlsbeschlaege.de\/wp-content\/uploads\/2022\/09\/B2B-Preisliste-07.2022-Taschenablagen-DE-netto-netto.pdf\" target=\"_blank\" rel=\"noopener noreferrer\">  Tablettes de poche Liste de prix<\/a><\/p>\n<p>[\/member_only]<\/p>\n<table id=\"tabelka\">\n<tbody>\n<tr>\n<td>Longueur (mm)<\/td>\n<td>Dimension de per\u00e7age (mm)<\/td>\n<td>N\u00b0 d&#8217;art.<\/td>\n<\/tr>\n<tr>\n<td>450<\/td>\n<td>300<\/td>\n<td>0220-0020<\/td>\n<\/tr>\n<tr>\n<td>600<\/td>\n<td>400<\/td>\n<td>0220-0021<\/td>\n<\/tr>\n<tr>\n<td>750<\/td>\n<td>500<\/td>\n<td>0220-0022<\/td>\n<\/tr>\n<\/tbody>\n<\/table>\n","protected":false},"featured_media":57344,"comment_status":"open","ping_status":"closed","template":"","meta":{"pgc_sgb_lightbox_settings":"","_links_to":"","_links_to_target":""},"product_brand":[],"product_cat":[645],"product_tag":[],"class_list":{"0":"post-57343","1":"product","2":"type-product","3":"status-publish","4":"has-post-thumbnail","6":"product_cat-pochettes-de-rangement","7":"product_shipping_class-klasa-a","10":"first","11":"instock","12":"taxable","13":"shipping-taxable","14":"product-type-variable"},"yoast_head":"<!-- This site is optimized with the Yoast SEO plugin v26.6 - https:\/\/yoast.com\/wordpress\/plugins\/seo\/ -->\n<title>Rangement de poche TA.3 - MLS Beschl\u00e4ge<\/title>\n<meta name=\"robots\" content=\"index, follow, max-snippet:-1, max-image-preview:large, max-video-preview:-1\" \/>\n<link rel=\"canonical\" href=\"https:\/\/mlsbeschlaege.de\/fr\/produit\/rangement-de-poche-ta-3\/\" \/>\n<meta property=\"og:locale\" content=\"fr_FR\" \/>\n<meta property=\"og:type\" content=\"article\" \/>\n<meta property=\"og:title\" content=\"Rangement de poche TA.3 - MLS Beschl\u00e4ge\" \/>\n<meta property=\"og:description\" content=\"Acier inoxydable poli K320  Barre transversale D : 15 mm  Barre de support d : 20 mm  kit de fixation TA.20 inclus  Catalogue des vide-poches [member_only]  Tablettes de poche Liste de prix [\/member_only]  Longueur (mm) Dimension de per\u00e7age (mm) N\u00b0 d&#039;art.  450 300 0220-0020  600 400 0220-0021  750 500 0220-0022\" \/>\n<meta property=\"og:url\" content=\"https:\/\/mlsbeschlaege.de\/fr\/produit\/rangement-de-poche-ta-3\/\" \/>\n<meta property=\"og:site_name\" content=\"MLS Beschl\u00e4ge\" \/>\n<meta property=\"article:modified_time\" content=\"2026-02-20T10:26:10+00:00\" \/>\n<meta property=\"og:image\" content=\"https:\/\/mlsbeschlaege.de\/wp-content\/uploads\/2017\/06\/ta3.png\" \/>\n\t<meta property=\"og:image:width\" content=\"643\" \/>\n\t<meta property=\"og:image:height\" content=\"643\" \/>\n\t<meta property=\"og:image:type\" content=\"image\/png\" \/>\n<meta name=\"twitter:card\" content=\"summary_large_image\" \/>\n<script type=\"application\/ld+json\" class=\"yoast-schema-graph\">{\"@context\":\"https:\/\/schema.org\",\"@graph\":[{\"@type\":\"WebPage\",\"@id\":\"https:\/\/mlsbeschlaege.de\/fr\/produit\/rangement-de-poche-ta-3\/\",\"url\":\"https:\/\/mlsbeschlaege.de\/fr\/produit\/rangement-de-poche-ta-3\/\",\"name\":\"Rangement de poche TA.3 - MLS Beschl\u00e4ge\",\"isPartOf\":{\"@id\":\"https:\/\/mlsbeschlaege.de\/fr\/#website\"},\"primaryImageOfPage\":{\"@id\":\"https:\/\/mlsbeschlaege.de\/fr\/produit\/rangement-de-poche-ta-3\/#primaryimage\"},\"image\":{\"@id\":\"https:\/\/mlsbeschlaege.de\/fr\/produit\/rangement-de-poche-ta-3\/#primaryimage\"},\"thumbnailUrl\":\"https:\/\/mlsbeschlaege.de\/wp-content\/uploads\/2017\/06\/ta3.png\",\"datePublished\":\"2017-06-11T09:25:27+00:00\",\"dateModified\":\"2026-02-20T10:26:10+00:00\",\"breadcrumb\":{\"@id\":\"https:\/\/mlsbeschlaege.de\/fr\/produit\/rangement-de-poche-ta-3\/#breadcrumb\"},\"inLanguage\":\"fr-FR\",\"potentialAction\":[{\"@type\":\"ReadAction\",\"target\":[\"https:\/\/mlsbeschlaege.de\/fr\/produit\/rangement-de-poche-ta-3\/\"]}]},{\"@type\":\"ImageObject\",\"inLanguage\":\"fr-FR\",\"@id\":\"https:\/\/mlsbeschlaege.de\/fr\/produit\/rangement-de-poche-ta-3\/#primaryimage\",\"url\":\"https:\/\/mlsbeschlaege.de\/wp-content\/uploads\/2017\/06\/ta3.png\",\"contentUrl\":\"https:\/\/mlsbeschlaege.de\/wp-content\/uploads\/2017\/06\/ta3.png\",\"width\":643,\"height\":643},{\"@type\":\"BreadcrumbList\",\"@id\":\"https:\/\/mlsbeschlaege.de\/fr\/produit\/rangement-de-poche-ta-3\/#breadcrumb\",\"itemListElement\":[{\"@type\":\"ListItem\",\"position\":1,\"name\":\"Strona g\u0142\u00f3wna\",\"item\":\"https:\/\/mlsbeschlaege.de\/fr\/\"},{\"@type\":\"ListItem\",\"position\":2,\"name\":\"Boutique\",\"item\":\"https:\/\/mlsbeschlaege.de\/shop\/\"},{\"@type\":\"ListItem\",\"position\":3,\"name\":\"Rangement de poche TA.3\"}]},{\"@type\":\"WebSite\",\"@id\":\"https:\/\/mlsbeschlaege.de\/fr\/#website\",\"url\":\"https:\/\/mlsbeschlaege.de\/fr\/\",\"name\":\"MLS Beschl\u00e4ge\",\"description\":\"Qualit\u00e4t Beschlaege aus Edelstahl und Aluminium f\u00fcr Glas und Holz Anwendungen\",\"potentialAction\":[{\"@type\":\"SearchAction\",\"target\":{\"@type\":\"EntryPoint\",\"urlTemplate\":\"https:\/\/mlsbeschlaege.de\/fr\/?s={search_term_string}\"},\"query-input\":{\"@type\":\"PropertyValueSpecification\",\"valueRequired\":true,\"valueName\":\"search_term_string\"}}],\"inLanguage\":\"fr-FR\"}]}<\/script>\n<!-- \/ Yoast SEO plugin. -->","yoast_head_json":{"title":"Rangement de poche TA.3 - MLS Beschl\u00e4ge","robots":{"index":"index","follow":"follow","max-snippet":"max-snippet:-1","max-image-preview":"max-image-preview:large","max-video-preview":"max-video-preview:-1"},"canonical":"https:\/\/mlsbeschlaege.de\/fr\/produit\/rangement-de-poche-ta-3\/","og_locale":"fr_FR","og_type":"article","og_title":"Rangement de poche TA.3 - MLS Beschl\u00e4ge","og_description":"Acier inoxydable poli K320  Barre transversale D : 15 mm  Barre de support d : 20 mm  kit de fixation TA.20 inclus  Catalogue des vide-poches [member_only]  Tablettes de poche Liste de prix [\/member_only]  Longueur (mm) Dimension de per\u00e7age (mm) N\u00b0 d'art.  450 300 0220-0020  600 400 0220-0021  750 500 0220-0022","og_url":"https:\/\/mlsbeschlaege.de\/fr\/produit\/rangement-de-poche-ta-3\/","og_site_name":"MLS Beschl\u00e4ge","article_modified_time":"2026-02-20T10:26:10+00:00","og_image":[{"width":643,"height":643,"url":"https:\/\/mlsbeschlaege.de\/wp-content\/uploads\/2017\/06\/ta3.png","type":"image\/png"}],"twitter_card":"summary_large_image","schema":{"@context":"https:\/\/schema.org","@graph":[{"@type":"WebPage","@id":"https:\/\/mlsbeschlaege.de\/fr\/produit\/rangement-de-poche-ta-3\/","url":"https:\/\/mlsbeschlaege.de\/fr\/produit\/rangement-de-poche-ta-3\/","name":"Rangement de poche TA.3 - MLS Beschl\u00e4ge","isPartOf":{"@id":"https:\/\/mlsbeschlaege.de\/fr\/#website"},"primaryImageOfPage":{"@id":"https:\/\/mlsbeschlaege.de\/fr\/produit\/rangement-de-poche-ta-3\/#primaryimage"},"image":{"@id":"https:\/\/mlsbeschlaege.de\/fr\/produit\/rangement-de-poche-ta-3\/#primaryimage"},"thumbnailUrl":"https:\/\/mlsbeschlaege.de\/wp-content\/uploads\/2017\/06\/ta3.png","datePublished":"2017-06-11T09:25:27+00:00","dateModified":"2026-02-20T10:26:10+00:00","breadcrumb":{"@id":"https:\/\/mlsbeschlaege.de\/fr\/produit\/rangement-de-poche-ta-3\/#breadcrumb"},"inLanguage":"fr-FR","potentialAction":[{"@type":"ReadAction","target":["https:\/\/mlsbeschlaege.de\/fr\/produit\/rangement-de-poche-ta-3\/"]}]},{"@type":"ImageObject","inLanguage":"fr-FR","@id":"https:\/\/mlsbeschlaege.de\/fr\/produit\/rangement-de-poche-ta-3\/#primaryimage","url":"https:\/\/mlsbeschlaege.de\/wp-content\/uploads\/2017\/06\/ta3.png","contentUrl":"https:\/\/mlsbeschlaege.de\/wp-content\/uploads\/2017\/06\/ta3.png","width":643,"height":643},{"@type":"BreadcrumbList","@id":"https:\/\/mlsbeschlaege.de\/fr\/produit\/rangement-de-poche-ta-3\/#breadcrumb","itemListElement":[{"@type":"ListItem","position":1,"name":"Strona g\u0142\u00f3wna","item":"https:\/\/mlsbeschlaege.de\/fr\/"},{"@type":"ListItem","position":2,"name":"Boutique","item":"https:\/\/mlsbeschlaege.de\/shop\/"},{"@type":"ListItem","position":3,"name":"Rangement de poche TA.3"}]},{"@type":"WebSite","@id":"https:\/\/mlsbeschlaege.de\/fr\/#website","url":"https:\/\/mlsbeschlaege.de\/fr\/","name":"MLS Beschl\u00e4ge","description":"Qualit\u00e4t Beschlaege aus Edelstahl und Aluminium f\u00fcr Glas und Holz Anwendungen","potentialAction":[{"@type":"SearchAction","target":{"@type":"EntryPoint","urlTemplate":"https:\/\/mlsbeschlaege.de\/fr\/?s={search_term_string}"},"query-input":{"@type":"PropertyValueSpecification","valueRequired":true,"valueName":"search_term_string"}}],"inLanguage":"fr-FR"}]}},"_links":{"self":[{"href":"https:\/\/mlsbeschlaege.de\/fr\/wp-json\/wp\/v2\/product\/57343","targetHints":{"allow":["GET"]}}],"collection":[{"href":"https:\/\/mlsbeschlaege.de\/fr\/wp-json\/wp\/v2\/product"}],"about":[{"href":"https:\/\/mlsbeschlaege.de\/fr\/wp-json\/wp\/v2\/types\/product"}],"replies":[{"embeddable":true,"href":"https:\/\/mlsbeschlaege.de\/fr\/wp-json\/wp\/v2\/comments?post=57343"}],"version-history":[{"count":0,"href":"https:\/\/mlsbeschlaege.de\/fr\/wp-json\/wp\/v2\/product\/57343\/revisions"}],"wp:featuredmedia":[{"embeddable":true,"href":"https:\/\/mlsbeschlaege.de\/fr\/wp-json\/wp\/v2\/media\/57344"}],"wp:attachment":[{"href":"https:\/\/mlsbeschlaege.de\/fr\/wp-json\/wp\/v2\/media?parent=57343"}],"wp:term":[{"taxonomy":"product_brand","embeddable":true,"href":"https:\/\/mlsbeschlaege.de\/fr\/wp-json\/wp\/v2\/product_brand?post=57343"},{"taxonomy":"product_cat","embeddable":true,"href":"https:\/\/mlsbeschlaege.de\/fr\/wp-json\/wp\/v2\/product_cat?post=57343"},{"taxonomy":"product_tag","embeddable":true,"href":"https:\/\/mlsbeschlaege.de\/fr\/wp-json\/wp\/v2\/product_tag?post=57343"}],"curies":[{"name":"wp","href":"https:\/\/api.w.org\/{rel}","templated":true}]}}