{"id":57336,"date":"2017-06-11T11:24:13","date_gmt":"2017-06-11T09:24:13","guid":{"rendered":"https:\/\/mlsbeschlaege.de\/produkt\/kit-de-fixation-ta-30\/"},"modified":"2026-02-20T11:26:10","modified_gmt":"2026-02-20T10:26:10","slug":"kit-de-fixation-ta-30","status":"publish","type":"product","link":"https:\/\/mlsbeschlaege.de\/fr\/produit\/kit-de-fixation-ta-30\/","title":{"rendered":"Kit de fixation TA.30"},"content":{"rendered":"<h2><strong>Kit de fixation TA.30 pour tablettes de poche<\/strong><\/h2>\n<p>Kit de fixation pour vide-poches en acier inoxydable. Le kit se compose de deux rondelles en acier inoxydable de 50 mm de diam\u00e8tre et de 2 vis M8 x 30. Le kit de fixation est adapt\u00e9 au montage frontal. <\/p>\n<p>\u00c9l\u00e9gance et stabilit\u00e9.<\/p>\n<p>Dans notre boutique en ligne, vous trouverez \u00e9galement d&#8217;autres produits design en acier inoxydable qui vous permettront d&#8217;embellir votre int\u00e9rieur.<\/p>\n<script>function getWR360PopupSkin(){return 'dark_clean';}<\/script>","protected":false},"excerpt":{"rendered":"<p><img decoding=\"async\" style=\"float: left;padding: 0 30px 15px 0\" src=\"https:\/\/mlsbeschlaege.de\/wp-content\/uploads\/drawings\/ta30.svg\"><\/p>\n<ul>\n<li>Montage frontal<\/li>\n<li>2 disques en acier inoxydable d : 50 mm<\/li>\n<li>2 vis M8 x 30<\/li>\n<\/ul>\n<p><i class=\"fa fa-file-pdf-o\"><\/i><a href=\"https:\/\/mlsbeschlaege.de\/wp-content\/uploads\/docs\/MLS_Katalog_Taschenablagen.pdf\" target=\"_blank\" rel=\"noopener noreferrer\">  Catalogue des vide-poches<\/a><\/p>\n<p>[member_only]<\/p>\n<p><i class=\"fa fa-euro\"><\/i><a href=\"https:\/\/mlsbeschlaege.de\/wp-content\/uploads\/2022\/09\/B2B-Preisliste-07.2022-Taschenablagen-DE-netto-netto.pdf\" target=\"_blank\" rel=\"noopener noreferrer\">  Tablettes de poche Liste de prix<\/a><\/p>\n<p>[\/member_only]<\/p>\n","protected":false},"featured_media":57342,"comment_status":"open","ping_status":"closed","template":"","meta":{"pgc_sgb_lightbox_settings":"","_links_to":"","_links_to_target":""},"product_brand":[],"product_cat":[645],"product_tag":[],"class_list":{"0":"post-57336","1":"product","2":"type-product","3":"status-publish","4":"has-post-thumbnail","6":"product_cat-pochettes-de-rangement","7":"product_shipping_class-klasa-a","10":"first","11":"instock","12":"taxable","13":"shipping-taxable","14":"purchasable","15":"product-type-simple"},"yoast_head":"<!-- This site is optimized with the Yoast SEO plugin v26.6 - https:\/\/yoast.com\/wordpress\/plugins\/seo\/ -->\n<title>Kit de fixation TA.30 - MLS Beschl\u00e4ge<\/title>\n<meta name=\"robots\" content=\"index, follow, max-snippet:-1, max-image-preview:large, max-video-preview:-1\" \/>\n<link rel=\"canonical\" href=\"https:\/\/mlsbeschlaege.de\/fr\/produit\/kit-de-fixation-ta-30\/\" \/>\n<meta property=\"og:locale\" content=\"fr_FR\" \/>\n<meta property=\"og:type\" content=\"article\" \/>\n<meta property=\"og:title\" content=\"Kit de fixation TA.30 - MLS Beschl\u00e4ge\" \/>\n<meta property=\"og:description\" content=\"Montage frontal  2 disques en acier inoxydable d : 50 mm  2 vis M8 x 30  Catalogue des vide-poches [member_only]  Tablettes de poche Liste de prix [\/member_only]\" \/>\n<meta property=\"og:url\" content=\"https:\/\/mlsbeschlaege.de\/fr\/produit\/kit-de-fixation-ta-30\/\" \/>\n<meta property=\"og:site_name\" content=\"MLS Beschl\u00e4ge\" \/>\n<meta property=\"article:modified_time\" content=\"2026-02-20T10:26:10+00:00\" \/>\n<meta property=\"og:image\" content=\"https:\/\/mlsbeschlaege.de\/wp-content\/uploads\/2017\/06\/ta30.png\" \/>\n\t<meta property=\"og:image:width\" content=\"600\" \/>\n\t<meta property=\"og:image:height\" content=\"600\" \/>\n\t<meta property=\"og:image:type\" content=\"image\/png\" \/>\n<meta name=\"twitter:card\" content=\"summary_large_image\" \/>\n<script type=\"application\/ld+json\" class=\"yoast-schema-graph\">{\"@context\":\"https:\/\/schema.org\",\"@graph\":[{\"@type\":\"WebPage\",\"@id\":\"https:\/\/mlsbeschlaege.de\/fr\/produit\/kit-de-fixation-ta-30\/\",\"url\":\"https:\/\/mlsbeschlaege.de\/fr\/produit\/kit-de-fixation-ta-30\/\",\"name\":\"Kit de fixation TA.30 - MLS Beschl\u00e4ge\",\"isPartOf\":{\"@id\":\"https:\/\/mlsbeschlaege.de\/fr\/#website\"},\"primaryImageOfPage\":{\"@id\":\"https:\/\/mlsbeschlaege.de\/fr\/produit\/kit-de-fixation-ta-30\/#primaryimage\"},\"image\":{\"@id\":\"https:\/\/mlsbeschlaege.de\/fr\/produit\/kit-de-fixation-ta-30\/#primaryimage\"},\"thumbnailUrl\":\"https:\/\/mlsbeschlaege.de\/wp-content\/uploads\/2017\/06\/ta30.png\",\"datePublished\":\"2017-06-11T09:24:13+00:00\",\"dateModified\":\"2026-02-20T10:26:10+00:00\",\"breadcrumb\":{\"@id\":\"https:\/\/mlsbeschlaege.de\/fr\/produit\/kit-de-fixation-ta-30\/#breadcrumb\"},\"inLanguage\":\"fr-FR\",\"potentialAction\":[{\"@type\":\"ReadAction\",\"target\":[\"https:\/\/mlsbeschlaege.de\/fr\/produit\/kit-de-fixation-ta-30\/\"]}]},{\"@type\":\"ImageObject\",\"inLanguage\":\"fr-FR\",\"@id\":\"https:\/\/mlsbeschlaege.de\/fr\/produit\/kit-de-fixation-ta-30\/#primaryimage\",\"url\":\"https:\/\/mlsbeschlaege.de\/wp-content\/uploads\/2017\/06\/ta30.png\",\"contentUrl\":\"https:\/\/mlsbeschlaege.de\/wp-content\/uploads\/2017\/06\/ta30.png\",\"width\":600,\"height\":600},{\"@type\":\"BreadcrumbList\",\"@id\":\"https:\/\/mlsbeschlaege.de\/fr\/produit\/kit-de-fixation-ta-30\/#breadcrumb\",\"itemListElement\":[{\"@type\":\"ListItem\",\"position\":1,\"name\":\"Strona g\u0142\u00f3wna\",\"item\":\"https:\/\/mlsbeschlaege.de\/fr\/\"},{\"@type\":\"ListItem\",\"position\":2,\"name\":\"Boutique\",\"item\":\"https:\/\/mlsbeschlaege.de\/shop\/\"},{\"@type\":\"ListItem\",\"position\":3,\"name\":\"Kit de fixation TA.30\"}]},{\"@type\":\"WebSite\",\"@id\":\"https:\/\/mlsbeschlaege.de\/fr\/#website\",\"url\":\"https:\/\/mlsbeschlaege.de\/fr\/\",\"name\":\"MLS Beschl\u00e4ge\",\"description\":\"Qualit\u00e4t Beschlaege aus Edelstahl und Aluminium f\u00fcr Glas und Holz Anwendungen\",\"potentialAction\":[{\"@type\":\"SearchAction\",\"target\":{\"@type\":\"EntryPoint\",\"urlTemplate\":\"https:\/\/mlsbeschlaege.de\/fr\/?s={search_term_string}\"},\"query-input\":{\"@type\":\"PropertyValueSpecification\",\"valueRequired\":true,\"valueName\":\"search_term_string\"}}],\"inLanguage\":\"fr-FR\"}]}<\/script>\n<!-- \/ Yoast SEO plugin. -->","yoast_head_json":{"title":"Kit de fixation TA.30 - MLS Beschl\u00e4ge","robots":{"index":"index","follow":"follow","max-snippet":"max-snippet:-1","max-image-preview":"max-image-preview:large","max-video-preview":"max-video-preview:-1"},"canonical":"https:\/\/mlsbeschlaege.de\/fr\/produit\/kit-de-fixation-ta-30\/","og_locale":"fr_FR","og_type":"article","og_title":"Kit de fixation TA.30 - MLS Beschl\u00e4ge","og_description":"Montage frontal  2 disques en acier inoxydable d : 50 mm  2 vis M8 x 30  Catalogue des vide-poches [member_only]  Tablettes de poche Liste de prix [\/member_only]","og_url":"https:\/\/mlsbeschlaege.de\/fr\/produit\/kit-de-fixation-ta-30\/","og_site_name":"MLS Beschl\u00e4ge","article_modified_time":"2026-02-20T10:26:10+00:00","og_image":[{"width":600,"height":600,"url":"https:\/\/mlsbeschlaege.de\/wp-content\/uploads\/2017\/06\/ta30.png","type":"image\/png"}],"twitter_card":"summary_large_image","schema":{"@context":"https:\/\/schema.org","@graph":[{"@type":"WebPage","@id":"https:\/\/mlsbeschlaege.de\/fr\/produit\/kit-de-fixation-ta-30\/","url":"https:\/\/mlsbeschlaege.de\/fr\/produit\/kit-de-fixation-ta-30\/","name":"Kit de fixation TA.30 - MLS Beschl\u00e4ge","isPartOf":{"@id":"https:\/\/mlsbeschlaege.de\/fr\/#website"},"primaryImageOfPage":{"@id":"https:\/\/mlsbeschlaege.de\/fr\/produit\/kit-de-fixation-ta-30\/#primaryimage"},"image":{"@id":"https:\/\/mlsbeschlaege.de\/fr\/produit\/kit-de-fixation-ta-30\/#primaryimage"},"thumbnailUrl":"https:\/\/mlsbeschlaege.de\/wp-content\/uploads\/2017\/06\/ta30.png","datePublished":"2017-06-11T09:24:13+00:00","dateModified":"2026-02-20T10:26:10+00:00","breadcrumb":{"@id":"https:\/\/mlsbeschlaege.de\/fr\/produit\/kit-de-fixation-ta-30\/#breadcrumb"},"inLanguage":"fr-FR","potentialAction":[{"@type":"ReadAction","target":["https:\/\/mlsbeschlaege.de\/fr\/produit\/kit-de-fixation-ta-30\/"]}]},{"@type":"ImageObject","inLanguage":"fr-FR","@id":"https:\/\/mlsbeschlaege.de\/fr\/produit\/kit-de-fixation-ta-30\/#primaryimage","url":"https:\/\/mlsbeschlaege.de\/wp-content\/uploads\/2017\/06\/ta30.png","contentUrl":"https:\/\/mlsbeschlaege.de\/wp-content\/uploads\/2017\/06\/ta30.png","width":600,"height":600},{"@type":"BreadcrumbList","@id":"https:\/\/mlsbeschlaege.de\/fr\/produit\/kit-de-fixation-ta-30\/#breadcrumb","itemListElement":[{"@type":"ListItem","position":1,"name":"Strona g\u0142\u00f3wna","item":"https:\/\/mlsbeschlaege.de\/fr\/"},{"@type":"ListItem","position":2,"name":"Boutique","item":"https:\/\/mlsbeschlaege.de\/shop\/"},{"@type":"ListItem","position":3,"name":"Kit de fixation TA.30"}]},{"@type":"WebSite","@id":"https:\/\/mlsbeschlaege.de\/fr\/#website","url":"https:\/\/mlsbeschlaege.de\/fr\/","name":"MLS Beschl\u00e4ge","description":"Qualit\u00e4t Beschlaege aus Edelstahl und Aluminium f\u00fcr Glas und Holz Anwendungen","potentialAction":[{"@type":"SearchAction","target":{"@type":"EntryPoint","urlTemplate":"https:\/\/mlsbeschlaege.de\/fr\/?s={search_term_string}"},"query-input":{"@type":"PropertyValueSpecification","valueRequired":true,"valueName":"search_term_string"}}],"inLanguage":"fr-FR"}]}},"_links":{"self":[{"href":"https:\/\/mlsbeschlaege.de\/fr\/wp-json\/wp\/v2\/product\/57336","targetHints":{"allow":["GET"]}}],"collection":[{"href":"https:\/\/mlsbeschlaege.de\/fr\/wp-json\/wp\/v2\/product"}],"about":[{"href":"https:\/\/mlsbeschlaege.de\/fr\/wp-json\/wp\/v2\/types\/product"}],"replies":[{"embeddable":true,"href":"https:\/\/mlsbeschlaege.de\/fr\/wp-json\/wp\/v2\/comments?post=57336"}],"version-history":[{"count":0,"href":"https:\/\/mlsbeschlaege.de\/fr\/wp-json\/wp\/v2\/product\/57336\/revisions"}],"wp:featuredmedia":[{"embeddable":true,"href":"https:\/\/mlsbeschlaege.de\/fr\/wp-json\/wp\/v2\/media\/57342"}],"wp:attachment":[{"href":"https:\/\/mlsbeschlaege.de\/fr\/wp-json\/wp\/v2\/media?parent=57336"}],"wp:term":[{"taxonomy":"product_brand","embeddable":true,"href":"https:\/\/mlsbeschlaege.de\/fr\/wp-json\/wp\/v2\/product_brand?post=57336"},{"taxonomy":"product_cat","embeddable":true,"href":"https:\/\/mlsbeschlaege.de\/fr\/wp-json\/wp\/v2\/product_cat?post=57336"},{"taxonomy":"product_tag","embeddable":true,"href":"https:\/\/mlsbeschlaege.de\/fr\/wp-json\/wp\/v2\/product_tag?post=57336"}],"curies":[{"name":"wp","href":"https:\/\/api.w.org\/{rel}","templated":true}]}}