{"id":56425,"date":"2017-07-28T08:12:42","date_gmt":"2017-07-28T06:12:42","guid":{"rendered":"https:\/\/mlsbeschlaege.de\/produkt\/poignee-de-porte-natura-03\/"},"modified":"2026-02-20T11:15:40","modified_gmt":"2026-02-20T10:15:40","slug":"poignee-de-porte-natura-03","status":"publish","type":"product","link":"https:\/\/mlsbeschlaege.de\/fr\/produit\/poignee-de-porte-natura-03\/","title":{"rendered":"Poign\u00e9e de porte Natura.03"},"content":{"rendered":"<p>MLS d\u00e9veloppe, produit et commercialise des ferrures de porte en acier inoxydable et en aluminium.<br \/>\nVous cherchez une poign\u00e9e de porte pour une porte ext\u00e9rieure\/int\u00e9rieure ou une ferrure de porte coulissante ? Vous trouverez tout cela et bien plus encore chez nous, \u00e0 un rapport qualit\u00e9-prix optimal.<br \/>\nNouveaut\u00e9 dans l&#8217;offre : les poign\u00e9es NATURA &#8211; magnifique combinaison de bois et d&#8217;acier inoxydable. <\/p>\n<h2><strong>Caract\u00e9ristiques de qualit\u00e9 des poign\u00e9es MLS-NATURA :<\/strong><\/h2>\n<ul>\n<li>Bois massif utilis\u00e9 exclusivement par une manufacture allemande<\/li>\n<li>Traitement de surface cir\u00e9<\/li>\n<li>Barre de poign\u00e9e Embout rectifi\u00e9 au centre<\/li>\n<li>Version standard en acier inoxydable VA 1.4301\/V2A<\/li>\n<li>Support de poign\u00e9e en acier inoxydable massif avec rosace<\/li>\n<li><strong>Des supports<\/strong> coup\u00e9s avec pr\u00e9cision garantissent une assise optimale sur les barres en bois<\/li>\n<li>Chaque d\u00e9tail de la poign\u00e9e ponc\u00e9 grain 320<\/li>\n<li>Par paire, y compris la fixation pour les portes en verre 8-12mm (per\u00e7age du verre d:14mm) <\/li>\n<li>Portes en verre &#8211; Paire de poign\u00e9es ou poign\u00e9e simple avec vis de fa\u00e7ade<\/li>\n<li>Portes en bois\/alu\/acier &#8211; Paire de poign\u00e9es ou poign\u00e9e simple avec montage visible\/invisible<\/li>\n<li>Par paire, y compris la fixation pour les portes en bois 40-55mm (per\u00e7age du bois d:10mm) <\/li>\n<li>Qualit\u00e9 sup\u00e9rieure<\/li>\n<li>Variantes sur demande &#8211; Poli miroir, acier inoxydable V4A , longueurs sp\u00e9ciales<\/li>\n<\/ul>\n<p>Bien entendu, vous b\u00e9n\u00e9ficiez d&#8217;une garantie de fonctionnement de 5 ans sur toutes nos poign\u00e9es de porte&#8230;<\/p>\n<p>En accord avec notre promesse de qualit\u00e9 &#8220;<strong><i>MLS &#8211; seul le meilleur est assez bon pour nous<\/i><\/strong>&#8220;, la marque MLS ne vous propose que des produits de qualit\u00e9 sup\u00e9rieure.<\/p>\n<p>Et d&#8217;ailleurs, vous ne trouverez <strong>pas de produits import\u00e9s\/d&#8217;Extr\u00eame-Orient<\/strong> en promotion chez nous.<\/p>\n<script>function getWR360PopupSkin(){return 'dark_clean';}<\/script>","protected":false},"excerpt":{"rendered":"<div class=\"col-md-5\"><img decoding=\"async\" style=\"float: left;padding: 0 30px 15px 0;width: 180px\" src=\"https:\/\/mlsbeschlaege.de\/wp-content\/uploads\/drawings\/ver_nat3.png\"><\/div>\n<div class=\"col-md-7\">\n<p>V2A<\/p>\n<p>Barre de poign\u00e9e D : 40 mm<\/p>\n<p>Connexion \u00e0 plat : 25 x 4 mm<\/p>\n<p>B = L &#8211; 40 mm<\/p>\n<ul>\n<li>Barre de poign\u00e9e en bois massif<\/li>\n<li>Poign\u00e9e unique<\/li>\n<li>Kit de fixation avec \u00e9crou borgne<\/li>\n<li>Acier inoxydable V2A, grain 320<\/li>\n<li>qualit\u00e9 sup\u00e9rieure<\/li>\n<\/ul>\n<p><i class=\"fa fa-video-camera\"><\/i><a href=\"#\">[video_popup url=\"https:\/\/mlsbeschlaege.de\/wp-content\/uploads\/2023\/08\/turgriffe_holz.mp4\" text=\"  Vid\u00e9o Natura\" wrap=\"]<\/a><\/p>\n<p><i class=\"fa fa-file-pdf-o\"><\/i><a href=\"https:\/\/mlsbeschlaege.de\/wp-content\/uploads\/docs\/MLS_Katalog_Natura.pdf\" target=\"_blank\" rel=\"noopener noreferrer\">  Catalogue Natura<\/a><\/p>\n<p>[member_only]<\/p>\n<p><i class=\"fa fa-euro\"><\/i><a href=\"https:\/\/mlsbeschlaege.de\/wp-content\/uploads\/2022\/09\/B2B-Preisliste-08.2022-Natura-DE-netto-netto.pdf\" target=\"_blank\" rel=\"noopener noreferrer\">  Liste de prix Natura<\/a><\/p>\n<p>[\/member_only]<\/p>\n<p><i class=\"fa fa-file-pdf-o\"><\/i><a href=\"https:\/\/mlsbeschlaege.de\/wp-content\/uploads\/docs\/Griff_Befestigungsarten.pdf\" target=\"_blank\" rel=\"noopener noreferrer\">  Poign\u00e9es Types de fixation<\/a><\/p>\n<\/div>\n<table id=\"tabelka\">\n<tbody>\n<tr>\n<td>L (mm)<\/td>\n<td>N\u00b0 d&#8217;art.<\/td>\n<\/tr>\n<tr>\n<td>&lt; 2000<\/td>\n<td>0155 &#8211; 0421 &#8211; yy<\/td>\n<\/tr>\n<tr>\n<td>2000 &#8211; 2500<\/td>\n<td>0155 &#8211; 0422 &#8211; yy<\/td>\n<\/tr>\n<tr>\n<td>2500 &#8211; 3000<\/td>\n<td>0155 &#8211; 0423 &#8211; yy<\/td>\n<\/tr>\n<\/tbody>\n<\/table>\n","protected":false},"featured_media":56426,"comment_status":"open","ping_status":"closed","template":"","meta":{"pgc_sgb_lightbox_settings":"","_links_to":"","_links_to_target":""},"product_brand":[],"product_cat":[643,647,648],"product_tag":[],"class_list":{"0":"post-56425","1":"product","2":"type-product","3":"status-publish","4":"has-post-thumbnail","6":"product_cat-offres-speciales","7":"product_cat-poignees-de-porte","8":"product_cat-poignees-de-porte-natura","9":"product_shipping_class-klasa-b","12":"first","13":"instock","14":"taxable","15":"shipping-taxable","16":"purchasable","17":"product-type-variable"},"yoast_head":"<!-- This site is optimized with the Yoast SEO plugin v26.6 - https:\/\/yoast.com\/wordpress\/plugins\/seo\/ -->\n<title>Poign\u00e9e de porte Natura.03 - MLS Beschl\u00e4ge<\/title>\n<meta name=\"robots\" content=\"index, follow, max-snippet:-1, max-image-preview:large, max-video-preview:-1\" \/>\n<link rel=\"canonical\" href=\"https:\/\/mlsbeschlaege.de\/fr\/produit\/poignee-de-porte-natura-03\/\" \/>\n<meta property=\"og:locale\" content=\"fr_FR\" \/>\n<meta property=\"og:type\" content=\"article\" \/>\n<meta property=\"og:title\" content=\"Poign\u00e9e de porte Natura.03 - MLS Beschl\u00e4ge\" \/>\n<meta property=\"og:description\" content=\"V2A Barre de poign\u00e9e D : 40 mm Connexion \u00e0 plat : 25 x 4 mm B = L - 40 mm  Barre de poign\u00e9e en bois massif  Poign\u00e9e unique  Kit de fixation avec \u00e9crou borgne  Acier inoxydable V2A, grain 320  qualit\u00e9 sup\u00e9rieure   Catalogue Natura [member_only]  Liste de prix Natura [\/member_only]  Poign\u00e9es Types de fixation   L (mm) N\u00b0 d&#039;art.  &lt; 2000 0155 - 0421 - yy  2000 - 2500 0155 - 0422 - yy  2500 - 3000 0155 - 0423 - yy\" \/>\n<meta property=\"og:url\" content=\"https:\/\/mlsbeschlaege.de\/fr\/produit\/poignee-de-porte-natura-03\/\" \/>\n<meta property=\"og:site_name\" content=\"MLS Beschl\u00e4ge\" \/>\n<meta property=\"article:modified_time\" content=\"2026-02-20T10:15:40+00:00\" \/>\n<meta property=\"og:image\" content=\"https:\/\/mlsbeschlaege.de\/wp-content\/uploads\/2018\/02\/natura03.png\" \/>\n\t<meta property=\"og:image:width\" content=\"859\" \/>\n\t<meta property=\"og:image:height\" content=\"859\" \/>\n\t<meta property=\"og:image:type\" content=\"image\/png\" \/>\n<meta name=\"twitter:card\" content=\"summary_large_image\" \/>\n<meta name=\"twitter:label1\" content=\"Dur\u00e9e de lecture estim\u00e9e\" \/>\n\t<meta name=\"twitter:data1\" content=\"1 minute\" \/>\n<script type=\"application\/ld+json\" class=\"yoast-schema-graph\">{\"@context\":\"https:\/\/schema.org\",\"@graph\":[{\"@type\":\"WebPage\",\"@id\":\"https:\/\/mlsbeschlaege.de\/fr\/produit\/poignee-de-porte-natura-03\/\",\"url\":\"https:\/\/mlsbeschlaege.de\/fr\/produit\/poignee-de-porte-natura-03\/\",\"name\":\"Poign\u00e9e de porte Natura.03 - MLS Beschl\u00e4ge\",\"isPartOf\":{\"@id\":\"https:\/\/mlsbeschlaege.de\/fr\/#website\"},\"primaryImageOfPage\":{\"@id\":\"https:\/\/mlsbeschlaege.de\/fr\/produit\/poignee-de-porte-natura-03\/#primaryimage\"},\"image\":{\"@id\":\"https:\/\/mlsbeschlaege.de\/fr\/produit\/poignee-de-porte-natura-03\/#primaryimage\"},\"thumbnailUrl\":\"https:\/\/mlsbeschlaege.de\/wp-content\/uploads\/2018\/02\/natura03.png\",\"datePublished\":\"2017-07-28T06:12:42+00:00\",\"dateModified\":\"2026-02-20T10:15:40+00:00\",\"breadcrumb\":{\"@id\":\"https:\/\/mlsbeschlaege.de\/fr\/produit\/poignee-de-porte-natura-03\/#breadcrumb\"},\"inLanguage\":\"fr-FR\",\"potentialAction\":[{\"@type\":\"ReadAction\",\"target\":[\"https:\/\/mlsbeschlaege.de\/fr\/produit\/poignee-de-porte-natura-03\/\"]}]},{\"@type\":\"ImageObject\",\"inLanguage\":\"fr-FR\",\"@id\":\"https:\/\/mlsbeschlaege.de\/fr\/produit\/poignee-de-porte-natura-03\/#primaryimage\",\"url\":\"https:\/\/mlsbeschlaege.de\/wp-content\/uploads\/2018\/02\/natura03.png\",\"contentUrl\":\"https:\/\/mlsbeschlaege.de\/wp-content\/uploads\/2018\/02\/natura03.png\",\"width\":859,\"height\":859},{\"@type\":\"BreadcrumbList\",\"@id\":\"https:\/\/mlsbeschlaege.de\/fr\/produit\/poignee-de-porte-natura-03\/#breadcrumb\",\"itemListElement\":[{\"@type\":\"ListItem\",\"position\":1,\"name\":\"Strona g\u0142\u00f3wna\",\"item\":\"https:\/\/mlsbeschlaege.de\/fr\/\"},{\"@type\":\"ListItem\",\"position\":2,\"name\":\"Boutique\",\"item\":\"https:\/\/mlsbeschlaege.de\/shop\/\"},{\"@type\":\"ListItem\",\"position\":3,\"name\":\"Poign\u00e9e de porte Natura.03\"}]},{\"@type\":\"WebSite\",\"@id\":\"https:\/\/mlsbeschlaege.de\/fr\/#website\",\"url\":\"https:\/\/mlsbeschlaege.de\/fr\/\",\"name\":\"MLS Beschl\u00e4ge\",\"description\":\"Qualit\u00e4t Beschlaege aus Edelstahl und Aluminium f\u00fcr Glas und Holz Anwendungen\",\"potentialAction\":[{\"@type\":\"SearchAction\",\"target\":{\"@type\":\"EntryPoint\",\"urlTemplate\":\"https:\/\/mlsbeschlaege.de\/fr\/?s={search_term_string}\"},\"query-input\":{\"@type\":\"PropertyValueSpecification\",\"valueRequired\":true,\"valueName\":\"search_term_string\"}}],\"inLanguage\":\"fr-FR\"}]}<\/script>\n<!-- \/ Yoast SEO plugin. -->","yoast_head_json":{"title":"Poign\u00e9e de porte Natura.03 - MLS Beschl\u00e4ge","robots":{"index":"index","follow":"follow","max-snippet":"max-snippet:-1","max-image-preview":"max-image-preview:large","max-video-preview":"max-video-preview:-1"},"canonical":"https:\/\/mlsbeschlaege.de\/fr\/produit\/poignee-de-porte-natura-03\/","og_locale":"fr_FR","og_type":"article","og_title":"Poign\u00e9e de porte Natura.03 - MLS Beschl\u00e4ge","og_description":"V2A Barre de poign\u00e9e D : 40 mm Connexion \u00e0 plat : 25 x 4 mm B = L - 40 mm  Barre de poign\u00e9e en bois massif  Poign\u00e9e unique  Kit de fixation avec \u00e9crou borgne  Acier inoxydable V2A, grain 320  qualit\u00e9 sup\u00e9rieure   Catalogue Natura [member_only]  Liste de prix Natura [\/member_only]  Poign\u00e9es Types de fixation   L (mm) N\u00b0 d'art.  &lt; 2000 0155 - 0421 - yy  2000 - 2500 0155 - 0422 - yy  2500 - 3000 0155 - 0423 - yy","og_url":"https:\/\/mlsbeschlaege.de\/fr\/produit\/poignee-de-porte-natura-03\/","og_site_name":"MLS Beschl\u00e4ge","article_modified_time":"2026-02-20T10:15:40+00:00","og_image":[{"width":859,"height":859,"url":"https:\/\/mlsbeschlaege.de\/wp-content\/uploads\/2018\/02\/natura03.png","type":"image\/png"}],"twitter_card":"summary_large_image","twitter_misc":{"Dur\u00e9e de lecture estim\u00e9e":"1 minute"},"schema":{"@context":"https:\/\/schema.org","@graph":[{"@type":"WebPage","@id":"https:\/\/mlsbeschlaege.de\/fr\/produit\/poignee-de-porte-natura-03\/","url":"https:\/\/mlsbeschlaege.de\/fr\/produit\/poignee-de-porte-natura-03\/","name":"Poign\u00e9e de porte Natura.03 - MLS Beschl\u00e4ge","isPartOf":{"@id":"https:\/\/mlsbeschlaege.de\/fr\/#website"},"primaryImageOfPage":{"@id":"https:\/\/mlsbeschlaege.de\/fr\/produit\/poignee-de-porte-natura-03\/#primaryimage"},"image":{"@id":"https:\/\/mlsbeschlaege.de\/fr\/produit\/poignee-de-porte-natura-03\/#primaryimage"},"thumbnailUrl":"https:\/\/mlsbeschlaege.de\/wp-content\/uploads\/2018\/02\/natura03.png","datePublished":"2017-07-28T06:12:42+00:00","dateModified":"2026-02-20T10:15:40+00:00","breadcrumb":{"@id":"https:\/\/mlsbeschlaege.de\/fr\/produit\/poignee-de-porte-natura-03\/#breadcrumb"},"inLanguage":"fr-FR","potentialAction":[{"@type":"ReadAction","target":["https:\/\/mlsbeschlaege.de\/fr\/produit\/poignee-de-porte-natura-03\/"]}]},{"@type":"ImageObject","inLanguage":"fr-FR","@id":"https:\/\/mlsbeschlaege.de\/fr\/produit\/poignee-de-porte-natura-03\/#primaryimage","url":"https:\/\/mlsbeschlaege.de\/wp-content\/uploads\/2018\/02\/natura03.png","contentUrl":"https:\/\/mlsbeschlaege.de\/wp-content\/uploads\/2018\/02\/natura03.png","width":859,"height":859},{"@type":"BreadcrumbList","@id":"https:\/\/mlsbeschlaege.de\/fr\/produit\/poignee-de-porte-natura-03\/#breadcrumb","itemListElement":[{"@type":"ListItem","position":1,"name":"Strona g\u0142\u00f3wna","item":"https:\/\/mlsbeschlaege.de\/fr\/"},{"@type":"ListItem","position":2,"name":"Boutique","item":"https:\/\/mlsbeschlaege.de\/shop\/"},{"@type":"ListItem","position":3,"name":"Poign\u00e9e de porte Natura.03"}]},{"@type":"WebSite","@id":"https:\/\/mlsbeschlaege.de\/fr\/#website","url":"https:\/\/mlsbeschlaege.de\/fr\/","name":"MLS Beschl\u00e4ge","description":"Qualit\u00e4t Beschlaege aus Edelstahl und Aluminium f\u00fcr Glas und Holz Anwendungen","potentialAction":[{"@type":"SearchAction","target":{"@type":"EntryPoint","urlTemplate":"https:\/\/mlsbeschlaege.de\/fr\/?s={search_term_string}"},"query-input":{"@type":"PropertyValueSpecification","valueRequired":true,"valueName":"search_term_string"}}],"inLanguage":"fr-FR"}]}},"_links":{"self":[{"href":"https:\/\/mlsbeschlaege.de\/fr\/wp-json\/wp\/v2\/product\/56425","targetHints":{"allow":["GET"]}}],"collection":[{"href":"https:\/\/mlsbeschlaege.de\/fr\/wp-json\/wp\/v2\/product"}],"about":[{"href":"https:\/\/mlsbeschlaege.de\/fr\/wp-json\/wp\/v2\/types\/product"}],"replies":[{"embeddable":true,"href":"https:\/\/mlsbeschlaege.de\/fr\/wp-json\/wp\/v2\/comments?post=56425"}],"version-history":[{"count":0,"href":"https:\/\/mlsbeschlaege.de\/fr\/wp-json\/wp\/v2\/product\/56425\/revisions"}],"wp:featuredmedia":[{"embeddable":true,"href":"https:\/\/mlsbeschlaege.de\/fr\/wp-json\/wp\/v2\/media\/56426"}],"wp:attachment":[{"href":"https:\/\/mlsbeschlaege.de\/fr\/wp-json\/wp\/v2\/media?parent=56425"}],"wp:term":[{"taxonomy":"product_brand","embeddable":true,"href":"https:\/\/mlsbeschlaege.de\/fr\/wp-json\/wp\/v2\/product_brand?post=56425"},{"taxonomy":"product_cat","embeddable":true,"href":"https:\/\/mlsbeschlaege.de\/fr\/wp-json\/wp\/v2\/product_cat?post=56425"},{"taxonomy":"product_tag","embeddable":true,"href":"https:\/\/mlsbeschlaege.de\/fr\/wp-json\/wp\/v2\/product_tag?post=56425"}],"curies":[{"name":"wp","href":"https:\/\/api.w.org\/{rel}","templated":true}]}}