{"id":55741,"date":"2017-08-25T21:08:46","date_gmt":"2017-08-25T19:08:46","guid":{"rendered":"https:\/\/mlsbeschlaege.de\/produkt\/poignee-coquille-mg-11-aluminium-mat\/"},"modified":"2026-02-20T10:57:09","modified_gmt":"2026-02-20T09:57:09","slug":"poignee-coquille-mg-11-aluminium-mat","status":"publish","type":"product","link":"https:\/\/mlsbeschlaege.de\/fr\/produit\/poignee-coquille-mg-11-aluminium-mat\/","title":{"rendered":"Poign\u00e9e coquille MG.11 aluminium mat"},"content":{"rendered":"<h2><strong>Poign\u00e9es coquilles Alumium<\/strong><\/h2>\n<p>Coquilles de poign\u00e9e en aluminium d&#8217;un diam\u00e8tre de 60 mm. Elles sont con\u00e7ues pour \u00eatre coll\u00e9es sur une porte en verre. Les poign\u00e9es rondes sont disponibles en deux finitions : aluminium naturel mat et aluminium couleur inox. Gabarit de montage inclus  <\/p>\n<p>Les poign\u00e9es coquilles ultramodernes sont une solution id\u00e9ale pour le nouveau design de vos int\u00e9rieurs !<\/p>\n<p>Consultez \u00e9galement d&#8217;autres offres dans notre boutique en ligne &#8211; vous y trouverez d&#8217;autres produits en acier inoxydable pour \u00e9quiper votre maison ou votre bureau.<\/p>\n<script>function getWR360PopupSkin(){return 'dark_clean';}<\/script>","protected":false},"excerpt":{"rendered":"<p><img decoding=\"async\" style=\"float: left;padding: 0 30px 15px 0;width: 200px\" src=\"https:\/\/mlsbeschlaege.de\/wp-content\/uploads\/drawings\/mg.11.png\"><\/p>\n<ul>\n<li>Aluminium massif d : 60 mm<\/li>\n<li>\u00e0 coller sur le verre<\/li>\n<li>Aluminium mat<\/li>\n<li>incl. Gabarit de montage<\/li>\n<\/ul>\n<p><i class=\"fa fa-file-pdf-o\"><\/i><a href=\"https:\/\/mlsbeschlaege.de\/wp-content\/uploads\/docs\/MLS_Katalog_Griffmuscheln.pdf\" target=\"_blank\" rel=\"noopener noreferrer\">  Catalogue des poign\u00e9es<\/a><\/p>\n<p>[member_only]<\/p>\n<p><i class=\"fa fa-euro\"><\/i><a href=\"https:\/\/mlsbeschlaege.de\/wp-content\/uploads\/2022\/09\/B2B-Preisliste-07.2022-Griffmuscheln-DE-netto-netto.pdf\" target=\"_blank\" rel=\"noopener noreferrer\">  Liste de prix des poign\u00e9es<\/a><\/p>\n<p>[\/member_only]<\/p>\n<div class=\"ico-360\">[wr360expand name=\"view04\" browserfs=\"true\" config=\"https:\/\/mlsbeschlaege.de\/wp-content\/uploads\/360\/gm.11_a1\/gm.11_a1.xml\"]<\/p>\n<p class=\"text-center\">\n<p class=\"text-center\">Pr\u00e9sentation \u00e0 360<\/p>\n<p>[\/wr360expand]<\/p>\n<\/div>\n<table id=\"tabelka\">\n<tbody>\n<tr>\n<td>A6 &#8211; Aluminium<br \/>\nAspect inox mat<\/td>\n<td>A1 &#8211; aluminium mat<\/td>\n<\/tr>\n<tr>\n<td>0160 &#8211; 0080<\/td>\n<td>0160 &#8211; 0081<\/td>\n<\/tr>\n<\/tbody>\n<\/table>\n","protected":false},"featured_media":55742,"comment_status":"open","ping_status":"closed","template":"","meta":{"pgc_sgb_lightbox_settings":"","_links_to":"","_links_to_target":""},"product_brand":[],"product_cat":[635],"product_tag":[],"class_list":{"0":"post-55741","1":"product","2":"type-product","3":"status-publish","4":"has-post-thumbnail","6":"product_cat-poignees-coquilles","7":"product_shipping_class-klasa-a","10":"first","11":"instock","12":"taxable","13":"shipping-taxable","14":"purchasable","15":"product-type-simple"},"yoast_head":"<!-- This site is optimized with the Yoast SEO plugin v26.6 - https:\/\/yoast.com\/wordpress\/plugins\/seo\/ -->\n<title>Poign\u00e9e coquille MG.11 aluminium mat - MLS Beschl\u00e4ge<\/title>\n<meta name=\"robots\" content=\"index, follow, max-snippet:-1, max-image-preview:large, max-video-preview:-1\" \/>\n<link rel=\"canonical\" href=\"https:\/\/mlsbeschlaege.de\/fr\/produit\/poignee-coquille-mg-11-aluminium-mat\/\" \/>\n<meta property=\"og:locale\" content=\"fr_FR\" \/>\n<meta property=\"og:type\" content=\"article\" \/>\n<meta property=\"og:title\" content=\"Poign\u00e9e coquille MG.11 aluminium mat - MLS Beschl\u00e4ge\" \/>\n<meta property=\"og:description\" content=\"Aluminium massif d : 60 mm  \u00e0 coller sur le verre  Aluminium mat  incl. Gabarit de montage  Catalogue des poign\u00e9es [member_only]  Liste de prix des poign\u00e9es [\/member_only]    A6 - Aluminium Aspect inox mat A1 - aluminium mat  0160 - 0080 0160 - 0081\" \/>\n<meta property=\"og:url\" content=\"https:\/\/mlsbeschlaege.de\/fr\/produit\/poignee-coquille-mg-11-aluminium-mat\/\" \/>\n<meta property=\"og:site_name\" content=\"MLS Beschl\u00e4ge\" \/>\n<meta property=\"article:modified_time\" content=\"2026-02-20T09:57:09+00:00\" \/>\n<meta property=\"og:image\" content=\"https:\/\/mlsbeschlaege.de\/wp-content\/uploads\/2018\/01\/MG11-A1-1000x1000.png\" \/>\n\t<meta property=\"og:image:width\" content=\"1000\" \/>\n\t<meta property=\"og:image:height\" content=\"1000\" \/>\n\t<meta property=\"og:image:type\" content=\"image\/png\" \/>\n<meta name=\"twitter:card\" content=\"summary_large_image\" \/>\n<script type=\"application\/ld+json\" class=\"yoast-schema-graph\">{\"@context\":\"https:\/\/schema.org\",\"@graph\":[{\"@type\":\"WebPage\",\"@id\":\"https:\/\/mlsbeschlaege.de\/fr\/produit\/poignee-coquille-mg-11-aluminium-mat\/\",\"url\":\"https:\/\/mlsbeschlaege.de\/fr\/produit\/poignee-coquille-mg-11-aluminium-mat\/\",\"name\":\"Poign\u00e9e coquille MG.11 aluminium mat - MLS Beschl\u00e4ge\",\"isPartOf\":{\"@id\":\"https:\/\/mlsbeschlaege.de\/fr\/#website\"},\"primaryImageOfPage\":{\"@id\":\"https:\/\/mlsbeschlaege.de\/fr\/produit\/poignee-coquille-mg-11-aluminium-mat\/#primaryimage\"},\"image\":{\"@id\":\"https:\/\/mlsbeschlaege.de\/fr\/produit\/poignee-coquille-mg-11-aluminium-mat\/#primaryimage\"},\"thumbnailUrl\":\"https:\/\/mlsbeschlaege.de\/wp-content\/uploads\/2018\/01\/MG11-A1-1000x1000.png\",\"datePublished\":\"2017-08-25T19:08:46+00:00\",\"dateModified\":\"2026-02-20T09:57:09+00:00\",\"breadcrumb\":{\"@id\":\"https:\/\/mlsbeschlaege.de\/fr\/produit\/poignee-coquille-mg-11-aluminium-mat\/#breadcrumb\"},\"inLanguage\":\"fr-FR\",\"potentialAction\":[{\"@type\":\"ReadAction\",\"target\":[\"https:\/\/mlsbeschlaege.de\/fr\/produit\/poignee-coquille-mg-11-aluminium-mat\/\"]}]},{\"@type\":\"ImageObject\",\"inLanguage\":\"fr-FR\",\"@id\":\"https:\/\/mlsbeschlaege.de\/fr\/produit\/poignee-coquille-mg-11-aluminium-mat\/#primaryimage\",\"url\":\"https:\/\/mlsbeschlaege.de\/wp-content\/uploads\/2018\/01\/MG11-A1-1000x1000.png\",\"contentUrl\":\"https:\/\/mlsbeschlaege.de\/wp-content\/uploads\/2018\/01\/MG11-A1-1000x1000.png\",\"width\":1000,\"height\":1000},{\"@type\":\"BreadcrumbList\",\"@id\":\"https:\/\/mlsbeschlaege.de\/fr\/produit\/poignee-coquille-mg-11-aluminium-mat\/#breadcrumb\",\"itemListElement\":[{\"@type\":\"ListItem\",\"position\":1,\"name\":\"Strona g\u0142\u00f3wna\",\"item\":\"https:\/\/mlsbeschlaege.de\/fr\/\"},{\"@type\":\"ListItem\",\"position\":2,\"name\":\"Boutique\",\"item\":\"https:\/\/mlsbeschlaege.de\/shop\/\"},{\"@type\":\"ListItem\",\"position\":3,\"name\":\"Poign\u00e9e coquille MG.11 aluminium mat\"}]},{\"@type\":\"WebSite\",\"@id\":\"https:\/\/mlsbeschlaege.de\/fr\/#website\",\"url\":\"https:\/\/mlsbeschlaege.de\/fr\/\",\"name\":\"MLS Beschl\u00e4ge\",\"description\":\"Qualit\u00e4t Beschlaege aus Edelstahl und Aluminium f\u00fcr Glas und Holz Anwendungen\",\"potentialAction\":[{\"@type\":\"SearchAction\",\"target\":{\"@type\":\"EntryPoint\",\"urlTemplate\":\"https:\/\/mlsbeschlaege.de\/fr\/?s={search_term_string}\"},\"query-input\":{\"@type\":\"PropertyValueSpecification\",\"valueRequired\":true,\"valueName\":\"search_term_string\"}}],\"inLanguage\":\"fr-FR\"}]}<\/script>\n<!-- \/ Yoast SEO plugin. -->","yoast_head_json":{"title":"Poign\u00e9e coquille MG.11 aluminium mat - MLS Beschl\u00e4ge","robots":{"index":"index","follow":"follow","max-snippet":"max-snippet:-1","max-image-preview":"max-image-preview:large","max-video-preview":"max-video-preview:-1"},"canonical":"https:\/\/mlsbeschlaege.de\/fr\/produit\/poignee-coquille-mg-11-aluminium-mat\/","og_locale":"fr_FR","og_type":"article","og_title":"Poign\u00e9e coquille MG.11 aluminium mat - MLS Beschl\u00e4ge","og_description":"Aluminium massif d : 60 mm  \u00e0 coller sur le verre  Aluminium mat  incl. Gabarit de montage  Catalogue des poign\u00e9es [member_only]  Liste de prix des poign\u00e9es [\/member_only]    A6 - Aluminium Aspect inox mat A1 - aluminium mat  0160 - 0080 0160 - 0081","og_url":"https:\/\/mlsbeschlaege.de\/fr\/produit\/poignee-coquille-mg-11-aluminium-mat\/","og_site_name":"MLS Beschl\u00e4ge","article_modified_time":"2026-02-20T09:57:09+00:00","og_image":[{"width":1000,"height":1000,"url":"https:\/\/mlsbeschlaege.de\/wp-content\/uploads\/2018\/01\/MG11-A1-1000x1000.png","type":"image\/png"}],"twitter_card":"summary_large_image","schema":{"@context":"https:\/\/schema.org","@graph":[{"@type":"WebPage","@id":"https:\/\/mlsbeschlaege.de\/fr\/produit\/poignee-coquille-mg-11-aluminium-mat\/","url":"https:\/\/mlsbeschlaege.de\/fr\/produit\/poignee-coquille-mg-11-aluminium-mat\/","name":"Poign\u00e9e coquille MG.11 aluminium mat - MLS Beschl\u00e4ge","isPartOf":{"@id":"https:\/\/mlsbeschlaege.de\/fr\/#website"},"primaryImageOfPage":{"@id":"https:\/\/mlsbeschlaege.de\/fr\/produit\/poignee-coquille-mg-11-aluminium-mat\/#primaryimage"},"image":{"@id":"https:\/\/mlsbeschlaege.de\/fr\/produit\/poignee-coquille-mg-11-aluminium-mat\/#primaryimage"},"thumbnailUrl":"https:\/\/mlsbeschlaege.de\/wp-content\/uploads\/2018\/01\/MG11-A1-1000x1000.png","datePublished":"2017-08-25T19:08:46+00:00","dateModified":"2026-02-20T09:57:09+00:00","breadcrumb":{"@id":"https:\/\/mlsbeschlaege.de\/fr\/produit\/poignee-coquille-mg-11-aluminium-mat\/#breadcrumb"},"inLanguage":"fr-FR","potentialAction":[{"@type":"ReadAction","target":["https:\/\/mlsbeschlaege.de\/fr\/produit\/poignee-coquille-mg-11-aluminium-mat\/"]}]},{"@type":"ImageObject","inLanguage":"fr-FR","@id":"https:\/\/mlsbeschlaege.de\/fr\/produit\/poignee-coquille-mg-11-aluminium-mat\/#primaryimage","url":"https:\/\/mlsbeschlaege.de\/wp-content\/uploads\/2018\/01\/MG11-A1-1000x1000.png","contentUrl":"https:\/\/mlsbeschlaege.de\/wp-content\/uploads\/2018\/01\/MG11-A1-1000x1000.png","width":1000,"height":1000},{"@type":"BreadcrumbList","@id":"https:\/\/mlsbeschlaege.de\/fr\/produit\/poignee-coquille-mg-11-aluminium-mat\/#breadcrumb","itemListElement":[{"@type":"ListItem","position":1,"name":"Strona g\u0142\u00f3wna","item":"https:\/\/mlsbeschlaege.de\/fr\/"},{"@type":"ListItem","position":2,"name":"Boutique","item":"https:\/\/mlsbeschlaege.de\/shop\/"},{"@type":"ListItem","position":3,"name":"Poign\u00e9e coquille MG.11 aluminium mat"}]},{"@type":"WebSite","@id":"https:\/\/mlsbeschlaege.de\/fr\/#website","url":"https:\/\/mlsbeschlaege.de\/fr\/","name":"MLS Beschl\u00e4ge","description":"Qualit\u00e4t Beschlaege aus Edelstahl und Aluminium f\u00fcr Glas und Holz Anwendungen","potentialAction":[{"@type":"SearchAction","target":{"@type":"EntryPoint","urlTemplate":"https:\/\/mlsbeschlaege.de\/fr\/?s={search_term_string}"},"query-input":{"@type":"PropertyValueSpecification","valueRequired":true,"valueName":"search_term_string"}}],"inLanguage":"fr-FR"}]}},"_links":{"self":[{"href":"https:\/\/mlsbeschlaege.de\/fr\/wp-json\/wp\/v2\/product\/55741","targetHints":{"allow":["GET"]}}],"collection":[{"href":"https:\/\/mlsbeschlaege.de\/fr\/wp-json\/wp\/v2\/product"}],"about":[{"href":"https:\/\/mlsbeschlaege.de\/fr\/wp-json\/wp\/v2\/types\/product"}],"replies":[{"embeddable":true,"href":"https:\/\/mlsbeschlaege.de\/fr\/wp-json\/wp\/v2\/comments?post=55741"}],"version-history":[{"count":0,"href":"https:\/\/mlsbeschlaege.de\/fr\/wp-json\/wp\/v2\/product\/55741\/revisions"}],"wp:featuredmedia":[{"embeddable":true,"href":"https:\/\/mlsbeschlaege.de\/fr\/wp-json\/wp\/v2\/media\/55742"}],"wp:attachment":[{"href":"https:\/\/mlsbeschlaege.de\/fr\/wp-json\/wp\/v2\/media?parent=55741"}],"wp:term":[{"taxonomy":"product_brand","embeddable":true,"href":"https:\/\/mlsbeschlaege.de\/fr\/wp-json\/wp\/v2\/product_brand?post=55741"},{"taxonomy":"product_cat","embeddable":true,"href":"https:\/\/mlsbeschlaege.de\/fr\/wp-json\/wp\/v2\/product_cat?post=55741"},{"taxonomy":"product_tag","embeddable":true,"href":"https:\/\/mlsbeschlaege.de\/fr\/wp-json\/wp\/v2\/product_tag?post=55741"}],"curies":[{"name":"wp","href":"https:\/\/api.w.org\/{rel}","templated":true}]}}