{"id":55657,"date":"2017-08-30T15:00:01","date_gmt":"2017-08-30T13:00:01","guid":{"rendered":"https:\/\/mlsbeschlaege.de\/produkt\/bouchon\/"},"modified":"2026-02-20T10:49:40","modified_gmt":"2026-02-20T09:49:40","slug":"bouchon","status":"publish","type":"product","link":"https:\/\/mlsbeschlaege.de\/fr\/produit\/bouchon\/","title":{"rendered":"Bouchon"},"content":{"rendered":"<script>function getWR360PopupSkin(){return 'dark_clean';}<\/script>","protected":false},"excerpt":{"rendered":"<div class=\"col-md-5\"><img decoding=\"async\" style=\"float: left; padding: 0 30px 15px 0;\" src=\"\/wp-content\/uploads\/drawings\/0200-0170.png\"><\/div>\n<div class=\"col-md-7\">\n<ul>\n<li>en acier inoxydable avec butoir en caoutchouc<\/li>\n<li>pour rail de roulement d : 25 mm<\/li>\n<\/ul>\n<p><i class=\"fa fa-file-pdf-o\"><\/i><a href=\"\/wp-content\/uploads\/docs\/MLS_Katalog_Schiebeleiter.pdf\" target=\"_blank\" rel=\"noopener noreferrer\">  Catalogue des \u00e9chelles \u00e0 coulisse<\/a><\/p>\n<p>[member_only]<\/p>\n<p><i class=\"fa fa-euro\"><\/i><a href=\"\/wp-content\/uploads\/docs\/preisliste-schiebeleiter.pdf\" target=\"_blank\" rel=\"noopener noreferrer\">  Liste de prix des \u00e9chelles \u00e0 coulisse<\/a><\/p>\n<p>[\/member_only]<\/p>\n<table id=\"tabelka\">\n<tbody>\n<tr>\n<td>poli mat<\/td>\n<td>poli<\/td>\n<\/tr>\n<tr>\n<td>0200 &#8211; 0100<\/td>\n<td>0200 &#8211; 0101<\/td>\n<\/tr>\n<\/tbody>\n<\/table>\n<\/div>\n","protected":false},"featured_media":55658,"comment_status":"open","ping_status":"closed","template":"","meta":{"pgc_sgb_lightbox_settings":"","_links_to":"","_links_to_target":""},"product_brand":[],"product_cat":[640,639],"product_tag":[],"class_list":{"0":"post-55657","1":"product","2":"type-product","3":"status-publish","4":"has-post-thumbnail","6":"product_cat-accessoires-pour-echelles-coulissantes","7":"product_cat-echelle-coulissante","10":"first","11":"onbackorder","12":"taxable","13":"shipping-taxable","14":"product-type-variable"},"yoast_head":"<!-- This site is optimized with the Yoast SEO plugin v26.6 - https:\/\/yoast.com\/wordpress\/plugins\/seo\/ -->\n<title>Bouchon - MLS Beschl\u00e4ge<\/title>\n<meta name=\"robots\" content=\"index, follow, max-snippet:-1, max-image-preview:large, max-video-preview:-1\" \/>\n<link rel=\"canonical\" href=\"https:\/\/mlsbeschlaege.de\/fr\/produit\/bouchon\/\" \/>\n<meta property=\"og:locale\" content=\"fr_FR\" \/>\n<meta property=\"og:type\" content=\"article\" \/>\n<meta property=\"og:title\" content=\"Bouchon - MLS Beschl\u00e4ge\" \/>\n<meta property=\"og:description\" content=\"en acier inoxydable avec butoir en caoutchouc  pour rail de roulement d : 25 mm  Catalogue des \u00e9chelles \u00e0 coulisse [member_only] Liste de prix des \u00e9chelles \u00e0 coulisse[\/member_only]  poli mat poli  0200 - 0100 0200 - 0101\" \/>\n<meta property=\"og:url\" content=\"https:\/\/mlsbeschlaege.de\/fr\/produit\/bouchon\/\" \/>\n<meta property=\"og:site_name\" content=\"MLS Beschl\u00e4ge\" \/>\n<meta property=\"article:modified_time\" content=\"2026-02-20T09:49:40+00:00\" \/>\n<meta property=\"og:image\" content=\"https:\/\/mlsbeschlaege.de\/wp-content\/uploads\/2017\/08\/0200-0170.png\" \/>\n\t<meta property=\"og:image:width\" content=\"1000\" \/>\n\t<meta property=\"og:image:height\" content=\"1000\" \/>\n\t<meta property=\"og:image:type\" content=\"image\/png\" \/>\n<meta name=\"twitter:card\" content=\"summary_large_image\" \/>\n<script type=\"application\/ld+json\" class=\"yoast-schema-graph\">{\"@context\":\"https:\/\/schema.org\",\"@graph\":[{\"@type\":\"WebPage\",\"@id\":\"https:\/\/mlsbeschlaege.de\/fr\/produit\/bouchon\/\",\"url\":\"https:\/\/mlsbeschlaege.de\/fr\/produit\/bouchon\/\",\"name\":\"Bouchon - MLS Beschl\u00e4ge\",\"isPartOf\":{\"@id\":\"https:\/\/mlsbeschlaege.de\/fr\/#website\"},\"primaryImageOfPage\":{\"@id\":\"https:\/\/mlsbeschlaege.de\/fr\/produit\/bouchon\/#primaryimage\"},\"image\":{\"@id\":\"https:\/\/mlsbeschlaege.de\/fr\/produit\/bouchon\/#primaryimage\"},\"thumbnailUrl\":\"https:\/\/mlsbeschlaege.de\/wp-content\/uploads\/2017\/08\/0200-0170.png\",\"datePublished\":\"2017-08-30T13:00:01+00:00\",\"dateModified\":\"2026-02-20T09:49:40+00:00\",\"breadcrumb\":{\"@id\":\"https:\/\/mlsbeschlaege.de\/fr\/produit\/bouchon\/#breadcrumb\"},\"inLanguage\":\"fr-FR\",\"potentialAction\":[{\"@type\":\"ReadAction\",\"target\":[\"https:\/\/mlsbeschlaege.de\/fr\/produit\/bouchon\/\"]}]},{\"@type\":\"ImageObject\",\"inLanguage\":\"fr-FR\",\"@id\":\"https:\/\/mlsbeschlaege.de\/fr\/produit\/bouchon\/#primaryimage\",\"url\":\"https:\/\/mlsbeschlaege.de\/wp-content\/uploads\/2017\/08\/0200-0170.png\",\"contentUrl\":\"https:\/\/mlsbeschlaege.de\/wp-content\/uploads\/2017\/08\/0200-0170.png\",\"width\":1000,\"height\":1000},{\"@type\":\"BreadcrumbList\",\"@id\":\"https:\/\/mlsbeschlaege.de\/fr\/produit\/bouchon\/#breadcrumb\",\"itemListElement\":[{\"@type\":\"ListItem\",\"position\":1,\"name\":\"Strona g\u0142\u00f3wna\",\"item\":\"https:\/\/mlsbeschlaege.de\/fr\/\"},{\"@type\":\"ListItem\",\"position\":2,\"name\":\"Boutique\",\"item\":\"https:\/\/mlsbeschlaege.de\/shop\/\"},{\"@type\":\"ListItem\",\"position\":3,\"name\":\"Bouchon\"}]},{\"@type\":\"WebSite\",\"@id\":\"https:\/\/mlsbeschlaege.de\/fr\/#website\",\"url\":\"https:\/\/mlsbeschlaege.de\/fr\/\",\"name\":\"MLS Beschl\u00e4ge\",\"description\":\"Qualit\u00e4t Beschlaege aus Edelstahl und Aluminium f\u00fcr Glas und Holz Anwendungen\",\"potentialAction\":[{\"@type\":\"SearchAction\",\"target\":{\"@type\":\"EntryPoint\",\"urlTemplate\":\"https:\/\/mlsbeschlaege.de\/fr\/?s={search_term_string}\"},\"query-input\":{\"@type\":\"PropertyValueSpecification\",\"valueRequired\":true,\"valueName\":\"search_term_string\"}}],\"inLanguage\":\"fr-FR\"}]}<\/script>\n<!-- \/ Yoast SEO plugin. -->","yoast_head_json":{"title":"Bouchon - MLS Beschl\u00e4ge","robots":{"index":"index","follow":"follow","max-snippet":"max-snippet:-1","max-image-preview":"max-image-preview:large","max-video-preview":"max-video-preview:-1"},"canonical":"https:\/\/mlsbeschlaege.de\/fr\/produit\/bouchon\/","og_locale":"fr_FR","og_type":"article","og_title":"Bouchon - MLS Beschl\u00e4ge","og_description":"en acier inoxydable avec butoir en caoutchouc  pour rail de roulement d : 25 mm  Catalogue des \u00e9chelles \u00e0 coulisse [member_only] Liste de prix des \u00e9chelles \u00e0 coulisse[\/member_only]  poli mat poli  0200 - 0100 0200 - 0101","og_url":"https:\/\/mlsbeschlaege.de\/fr\/produit\/bouchon\/","og_site_name":"MLS Beschl\u00e4ge","article_modified_time":"2026-02-20T09:49:40+00:00","og_image":[{"width":1000,"height":1000,"url":"https:\/\/mlsbeschlaege.de\/wp-content\/uploads\/2017\/08\/0200-0170.png","type":"image\/png"}],"twitter_card":"summary_large_image","schema":{"@context":"https:\/\/schema.org","@graph":[{"@type":"WebPage","@id":"https:\/\/mlsbeschlaege.de\/fr\/produit\/bouchon\/","url":"https:\/\/mlsbeschlaege.de\/fr\/produit\/bouchon\/","name":"Bouchon - MLS Beschl\u00e4ge","isPartOf":{"@id":"https:\/\/mlsbeschlaege.de\/fr\/#website"},"primaryImageOfPage":{"@id":"https:\/\/mlsbeschlaege.de\/fr\/produit\/bouchon\/#primaryimage"},"image":{"@id":"https:\/\/mlsbeschlaege.de\/fr\/produit\/bouchon\/#primaryimage"},"thumbnailUrl":"https:\/\/mlsbeschlaege.de\/wp-content\/uploads\/2017\/08\/0200-0170.png","datePublished":"2017-08-30T13:00:01+00:00","dateModified":"2026-02-20T09:49:40+00:00","breadcrumb":{"@id":"https:\/\/mlsbeschlaege.de\/fr\/produit\/bouchon\/#breadcrumb"},"inLanguage":"fr-FR","potentialAction":[{"@type":"ReadAction","target":["https:\/\/mlsbeschlaege.de\/fr\/produit\/bouchon\/"]}]},{"@type":"ImageObject","inLanguage":"fr-FR","@id":"https:\/\/mlsbeschlaege.de\/fr\/produit\/bouchon\/#primaryimage","url":"https:\/\/mlsbeschlaege.de\/wp-content\/uploads\/2017\/08\/0200-0170.png","contentUrl":"https:\/\/mlsbeschlaege.de\/wp-content\/uploads\/2017\/08\/0200-0170.png","width":1000,"height":1000},{"@type":"BreadcrumbList","@id":"https:\/\/mlsbeschlaege.de\/fr\/produit\/bouchon\/#breadcrumb","itemListElement":[{"@type":"ListItem","position":1,"name":"Strona g\u0142\u00f3wna","item":"https:\/\/mlsbeschlaege.de\/fr\/"},{"@type":"ListItem","position":2,"name":"Boutique","item":"https:\/\/mlsbeschlaege.de\/shop\/"},{"@type":"ListItem","position":3,"name":"Bouchon"}]},{"@type":"WebSite","@id":"https:\/\/mlsbeschlaege.de\/fr\/#website","url":"https:\/\/mlsbeschlaege.de\/fr\/","name":"MLS Beschl\u00e4ge","description":"Qualit\u00e4t Beschlaege aus Edelstahl und Aluminium f\u00fcr Glas und Holz Anwendungen","potentialAction":[{"@type":"SearchAction","target":{"@type":"EntryPoint","urlTemplate":"https:\/\/mlsbeschlaege.de\/fr\/?s={search_term_string}"},"query-input":{"@type":"PropertyValueSpecification","valueRequired":true,"valueName":"search_term_string"}}],"inLanguage":"fr-FR"}]}},"_links":{"self":[{"href":"https:\/\/mlsbeschlaege.de\/fr\/wp-json\/wp\/v2\/product\/55657","targetHints":{"allow":["GET"]}}],"collection":[{"href":"https:\/\/mlsbeschlaege.de\/fr\/wp-json\/wp\/v2\/product"}],"about":[{"href":"https:\/\/mlsbeschlaege.de\/fr\/wp-json\/wp\/v2\/types\/product"}],"replies":[{"embeddable":true,"href":"https:\/\/mlsbeschlaege.de\/fr\/wp-json\/wp\/v2\/comments?post=55657"}],"version-history":[{"count":0,"href":"https:\/\/mlsbeschlaege.de\/fr\/wp-json\/wp\/v2\/product\/55657\/revisions"}],"wp:featuredmedia":[{"embeddable":true,"href":"https:\/\/mlsbeschlaege.de\/fr\/wp-json\/wp\/v2\/media\/55658"}],"wp:attachment":[{"href":"https:\/\/mlsbeschlaege.de\/fr\/wp-json\/wp\/v2\/media?parent=55657"}],"wp:term":[{"taxonomy":"product_brand","embeddable":true,"href":"https:\/\/mlsbeschlaege.de\/fr\/wp-json\/wp\/v2\/product_brand?post=55657"},{"taxonomy":"product_cat","embeddable":true,"href":"https:\/\/mlsbeschlaege.de\/fr\/wp-json\/wp\/v2\/product_cat?post=55657"},{"taxonomy":"product_tag","embeddable":true,"href":"https:\/\/mlsbeschlaege.de\/fr\/wp-json\/wp\/v2\/product_tag?post=55657"}],"curies":[{"name":"wp","href":"https:\/\/api.w.org\/{rel}","templated":true}]}}