{"id":55639,"date":"2017-08-30T14:24:01","date_gmt":"2017-08-30T12:24:01","guid":{"rendered":"https:\/\/mlsbeschlaege.de\/produkt\/dispositif-anti-soulevement\/"},"modified":"2026-02-20T10:49:35","modified_gmt":"2026-02-20T09:49:35","slug":"dispositif-anti-soulevement","status":"publish","type":"product","link":"https:\/\/mlsbeschlaege.de\/fr\/produit\/dispositif-anti-soulevement\/","title":{"rendered":"Dispositif anti-soul\u00e8vement"},"content":{"rendered":"<script>function getWR360PopupSkin(){return 'dark_clean';}<\/script>","protected":false},"excerpt":{"rendered":"<div class=\"col-md-5\"><img decoding=\"async\" style=\"float: left; padding: 0 30px 15px 0;\" src=\"\/wp-content\/uploads\/drawings\/0200-0180.png\"><\/div>\n<div class=\"col-md-7\">\n<ul>\n<li>la s\u00e9curit\u00e9 anti-soul\u00e8vement en deux parties est n\u00e9cessaire pour les installations dans des niches ou entre deux murs<\/li>\n<li>\u00e0 commander s\u00e9par\u00e9ment si n\u00e9cessaire<\/li>\n<li>n&#8217;est pas inclus dans la livraison<\/li>\n<\/ul>\n<p><i class=\"fa fa-file-pdf-o\"><\/i><a href=\"\/wp-content\/uploads\/docs\/MLS_Katalog_Schiebeleiter.pdf\" target=\"_blank\" rel=\"noopener noreferrer\">  Catalogue des \u00e9chelles \u00e0 coulisse<\/a><\/p>\n<p>[member_only]<\/p>\n<p><i class=\"fa fa-euro\"><\/i><a href=\"\/wp-content\/uploads\/docs\/preisliste-schiebeleiter.pdf\" target=\"_blank\" rel=\"noopener noreferrer\">  Liste de prix des \u00e9chelles \u00e0 coulisse<\/a><\/p>\n<p>[\/member_only]<\/p>\n<p style=\"margin-bottom: 20px; margin-top: 20px;\" class=\"preis-nach-anfrage\">Prix sur demande : <a href=\"mailto:biuro@mlsgroup.de\">biuro@mlsgroup.de<\/a><\/p>\n<\/div>\n","protected":false},"featured_media":55640,"comment_status":"open","ping_status":"closed","template":"","meta":{"pgc_sgb_lightbox_settings":"","_links_to":"","_links_to_target":""},"product_brand":[],"product_cat":[640,639],"product_tag":[],"class_list":{"0":"post-55639","1":"product","2":"type-product","3":"status-publish","4":"has-post-thumbnail","6":"product_cat-accessoires-pour-echelles-coulissantes","7":"product_cat-echelle-coulissante","10":"first","11":"onbackorder","12":"taxable","13":"shipping-taxable","14":"product-type-simple"},"yoast_head":"<!-- This site is optimized with the Yoast SEO plugin v26.6 - https:\/\/yoast.com\/wordpress\/plugins\/seo\/ -->\n<title>Dispositif anti-soul\u00e8vement - MLS Beschl\u00e4ge<\/title>\n<meta name=\"robots\" content=\"index, follow, max-snippet:-1, max-image-preview:large, max-video-preview:-1\" \/>\n<link rel=\"canonical\" href=\"https:\/\/mlsbeschlaege.de\/fr\/produit\/dispositif-anti-soulevement\/\" \/>\n<meta property=\"og:locale\" content=\"fr_FR\" \/>\n<meta property=\"og:type\" content=\"article\" \/>\n<meta property=\"og:title\" content=\"Dispositif anti-soul\u00e8vement - MLS Beschl\u00e4ge\" \/>\n<meta property=\"og:description\" content=\"la s\u00e9curit\u00e9 anti-soul\u00e8vement en deux parties est n\u00e9cessaire pour les installations dans des niches ou entre deux murs \u00e0 commander s\u00e9par\u00e9ment si n\u00e9cessaire n&#039;est pas inclus dans la livraison  Catalogue des \u00e9chelles \u00e0 coulisse [member_only] Liste de prix des \u00e9chelles \u00e0 coulisse[\/member_only] Prix sur demande : biuro@mlsgroup.de\" \/>\n<meta property=\"og:url\" content=\"https:\/\/mlsbeschlaege.de\/fr\/produit\/dispositif-anti-soulevement\/\" \/>\n<meta property=\"og:site_name\" content=\"MLS Beschl\u00e4ge\" \/>\n<meta property=\"article:modified_time\" content=\"2026-02-20T09:49:35+00:00\" \/>\n<meta property=\"og:image\" content=\"https:\/\/mlsbeschlaege.de\/wp-content\/uploads\/2017\/08\/0200-0180.png\" \/>\n\t<meta property=\"og:image:width\" content=\"1000\" \/>\n\t<meta property=\"og:image:height\" content=\"1000\" \/>\n\t<meta property=\"og:image:type\" content=\"image\/png\" \/>\n<meta name=\"twitter:card\" content=\"summary_large_image\" \/>\n<script type=\"application\/ld+json\" class=\"yoast-schema-graph\">{\"@context\":\"https:\/\/schema.org\",\"@graph\":[{\"@type\":\"WebPage\",\"@id\":\"https:\/\/mlsbeschlaege.de\/fr\/produit\/dispositif-anti-soulevement\/\",\"url\":\"https:\/\/mlsbeschlaege.de\/fr\/produit\/dispositif-anti-soulevement\/\",\"name\":\"Dispositif anti-soul\u00e8vement - MLS Beschl\u00e4ge\",\"isPartOf\":{\"@id\":\"https:\/\/mlsbeschlaege.de\/fr\/#website\"},\"primaryImageOfPage\":{\"@id\":\"https:\/\/mlsbeschlaege.de\/fr\/produit\/dispositif-anti-soulevement\/#primaryimage\"},\"image\":{\"@id\":\"https:\/\/mlsbeschlaege.de\/fr\/produit\/dispositif-anti-soulevement\/#primaryimage\"},\"thumbnailUrl\":\"https:\/\/mlsbeschlaege.de\/wp-content\/uploads\/2017\/08\/0200-0180.png\",\"datePublished\":\"2017-08-30T12:24:01+00:00\",\"dateModified\":\"2026-02-20T09:49:35+00:00\",\"breadcrumb\":{\"@id\":\"https:\/\/mlsbeschlaege.de\/fr\/produit\/dispositif-anti-soulevement\/#breadcrumb\"},\"inLanguage\":\"fr-FR\",\"potentialAction\":[{\"@type\":\"ReadAction\",\"target\":[\"https:\/\/mlsbeschlaege.de\/fr\/produit\/dispositif-anti-soulevement\/\"]}]},{\"@type\":\"ImageObject\",\"inLanguage\":\"fr-FR\",\"@id\":\"https:\/\/mlsbeschlaege.de\/fr\/produit\/dispositif-anti-soulevement\/#primaryimage\",\"url\":\"https:\/\/mlsbeschlaege.de\/wp-content\/uploads\/2017\/08\/0200-0180.png\",\"contentUrl\":\"https:\/\/mlsbeschlaege.de\/wp-content\/uploads\/2017\/08\/0200-0180.png\",\"width\":1000,\"height\":1000},{\"@type\":\"BreadcrumbList\",\"@id\":\"https:\/\/mlsbeschlaege.de\/fr\/produit\/dispositif-anti-soulevement\/#breadcrumb\",\"itemListElement\":[{\"@type\":\"ListItem\",\"position\":1,\"name\":\"Strona g\u0142\u00f3wna\",\"item\":\"https:\/\/mlsbeschlaege.de\/fr\/\"},{\"@type\":\"ListItem\",\"position\":2,\"name\":\"Boutique\",\"item\":\"https:\/\/mlsbeschlaege.de\/shop\/\"},{\"@type\":\"ListItem\",\"position\":3,\"name\":\"Dispositif anti-soul\u00e8vement\"}]},{\"@type\":\"WebSite\",\"@id\":\"https:\/\/mlsbeschlaege.de\/fr\/#website\",\"url\":\"https:\/\/mlsbeschlaege.de\/fr\/\",\"name\":\"MLS Beschl\u00e4ge\",\"description\":\"Qualit\u00e4t Beschlaege aus Edelstahl und Aluminium f\u00fcr Glas und Holz Anwendungen\",\"potentialAction\":[{\"@type\":\"SearchAction\",\"target\":{\"@type\":\"EntryPoint\",\"urlTemplate\":\"https:\/\/mlsbeschlaege.de\/fr\/?s={search_term_string}\"},\"query-input\":{\"@type\":\"PropertyValueSpecification\",\"valueRequired\":true,\"valueName\":\"search_term_string\"}}],\"inLanguage\":\"fr-FR\"}]}<\/script>\n<!-- \/ Yoast SEO plugin. -->","yoast_head_json":{"title":"Dispositif anti-soul\u00e8vement - MLS Beschl\u00e4ge","robots":{"index":"index","follow":"follow","max-snippet":"max-snippet:-1","max-image-preview":"max-image-preview:large","max-video-preview":"max-video-preview:-1"},"canonical":"https:\/\/mlsbeschlaege.de\/fr\/produit\/dispositif-anti-soulevement\/","og_locale":"fr_FR","og_type":"article","og_title":"Dispositif anti-soul\u00e8vement - MLS Beschl\u00e4ge","og_description":"la s\u00e9curit\u00e9 anti-soul\u00e8vement en deux parties est n\u00e9cessaire pour les installations dans des niches ou entre deux murs \u00e0 commander s\u00e9par\u00e9ment si n\u00e9cessaire n'est pas inclus dans la livraison  Catalogue des \u00e9chelles \u00e0 coulisse [member_only] Liste de prix des \u00e9chelles \u00e0 coulisse[\/member_only] Prix sur demande : biuro@mlsgroup.de","og_url":"https:\/\/mlsbeschlaege.de\/fr\/produit\/dispositif-anti-soulevement\/","og_site_name":"MLS Beschl\u00e4ge","article_modified_time":"2026-02-20T09:49:35+00:00","og_image":[{"width":1000,"height":1000,"url":"https:\/\/mlsbeschlaege.de\/wp-content\/uploads\/2017\/08\/0200-0180.png","type":"image\/png"}],"twitter_card":"summary_large_image","schema":{"@context":"https:\/\/schema.org","@graph":[{"@type":"WebPage","@id":"https:\/\/mlsbeschlaege.de\/fr\/produit\/dispositif-anti-soulevement\/","url":"https:\/\/mlsbeschlaege.de\/fr\/produit\/dispositif-anti-soulevement\/","name":"Dispositif anti-soul\u00e8vement - MLS Beschl\u00e4ge","isPartOf":{"@id":"https:\/\/mlsbeschlaege.de\/fr\/#website"},"primaryImageOfPage":{"@id":"https:\/\/mlsbeschlaege.de\/fr\/produit\/dispositif-anti-soulevement\/#primaryimage"},"image":{"@id":"https:\/\/mlsbeschlaege.de\/fr\/produit\/dispositif-anti-soulevement\/#primaryimage"},"thumbnailUrl":"https:\/\/mlsbeschlaege.de\/wp-content\/uploads\/2017\/08\/0200-0180.png","datePublished":"2017-08-30T12:24:01+00:00","dateModified":"2026-02-20T09:49:35+00:00","breadcrumb":{"@id":"https:\/\/mlsbeschlaege.de\/fr\/produit\/dispositif-anti-soulevement\/#breadcrumb"},"inLanguage":"fr-FR","potentialAction":[{"@type":"ReadAction","target":["https:\/\/mlsbeschlaege.de\/fr\/produit\/dispositif-anti-soulevement\/"]}]},{"@type":"ImageObject","inLanguage":"fr-FR","@id":"https:\/\/mlsbeschlaege.de\/fr\/produit\/dispositif-anti-soulevement\/#primaryimage","url":"https:\/\/mlsbeschlaege.de\/wp-content\/uploads\/2017\/08\/0200-0180.png","contentUrl":"https:\/\/mlsbeschlaege.de\/wp-content\/uploads\/2017\/08\/0200-0180.png","width":1000,"height":1000},{"@type":"BreadcrumbList","@id":"https:\/\/mlsbeschlaege.de\/fr\/produit\/dispositif-anti-soulevement\/#breadcrumb","itemListElement":[{"@type":"ListItem","position":1,"name":"Strona g\u0142\u00f3wna","item":"https:\/\/mlsbeschlaege.de\/fr\/"},{"@type":"ListItem","position":2,"name":"Boutique","item":"https:\/\/mlsbeschlaege.de\/shop\/"},{"@type":"ListItem","position":3,"name":"Dispositif anti-soul\u00e8vement"}]},{"@type":"WebSite","@id":"https:\/\/mlsbeschlaege.de\/fr\/#website","url":"https:\/\/mlsbeschlaege.de\/fr\/","name":"MLS Beschl\u00e4ge","description":"Qualit\u00e4t Beschlaege aus Edelstahl und Aluminium f\u00fcr Glas und Holz Anwendungen","potentialAction":[{"@type":"SearchAction","target":{"@type":"EntryPoint","urlTemplate":"https:\/\/mlsbeschlaege.de\/fr\/?s={search_term_string}"},"query-input":{"@type":"PropertyValueSpecification","valueRequired":true,"valueName":"search_term_string"}}],"inLanguage":"fr-FR"}]}},"_links":{"self":[{"href":"https:\/\/mlsbeschlaege.de\/fr\/wp-json\/wp\/v2\/product\/55639","targetHints":{"allow":["GET"]}}],"collection":[{"href":"https:\/\/mlsbeschlaege.de\/fr\/wp-json\/wp\/v2\/product"}],"about":[{"href":"https:\/\/mlsbeschlaege.de\/fr\/wp-json\/wp\/v2\/types\/product"}],"replies":[{"embeddable":true,"href":"https:\/\/mlsbeschlaege.de\/fr\/wp-json\/wp\/v2\/comments?post=55639"}],"version-history":[{"count":0,"href":"https:\/\/mlsbeschlaege.de\/fr\/wp-json\/wp\/v2\/product\/55639\/revisions"}],"wp:featuredmedia":[{"embeddable":true,"href":"https:\/\/mlsbeschlaege.de\/fr\/wp-json\/wp\/v2\/media\/55640"}],"wp:attachment":[{"href":"https:\/\/mlsbeschlaege.de\/fr\/wp-json\/wp\/v2\/media?parent=55639"}],"wp:term":[{"taxonomy":"product_brand","embeddable":true,"href":"https:\/\/mlsbeschlaege.de\/fr\/wp-json\/wp\/v2\/product_brand?post=55639"},{"taxonomy":"product_cat","embeddable":true,"href":"https:\/\/mlsbeschlaege.de\/fr\/wp-json\/wp\/v2\/product_cat?post=55639"},{"taxonomy":"product_tag","embeddable":true,"href":"https:\/\/mlsbeschlaege.de\/fr\/wp-json\/wp\/v2\/product_tag?post=55639"}],"curies":[{"name":"wp","href":"https:\/\/api.w.org\/{rel}","templated":true}]}}