{"id":55590,"date":"2017-08-27T21:25:19","date_gmt":"2017-08-27T19:25:19","guid":{"rendered":"https:\/\/mlsbeschlaege.de\/produkt\/fixation-murale-pour-portes-avec-plinthe\/"},"modified":"2026-02-20T10:49:27","modified_gmt":"2026-02-20T09:49:27","slug":"fixation-murale-pour-portes-avec-plinthe","status":"publish","type":"product","link":"https:\/\/mlsbeschlaege.de\/fr\/produit\/fixation-murale-pour-portes-avec-plinthe\/","title":{"rendered":"Fixation murale pour portes avec plinthe"},"content":{"rendered":"<h2><strong>Syst\u00e8me de porte coulissante WDU<\/strong><\/h2>\n<p>Le syst\u00e8me de porte coulissante WDU en acier inoxydable se caract\u00e9rise par une finition excellente et soign\u00e9e.<br \/>\nLes pi\u00e8ces m\u00e9talliques sont fabriqu\u00e9es en acier inoxydable V2A ( 1.4301 ), produites sur<br \/>\nsur notre tour MAZAK \u00e0 haute performance et finalement polies \u00e0 la main au grain 240-400.<br \/>\nUne qualit\u00e9 \u00e9lev\u00e9e constante et un aspect convaincant sont ainsi garantis \u00e0 long terme.<br \/>\nChaque galet contient deux roulements \u00e0 billes haute performance, ce qui garantit un fonctionnement silencieux et une capacit\u00e9 de charge \u00e9lev\u00e9e.<br \/>\nLes accessoires sont disponibles imm\u00e9diatement dans notre stock de pi\u00e8ces d\u00e9tach\u00e9es.<br \/>\nLongueurs sp\u00e9ciales en 1 partie jusqu&#8217;\u00e0 2,70 m\u00e8tres lin\u00e9aires et en 2 parties jusqu&#8217;\u00e0 5,40 m\u00e8tres lin\u00e9aires<br \/>\nAutres versions sur demande<\/p>\n<script>function getWR360PopupSkin(){return 'dark_clean';}<\/script>","protected":false},"excerpt":{"rendered":"<div class=\"col-md-5\"><img decoding=\"async\" style=\"float: left;padding: 0 30px 15px 0\" src=\"https:\/\/mlsbeschlaege.de\/wp-content\/uploads\/drawings\/0100-0127.png\"><\/div>\n<div class=\"col-md-7\">\n<ul>\n<li>sur la ma\u00e7onnerie avec plinthe<\/li>\n<li>Vis \u00e0 double filetage M8<\/li>\n<\/ul>\n<p><i class=\"fa fa-file-pdf-o\"><\/i><a href=\"https:\/\/mlsbeschlaege.de\/wp-content\/uploads\/docs\/MLS_Katalog_Schiebeturbeschlage.pdf\" target=\"_blank\" rel=\"noopener noreferrer\">  Catalogue de quincaillerie pour portes coulissantes<\/a><\/p>\n<p>[member_only]<\/p>\n<p><i class=\"fa fa-euro\"><\/i><a href=\"https:\/\/mlsbeschlaege.de\/wp-content\/uploads\/2022\/09\/B2B-Preisliste-08.2022-Schiebetuerbeschlage-DE-netto-netto.pdf\" target=\"_blank\" rel=\"noopener noreferrer\">  Ferrure de porte coulissante Liste de prix<\/a><\/p>\n<p>[\/member_only]<\/p>\n<p><i class=\"fa fa-euro\"><\/i><a href=\"https:\/\/mlsbeschlaege.de\/wp-content\/uploads\/docs\/Montageanleitung_Schiebeturbeschlage.pdf\" target=\"_blank\" rel=\"noopener noreferrer\">  Ferrures de portes coulissantes Instructions de montage<\/a><\/p>\n<\/div>\n<table id=\"tabelka\">\n<tbody>\n<tr>\n<td>L (mm)<\/td>\n<td>Porte<\/td>\n<td>Art. &#8211; No.<\/td>\n<\/tr>\n<tr>\n<td>17<\/td>\n<td>Porte en verre<\/td>\n<td>0100 &#8211; 0127<\/td>\n<\/tr>\n<tr>\n<td>31<\/td>\n<td>Porte en bois<\/td>\n<td>0100 &#8211; 0128<\/td>\n<\/tr>\n<\/tbody>\n<\/table>\n","protected":false},"featured_media":55592,"comment_status":"open","ping_status":"closed","template":"","meta":{"pgc_sgb_lightbox_settings":"","_links_to":"","_links_to_target":""},"product_brand":[],"product_cat":[641,642],"product_tag":[],"class_list":{"0":"post-55590","1":"product","2":"type-product","3":"status-publish","4":"has-post-thumbnail","6":"product_cat-ferrures-pour-portes-coulissantes","7":"product_cat-ferrures-pour-portes-coulissantes-accessoires","8":"product_shipping_class-klasa-a","11":"first","12":"instock","13":"taxable","14":"shipping-taxable","15":"product-type-variable"},"yoast_head":"<!-- This site is optimized with the Yoast SEO plugin v26.6 - https:\/\/yoast.com\/wordpress\/plugins\/seo\/ -->\n<title>Fixation murale pour portes avec plinthe - MLS Beschl\u00e4ge<\/title>\n<meta name=\"robots\" content=\"index, follow, max-snippet:-1, max-image-preview:large, max-video-preview:-1\" \/>\n<link rel=\"canonical\" href=\"https:\/\/mlsbeschlaege.de\/fr\/produit\/fixation-murale-pour-portes-avec-plinthe\/\" \/>\n<meta property=\"og:locale\" content=\"fr_FR\" \/>\n<meta property=\"og:type\" content=\"article\" \/>\n<meta property=\"og:title\" content=\"Fixation murale pour portes avec plinthe - MLS Beschl\u00e4ge\" \/>\n<meta property=\"og:description\" content=\"sur la ma\u00e7onnerie avec plinthe  Vis \u00e0 double filetage M8  Catalogue de quincaillerie pour portes coulissantes [member_only]  Ferrure de porte coulissante Liste de prix [\/member_only]  Ferrures de portes coulissantes Instructions de montage   L (mm) Porte Art. - No.  17 Porte en verre 0100 - 0127  31 Porte en bois 0100 - 0128\" \/>\n<meta property=\"og:url\" content=\"https:\/\/mlsbeschlaege.de\/fr\/produit\/fixation-murale-pour-portes-avec-plinthe\/\" \/>\n<meta property=\"og:site_name\" content=\"MLS Beschl\u00e4ge\" \/>\n<meta property=\"article:modified_time\" content=\"2026-02-20T09:49:27+00:00\" \/>\n<meta property=\"og:image\" content=\"https:\/\/mlsbeschlaege.de\/wp-content\/uploads\/2017\/08\/0100-0127.png\" \/>\n\t<meta property=\"og:image:width\" content=\"744\" \/>\n\t<meta property=\"og:image:height\" content=\"744\" \/>\n\t<meta property=\"og:image:type\" content=\"image\/png\" \/>\n<meta name=\"twitter:card\" content=\"summary_large_image\" \/>\n<meta name=\"twitter:label1\" content=\"Dur\u00e9e de lecture estim\u00e9e\" \/>\n\t<meta name=\"twitter:data1\" content=\"1 minute\" \/>\n<script type=\"application\/ld+json\" class=\"yoast-schema-graph\">{\"@context\":\"https:\/\/schema.org\",\"@graph\":[{\"@type\":\"WebPage\",\"@id\":\"https:\/\/mlsbeschlaege.de\/fr\/produit\/fixation-murale-pour-portes-avec-plinthe\/\",\"url\":\"https:\/\/mlsbeschlaege.de\/fr\/produit\/fixation-murale-pour-portes-avec-plinthe\/\",\"name\":\"Fixation murale pour portes avec plinthe - MLS Beschl\u00e4ge\",\"isPartOf\":{\"@id\":\"https:\/\/mlsbeschlaege.de\/fr\/#website\"},\"primaryImageOfPage\":{\"@id\":\"https:\/\/mlsbeschlaege.de\/fr\/produit\/fixation-murale-pour-portes-avec-plinthe\/#primaryimage\"},\"image\":{\"@id\":\"https:\/\/mlsbeschlaege.de\/fr\/produit\/fixation-murale-pour-portes-avec-plinthe\/#primaryimage\"},\"thumbnailUrl\":\"https:\/\/mlsbeschlaege.de\/wp-content\/uploads\/2017\/08\/0100-0127.png\",\"datePublished\":\"2017-08-27T19:25:19+00:00\",\"dateModified\":\"2026-02-20T09:49:27+00:00\",\"breadcrumb\":{\"@id\":\"https:\/\/mlsbeschlaege.de\/fr\/produit\/fixation-murale-pour-portes-avec-plinthe\/#breadcrumb\"},\"inLanguage\":\"fr-FR\",\"potentialAction\":[{\"@type\":\"ReadAction\",\"target\":[\"https:\/\/mlsbeschlaege.de\/fr\/produit\/fixation-murale-pour-portes-avec-plinthe\/\"]}]},{\"@type\":\"ImageObject\",\"inLanguage\":\"fr-FR\",\"@id\":\"https:\/\/mlsbeschlaege.de\/fr\/produit\/fixation-murale-pour-portes-avec-plinthe\/#primaryimage\",\"url\":\"https:\/\/mlsbeschlaege.de\/wp-content\/uploads\/2017\/08\/0100-0127.png\",\"contentUrl\":\"https:\/\/mlsbeschlaege.de\/wp-content\/uploads\/2017\/08\/0100-0127.png\",\"width\":744,\"height\":744},{\"@type\":\"BreadcrumbList\",\"@id\":\"https:\/\/mlsbeschlaege.de\/fr\/produit\/fixation-murale-pour-portes-avec-plinthe\/#breadcrumb\",\"itemListElement\":[{\"@type\":\"ListItem\",\"position\":1,\"name\":\"Strona g\u0142\u00f3wna\",\"item\":\"https:\/\/mlsbeschlaege.de\/fr\/\"},{\"@type\":\"ListItem\",\"position\":2,\"name\":\"Boutique\",\"item\":\"https:\/\/mlsbeschlaege.de\/shop\/\"},{\"@type\":\"ListItem\",\"position\":3,\"name\":\"Fixation murale pour portes avec plinthe\"}]},{\"@type\":\"WebSite\",\"@id\":\"https:\/\/mlsbeschlaege.de\/fr\/#website\",\"url\":\"https:\/\/mlsbeschlaege.de\/fr\/\",\"name\":\"MLS Beschl\u00e4ge\",\"description\":\"Qualit\u00e4t Beschlaege aus Edelstahl und Aluminium f\u00fcr Glas und Holz Anwendungen\",\"potentialAction\":[{\"@type\":\"SearchAction\",\"target\":{\"@type\":\"EntryPoint\",\"urlTemplate\":\"https:\/\/mlsbeschlaege.de\/fr\/?s={search_term_string}\"},\"query-input\":{\"@type\":\"PropertyValueSpecification\",\"valueRequired\":true,\"valueName\":\"search_term_string\"}}],\"inLanguage\":\"fr-FR\"}]}<\/script>\n<!-- \/ Yoast SEO plugin. -->","yoast_head_json":{"title":"Fixation murale pour portes avec plinthe - MLS Beschl\u00e4ge","robots":{"index":"index","follow":"follow","max-snippet":"max-snippet:-1","max-image-preview":"max-image-preview:large","max-video-preview":"max-video-preview:-1"},"canonical":"https:\/\/mlsbeschlaege.de\/fr\/produit\/fixation-murale-pour-portes-avec-plinthe\/","og_locale":"fr_FR","og_type":"article","og_title":"Fixation murale pour portes avec plinthe - MLS Beschl\u00e4ge","og_description":"sur la ma\u00e7onnerie avec plinthe  Vis \u00e0 double filetage M8  Catalogue de quincaillerie pour portes coulissantes [member_only]  Ferrure de porte coulissante Liste de prix [\/member_only]  Ferrures de portes coulissantes Instructions de montage   L (mm) Porte Art. - No.  17 Porte en verre 0100 - 0127  31 Porte en bois 0100 - 0128","og_url":"https:\/\/mlsbeschlaege.de\/fr\/produit\/fixation-murale-pour-portes-avec-plinthe\/","og_site_name":"MLS Beschl\u00e4ge","article_modified_time":"2026-02-20T09:49:27+00:00","og_image":[{"width":744,"height":744,"url":"https:\/\/mlsbeschlaege.de\/wp-content\/uploads\/2017\/08\/0100-0127.png","type":"image\/png"}],"twitter_card":"summary_large_image","twitter_misc":{"Dur\u00e9e de lecture estim\u00e9e":"1 minute"},"schema":{"@context":"https:\/\/schema.org","@graph":[{"@type":"WebPage","@id":"https:\/\/mlsbeschlaege.de\/fr\/produit\/fixation-murale-pour-portes-avec-plinthe\/","url":"https:\/\/mlsbeschlaege.de\/fr\/produit\/fixation-murale-pour-portes-avec-plinthe\/","name":"Fixation murale pour portes avec plinthe - MLS Beschl\u00e4ge","isPartOf":{"@id":"https:\/\/mlsbeschlaege.de\/fr\/#website"},"primaryImageOfPage":{"@id":"https:\/\/mlsbeschlaege.de\/fr\/produit\/fixation-murale-pour-portes-avec-plinthe\/#primaryimage"},"image":{"@id":"https:\/\/mlsbeschlaege.de\/fr\/produit\/fixation-murale-pour-portes-avec-plinthe\/#primaryimage"},"thumbnailUrl":"https:\/\/mlsbeschlaege.de\/wp-content\/uploads\/2017\/08\/0100-0127.png","datePublished":"2017-08-27T19:25:19+00:00","dateModified":"2026-02-20T09:49:27+00:00","breadcrumb":{"@id":"https:\/\/mlsbeschlaege.de\/fr\/produit\/fixation-murale-pour-portes-avec-plinthe\/#breadcrumb"},"inLanguage":"fr-FR","potentialAction":[{"@type":"ReadAction","target":["https:\/\/mlsbeschlaege.de\/fr\/produit\/fixation-murale-pour-portes-avec-plinthe\/"]}]},{"@type":"ImageObject","inLanguage":"fr-FR","@id":"https:\/\/mlsbeschlaege.de\/fr\/produit\/fixation-murale-pour-portes-avec-plinthe\/#primaryimage","url":"https:\/\/mlsbeschlaege.de\/wp-content\/uploads\/2017\/08\/0100-0127.png","contentUrl":"https:\/\/mlsbeschlaege.de\/wp-content\/uploads\/2017\/08\/0100-0127.png","width":744,"height":744},{"@type":"BreadcrumbList","@id":"https:\/\/mlsbeschlaege.de\/fr\/produit\/fixation-murale-pour-portes-avec-plinthe\/#breadcrumb","itemListElement":[{"@type":"ListItem","position":1,"name":"Strona g\u0142\u00f3wna","item":"https:\/\/mlsbeschlaege.de\/fr\/"},{"@type":"ListItem","position":2,"name":"Boutique","item":"https:\/\/mlsbeschlaege.de\/shop\/"},{"@type":"ListItem","position":3,"name":"Fixation murale pour portes avec plinthe"}]},{"@type":"WebSite","@id":"https:\/\/mlsbeschlaege.de\/fr\/#website","url":"https:\/\/mlsbeschlaege.de\/fr\/","name":"MLS Beschl\u00e4ge","description":"Qualit\u00e4t Beschlaege aus Edelstahl und Aluminium f\u00fcr Glas und Holz Anwendungen","potentialAction":[{"@type":"SearchAction","target":{"@type":"EntryPoint","urlTemplate":"https:\/\/mlsbeschlaege.de\/fr\/?s={search_term_string}"},"query-input":{"@type":"PropertyValueSpecification","valueRequired":true,"valueName":"search_term_string"}}],"inLanguage":"fr-FR"}]}},"_links":{"self":[{"href":"https:\/\/mlsbeschlaege.de\/fr\/wp-json\/wp\/v2\/product\/55590","targetHints":{"allow":["GET"]}}],"collection":[{"href":"https:\/\/mlsbeschlaege.de\/fr\/wp-json\/wp\/v2\/product"}],"about":[{"href":"https:\/\/mlsbeschlaege.de\/fr\/wp-json\/wp\/v2\/types\/product"}],"replies":[{"embeddable":true,"href":"https:\/\/mlsbeschlaege.de\/fr\/wp-json\/wp\/v2\/comments?post=55590"}],"version-history":[{"count":0,"href":"https:\/\/mlsbeschlaege.de\/fr\/wp-json\/wp\/v2\/product\/55590\/revisions"}],"wp:featuredmedia":[{"embeddable":true,"href":"https:\/\/mlsbeschlaege.de\/fr\/wp-json\/wp\/v2\/media\/55592"}],"wp:attachment":[{"href":"https:\/\/mlsbeschlaege.de\/fr\/wp-json\/wp\/v2\/media?parent=55590"}],"wp:term":[{"taxonomy":"product_brand","embeddable":true,"href":"https:\/\/mlsbeschlaege.de\/fr\/wp-json\/wp\/v2\/product_brand?post=55590"},{"taxonomy":"product_cat","embeddable":true,"href":"https:\/\/mlsbeschlaege.de\/fr\/wp-json\/wp\/v2\/product_cat?post=55590"},{"taxonomy":"product_tag","embeddable":true,"href":"https:\/\/mlsbeschlaege.de\/fr\/wp-json\/wp\/v2\/product_tag?post=55590"}],"curies":[{"name":"wp","href":"https:\/\/api.w.org\/{rel}","templated":true}]}}