{"id":55336,"date":"2017-10-15T19:33:18","date_gmt":"2017-10-15T17:33:18","guid":{"rendered":"https:\/\/mlsbeschlaege.de\/produkt\/hublot-b4000-a8\/"},"modified":"2026-03-19T13:56:34","modified_gmt":"2026-03-19T12:56:34","slug":"hublot-b4000-a8","status":"publish","type":"product","link":"https:\/\/mlsbeschlaege.de\/fr\/produit\/hublot-b4000-a8\/","title":{"rendered":"Hublot B4000 A8"},"content":{"rendered":"<h2><strong>Hublot en aluminium noir mat<\/strong><\/h2>\n<p>Les hublots ronds en aluminium noir mat sont adapt\u00e9s \u00e0 l&#8217;installation dans les portes int\u00e9rieures. Caract\u00e9ris\u00e9 par une qualit\u00e9 de finition parfaite, le hublot avec verre feuillet\u00e9 est une solution unique et ultramoderne pour la d\u00e9coration de votre maison ou de votre espace de travail. Le hublot convient pour une \u00e9paisseur de panneau de porte de 40 mm (+\/- 2 mm). Le hublot rond pour porte int\u00e9rieure est \u00e9quip\u00e9 d&#8217;un panneau de verre d\u00e9poli en verre de s\u00e9curit\u00e9 feuillet\u00e9 d&#8217;une \u00e9paisseur de 4 mm. Il peut donc \u00eatre utilis\u00e9 \u00e0 n&#8217;importe quelle hauteur. Parmi les autres avantages de design de la fen\u00eatre de porte, on compte \u00e9galement le vissage visible des deux c\u00f4t\u00e9s, qui conf\u00e8re \u00e0 la porte un style moderne.     <\/p>\n<p>Les hublots de porte sont garantis 2 ans.<\/p>\n<h2><strong>Possibilit\u00e9s d&#8217;utilisation du hublot rond<\/strong><\/h2>\n<p>La fen\u00eatre hublot en aluminium noir mat avec verre de s\u00e9curit\u00e9 feuillet\u00e9 peut \u00eatre install\u00e9e sur les portes int\u00e9rieures de votre appartement, maison ou bureau. Elles y s\u00e9duiront par leur aspect ultramoderne et leur haute qualit\u00e9 de finition. Les possibilit\u00e9s d&#8217;utilisation sont presque illimit\u00e9es ! Laissez libre cours \u00e0 votre imagination et donnez \u00e0 votre int\u00e9rieur un nouveau look admirable.   <\/p>\n<h3><strong>Contenu de la livraison :<\/strong><\/h3>\n<ul>\n<li>2 anneaux m\u00e9talliques en aluminium aspect inox<\/li>\n<li>1 panneau de verre VSG 4 mm<\/li>\n<li>Mat\u00e9riel de fixation<\/li>\n<\/ul>\n<p>Consultez \u00e9galement d&#8217;autres offres dans notre boutique en ligne &#8211; vous y trouverez d&#8217;autres diam\u00e8tres et d&#8217;autres variantes de vitrage (verre clair et verre d\u00e9poli).<\/p>\n<script>function getWR360PopupSkin(){return 'dark_clean';}<\/script>","protected":false},"excerpt":{"rendered":"<div class=\"col-md-5\"><img decoding=\"async\" style=\"float: left; padding: 0 30px 15px 0;\" src=\"https:\/\/mlsbeschlaege.de\/wp-content\/uploads\/drawings\/bullaugen.svg\"><\/div>\n<div class=\"col-md-7\">\n<ul>\n<li>d&#8217;une qualit\u00e9 d&#8217;ex\u00e9cution parfaite<\/li>\n<li>pour panneau de porte 40 mm (+\/- 2 mm)<\/li>\n<li>deux anneaux m\u00e9talliques en aluminium &#8211; noir mat<\/li>\n<li>un panneau de verre VSG 4 mm<\/li>\n<li>Fixation par vis visibles des deux c\u00f4t\u00e9s<\/li>\n<\/ul>\n<p><i class=\"fa fa-video-camera\"><\/i><a href=\"#\">[video_popup url=\"https:\/\/mlsbeschlaege.de\/wp-content\/uploads\/2023\/05\/MLS-B_4000.mp4\" text=\"  Vid\u00e9o B4000\" wrap=\"1\"]<\/a><\/p>\n<p><i class=\"fa fa-file-pdf-o\"><\/i><a id=\"link-to-assembly-instruction\" href=\"https:\/\/mlsbeschlaege.de\/wp-content\/uploads\/docs\/B4000_A8fr.pdf\" target=\"_blank\" rel=\"noopener noreferrer\">  Instructions de montage hublots<\/a> <img decoding=\"async\" style=\"display:none;height:16px;padding-left:10px;\" id=\"link-to-assembly-instruction-flag-de\" height=\"16px\" src=\"https:\/\/mlsbeschlaege.de\/wp-content\/uploads\/flag-fr.webp\"> <img decoding=\"async\" style=\"display:none;height:16px;padding-left:10px;\" id=\"link-to-assembly-instruction-flag-other\" height=\"16px\" src=\"https:\/\/mlsbeschlaege.de\/wp-content\/uploads\/flag-enesfrit.webp\"><br \/>\n<br \/><script>\ndocument.addEventListener('DOMContentLoaded', function() {\n    const userLang = navigator.language || navigator.userLanguage;\n    const link = document.querySelector('#link-to-assembly-instruction');\n    const flagDe = document.querySelector('#link-to-assembly-instruction-flag-de');\n    const flagOther = document.querySelector('#link-to-assembly-instruction-flag-other');\n    if (userLang.startsWith('fr')) {\n        link.textContent = ' Instructions de montage hublots';\n        link.href=\"https:\/\/mlsbeschlaege.de\/wp-content\/uploads\/docs\/B4000_A8fr.pdf\"\n        flagDe.style.display = \"inline-block\";\n        flagOther.style.display = \"none\";\n    } else {\n        link.textContent = ' Installation instructions for portholes';\n        link.href=\"https:\/\/mlsbeschlaege.de\/wp-content\/uploads\/docs\/b4000a8.pdf\"\n        flagOther.style.display = \"inline-block\";\n        flagDe.style.display = \"none\";\n    }\n});\n<\/script><\/p>\n<p><i class=\"fa fa-file-pdf-o\"><\/i><a href=\"https:\/\/mlsbeschlaege.de\/wp-content\/uploads\/docs\/MLS_Katalog_Bullaugen.pdf\" target=\"_blank\" rel=\"noopener noreferrer\">  Catalogue des hublots<\/a><\/p>\n<p><i class=\"fa fa-euro\"><\/i><a href=\"https:\/\/mlsbeschlaege.de\/wp-content\/uploads\/docs\/B2B-Preisliste-Bullaugen-DE.pdf\" target=\"_blank\" rel=\"noopener noreferrer\">  Liste de prix hublots A8<\/a><\/p>\n<div class=\"ico-360\">\n[wr360expand name=\"view04\" browserfs=\"true\" config=\"https:\/\/mlsbeschlaege.de\/wp-content\/uploads\/360\/b4000a8\/b4000a88.xml\"]<\/p>\n<p class=\"text-center\">Pr\u00e9sentation \u00e0 360<\/p>\n<p>[\/wr360expand]\n<\/div>\n<\/div>\n<table id=\"tabelka\">\n<tbody>\n<tr>\n<td>D (mm)<\/td>\n<td>d (mm)<\/td>\n<td>B (mm)<\/td>\n<td>clair<\/td>\n<td>mat<\/td>\n<\/tr>\n<tr>\n<td>250<\/td>\n<td>195<\/td>\n<td>235<\/td>\n<td>0180-0140-A8<\/td>\n<td>0180-0160-A8<\/td>\n<\/tr>\n<tr>\n<td>300<\/td>\n<td>240<\/td>\n<td>280<\/td>\n<td>0180-0141-A8<\/td>\n<td>0180-0161-A8<\/td>\n<\/tr>\n<tr>\n<td>350<\/td>\n<td>280<\/td>\n<td>330<\/td>\n<td>0180-0142-A8<\/td>\n<td>0180-0162-A8<\/td>\n<\/tr>\n<tr>\n<td>400<\/td>\n<td>310<\/td>\n<td>370<\/td>\n<td>0180-0143-A8<\/td>\n<td>0180-0163-A8<\/td>\n<\/tr>\n<\/tbody>\n<\/table>\n","protected":false},"featured_media":55149,"comment_status":"open","ping_status":"closed","template":"","meta":{"pgc_sgb_lightbox_settings":"","_links_to":"","_links_to_target":""},"product_brand":[],"product_cat":[626,628],"product_tag":[],"class_list":{"0":"post-55336","1":"product","2":"type-product","3":"status-publish","4":"has-post-thumbnail","6":"product_cat-aluminium-noir","7":"product_cat-hublots","8":"product_shipping_class-klasa-a","11":"first","12":"instock","13":"taxable","14":"shipping-taxable","15":"product-type-variable"},"yoast_head":"<!-- This site is optimized with the Yoast SEO plugin v26.6 - https:\/\/yoast.com\/wordpress\/plugins\/seo\/ -->\n<title>Hublot B4000 A8 - MLS Beschl\u00e4ge<\/title>\n<meta name=\"robots\" content=\"index, follow, max-snippet:-1, max-image-preview:large, max-video-preview:-1\" \/>\n<link rel=\"canonical\" href=\"https:\/\/mlsbeschlaege.de\/fr\/produit\/hublot-b4000-a8\/\" \/>\n<meta property=\"og:locale\" content=\"fr_FR\" \/>\n<meta property=\"og:type\" content=\"article\" \/>\n<meta property=\"og:title\" content=\"Hublot B4000 A8 - MLS Beschl\u00e4ge\" \/>\n<meta property=\"og:description\" content=\"d&#039;une qualit\u00e9 d&#039;ex\u00e9cution parfaite  pour panneau de porte 40 mm (+\/- 2 mm)  deux anneaux m\u00e9talliques en aluminium - noir mat  un panneau de verre VSG 4 mm  Fixation par vis visibles des deux c\u00f4t\u00e9s     Instructions de montage hublots     Catalogue des hublots   Liste de prix hublots A8          D (mm) d (mm) B (mm) clair mat   250 195 235 0180-0140-A8 0180-0160-A8   300 240 280 0180-0141-A8 0180-0161-A8   350 280 330 0180-0142-A8 0180-0162-A8   400 310 370 0180-0143-A8 0180-0163-A8\" \/>\n<meta property=\"og:url\" content=\"https:\/\/mlsbeschlaege.de\/fr\/produit\/hublot-b4000-a8\/\" \/>\n<meta property=\"og:site_name\" content=\"MLS Beschl\u00e4ge\" \/>\n<meta property=\"article:modified_time\" content=\"2026-03-19T12:56:34+00:00\" \/>\n<meta property=\"og:image\" content=\"https:\/\/mlsbeschlaege.de\/wp-content\/uploads\/2017\/10\/B4000A8p1.png\" \/>\n\t<meta property=\"og:image:width\" content=\"1000\" \/>\n\t<meta property=\"og:image:height\" content=\"1000\" \/>\n\t<meta property=\"og:image:type\" content=\"image\/png\" \/>\n<meta name=\"twitter:card\" content=\"summary_large_image\" \/>\n<meta name=\"twitter:label1\" content=\"Dur\u00e9e de lecture estim\u00e9e\" \/>\n\t<meta name=\"twitter:data1\" content=\"2 minutes\" \/>\n<script type=\"application\/ld+json\" class=\"yoast-schema-graph\">{\"@context\":\"https:\/\/schema.org\",\"@graph\":[{\"@type\":\"WebPage\",\"@id\":\"https:\/\/mlsbeschlaege.de\/fr\/produit\/hublot-b4000-a8\/\",\"url\":\"https:\/\/mlsbeschlaege.de\/fr\/produit\/hublot-b4000-a8\/\",\"name\":\"Hublot B4000 A8 - MLS Beschl\u00e4ge\",\"isPartOf\":{\"@id\":\"https:\/\/mlsbeschlaege.de\/fr\/#website\"},\"primaryImageOfPage\":{\"@id\":\"https:\/\/mlsbeschlaege.de\/fr\/produit\/hublot-b4000-a8\/#primaryimage\"},\"image\":{\"@id\":\"https:\/\/mlsbeschlaege.de\/fr\/produit\/hublot-b4000-a8\/#primaryimage\"},\"thumbnailUrl\":\"https:\/\/mlsbeschlaege.de\/wp-content\/uploads\/2017\/10\/B4000A8p1.png\",\"datePublished\":\"2017-10-15T17:33:18+00:00\",\"dateModified\":\"2026-03-19T12:56:34+00:00\",\"breadcrumb\":{\"@id\":\"https:\/\/mlsbeschlaege.de\/fr\/produit\/hublot-b4000-a8\/#breadcrumb\"},\"inLanguage\":\"fr-FR\",\"potentialAction\":[{\"@type\":\"ReadAction\",\"target\":[\"https:\/\/mlsbeschlaege.de\/fr\/produit\/hublot-b4000-a8\/\"]}]},{\"@type\":\"ImageObject\",\"inLanguage\":\"fr-FR\",\"@id\":\"https:\/\/mlsbeschlaege.de\/fr\/produit\/hublot-b4000-a8\/#primaryimage\",\"url\":\"https:\/\/mlsbeschlaege.de\/wp-content\/uploads\/2017\/10\/B4000A8p1.png\",\"contentUrl\":\"https:\/\/mlsbeschlaege.de\/wp-content\/uploads\/2017\/10\/B4000A8p1.png\",\"width\":1000,\"height\":1000},{\"@type\":\"BreadcrumbList\",\"@id\":\"https:\/\/mlsbeschlaege.de\/fr\/produit\/hublot-b4000-a8\/#breadcrumb\",\"itemListElement\":[{\"@type\":\"ListItem\",\"position\":1,\"name\":\"Strona g\u0142\u00f3wna\",\"item\":\"https:\/\/mlsbeschlaege.de\/fr\/\"},{\"@type\":\"ListItem\",\"position\":2,\"name\":\"Boutique\",\"item\":\"https:\/\/mlsbeschlaege.de\/shop\/\"},{\"@type\":\"ListItem\",\"position\":3,\"name\":\"Hublot B4000 A8\"}]},{\"@type\":\"WebSite\",\"@id\":\"https:\/\/mlsbeschlaege.de\/fr\/#website\",\"url\":\"https:\/\/mlsbeschlaege.de\/fr\/\",\"name\":\"MLS Beschl\u00e4ge\",\"description\":\"Qualit\u00e4t Beschlaege aus Edelstahl und Aluminium f\u00fcr Glas und Holz Anwendungen\",\"potentialAction\":[{\"@type\":\"SearchAction\",\"target\":{\"@type\":\"EntryPoint\",\"urlTemplate\":\"https:\/\/mlsbeschlaege.de\/fr\/?s={search_term_string}\"},\"query-input\":{\"@type\":\"PropertyValueSpecification\",\"valueRequired\":true,\"valueName\":\"search_term_string\"}}],\"inLanguage\":\"fr-FR\"}]}<\/script>\n<!-- \/ Yoast SEO plugin. -->","yoast_head_json":{"title":"Hublot B4000 A8 - MLS Beschl\u00e4ge","robots":{"index":"index","follow":"follow","max-snippet":"max-snippet:-1","max-image-preview":"max-image-preview:large","max-video-preview":"max-video-preview:-1"},"canonical":"https:\/\/mlsbeschlaege.de\/fr\/produit\/hublot-b4000-a8\/","og_locale":"fr_FR","og_type":"article","og_title":"Hublot B4000 A8 - MLS Beschl\u00e4ge","og_description":"d'une qualit\u00e9 d'ex\u00e9cution parfaite  pour panneau de porte 40 mm (+\/- 2 mm)  deux anneaux m\u00e9talliques en aluminium - noir mat  un panneau de verre VSG 4 mm  Fixation par vis visibles des deux c\u00f4t\u00e9s     Instructions de montage hublots     Catalogue des hublots   Liste de prix hublots A8          D (mm) d (mm) B (mm) clair mat   250 195 235 0180-0140-A8 0180-0160-A8   300 240 280 0180-0141-A8 0180-0161-A8   350 280 330 0180-0142-A8 0180-0162-A8   400 310 370 0180-0143-A8 0180-0163-A8","og_url":"https:\/\/mlsbeschlaege.de\/fr\/produit\/hublot-b4000-a8\/","og_site_name":"MLS Beschl\u00e4ge","article_modified_time":"2026-03-19T12:56:34+00:00","og_image":[{"width":1000,"height":1000,"url":"https:\/\/mlsbeschlaege.de\/wp-content\/uploads\/2017\/10\/B4000A8p1.png","type":"image\/png"}],"twitter_card":"summary_large_image","twitter_misc":{"Dur\u00e9e de lecture estim\u00e9e":"2 minutes"},"schema":{"@context":"https:\/\/schema.org","@graph":[{"@type":"WebPage","@id":"https:\/\/mlsbeschlaege.de\/fr\/produit\/hublot-b4000-a8\/","url":"https:\/\/mlsbeschlaege.de\/fr\/produit\/hublot-b4000-a8\/","name":"Hublot B4000 A8 - MLS Beschl\u00e4ge","isPartOf":{"@id":"https:\/\/mlsbeschlaege.de\/fr\/#website"},"primaryImageOfPage":{"@id":"https:\/\/mlsbeschlaege.de\/fr\/produit\/hublot-b4000-a8\/#primaryimage"},"image":{"@id":"https:\/\/mlsbeschlaege.de\/fr\/produit\/hublot-b4000-a8\/#primaryimage"},"thumbnailUrl":"https:\/\/mlsbeschlaege.de\/wp-content\/uploads\/2017\/10\/B4000A8p1.png","datePublished":"2017-10-15T17:33:18+00:00","dateModified":"2026-03-19T12:56:34+00:00","breadcrumb":{"@id":"https:\/\/mlsbeschlaege.de\/fr\/produit\/hublot-b4000-a8\/#breadcrumb"},"inLanguage":"fr-FR","potentialAction":[{"@type":"ReadAction","target":["https:\/\/mlsbeschlaege.de\/fr\/produit\/hublot-b4000-a8\/"]}]},{"@type":"ImageObject","inLanguage":"fr-FR","@id":"https:\/\/mlsbeschlaege.de\/fr\/produit\/hublot-b4000-a8\/#primaryimage","url":"https:\/\/mlsbeschlaege.de\/wp-content\/uploads\/2017\/10\/B4000A8p1.png","contentUrl":"https:\/\/mlsbeschlaege.de\/wp-content\/uploads\/2017\/10\/B4000A8p1.png","width":1000,"height":1000},{"@type":"BreadcrumbList","@id":"https:\/\/mlsbeschlaege.de\/fr\/produit\/hublot-b4000-a8\/#breadcrumb","itemListElement":[{"@type":"ListItem","position":1,"name":"Strona g\u0142\u00f3wna","item":"https:\/\/mlsbeschlaege.de\/fr\/"},{"@type":"ListItem","position":2,"name":"Boutique","item":"https:\/\/mlsbeschlaege.de\/shop\/"},{"@type":"ListItem","position":3,"name":"Hublot B4000 A8"}]},{"@type":"WebSite","@id":"https:\/\/mlsbeschlaege.de\/fr\/#website","url":"https:\/\/mlsbeschlaege.de\/fr\/","name":"MLS Beschl\u00e4ge","description":"Qualit\u00e4t Beschlaege aus Edelstahl und Aluminium f\u00fcr Glas und Holz Anwendungen","potentialAction":[{"@type":"SearchAction","target":{"@type":"EntryPoint","urlTemplate":"https:\/\/mlsbeschlaege.de\/fr\/?s={search_term_string}"},"query-input":{"@type":"PropertyValueSpecification","valueRequired":true,"valueName":"search_term_string"}}],"inLanguage":"fr-FR"}]}},"_links":{"self":[{"href":"https:\/\/mlsbeschlaege.de\/fr\/wp-json\/wp\/v2\/product\/55336","targetHints":{"allow":["GET"]}}],"collection":[{"href":"https:\/\/mlsbeschlaege.de\/fr\/wp-json\/wp\/v2\/product"}],"about":[{"href":"https:\/\/mlsbeschlaege.de\/fr\/wp-json\/wp\/v2\/types\/product"}],"replies":[{"embeddable":true,"href":"https:\/\/mlsbeschlaege.de\/fr\/wp-json\/wp\/v2\/comments?post=55336"}],"version-history":[{"count":1,"href":"https:\/\/mlsbeschlaege.de\/fr\/wp-json\/wp\/v2\/product\/55336\/revisions"}],"predecessor-version":[{"id":58198,"href":"https:\/\/mlsbeschlaege.de\/fr\/wp-json\/wp\/v2\/product\/55336\/revisions\/58198"}],"wp:featuredmedia":[{"embeddable":true,"href":"https:\/\/mlsbeschlaege.de\/fr\/wp-json\/wp\/v2\/media\/55149"}],"wp:attachment":[{"href":"https:\/\/mlsbeschlaege.de\/fr\/wp-json\/wp\/v2\/media?parent=55336"}],"wp:term":[{"taxonomy":"product_brand","embeddable":true,"href":"https:\/\/mlsbeschlaege.de\/fr\/wp-json\/wp\/v2\/product_brand?post=55336"},{"taxonomy":"product_cat","embeddable":true,"href":"https:\/\/mlsbeschlaege.de\/fr\/wp-json\/wp\/v2\/product_cat?post=55336"},{"taxonomy":"product_tag","embeddable":true,"href":"https:\/\/mlsbeschlaege.de\/fr\/wp-json\/wp\/v2\/product_tag?post=55336"}],"curies":[{"name":"wp","href":"https:\/\/api.w.org\/{rel}","templated":true}]}}