{"id":55312,"date":"2017-10-09T20:32:44","date_gmt":"2017-10-09T18:32:44","guid":{"rendered":"https:\/\/mlsbeschlaege.de\/produkt\/systeme-dauvent-omega-v\/"},"modified":"2026-02-20T10:46:05","modified_gmt":"2026-02-20T09:46:05","slug":"systeme-dauvent-omega-v","status":"publish","type":"product","link":"https:\/\/mlsbeschlaege.de\/fr\/produit\/systeme-dauvent-omega-v\/","title":{"rendered":"Syst\u00e8me d&#8217;auvent Omega V"},"content":{"rendered":"<div class=\"col-md-4\"><img decoding=\"async\" style=\"float: left; padding: 0 30px 15px 0; width: 100%;\" src=\"\/wp-content\/uploads\/drawings\/omegav1.png\"><\/div>\n<div class=\"col-md-4\"><img decoding=\"async\" style=\"float: left; padding: 0 30px 15px 0; width: 100%;\" src=\"\/wp-content\/uploads\/drawings\/omegav2.png\"><\/div>\n<div class=\"col-md-4\"><img decoding=\"async\" style=\"float: left; padding: 0 30px 15px 0; width: 100%;\" src=\"\/wp-content\/uploads\/drawings\/omegav3.png\"><\/div>\n<script>function getWR360PopupSkin(){return 'dark_clean';}<\/script>","protected":false},"excerpt":{"rendered":"<div class=\"col-md-12\" style=\"margin-top: 20px; margin-bottom: 50px;\">\n<p>Incl. 2xTVG 13,52mm <\/p>\n<p>TVG 6 mm + 1,52 film transparent + TVG 6 mm<\/p>\n<p><i class=\"fa fa-file-pdf-o\"><\/i><a href=\"https:\/\/mlsbeschlaege.de\/wp-content\/uploads\/docs\/MLS_Katalog_Vordachsysteme_Omega.pdf\" target=\"_blank\" rel=\"noopener noreferrer\">  Catalogue Omega<\/a><\/p>\n<p><i class=\"fa fa-euro\"><\/i><a href=\"\/wp-content\/uploads\/docs\/preisliste-vordachsysteme.pdf\" target=\"_blank\" rel=\"noopener noreferrer\">  Liste de prix des syst\u00e8mes d&#8217;avant-toit<\/a><\/p>\n<\/div>\n<table id=\"tabelka\">\n<tbody>\n<tr>\n<td>N\u00b0 d&#8217;art.<\/td>\n<td>Verre VSG (A x B)<\/td>\n<td>Fixation<\/td>\n<td>Tige de traction<\/td>\n<\/tr>\n<tr>\n<td>0480 &#8211; 0180<\/td>\n<td>1600 x 900<\/td>\n<td>2 x support <\/td>\n<td>1445<\/td>\n<\/tr>\n<\/tbody>\n<\/table>\n","protected":false},"featured_media":55313,"comment_status":"open","ping_status":"closed","template":"","meta":{"pgc_sgb_lightbox_settings":"","_links_to":"","_links_to_target":""},"product_brand":[],"product_cat":[649],"product_tag":[],"class_list":{"0":"post-55312","1":"product","2":"type-product","3":"status-publish","4":"has-post-thumbnail","6":"product_cat-systemes-dauvents","7":"product_shipping_class-klasa-g","10":"first","11":"instock","12":"taxable","13":"shipping-taxable","14":"purchasable","15":"product-type-simple"},"yoast_head":"<!-- This site is optimized with the Yoast SEO plugin v26.6 - https:\/\/yoast.com\/wordpress\/plugins\/seo\/ -->\n<title>Syst\u00e8me d&#039;auvent Omega V - MLS Beschl\u00e4ge<\/title>\n<meta name=\"robots\" content=\"index, follow, max-snippet:-1, max-image-preview:large, max-video-preview:-1\" \/>\n<link rel=\"canonical\" href=\"https:\/\/mlsbeschlaege.de\/fr\/produit\/systeme-dauvent-omega-v\/\" \/>\n<meta property=\"og:locale\" content=\"fr_FR\" \/>\n<meta property=\"og:type\" content=\"article\" \/>\n<meta property=\"og:title\" content=\"Syst\u00e8me d&#039;auvent Omega V - MLS Beschl\u00e4ge\" \/>\n<meta property=\"og:description\" content=\"Incl. 2xTVG 13,52mm TVG 6 mm + 1,52 film transparent + TVG 6 mm  Catalogue Omega  Liste de prix des syst\u00e8mes d&#039;avant-toit      N\u00b0 d&#039;art.  Verre VSG (A x B)  Fixation Tige de traction     0480 - 0180  1600 x 900  2 x support 1445\" \/>\n<meta property=\"og:url\" content=\"https:\/\/mlsbeschlaege.de\/fr\/produit\/systeme-dauvent-omega-v\/\" \/>\n<meta property=\"og:site_name\" content=\"MLS Beschl\u00e4ge\" \/>\n<meta property=\"article:modified_time\" content=\"2026-02-20T09:46:05+00:00\" \/>\n<meta property=\"og:image\" content=\"https:\/\/mlsbeschlaege.de\/wp-content\/uploads\/2017\/10\/omega_v.png\" \/>\n\t<meta property=\"og:image:width\" content=\"1280\" \/>\n\t<meta property=\"og:image:height\" content=\"720\" \/>\n\t<meta property=\"og:image:type\" content=\"image\/png\" \/>\n<meta name=\"twitter:card\" content=\"summary_large_image\" \/>\n<script type=\"application\/ld+json\" class=\"yoast-schema-graph\">{\"@context\":\"https:\/\/schema.org\",\"@graph\":[{\"@type\":\"WebPage\",\"@id\":\"https:\/\/mlsbeschlaege.de\/fr\/produit\/systeme-dauvent-omega-v\/\",\"url\":\"https:\/\/mlsbeschlaege.de\/fr\/produit\/systeme-dauvent-omega-v\/\",\"name\":\"Syst\u00e8me d'auvent Omega V - MLS Beschl\u00e4ge\",\"isPartOf\":{\"@id\":\"https:\/\/mlsbeschlaege.de\/fr\/#website\"},\"primaryImageOfPage\":{\"@id\":\"https:\/\/mlsbeschlaege.de\/fr\/produit\/systeme-dauvent-omega-v\/#primaryimage\"},\"image\":{\"@id\":\"https:\/\/mlsbeschlaege.de\/fr\/produit\/systeme-dauvent-omega-v\/#primaryimage\"},\"thumbnailUrl\":\"https:\/\/mlsbeschlaege.de\/wp-content\/uploads\/2017\/10\/omega_v.png\",\"datePublished\":\"2017-10-09T18:32:44+00:00\",\"dateModified\":\"2026-02-20T09:46:05+00:00\",\"breadcrumb\":{\"@id\":\"https:\/\/mlsbeschlaege.de\/fr\/produit\/systeme-dauvent-omega-v\/#breadcrumb\"},\"inLanguage\":\"fr-FR\",\"potentialAction\":[{\"@type\":\"ReadAction\",\"target\":[\"https:\/\/mlsbeschlaege.de\/fr\/produit\/systeme-dauvent-omega-v\/\"]}]},{\"@type\":\"ImageObject\",\"inLanguage\":\"fr-FR\",\"@id\":\"https:\/\/mlsbeschlaege.de\/fr\/produit\/systeme-dauvent-omega-v\/#primaryimage\",\"url\":\"https:\/\/mlsbeschlaege.de\/wp-content\/uploads\/2017\/10\/omega_v.png\",\"contentUrl\":\"https:\/\/mlsbeschlaege.de\/wp-content\/uploads\/2017\/10\/omega_v.png\",\"width\":1280,\"height\":720},{\"@type\":\"BreadcrumbList\",\"@id\":\"https:\/\/mlsbeschlaege.de\/fr\/produit\/systeme-dauvent-omega-v\/#breadcrumb\",\"itemListElement\":[{\"@type\":\"ListItem\",\"position\":1,\"name\":\"Strona g\u0142\u00f3wna\",\"item\":\"https:\/\/mlsbeschlaege.de\/fr\/\"},{\"@type\":\"ListItem\",\"position\":2,\"name\":\"Boutique\",\"item\":\"https:\/\/mlsbeschlaege.de\/shop\/\"},{\"@type\":\"ListItem\",\"position\":3,\"name\":\"Syst\u00e8me d&#8217;auvent Omega V\"}]},{\"@type\":\"WebSite\",\"@id\":\"https:\/\/mlsbeschlaege.de\/fr\/#website\",\"url\":\"https:\/\/mlsbeschlaege.de\/fr\/\",\"name\":\"MLS Beschl\u00e4ge\",\"description\":\"Qualit\u00e4t Beschlaege aus Edelstahl und Aluminium f\u00fcr Glas und Holz Anwendungen\",\"potentialAction\":[{\"@type\":\"SearchAction\",\"target\":{\"@type\":\"EntryPoint\",\"urlTemplate\":\"https:\/\/mlsbeschlaege.de\/fr\/?s={search_term_string}\"},\"query-input\":{\"@type\":\"PropertyValueSpecification\",\"valueRequired\":true,\"valueName\":\"search_term_string\"}}],\"inLanguage\":\"fr-FR\"}]}<\/script>\n<!-- \/ Yoast SEO plugin. -->","yoast_head_json":{"title":"Syst\u00e8me d'auvent Omega V - MLS Beschl\u00e4ge","robots":{"index":"index","follow":"follow","max-snippet":"max-snippet:-1","max-image-preview":"max-image-preview:large","max-video-preview":"max-video-preview:-1"},"canonical":"https:\/\/mlsbeschlaege.de\/fr\/produit\/systeme-dauvent-omega-v\/","og_locale":"fr_FR","og_type":"article","og_title":"Syst\u00e8me d'auvent Omega V - MLS Beschl\u00e4ge","og_description":"Incl. 2xTVG 13,52mm TVG 6 mm + 1,52 film transparent + TVG 6 mm  Catalogue Omega  Liste de prix des syst\u00e8mes d'avant-toit      N\u00b0 d'art.  Verre VSG (A x B)  Fixation Tige de traction     0480 - 0180  1600 x 900  2 x support 1445","og_url":"https:\/\/mlsbeschlaege.de\/fr\/produit\/systeme-dauvent-omega-v\/","og_site_name":"MLS Beschl\u00e4ge","article_modified_time":"2026-02-20T09:46:05+00:00","og_image":[{"width":1280,"height":720,"url":"https:\/\/mlsbeschlaege.de\/wp-content\/uploads\/2017\/10\/omega_v.png","type":"image\/png"}],"twitter_card":"summary_large_image","schema":{"@context":"https:\/\/schema.org","@graph":[{"@type":"WebPage","@id":"https:\/\/mlsbeschlaege.de\/fr\/produit\/systeme-dauvent-omega-v\/","url":"https:\/\/mlsbeschlaege.de\/fr\/produit\/systeme-dauvent-omega-v\/","name":"Syst\u00e8me d'auvent Omega V - MLS Beschl\u00e4ge","isPartOf":{"@id":"https:\/\/mlsbeschlaege.de\/fr\/#website"},"primaryImageOfPage":{"@id":"https:\/\/mlsbeschlaege.de\/fr\/produit\/systeme-dauvent-omega-v\/#primaryimage"},"image":{"@id":"https:\/\/mlsbeschlaege.de\/fr\/produit\/systeme-dauvent-omega-v\/#primaryimage"},"thumbnailUrl":"https:\/\/mlsbeschlaege.de\/wp-content\/uploads\/2017\/10\/omega_v.png","datePublished":"2017-10-09T18:32:44+00:00","dateModified":"2026-02-20T09:46:05+00:00","breadcrumb":{"@id":"https:\/\/mlsbeschlaege.de\/fr\/produit\/systeme-dauvent-omega-v\/#breadcrumb"},"inLanguage":"fr-FR","potentialAction":[{"@type":"ReadAction","target":["https:\/\/mlsbeschlaege.de\/fr\/produit\/systeme-dauvent-omega-v\/"]}]},{"@type":"ImageObject","inLanguage":"fr-FR","@id":"https:\/\/mlsbeschlaege.de\/fr\/produit\/systeme-dauvent-omega-v\/#primaryimage","url":"https:\/\/mlsbeschlaege.de\/wp-content\/uploads\/2017\/10\/omega_v.png","contentUrl":"https:\/\/mlsbeschlaege.de\/wp-content\/uploads\/2017\/10\/omega_v.png","width":1280,"height":720},{"@type":"BreadcrumbList","@id":"https:\/\/mlsbeschlaege.de\/fr\/produit\/systeme-dauvent-omega-v\/#breadcrumb","itemListElement":[{"@type":"ListItem","position":1,"name":"Strona g\u0142\u00f3wna","item":"https:\/\/mlsbeschlaege.de\/fr\/"},{"@type":"ListItem","position":2,"name":"Boutique","item":"https:\/\/mlsbeschlaege.de\/shop\/"},{"@type":"ListItem","position":3,"name":"Syst\u00e8me d&#8217;auvent Omega V"}]},{"@type":"WebSite","@id":"https:\/\/mlsbeschlaege.de\/fr\/#website","url":"https:\/\/mlsbeschlaege.de\/fr\/","name":"MLS Beschl\u00e4ge","description":"Qualit\u00e4t Beschlaege aus Edelstahl und Aluminium f\u00fcr Glas und Holz Anwendungen","potentialAction":[{"@type":"SearchAction","target":{"@type":"EntryPoint","urlTemplate":"https:\/\/mlsbeschlaege.de\/fr\/?s={search_term_string}"},"query-input":{"@type":"PropertyValueSpecification","valueRequired":true,"valueName":"search_term_string"}}],"inLanguage":"fr-FR"}]}},"_links":{"self":[{"href":"https:\/\/mlsbeschlaege.de\/fr\/wp-json\/wp\/v2\/product\/55312","targetHints":{"allow":["GET"]}}],"collection":[{"href":"https:\/\/mlsbeschlaege.de\/fr\/wp-json\/wp\/v2\/product"}],"about":[{"href":"https:\/\/mlsbeschlaege.de\/fr\/wp-json\/wp\/v2\/types\/product"}],"replies":[{"embeddable":true,"href":"https:\/\/mlsbeschlaege.de\/fr\/wp-json\/wp\/v2\/comments?post=55312"}],"version-history":[{"count":0,"href":"https:\/\/mlsbeschlaege.de\/fr\/wp-json\/wp\/v2\/product\/55312\/revisions"}],"wp:featuredmedia":[{"embeddable":true,"href":"https:\/\/mlsbeschlaege.de\/fr\/wp-json\/wp\/v2\/media\/55313"}],"wp:attachment":[{"href":"https:\/\/mlsbeschlaege.de\/fr\/wp-json\/wp\/v2\/media?parent=55312"}],"wp:term":[{"taxonomy":"product_brand","embeddable":true,"href":"https:\/\/mlsbeschlaege.de\/fr\/wp-json\/wp\/v2\/product_brand?post=55312"},{"taxonomy":"product_cat","embeddable":true,"href":"https:\/\/mlsbeschlaege.de\/fr\/wp-json\/wp\/v2\/product_cat?post=55312"},{"taxonomy":"product_tag","embeddable":true,"href":"https:\/\/mlsbeschlaege.de\/fr\/wp-json\/wp\/v2\/product_tag?post=55312"}],"curies":[{"name":"wp","href":"https:\/\/api.w.org\/{rel}","templated":true}]}}