{"id":55292,"date":"2017-10-09T20:31:07","date_gmt":"2017-10-09T18:31:07","guid":{"rendered":"https:\/\/mlsbeschlaege.de\/produkt\/systeme-dauvent-omega-a\/"},"modified":"2026-02-20T10:46:00","modified_gmt":"2026-02-20T09:46:00","slug":"systeme-dauvent-omega-a","status":"publish","type":"product","link":"https:\/\/mlsbeschlaege.de\/fr\/produit\/systeme-dauvent-omega-a\/","title":{"rendered":"Syst\u00e8me d&#8217;auvent Omega A"},"content":{"rendered":"<div class=\"col-md-4\"><img decoding=\"async\" style=\"float: left; padding: 0 30px 15px 0; width: 100%;\" src=\"\/wp-content\/uploads\/drawings\/omegaa1.png\"><\/div>\n<div class=\"col-md-4\"><img decoding=\"async\" style=\"float: left; padding: 0 30px 15px 0; width: 100%;\" src=\"\/wp-content\/uploads\/drawings\/omegaa2.png\"><\/div>\n<div class=\"col-md-4\"><img decoding=\"async\" style=\"float: left; padding: 0 30px 15px 0; width: 100%;\" src=\"\/wp-content\/uploads\/drawings\/omegaa3.png\"><\/div>\n<div class=\"col-md-12\">\n<h1 style=\"text-align: center;\">Galerie de photos<\/h1>\n<div id=\"grid-gallery-3-78499\" data-gg-id=\"3\" data-title=\"Omega A\" data-grid-type=\"1\" data-offset=\"5.3\" data-area-position=\"center\" data-icons=\"\" data-preloader=\"true\" data-width=\"300\" data-height=\"\" data-padding=\"0\" data-quicksand=\"disabled\" data-quicksand-duration=\"none\" data-popup-theme=\"theme_1\" data-popup-type=\"colorbox\" data-popup-fadeOut=\"300\" data-popup-captions=\"hide\" data-popup-image-text=\"data-description\" data-popup-widthsize=\"auto\" data-popup-heightsize=\"auto\" data-popup-i18n-words=\"{&quot;close&quot;:&quot;fermer&quot;,&quot;next&quot;:&quot;suivant&quot;,&quot;previous&quot;:&quot;pr\\u00e9c\\u00e9dent&quot;,&quot;start_slideshow&quot;:&quot;d\\u00e9marrer le diaporama&quot;,&quot;stop_slideshow&quot;:&quot;arr\\u00e9ter le diaporama&quot;,&quot;image&quot;:&quot;image&quot;,&quot;of&quot;:&quot;de&quot;,&quot;prev&quot;:&quot;pr\\u00e9c.&quot;,&quot;cExpand&quot;:&quot;Agrandir&quot;,&quot;cPrevious&quot;:&quot;Pr\\u00e9c\\u00e9dent&quot;,&quot;cNext&quot;:&quot;Suivant&quot;,&quot;cExpandStr&quot;:&quot;Agrandir l&#039;image&quot;,&quot;cRotate&quot;:&quot;Pivoter&quot;,&quot;cDetails&quot;:&quot;Details&quot;}\" data-popup-slideshow=\"false\" data-popup-slideshow-speed=\"2500\" data-popup-hoverstop=\"false\" data-popup-slideshow-auto=\"false\" data-popup-background=\"\" data-popup-transparency=\"30\" data-popup-disable-history=\"\" data-popup-disable-changed-url=\"\" data-popup-border-type=\"\" data-popup-border-color=\"\" data-popup-border-width=\"\" data-popup-border-enable=\"\" data-fullscreen=\"false\" data-hide-tooltip=\"false\" data-caption-font-family=\"Default\" data-caption-text-size=\"140\" data-is-mobile=\"0\" data-caption-mobile=\"false\" data-hide-long-tltp-title=\"1\" data-caption-disabled-on-mobile=\"false\" data-popup-placement-type=\"0\" data-social-sharing=\"{&quot;enabled&quot;:&quot;&quot;,&quot;gallerySharing&quot;:{&quot;enabled&quot;:null,&quot;position&quot;:null},&quot;imageSharing&quot;:{&quot;enabled&quot;:null,&quot;wrapperClass&quot;:&quot; vertical &quot;},&quot;popupSharing&quot;:{&quot;enabled&quot;:null,&quot;wrapperClass&quot;:&quot; vertical &quot;}}\" class=\"grid-gallery grid-gallery-fluid-height \" style=\" width:100%; height:auto; margin-left:auto; margin-right:auto;position:relative;\"> <div class=\"gallery-loading\"> <div class=\"blocks\"> <div class=\"block\"><\/div> <div class=\"block\"><\/div> <div class=\"block\"><\/div> <div class=\"block\"><\/div> <\/div> <\/div> <div class=\"gallery-sharing-top\" style=\"display:none;\"> <\/div> <div id=\"photos-3\" class=\"grid-gallery-photos\"><FIGURE class=\"grid-gallery-caption\" data-grid-gallery-type=\"quarter-slide-up\" data-index=\"0\" style=\"display:none;border-radius:50;; margin:5.3px; width:3000;\" ><div class=\"crop\" style=\"\"><img decoding=\"async\" src=\"https:\/\/mlsbeschlaege.de\/wp-content\/uploads\/2017\/10\/omega_a_1-300x169.png\" class=\"ggImg\" alt=\"omega_a_1\" title=\"omega_a_1\" data-description=\"omega_a_1\" data-caption=\"omega_a_1\" data-title=\"omega_a_1\" style=\" width:300px;\" \/><\/div><FIGCAPTION class=\"\" data-alpha=\"5\" style=\"color:#ffffff; background-color:#6f0000; font-size:140; text-align:left; font-family:Default;\" ><div class=\"grid-gallery-figcaption-wrap\" style=\"\"><\/div><\/FIGCAPTION><\/FIGURE><FIGURE class=\"grid-gallery-caption\" data-grid-gallery-type=\"quarter-slide-up\" data-index=\"1\" style=\"display:none;border-radius:50;; margin:5.3px; width:3000;\" ><div class=\"crop\" style=\"\"><img decoding=\"async\" src=\"https:\/\/mlsbeschlaege.de\/wp-content\/uploads\/2017\/10\/omega_a_2-300x169.png\" class=\"ggImg\" alt=\"omega_a_2\" title=\"omega_a_2\" data-description=\"omega_a_2\" data-caption=\"omega_a_2\" data-title=\"omega_a_2\" style=\" width:300px;\" \/><\/div><FIGCAPTION class=\"\" data-alpha=\"5\" style=\"color:#ffffff; background-color:#6f0000; font-size:140; text-align:left; font-family:Default;\" ><div class=\"grid-gallery-figcaption-wrap\" style=\"\"><\/div><\/FIGCAPTION><\/FIGURE><FIGURE class=\"grid-gallery-caption\" data-grid-gallery-type=\"quarter-slide-up\" data-index=\"2\" style=\"display:none;border-radius:50;; margin:5.3px; width:3000;\" ><div class=\"crop\" style=\"\"><img decoding=\"async\" src=\"https:\/\/mlsbeschlaege.de\/wp-content\/uploads\/2017\/10\/omega_a_3-300x169.png\" class=\"ggImg\" alt=\"omega_a_3\" title=\"omega_a_3\" data-description=\"omega_a_3\" data-caption=\"omega_a_3\" data-title=\"omega_a_3\" style=\" width:300px;\" \/><\/div><FIGCAPTION class=\"\" data-alpha=\"5\" style=\"color:#ffffff; background-color:#6f0000; font-size:140; text-align:left; font-family:Default;\" ><div class=\"grid-gallery-figcaption-wrap\" style=\"\"><\/div><\/FIGCAPTION><\/FIGURE> <div class=\"grid-gallery-clearfix\"><\/div> <\/div> <div class=\"gallery-sharing-bottom\" style=\"display:none;\"> <\/div> <div class=\"gallery-sharing-image\" style=\"display:none;\"> <\/div> <div class=\"gallery-sharing-popup\" style=\"display:none;\"> <\/div> <div class=\"grid-gallery-clearfix\"><\/div> <\/div> <!-- Gallery by Supsystic plugin1.15.32 --><a title=\"Wordpress Gallery Plugin Free\" style=\"display:none;\" href=\"https:\/\/supsystic.com\/plugins\/photo-gallery\/?utm_medium=love_link\" target=\"_blank\">Wordpress Gallery Plugin Free<\/a><\/div>\n<script>function getWR360PopupSkin(){return 'dark_clean';}<\/script>","protected":false},"excerpt":{"rendered":"<div class=\"col-md-12\" style=\"margin-top: 20px; margin-bottom: 50px;\">\n<p>Incl. 2xTVG 13,52mm <\/p>\n<p>TVG 6 mm + 1,52 film transparent + TVG 6 mm<\/p>\n<p><i class=\"fa fa-file-pdf-o\"><\/i><a href=\"https:\/\/mlsbeschlaege.de\/wp-content\/uploads\/docs\/MLS_Katalog_Vordachsysteme_Omega.pdf\" target=\"_blank\" rel=\"noopener noreferrer\">  Catalogue Omega<\/a><\/p>\n<p><i class=\"fa fa-euro\"><\/i><a href=\"\/wp-content\/uploads\/docs\/preisliste-vordachsysteme.pdf\" target=\"_blank\" rel=\"noopener noreferrer\">  Liste de prix des syst\u00e8mes d&#8217;avant-toit<\/a><\/p>\n<\/div>\n<table id=\"tabelka\">\n<tbody>\n<tr>\n<td>N\u00b0 d&#8217;art.<\/td>\n<td>Verre VSG (A x B)<\/td>\n<td>Fixation<\/td>\n<td>Tige de traction<\/td>\n<\/tr>\n<tr>\n<td>0480 &#8211; 0150<\/td>\n<td>1200 x 900<\/td>\n<td>2 x support <\/td>\n<td>1045<\/td>\n<\/tr>\n<tr>\n<td>0480 &#8211; 0151<\/td>\n<td>1400 x 900<\/td>\n<td>2 x support <\/td>\n<td>1045<\/td>\n<\/tr>\n<tr>\n<td>0480 &#8211; 0152<\/td>\n<td>1600 x 900<\/td>\n<td>2 x support <\/td>\n<td>1045<\/td>\n<\/tr>\n<tr>\n<td>0480 &#8211; 0153<\/td>\n<td>1800 x 900<\/td>\n<td>3 x support <\/td>\n<td>1045<\/td>\n<\/tr>\n<tr>\n<td>0480 &#8211; 0154<\/td>\n<td>2000 x 900<\/td>\n<td>3 x support <\/td>\n<td>1045<\/td>\n<\/tr>\n<tr>\n<td>0480 &#8211; 0155<\/td>\n<td>2500 x 900<\/td>\n<td>3 x support <\/td>\n<td>1045<\/td>\n<\/tr>\n<tr>\n<td>0480 &#8211; 0156<\/td>\n<td>3000 x 900<\/td>\n<td>3 x support <\/td>\n<td>1045<\/td>\n<\/tr>\n<\/tbody>\n<\/table>\n","protected":false},"featured_media":55294,"comment_status":"open","ping_status":"closed","template":"","meta":{"pgc_sgb_lightbox_settings":"","_links_to":"","_links_to_target":""},"product_brand":[],"product_cat":[649],"product_tag":[],"class_list":{"0":"post-55292","1":"product","2":"type-product","3":"status-publish","4":"has-post-thumbnail","6":"product_cat-systemes-dauvents","7":"product_shipping_class-klasa-g","10":"first","11":"instock","12":"taxable","13":"shipping-taxable","14":"product-type-variable"},"yoast_head":"<!-- This site is optimized with the Yoast SEO plugin v26.6 - https:\/\/yoast.com\/wordpress\/plugins\/seo\/ -->\n<title>Syst\u00e8me d&#039;auvent Omega A - MLS Beschl\u00e4ge<\/title>\n<meta name=\"robots\" content=\"index, follow, max-snippet:-1, max-image-preview:large, max-video-preview:-1\" \/>\n<link rel=\"canonical\" href=\"https:\/\/mlsbeschlaege.de\/fr\/produit\/systeme-dauvent-omega-a\/\" \/>\n<meta property=\"og:locale\" content=\"fr_FR\" \/>\n<meta property=\"og:type\" content=\"article\" \/>\n<meta property=\"og:title\" content=\"Syst\u00e8me d&#039;auvent Omega A - MLS Beschl\u00e4ge\" \/>\n<meta property=\"og:description\" content=\"Incl. 2xTVG 13,52mm TVG 6 mm + 1,52 film transparent + TVG 6 mm  Catalogue Omega  Liste de prix des syst\u00e8mes d&#039;avant-toit      N\u00b0 d&#039;art.  Verre VSG (A x B)  Fixation Tige de traction     0480 - 0150  1200 x 900  2 x support 1045     0480 - 0151  1400 x 900  2 x support 1045    0480 - 0152  1600 x 900  2 x support 1045    0480 - 0153  1800 x 900  3 x support 1045    0480 - 0154  2000 x 900  3 x support 1045    0480 - 0155  2500 x 900  3 x support 1045    0480 - 0156  3000 x 900  3 x support 1045\" \/>\n<meta property=\"og:url\" content=\"https:\/\/mlsbeschlaege.de\/fr\/produit\/systeme-dauvent-omega-a\/\" \/>\n<meta property=\"og:site_name\" content=\"MLS Beschl\u00e4ge\" \/>\n<meta property=\"article:modified_time\" content=\"2026-02-20T09:46:00+00:00\" \/>\n<meta property=\"og:image\" content=\"https:\/\/mlsbeschlaege.de\/wp-content\/uploads\/2017\/10\/omega_a_1.png\" \/>\n\t<meta property=\"og:image:width\" content=\"1280\" \/>\n\t<meta property=\"og:image:height\" content=\"720\" \/>\n\t<meta property=\"og:image:type\" content=\"image\/png\" \/>\n<meta name=\"twitter:card\" content=\"summary_large_image\" \/>\n<script type=\"application\/ld+json\" class=\"yoast-schema-graph\">{\"@context\":\"https:\/\/schema.org\",\"@graph\":[{\"@type\":\"WebPage\",\"@id\":\"https:\/\/mlsbeschlaege.de\/fr\/produit\/systeme-dauvent-omega-a\/\",\"url\":\"https:\/\/mlsbeschlaege.de\/fr\/produit\/systeme-dauvent-omega-a\/\",\"name\":\"Syst\u00e8me d'auvent Omega A - MLS Beschl\u00e4ge\",\"isPartOf\":{\"@id\":\"https:\/\/mlsbeschlaege.de\/fr\/#website\"},\"primaryImageOfPage\":{\"@id\":\"https:\/\/mlsbeschlaege.de\/fr\/produit\/systeme-dauvent-omega-a\/#primaryimage\"},\"image\":{\"@id\":\"https:\/\/mlsbeschlaege.de\/fr\/produit\/systeme-dauvent-omega-a\/#primaryimage\"},\"thumbnailUrl\":\"https:\/\/mlsbeschlaege.de\/wp-content\/uploads\/2017\/10\/omega_a_1.png\",\"datePublished\":\"2017-10-09T18:31:07+00:00\",\"dateModified\":\"2026-02-20T09:46:00+00:00\",\"breadcrumb\":{\"@id\":\"https:\/\/mlsbeschlaege.de\/fr\/produit\/systeme-dauvent-omega-a\/#breadcrumb\"},\"inLanguage\":\"fr-FR\",\"potentialAction\":[{\"@type\":\"ReadAction\",\"target\":[\"https:\/\/mlsbeschlaege.de\/fr\/produit\/systeme-dauvent-omega-a\/\"]}]},{\"@type\":\"ImageObject\",\"inLanguage\":\"fr-FR\",\"@id\":\"https:\/\/mlsbeschlaege.de\/fr\/produit\/systeme-dauvent-omega-a\/#primaryimage\",\"url\":\"https:\/\/mlsbeschlaege.de\/wp-content\/uploads\/2017\/10\/omega_a_1.png\",\"contentUrl\":\"https:\/\/mlsbeschlaege.de\/wp-content\/uploads\/2017\/10\/omega_a_1.png\",\"width\":1280,\"height\":720},{\"@type\":\"BreadcrumbList\",\"@id\":\"https:\/\/mlsbeschlaege.de\/fr\/produit\/systeme-dauvent-omega-a\/#breadcrumb\",\"itemListElement\":[{\"@type\":\"ListItem\",\"position\":1,\"name\":\"Strona g\u0142\u00f3wna\",\"item\":\"https:\/\/mlsbeschlaege.de\/fr\/\"},{\"@type\":\"ListItem\",\"position\":2,\"name\":\"Boutique\",\"item\":\"https:\/\/mlsbeschlaege.de\/shop\/\"},{\"@type\":\"ListItem\",\"position\":3,\"name\":\"Syst\u00e8me d&#8217;auvent Omega A\"}]},{\"@type\":\"WebSite\",\"@id\":\"https:\/\/mlsbeschlaege.de\/fr\/#website\",\"url\":\"https:\/\/mlsbeschlaege.de\/fr\/\",\"name\":\"MLS Beschl\u00e4ge\",\"description\":\"Qualit\u00e4t Beschlaege aus Edelstahl und Aluminium f\u00fcr Glas und Holz Anwendungen\",\"potentialAction\":[{\"@type\":\"SearchAction\",\"target\":{\"@type\":\"EntryPoint\",\"urlTemplate\":\"https:\/\/mlsbeschlaege.de\/fr\/?s={search_term_string}\"},\"query-input\":{\"@type\":\"PropertyValueSpecification\",\"valueRequired\":true,\"valueName\":\"search_term_string\"}}],\"inLanguage\":\"fr-FR\"}]}<\/script>\n<!-- \/ Yoast SEO plugin. -->","yoast_head_json":{"title":"Syst\u00e8me d'auvent Omega A - MLS Beschl\u00e4ge","robots":{"index":"index","follow":"follow","max-snippet":"max-snippet:-1","max-image-preview":"max-image-preview:large","max-video-preview":"max-video-preview:-1"},"canonical":"https:\/\/mlsbeschlaege.de\/fr\/produit\/systeme-dauvent-omega-a\/","og_locale":"fr_FR","og_type":"article","og_title":"Syst\u00e8me d'auvent Omega A - MLS Beschl\u00e4ge","og_description":"Incl. 2xTVG 13,52mm TVG 6 mm + 1,52 film transparent + TVG 6 mm  Catalogue Omega  Liste de prix des syst\u00e8mes d'avant-toit      N\u00b0 d'art.  Verre VSG (A x B)  Fixation Tige de traction     0480 - 0150  1200 x 900  2 x support 1045     0480 - 0151  1400 x 900  2 x support 1045    0480 - 0152  1600 x 900  2 x support 1045    0480 - 0153  1800 x 900  3 x support 1045    0480 - 0154  2000 x 900  3 x support 1045    0480 - 0155  2500 x 900  3 x support 1045    0480 - 0156  3000 x 900  3 x support 1045","og_url":"https:\/\/mlsbeschlaege.de\/fr\/produit\/systeme-dauvent-omega-a\/","og_site_name":"MLS Beschl\u00e4ge","article_modified_time":"2026-02-20T09:46:00+00:00","og_image":[{"width":1280,"height":720,"url":"https:\/\/mlsbeschlaege.de\/wp-content\/uploads\/2017\/10\/omega_a_1.png","type":"image\/png"}],"twitter_card":"summary_large_image","schema":{"@context":"https:\/\/schema.org","@graph":[{"@type":"WebPage","@id":"https:\/\/mlsbeschlaege.de\/fr\/produit\/systeme-dauvent-omega-a\/","url":"https:\/\/mlsbeschlaege.de\/fr\/produit\/systeme-dauvent-omega-a\/","name":"Syst\u00e8me d'auvent Omega A - MLS Beschl\u00e4ge","isPartOf":{"@id":"https:\/\/mlsbeschlaege.de\/fr\/#website"},"primaryImageOfPage":{"@id":"https:\/\/mlsbeschlaege.de\/fr\/produit\/systeme-dauvent-omega-a\/#primaryimage"},"image":{"@id":"https:\/\/mlsbeschlaege.de\/fr\/produit\/systeme-dauvent-omega-a\/#primaryimage"},"thumbnailUrl":"https:\/\/mlsbeschlaege.de\/wp-content\/uploads\/2017\/10\/omega_a_1.png","datePublished":"2017-10-09T18:31:07+00:00","dateModified":"2026-02-20T09:46:00+00:00","breadcrumb":{"@id":"https:\/\/mlsbeschlaege.de\/fr\/produit\/systeme-dauvent-omega-a\/#breadcrumb"},"inLanguage":"fr-FR","potentialAction":[{"@type":"ReadAction","target":["https:\/\/mlsbeschlaege.de\/fr\/produit\/systeme-dauvent-omega-a\/"]}]},{"@type":"ImageObject","inLanguage":"fr-FR","@id":"https:\/\/mlsbeschlaege.de\/fr\/produit\/systeme-dauvent-omega-a\/#primaryimage","url":"https:\/\/mlsbeschlaege.de\/wp-content\/uploads\/2017\/10\/omega_a_1.png","contentUrl":"https:\/\/mlsbeschlaege.de\/wp-content\/uploads\/2017\/10\/omega_a_1.png","width":1280,"height":720},{"@type":"BreadcrumbList","@id":"https:\/\/mlsbeschlaege.de\/fr\/produit\/systeme-dauvent-omega-a\/#breadcrumb","itemListElement":[{"@type":"ListItem","position":1,"name":"Strona g\u0142\u00f3wna","item":"https:\/\/mlsbeschlaege.de\/fr\/"},{"@type":"ListItem","position":2,"name":"Boutique","item":"https:\/\/mlsbeschlaege.de\/shop\/"},{"@type":"ListItem","position":3,"name":"Syst\u00e8me d&#8217;auvent Omega A"}]},{"@type":"WebSite","@id":"https:\/\/mlsbeschlaege.de\/fr\/#website","url":"https:\/\/mlsbeschlaege.de\/fr\/","name":"MLS Beschl\u00e4ge","description":"Qualit\u00e4t Beschlaege aus Edelstahl und Aluminium f\u00fcr Glas und Holz Anwendungen","potentialAction":[{"@type":"SearchAction","target":{"@type":"EntryPoint","urlTemplate":"https:\/\/mlsbeschlaege.de\/fr\/?s={search_term_string}"},"query-input":{"@type":"PropertyValueSpecification","valueRequired":true,"valueName":"search_term_string"}}],"inLanguage":"fr-FR"}]}},"_links":{"self":[{"href":"https:\/\/mlsbeschlaege.de\/fr\/wp-json\/wp\/v2\/product\/55292","targetHints":{"allow":["GET"]}}],"collection":[{"href":"https:\/\/mlsbeschlaege.de\/fr\/wp-json\/wp\/v2\/product"}],"about":[{"href":"https:\/\/mlsbeschlaege.de\/fr\/wp-json\/wp\/v2\/types\/product"}],"replies":[{"embeddable":true,"href":"https:\/\/mlsbeschlaege.de\/fr\/wp-json\/wp\/v2\/comments?post=55292"}],"version-history":[{"count":0,"href":"https:\/\/mlsbeschlaege.de\/fr\/wp-json\/wp\/v2\/product\/55292\/revisions"}],"wp:featuredmedia":[{"embeddable":true,"href":"https:\/\/mlsbeschlaege.de\/fr\/wp-json\/wp\/v2\/media\/55294"}],"wp:attachment":[{"href":"https:\/\/mlsbeschlaege.de\/fr\/wp-json\/wp\/v2\/media?parent=55292"}],"wp:term":[{"taxonomy":"product_brand","embeddable":true,"href":"https:\/\/mlsbeschlaege.de\/fr\/wp-json\/wp\/v2\/product_brand?post=55292"},{"taxonomy":"product_cat","embeddable":true,"href":"https:\/\/mlsbeschlaege.de\/fr\/wp-json\/wp\/v2\/product_cat?post=55292"},{"taxonomy":"product_tag","embeddable":true,"href":"https:\/\/mlsbeschlaege.de\/fr\/wp-json\/wp\/v2\/product_tag?post=55292"}],"curies":[{"name":"wp","href":"https:\/\/api.w.org\/{rel}","templated":true}]}}