{"id":55256,"date":"2017-09-25T18:24:19","date_gmt":"2017-09-25T16:24:19","guid":{"rendered":"https:\/\/mlsbeschlaege.de\/produkt\/systeme-de-cloisons-m-700-colonne-exterieure-type-b\/"},"modified":"2026-02-20T10:45:57","modified_gmt":"2026-02-20T09:45:57","slug":"systeme-de-cloisons-m-700-colonne-exterieure-type-b","status":"publish","type":"product","link":"https:\/\/mlsbeschlaege.de\/fr\/produit\/systeme-de-cloisons-m-700-colonne-exterieure-type-b\/","title":{"rendered":"Syst\u00e8me de cloisons M.700 Colonne ext\u00e9rieure type B"},"content":{"rendered":"<script>function getWR360PopupSkin(){return 'dark_clean';}<\/script>","protected":false},"excerpt":{"rendered":"<div class=\"col-md-3\"><img decoding=\"async\" style=\"float: left; padding: 0 30px 15px 0;\" src=\"https:\/\/mlsbeschlaege.de\/wp-content\/uploads\/drawings\/0250-0011a.png\"><\/div>\n<div class=\"col-md-9\">\n<img decoding=\"async\" src=\"https:\/\/mlsbeschlaege.de\/wp-content\/uploads\/drawings\/0250-0011b.png\"><\/p>\n<p>d = 40 x 2 mm Tube d&#8217;acier inoxydable Rondschlif mat<\/p>\n<p style=\"color: #e3060f; font-weight: bold;\">Veuillez commander le pied et les pinces \u00e0 verre s\u00e9par\u00e9ment.<\/p>\n<p><i class=\"fa fa-file-pdf-o\"><\/i><a href=\"https:\/\/mlsbeschlaege.de\/wp-content\/uploads\/docs\/MLS_Katalog_Stellwandsystem.pdf\" target=\"_blank\" rel=\"noopener noreferrer\">  Catalogue des syst\u00e8mes de cloisons<\/a><\/p>\n<p>[member_only]<\/p>\n<p><i class=\"fa fa-euro\"><\/i><a href=\"https:\/\/mlsbeschlaege.de\/wp-content\/uploads\/docs\/preisliste-stellwandsystem.pdf\" target=\"_blank\" rel=\"noopener noreferrer\">  Syst\u00e8me de cloisons Liste de prix<\/a><\/p>\n<p>[\/member_only]<\/p>\n<table id=\"tabelka\">\n<tbody>\n<tr>\n<td>Art. &#8211; No.<\/td>\n<td>L(mm)<\/td>\n<\/tr>\n<tr>\n<td>0250 &#8211; 0011<\/td>\n<td>1500<\/td>\n<\/tr>\n<tr>\n<td>0250 &#8211; 0012<\/td>\n<td>1600<\/td>\n<\/tr>\n<tr>\n<td>0250 &#8211; 0013<\/td>\n<td>1700<\/td>\n<\/tr>\n<\/tbody>\n<\/table>\n<\/div>\n","protected":false},"featured_media":55258,"comment_status":"open","ping_status":"closed","template":"","meta":{"pgc_sgb_lightbox_settings":"","_links_to":"","_links_to_target":""},"product_brand":[],"product_cat":[644],"product_tag":[],"class_list":{"0":"post-55256","1":"product","2":"type-product","3":"status-publish","4":"has-post-thumbnail","6":"product_cat-systemes-de-cloisons-mobiles","7":"product_shipping_class-klasa-f","10":"first","11":"instock","12":"taxable","13":"shipping-taxable","14":"product-type-variable"},"yoast_head":"<!-- This site is optimized with the Yoast SEO plugin v26.6 - https:\/\/yoast.com\/wordpress\/plugins\/seo\/ -->\n<title>Syst\u00e8me de cloisons M.700 Colonne ext\u00e9rieure type B - MLS Beschl\u00e4ge<\/title>\n<meta name=\"robots\" content=\"index, follow, max-snippet:-1, max-image-preview:large, max-video-preview:-1\" \/>\n<link rel=\"canonical\" href=\"https:\/\/mlsbeschlaege.de\/fr\/produit\/systeme-de-cloisons-m-700-colonne-exterieure-type-b\/\" \/>\n<meta property=\"og:locale\" content=\"fr_FR\" \/>\n<meta property=\"og:type\" content=\"article\" \/>\n<meta property=\"og:title\" content=\"Syst\u00e8me de cloisons M.700 Colonne ext\u00e9rieure type B - MLS Beschl\u00e4ge\" \/>\n<meta property=\"og:description\" content=\"d = 40 x 2 mm Tube d&#039;acier inoxydable Rondschlif mat Veuillez commander le pied et les pinces \u00e0 verre s\u00e9par\u00e9ment.  Catalogue des syst\u00e8mes de cloisons [member_only] Syst\u00e8me de cloisons Liste de prix[\/member_only]  Art. - No. L(mm)  0250 - 0011 1500  0250 - 0012 1600  0250 - 0013 1700\" \/>\n<meta property=\"og:url\" content=\"https:\/\/mlsbeschlaege.de\/fr\/produit\/systeme-de-cloisons-m-700-colonne-exterieure-type-b\/\" \/>\n<meta property=\"og:site_name\" content=\"MLS Beschl\u00e4ge\" \/>\n<meta property=\"article:modified_time\" content=\"2026-02-20T09:45:57+00:00\" \/>\n<meta property=\"og:image\" content=\"https:\/\/mlsbeschlaege.de\/wp-content\/uploads\/2017\/10\/0250-0011.png\" \/>\n\t<meta property=\"og:image:width\" content=\"1000\" \/>\n\t<meta property=\"og:image:height\" content=\"1000\" \/>\n\t<meta property=\"og:image:type\" content=\"image\/png\" \/>\n<meta name=\"twitter:card\" content=\"summary_large_image\" \/>\n<script type=\"application\/ld+json\" class=\"yoast-schema-graph\">{\"@context\":\"https:\/\/schema.org\",\"@graph\":[{\"@type\":\"WebPage\",\"@id\":\"https:\/\/mlsbeschlaege.de\/fr\/produit\/systeme-de-cloisons-m-700-colonne-exterieure-type-b\/\",\"url\":\"https:\/\/mlsbeschlaege.de\/fr\/produit\/systeme-de-cloisons-m-700-colonne-exterieure-type-b\/\",\"name\":\"Syst\u00e8me de cloisons M.700 Colonne ext\u00e9rieure type B - MLS Beschl\u00e4ge\",\"isPartOf\":{\"@id\":\"https:\/\/mlsbeschlaege.de\/fr\/#website\"},\"primaryImageOfPage\":{\"@id\":\"https:\/\/mlsbeschlaege.de\/fr\/produit\/systeme-de-cloisons-m-700-colonne-exterieure-type-b\/#primaryimage\"},\"image\":{\"@id\":\"https:\/\/mlsbeschlaege.de\/fr\/produit\/systeme-de-cloisons-m-700-colonne-exterieure-type-b\/#primaryimage\"},\"thumbnailUrl\":\"https:\/\/mlsbeschlaege.de\/wp-content\/uploads\/2017\/10\/0250-0011.png\",\"datePublished\":\"2017-09-25T16:24:19+00:00\",\"dateModified\":\"2026-02-20T09:45:57+00:00\",\"breadcrumb\":{\"@id\":\"https:\/\/mlsbeschlaege.de\/fr\/produit\/systeme-de-cloisons-m-700-colonne-exterieure-type-b\/#breadcrumb\"},\"inLanguage\":\"fr-FR\",\"potentialAction\":[{\"@type\":\"ReadAction\",\"target\":[\"https:\/\/mlsbeschlaege.de\/fr\/produit\/systeme-de-cloisons-m-700-colonne-exterieure-type-b\/\"]}]},{\"@type\":\"ImageObject\",\"inLanguage\":\"fr-FR\",\"@id\":\"https:\/\/mlsbeschlaege.de\/fr\/produit\/systeme-de-cloisons-m-700-colonne-exterieure-type-b\/#primaryimage\",\"url\":\"https:\/\/mlsbeschlaege.de\/wp-content\/uploads\/2017\/10\/0250-0011.png\",\"contentUrl\":\"https:\/\/mlsbeschlaege.de\/wp-content\/uploads\/2017\/10\/0250-0011.png\",\"width\":1000,\"height\":1000},{\"@type\":\"BreadcrumbList\",\"@id\":\"https:\/\/mlsbeschlaege.de\/fr\/produit\/systeme-de-cloisons-m-700-colonne-exterieure-type-b\/#breadcrumb\",\"itemListElement\":[{\"@type\":\"ListItem\",\"position\":1,\"name\":\"Strona g\u0142\u00f3wna\",\"item\":\"https:\/\/mlsbeschlaege.de\/fr\/\"},{\"@type\":\"ListItem\",\"position\":2,\"name\":\"Boutique\",\"item\":\"https:\/\/mlsbeschlaege.de\/shop\/\"},{\"@type\":\"ListItem\",\"position\":3,\"name\":\"Syst\u00e8me de cloisons M.700 Colonne ext\u00e9rieure type B\"}]},{\"@type\":\"WebSite\",\"@id\":\"https:\/\/mlsbeschlaege.de\/fr\/#website\",\"url\":\"https:\/\/mlsbeschlaege.de\/fr\/\",\"name\":\"MLS Beschl\u00e4ge\",\"description\":\"Qualit\u00e4t Beschlaege aus Edelstahl und Aluminium f\u00fcr Glas und Holz Anwendungen\",\"potentialAction\":[{\"@type\":\"SearchAction\",\"target\":{\"@type\":\"EntryPoint\",\"urlTemplate\":\"https:\/\/mlsbeschlaege.de\/fr\/?s={search_term_string}\"},\"query-input\":{\"@type\":\"PropertyValueSpecification\",\"valueRequired\":true,\"valueName\":\"search_term_string\"}}],\"inLanguage\":\"fr-FR\"}]}<\/script>\n<!-- \/ Yoast SEO plugin. -->","yoast_head_json":{"title":"Syst\u00e8me de cloisons M.700 Colonne ext\u00e9rieure type B - MLS Beschl\u00e4ge","robots":{"index":"index","follow":"follow","max-snippet":"max-snippet:-1","max-image-preview":"max-image-preview:large","max-video-preview":"max-video-preview:-1"},"canonical":"https:\/\/mlsbeschlaege.de\/fr\/produit\/systeme-de-cloisons-m-700-colonne-exterieure-type-b\/","og_locale":"fr_FR","og_type":"article","og_title":"Syst\u00e8me de cloisons M.700 Colonne ext\u00e9rieure type B - MLS Beschl\u00e4ge","og_description":"d = 40 x 2 mm Tube d'acier inoxydable Rondschlif mat Veuillez commander le pied et les pinces \u00e0 verre s\u00e9par\u00e9ment.  Catalogue des syst\u00e8mes de cloisons [member_only] Syst\u00e8me de cloisons Liste de prix[\/member_only]  Art. - No. L(mm)  0250 - 0011 1500  0250 - 0012 1600  0250 - 0013 1700","og_url":"https:\/\/mlsbeschlaege.de\/fr\/produit\/systeme-de-cloisons-m-700-colonne-exterieure-type-b\/","og_site_name":"MLS Beschl\u00e4ge","article_modified_time":"2026-02-20T09:45:57+00:00","og_image":[{"width":1000,"height":1000,"url":"https:\/\/mlsbeschlaege.de\/wp-content\/uploads\/2017\/10\/0250-0011.png","type":"image\/png"}],"twitter_card":"summary_large_image","schema":{"@context":"https:\/\/schema.org","@graph":[{"@type":"WebPage","@id":"https:\/\/mlsbeschlaege.de\/fr\/produit\/systeme-de-cloisons-m-700-colonne-exterieure-type-b\/","url":"https:\/\/mlsbeschlaege.de\/fr\/produit\/systeme-de-cloisons-m-700-colonne-exterieure-type-b\/","name":"Syst\u00e8me de cloisons M.700 Colonne ext\u00e9rieure type B - MLS Beschl\u00e4ge","isPartOf":{"@id":"https:\/\/mlsbeschlaege.de\/fr\/#website"},"primaryImageOfPage":{"@id":"https:\/\/mlsbeschlaege.de\/fr\/produit\/systeme-de-cloisons-m-700-colonne-exterieure-type-b\/#primaryimage"},"image":{"@id":"https:\/\/mlsbeschlaege.de\/fr\/produit\/systeme-de-cloisons-m-700-colonne-exterieure-type-b\/#primaryimage"},"thumbnailUrl":"https:\/\/mlsbeschlaege.de\/wp-content\/uploads\/2017\/10\/0250-0011.png","datePublished":"2017-09-25T16:24:19+00:00","dateModified":"2026-02-20T09:45:57+00:00","breadcrumb":{"@id":"https:\/\/mlsbeschlaege.de\/fr\/produit\/systeme-de-cloisons-m-700-colonne-exterieure-type-b\/#breadcrumb"},"inLanguage":"fr-FR","potentialAction":[{"@type":"ReadAction","target":["https:\/\/mlsbeschlaege.de\/fr\/produit\/systeme-de-cloisons-m-700-colonne-exterieure-type-b\/"]}]},{"@type":"ImageObject","inLanguage":"fr-FR","@id":"https:\/\/mlsbeschlaege.de\/fr\/produit\/systeme-de-cloisons-m-700-colonne-exterieure-type-b\/#primaryimage","url":"https:\/\/mlsbeschlaege.de\/wp-content\/uploads\/2017\/10\/0250-0011.png","contentUrl":"https:\/\/mlsbeschlaege.de\/wp-content\/uploads\/2017\/10\/0250-0011.png","width":1000,"height":1000},{"@type":"BreadcrumbList","@id":"https:\/\/mlsbeschlaege.de\/fr\/produit\/systeme-de-cloisons-m-700-colonne-exterieure-type-b\/#breadcrumb","itemListElement":[{"@type":"ListItem","position":1,"name":"Strona g\u0142\u00f3wna","item":"https:\/\/mlsbeschlaege.de\/fr\/"},{"@type":"ListItem","position":2,"name":"Boutique","item":"https:\/\/mlsbeschlaege.de\/shop\/"},{"@type":"ListItem","position":3,"name":"Syst\u00e8me de cloisons M.700 Colonne ext\u00e9rieure type B"}]},{"@type":"WebSite","@id":"https:\/\/mlsbeschlaege.de\/fr\/#website","url":"https:\/\/mlsbeschlaege.de\/fr\/","name":"MLS Beschl\u00e4ge","description":"Qualit\u00e4t Beschlaege aus Edelstahl und Aluminium f\u00fcr Glas und Holz Anwendungen","potentialAction":[{"@type":"SearchAction","target":{"@type":"EntryPoint","urlTemplate":"https:\/\/mlsbeschlaege.de\/fr\/?s={search_term_string}"},"query-input":{"@type":"PropertyValueSpecification","valueRequired":true,"valueName":"search_term_string"}}],"inLanguage":"fr-FR"}]}},"_links":{"self":[{"href":"https:\/\/mlsbeschlaege.de\/fr\/wp-json\/wp\/v2\/product\/55256","targetHints":{"allow":["GET"]}}],"collection":[{"href":"https:\/\/mlsbeschlaege.de\/fr\/wp-json\/wp\/v2\/product"}],"about":[{"href":"https:\/\/mlsbeschlaege.de\/fr\/wp-json\/wp\/v2\/types\/product"}],"replies":[{"embeddable":true,"href":"https:\/\/mlsbeschlaege.de\/fr\/wp-json\/wp\/v2\/comments?post=55256"}],"version-history":[{"count":0,"href":"https:\/\/mlsbeschlaege.de\/fr\/wp-json\/wp\/v2\/product\/55256\/revisions"}],"wp:featuredmedia":[{"embeddable":true,"href":"https:\/\/mlsbeschlaege.de\/fr\/wp-json\/wp\/v2\/media\/55258"}],"wp:attachment":[{"href":"https:\/\/mlsbeschlaege.de\/fr\/wp-json\/wp\/v2\/media?parent=55256"}],"wp:term":[{"taxonomy":"product_brand","embeddable":true,"href":"https:\/\/mlsbeschlaege.de\/fr\/wp-json\/wp\/v2\/product_brand?post=55256"},{"taxonomy":"product_cat","embeddable":true,"href":"https:\/\/mlsbeschlaege.de\/fr\/wp-json\/wp\/v2\/product_cat?post=55256"},{"taxonomy":"product_tag","embeddable":true,"href":"https:\/\/mlsbeschlaege.de\/fr\/wp-json\/wp\/v2\/product_tag?post=55256"}],"curies":[{"name":"wp","href":"https:\/\/api.w.org\/{rel}","templated":true}]}}