{"id":55252,"date":"2017-11-05T19:49:31","date_gmt":"2017-11-05T18:49:31","guid":{"rendered":"https:\/\/mlsbeschlaege.de\/produkt\/mg25-os-set\/"},"modified":"2026-02-20T10:13:48","modified_gmt":"2026-02-20T09:13:48","slug":"mg25-os-set","status":"publish","type":"product","link":"https:\/\/mlsbeschlaege.de\/fr\/produit\/mg25-os-set\/","title":{"rendered":"MG25-OS SET"},"content":{"rendered":"<script>function getWR360PopupSkin(){return 'dark_clean';}<\/script>","protected":false},"excerpt":{"rendered":"<div class=\"col-md-12\">\n<img decoding=\"async\" style=\"float: left; padding: 0 30px 15px 0; width: 100%;\" src=\"\/wp-content\/uploads\/drawings\/mg25ossrt.png\">\n<\/div>\n<div class=\"col-md-12\" style=\"margin-top: 20px; margin-bottom: 50px;\">\n<p>Support de barre de traction murale avec plaque \u00e0 visser<\/p>\n<p>Double support Barre de traction en verre<\/p>\n<ul>\n<li>\u00c9paisseur du verre (mm) : 10 &#8211; 21,52<\/li>\n<li>Mat\u00e9riau : acier inoxydable V2A<\/li>\n<li>Charge maximale (kg) : 120<\/li>\n<\/ul>\n<p><i class=\"fa fa-file-pdf-o\"><\/i><a href=\"https:\/\/mlsbeschlaege.de\/wp-content\/uploads\/docs\/MLS_Katalog_Vordachsysteme_Omega.pdf\" target=\"_blank\" rel=\"noopener noreferrer\">  Catalogue Omega<\/a><\/p>\n<\/div>\n<table id=\"tabelka\">\n<tbody>\n<tr>\n<td>N\u00b0 d&#8217;art.<\/td>\n<td>Surface<\/td>\n<\/tr>\n<tr>\n<td>0480 &#8211; 0107<\/td>\n<td>bross\u00e9 mat<\/td>\n<\/tr>\n<\/tbody>\n<\/table>\n","protected":false},"featured_media":55253,"comment_status":"open","ping_status":"closed","template":"","meta":{"pgc_sgb_lightbox_settings":"","_links_to":"","_links_to_target":""},"product_brand":[],"product_cat":[650],"product_tag":[],"class_list":{"0":"post-55252","1":"product","2":"type-product","3":"status-publish","4":"has-post-thumbnail","6":"product_cat-systemes-dauvents-accessoires","7":"product_shipping_class-klasa-a","10":"first","11":"instock","12":"taxable","13":"shipping-taxable","14":"purchasable","15":"product-type-simple"},"yoast_head":"<!-- This site is optimized with the Yoast SEO plugin v26.6 - https:\/\/yoast.com\/wordpress\/plugins\/seo\/ -->\n<title>MG25-OS SET - MLS Beschl\u00e4ge<\/title>\n<meta name=\"robots\" content=\"index, follow, max-snippet:-1, max-image-preview:large, max-video-preview:-1\" \/>\n<link rel=\"canonical\" href=\"https:\/\/mlsbeschlaege.de\/fr\/produit\/mg25-os-set\/\" \/>\n<meta property=\"og:locale\" content=\"fr_FR\" \/>\n<meta property=\"og:type\" content=\"article\" \/>\n<meta property=\"og:title\" content=\"MG25-OS SET - MLS Beschl\u00e4ge\" \/>\n<meta property=\"og:description\" content=\"Support de barre de traction murale avec plaque \u00e0 visser Double support Barre de traction en verre \u00c9paisseur du verre (mm) : 10 - 21,52 Mat\u00e9riau : acier inoxydable V2A Charge maximale (kg) : 120  Catalogue Omega      N\u00b0 d&#039;art.  Surface     0480 - 0107  bross\u00e9 mat\" \/>\n<meta property=\"og:url\" content=\"https:\/\/mlsbeschlaege.de\/fr\/produit\/mg25-os-set\/\" \/>\n<meta property=\"og:site_name\" content=\"MLS Beschl\u00e4ge\" \/>\n<meta property=\"article:modified_time\" content=\"2026-02-20T09:13:48+00:00\" \/>\n<meta property=\"og:image\" content=\"https:\/\/mlsbeschlaege.de\/wp-content\/uploads\/2017\/11\/mg25oss.png\" \/>\n\t<meta property=\"og:image:width\" content=\"538\" \/>\n\t<meta property=\"og:image:height\" content=\"538\" \/>\n\t<meta property=\"og:image:type\" content=\"image\/png\" \/>\n<meta name=\"twitter:card\" content=\"summary_large_image\" \/>\n<script type=\"application\/ld+json\" class=\"yoast-schema-graph\">{\"@context\":\"https:\/\/schema.org\",\"@graph\":[{\"@type\":\"WebPage\",\"@id\":\"https:\/\/mlsbeschlaege.de\/fr\/produit\/mg25-os-set\/\",\"url\":\"https:\/\/mlsbeschlaege.de\/fr\/produit\/mg25-os-set\/\",\"name\":\"MG25-OS SET - MLS Beschl\u00e4ge\",\"isPartOf\":{\"@id\":\"https:\/\/mlsbeschlaege.de\/fr\/#website\"},\"primaryImageOfPage\":{\"@id\":\"https:\/\/mlsbeschlaege.de\/fr\/produit\/mg25-os-set\/#primaryimage\"},\"image\":{\"@id\":\"https:\/\/mlsbeschlaege.de\/fr\/produit\/mg25-os-set\/#primaryimage\"},\"thumbnailUrl\":\"https:\/\/mlsbeschlaege.de\/wp-content\/uploads\/2017\/11\/mg25oss.png\",\"datePublished\":\"2017-11-05T18:49:31+00:00\",\"dateModified\":\"2026-02-20T09:13:48+00:00\",\"breadcrumb\":{\"@id\":\"https:\/\/mlsbeschlaege.de\/fr\/produit\/mg25-os-set\/#breadcrumb\"},\"inLanguage\":\"fr-FR\",\"potentialAction\":[{\"@type\":\"ReadAction\",\"target\":[\"https:\/\/mlsbeschlaege.de\/fr\/produit\/mg25-os-set\/\"]}]},{\"@type\":\"ImageObject\",\"inLanguage\":\"fr-FR\",\"@id\":\"https:\/\/mlsbeschlaege.de\/fr\/produit\/mg25-os-set\/#primaryimage\",\"url\":\"https:\/\/mlsbeschlaege.de\/wp-content\/uploads\/2017\/11\/mg25oss.png\",\"contentUrl\":\"https:\/\/mlsbeschlaege.de\/wp-content\/uploads\/2017\/11\/mg25oss.png\",\"width\":538,\"height\":538},{\"@type\":\"BreadcrumbList\",\"@id\":\"https:\/\/mlsbeschlaege.de\/fr\/produit\/mg25-os-set\/#breadcrumb\",\"itemListElement\":[{\"@type\":\"ListItem\",\"position\":1,\"name\":\"Strona g\u0142\u00f3wna\",\"item\":\"https:\/\/mlsbeschlaege.de\/fr\/\"},{\"@type\":\"ListItem\",\"position\":2,\"name\":\"Boutique\",\"item\":\"https:\/\/mlsbeschlaege.de\/shop\/\"},{\"@type\":\"ListItem\",\"position\":3,\"name\":\"MG25-OS SET\"}]},{\"@type\":\"WebSite\",\"@id\":\"https:\/\/mlsbeschlaege.de\/fr\/#website\",\"url\":\"https:\/\/mlsbeschlaege.de\/fr\/\",\"name\":\"MLS Beschl\u00e4ge\",\"description\":\"Qualit\u00e4t Beschlaege aus Edelstahl und Aluminium f\u00fcr Glas und Holz Anwendungen\",\"potentialAction\":[{\"@type\":\"SearchAction\",\"target\":{\"@type\":\"EntryPoint\",\"urlTemplate\":\"https:\/\/mlsbeschlaege.de\/fr\/?s={search_term_string}\"},\"query-input\":{\"@type\":\"PropertyValueSpecification\",\"valueRequired\":true,\"valueName\":\"search_term_string\"}}],\"inLanguage\":\"fr-FR\"}]}<\/script>\n<!-- \/ Yoast SEO plugin. -->","yoast_head_json":{"title":"MG25-OS SET - MLS Beschl\u00e4ge","robots":{"index":"index","follow":"follow","max-snippet":"max-snippet:-1","max-image-preview":"max-image-preview:large","max-video-preview":"max-video-preview:-1"},"canonical":"https:\/\/mlsbeschlaege.de\/fr\/produit\/mg25-os-set\/","og_locale":"fr_FR","og_type":"article","og_title":"MG25-OS SET - MLS Beschl\u00e4ge","og_description":"Support de barre de traction murale avec plaque \u00e0 visser Double support Barre de traction en verre \u00c9paisseur du verre (mm) : 10 - 21,52 Mat\u00e9riau : acier inoxydable V2A Charge maximale (kg) : 120  Catalogue Omega      N\u00b0 d'art.  Surface     0480 - 0107  bross\u00e9 mat","og_url":"https:\/\/mlsbeschlaege.de\/fr\/produit\/mg25-os-set\/","og_site_name":"MLS Beschl\u00e4ge","article_modified_time":"2026-02-20T09:13:48+00:00","og_image":[{"width":538,"height":538,"url":"https:\/\/mlsbeschlaege.de\/wp-content\/uploads\/2017\/11\/mg25oss.png","type":"image\/png"}],"twitter_card":"summary_large_image","schema":{"@context":"https:\/\/schema.org","@graph":[{"@type":"WebPage","@id":"https:\/\/mlsbeschlaege.de\/fr\/produit\/mg25-os-set\/","url":"https:\/\/mlsbeschlaege.de\/fr\/produit\/mg25-os-set\/","name":"MG25-OS SET - MLS Beschl\u00e4ge","isPartOf":{"@id":"https:\/\/mlsbeschlaege.de\/fr\/#website"},"primaryImageOfPage":{"@id":"https:\/\/mlsbeschlaege.de\/fr\/produit\/mg25-os-set\/#primaryimage"},"image":{"@id":"https:\/\/mlsbeschlaege.de\/fr\/produit\/mg25-os-set\/#primaryimage"},"thumbnailUrl":"https:\/\/mlsbeschlaege.de\/wp-content\/uploads\/2017\/11\/mg25oss.png","datePublished":"2017-11-05T18:49:31+00:00","dateModified":"2026-02-20T09:13:48+00:00","breadcrumb":{"@id":"https:\/\/mlsbeschlaege.de\/fr\/produit\/mg25-os-set\/#breadcrumb"},"inLanguage":"fr-FR","potentialAction":[{"@type":"ReadAction","target":["https:\/\/mlsbeschlaege.de\/fr\/produit\/mg25-os-set\/"]}]},{"@type":"ImageObject","inLanguage":"fr-FR","@id":"https:\/\/mlsbeschlaege.de\/fr\/produit\/mg25-os-set\/#primaryimage","url":"https:\/\/mlsbeschlaege.de\/wp-content\/uploads\/2017\/11\/mg25oss.png","contentUrl":"https:\/\/mlsbeschlaege.de\/wp-content\/uploads\/2017\/11\/mg25oss.png","width":538,"height":538},{"@type":"BreadcrumbList","@id":"https:\/\/mlsbeschlaege.de\/fr\/produit\/mg25-os-set\/#breadcrumb","itemListElement":[{"@type":"ListItem","position":1,"name":"Strona g\u0142\u00f3wna","item":"https:\/\/mlsbeschlaege.de\/fr\/"},{"@type":"ListItem","position":2,"name":"Boutique","item":"https:\/\/mlsbeschlaege.de\/shop\/"},{"@type":"ListItem","position":3,"name":"MG25-OS SET"}]},{"@type":"WebSite","@id":"https:\/\/mlsbeschlaege.de\/fr\/#website","url":"https:\/\/mlsbeschlaege.de\/fr\/","name":"MLS Beschl\u00e4ge","description":"Qualit\u00e4t Beschlaege aus Edelstahl und Aluminium f\u00fcr Glas und Holz Anwendungen","potentialAction":[{"@type":"SearchAction","target":{"@type":"EntryPoint","urlTemplate":"https:\/\/mlsbeschlaege.de\/fr\/?s={search_term_string}"},"query-input":{"@type":"PropertyValueSpecification","valueRequired":true,"valueName":"search_term_string"}}],"inLanguage":"fr-FR"}]}},"_links":{"self":[{"href":"https:\/\/mlsbeschlaege.de\/fr\/wp-json\/wp\/v2\/product\/55252","targetHints":{"allow":["GET"]}}],"collection":[{"href":"https:\/\/mlsbeschlaege.de\/fr\/wp-json\/wp\/v2\/product"}],"about":[{"href":"https:\/\/mlsbeschlaege.de\/fr\/wp-json\/wp\/v2\/types\/product"}],"replies":[{"embeddable":true,"href":"https:\/\/mlsbeschlaege.de\/fr\/wp-json\/wp\/v2\/comments?post=55252"}],"version-history":[{"count":0,"href":"https:\/\/mlsbeschlaege.de\/fr\/wp-json\/wp\/v2\/product\/55252\/revisions"}],"wp:featuredmedia":[{"embeddable":true,"href":"https:\/\/mlsbeschlaege.de\/fr\/wp-json\/wp\/v2\/media\/55253"}],"wp:attachment":[{"href":"https:\/\/mlsbeschlaege.de\/fr\/wp-json\/wp\/v2\/media?parent=55252"}],"wp:term":[{"taxonomy":"product_brand","embeddable":true,"href":"https:\/\/mlsbeschlaege.de\/fr\/wp-json\/wp\/v2\/product_brand?post=55252"},{"taxonomy":"product_cat","embeddable":true,"href":"https:\/\/mlsbeschlaege.de\/fr\/wp-json\/wp\/v2\/product_cat?post=55252"},{"taxonomy":"product_tag","embeddable":true,"href":"https:\/\/mlsbeschlaege.de\/fr\/wp-json\/wp\/v2\/product_tag?post=55252"}],"curies":[{"name":"wp","href":"https:\/\/api.w.org\/{rel}","templated":true}]}}