{"id":55241,"date":"2018-02-15T21:08:27","date_gmt":"2018-02-15T20:08:27","guid":{"rendered":"https:\/\/mlsbeschlaege.de\/produkt\/pare-vent-sur-roulettes-standard\/"},"modified":"2026-02-20T10:13:15","modified_gmt":"2026-02-20T09:13:15","slug":"pare-vent-sur-roulettes-standard","status":"publish","type":"product","link":"https:\/\/mlsbeschlaege.de\/fr\/produit\/pare-vent-sur-roulettes-standard\/","title":{"rendered":"Pare-vent sur roulettes &#8211; Standard"},"content":{"rendered":"<p>Les pare-vent de notre propre production pour l&#8217;ext\u00e9rieur se composent de :<\/p>\n<li>Composants du cadre (tube rond D:42,4x2mm et tube carr\u00e9 50x50x2mm V2A poli grain 320)<\/li>\n<li>Porte-verre 43x64mm V2A pour l&#8217;ext\u00e9rieur pour des \u00e9paisseurs de verre de 6 \u00e0 10mm avec certificat de construction<\/li>\n<li>Fluage Filetage Per\u00e7ages M8 dans les tubes y compris Fixation Vis M8x20 mm V2A<\/li>\n<p><strong>Lors de la commande, veuillez indiquer l&#8217;\u00e9paisseur de caoutchouc du support de verre n\u00e9cessaire !<\/strong><\/p>\n<div id=\"grid-gallery-14-3623\" data-gg-id=\"14\" data-title=\"Windschutz\" data-grid-type=\"1\" data-offset=\"5.3\" data-area-position=\"center\" data-icons=\"\" data-preloader=\"true\" data-width=\"300\" data-height=\"\" data-padding=\"0\" data-quicksand=\"disabled\" data-quicksand-duration=\"none\" data-popup-theme=\"theme_1\" data-popup-type=\"colorbox\" data-popup-fadeOut=\"300\" data-popup-captions=\"hide\" data-popup-image-text=\"data-description\" data-popup-widthsize=\"auto\" data-popup-heightsize=\"auto\" data-popup-i18n-words=\"{&quot;close&quot;:&quot;fermer&quot;,&quot;next&quot;:&quot;suivant&quot;,&quot;previous&quot;:&quot;pr\\u00e9c\\u00e9dent&quot;,&quot;start_slideshow&quot;:&quot;d\\u00e9marrer le diaporama&quot;,&quot;stop_slideshow&quot;:&quot;arr\\u00e9ter le diaporama&quot;,&quot;image&quot;:&quot;image&quot;,&quot;of&quot;:&quot;de&quot;,&quot;prev&quot;:&quot;pr\\u00e9c.&quot;,&quot;cExpand&quot;:&quot;Agrandir&quot;,&quot;cPrevious&quot;:&quot;Pr\\u00e9c\\u00e9dent&quot;,&quot;cNext&quot;:&quot;Suivant&quot;,&quot;cExpandStr&quot;:&quot;Agrandir l&#039;image&quot;,&quot;cRotate&quot;:&quot;Pivoter&quot;,&quot;cDetails&quot;:&quot;Details&quot;}\" data-popup-slideshow=\"false\" data-popup-slideshow-speed=\"2500\" data-popup-hoverstop=\"false\" data-popup-slideshow-auto=\"false\" data-popup-background=\"\" data-popup-transparency=\"30\" data-popup-disable-history=\"\" data-popup-disable-changed-url=\"\" data-popup-border-type=\"\" data-popup-border-color=\"\" data-popup-border-width=\"\" data-popup-border-enable=\"\" data-fullscreen=\"false\" data-hide-tooltip=\"false\" data-caption-font-family=\"Default\" data-caption-text-size=\"140\" data-is-mobile=\"0\" data-caption-mobile=\"false\" data-hide-long-tltp-title=\"1\" data-caption-disabled-on-mobile=\"false\" data-popup-placement-type=\"0\" data-social-sharing=\"{&quot;enabled&quot;:&quot;&quot;,&quot;gallerySharing&quot;:{&quot;enabled&quot;:null,&quot;position&quot;:null},&quot;imageSharing&quot;:{&quot;enabled&quot;:null,&quot;wrapperClass&quot;:&quot; vertical &quot;},&quot;popupSharing&quot;:{&quot;enabled&quot;:null,&quot;wrapperClass&quot;:&quot; vertical &quot;}}\" class=\"grid-gallery grid-gallery-fluid-height \" style=\" width:100%; height:auto; margin-left:auto; margin-right:auto;position:relative;\"> <div class=\"gallery-loading\"> <div class=\"blocks\"> <div class=\"block\"><\/div> <div class=\"block\"><\/div> <div class=\"block\"><\/div> <div class=\"block\"><\/div> <\/div> <\/div> <div class=\"gallery-sharing-top\" style=\"display:none;\"> <\/div> <div id=\"photos-14\" class=\"grid-gallery-photos\"><FIGURE class=\"grid-gallery-caption\" data-grid-gallery-type=\"quarter-slide-up\" data-index=\"0\" style=\"display:none;border-radius:50;; margin:5.3px; width:3000;\" ><div class=\"crop\" style=\"\"><img decoding=\"async\" src=\"https:\/\/mlsbeschlaege.de\/wp-content\/uploads\/2018\/07\/wind1-300x169.png\" class=\"ggImg\" alt=\"wind1\" title=\"wind1\" data-description=\"wind1\" data-caption=\"wind1\" data-title=\"wind1\" style=\" width:300px;\" \/><\/div><FIGCAPTION class=\"\" data-alpha=\"5\" style=\"color:#ffffff; background-color:#6f0000; font-size:140; text-align:left; font-family:Default;\" ><div class=\"grid-gallery-figcaption-wrap\" style=\"\"><\/div><\/FIGCAPTION><\/FIGURE><FIGURE class=\"grid-gallery-caption\" data-grid-gallery-type=\"quarter-slide-up\" data-index=\"1\" style=\"display:none;border-radius:50;; margin:5.3px; width:3000;\" ><div class=\"crop\" style=\"\"><img decoding=\"async\" src=\"https:\/\/mlsbeschlaege.de\/wp-content\/uploads\/2018\/07\/wind2-300x169.png\" class=\"ggImg\" alt=\"wind2\" title=\"wind2\" data-description=\"wind2\" data-caption=\"wind2\" data-title=\"wind2\" style=\" width:300px;\" \/><\/div><FIGCAPTION class=\"\" data-alpha=\"5\" style=\"color:#ffffff; background-color:#6f0000; font-size:140; text-align:left; font-family:Default;\" ><div class=\"grid-gallery-figcaption-wrap\" style=\"\"><\/div><\/FIGCAPTION><\/FIGURE><FIGURE class=\"grid-gallery-caption\" data-grid-gallery-type=\"quarter-slide-up\" data-index=\"2\" style=\"display:none;border-radius:50;; margin:5.3px; width:3000;\" ><div class=\"crop\" style=\"\"><img decoding=\"async\" src=\"https:\/\/mlsbeschlaege.de\/wp-content\/uploads\/2018\/07\/wind3-300x169.png\" class=\"ggImg\" alt=\"wind3\" title=\"wind3\" data-description=\"wind3\" data-caption=\"wind3\" data-title=\"wind3\" style=\" width:300px;\" \/><\/div><FIGCAPTION class=\"\" data-alpha=\"5\" style=\"color:#ffffff; background-color:#6f0000; font-size:140; text-align:left; font-family:Default;\" ><div class=\"grid-gallery-figcaption-wrap\" style=\"\"><\/div><\/FIGCAPTION><\/FIGURE> <div class=\"grid-gallery-clearfix\"><\/div> <\/div> <div class=\"gallery-sharing-bottom\" style=\"display:none;\"> <\/div> <div class=\"gallery-sharing-image\" style=\"display:none;\"> <\/div> <div class=\"gallery-sharing-popup\" style=\"display:none;\"> <\/div> <div class=\"grid-gallery-clearfix\"><\/div> <\/div> <!-- Gallery by Supsystic plugin1.15.32 --><a title=\"Wordpress Gallery Plugin Free\" style=\"display:none;\" href=\"https:\/\/supsystic.com\/plugins\/photo-gallery\/?utm_medium=love_link\" target=\"_blank\">Wordpress Gallery Plugin Free<\/a>\n<script>function getWR360PopupSkin(){return 'dark_clean';}<\/script>","protected":false},"excerpt":{"rendered":"<p>Le cadre du pare-brise illustr\u00e9 est un exemple.<\/p>\n<p><i class=\"fa fa-file-pdf-o\"><\/i><a href=\"https:\/\/mlsbeschlaege.de\/wp-content\/uploads\/docs\/MLS_Katalog_Windschutz.pdf\" target=\"_blank\" rel=\"noopener noreferrer\">  Catalogue des pare-vent sur roulettes<\/a><\/p>\n<table id=\"tabelka\">\n<tbody>\n<tr>\n<td>N\u00b0 d&#8217;art.<\/td>\n<td>L x H x L(mm)<\/td>\n<td>D\u00e9signation<\/td>\n<\/tr>\n<tr>\n<td>0190-0001<\/td>\n<td>2000x1700x700<\/td>\n<td>Cadre sans verre<\/td>\n<\/tr>\n<tr>\n<td>0190-0002<\/td>\n<td>1 jeu &#8211; 4 pi\u00e8ces<\/td>\n<td>Roues avec fonction de freinage<\/td>\n<\/tr>\n<tr>\n<td>0190-0003<\/td>\n<td>1866&#215;1530<\/td>\n<td>VSG Verre transparent<\/td>\n<\/tr>\n<tr>\n<td>0190-0004<\/td>\n<td>1866&#215;1530<\/td>\n<td>VSG verre mat<\/td>\n<\/tr>\n<\/tbody>\n<\/table>\n<p>Autres dimensions et types de verre sur demande : <a href=\"mailto:biuro@mlsgroup.eu\">biuro@mlsgroup.eu<\/a><\/p>\n<p>Cadre \u00e0 3 composants &#8211; kit<\/p>\n","protected":false},"featured_media":55245,"comment_status":"open","ping_status":"closed","template":"","meta":{"pgc_sgb_lightbox_settings":"","_links_to":"","_links_to_target":""},"product_brand":[],"product_cat":[638],"product_tag":[],"class_list":{"0":"post-55241","1":"product","2":"type-product","3":"status-publish","4":"has-post-thumbnail","6":"product_cat-cadre-pare-vent-pare-vue","9":"first","10":"onbackorder","11":"taxable","12":"shipping-taxable","13":"product-type-variable"},"yoast_head":"<!-- This site is optimized with the Yoast SEO plugin v26.6 - https:\/\/yoast.com\/wordpress\/plugins\/seo\/ -->\n<title>Pare-vent sur roulettes - Standard - MLS Beschl\u00e4ge<\/title>\n<meta name=\"robots\" content=\"index, follow, max-snippet:-1, max-image-preview:large, max-video-preview:-1\" \/>\n<link rel=\"canonical\" href=\"https:\/\/mlsbeschlaege.de\/fr\/produit\/pare-vent-sur-roulettes-standard\/\" \/>\n<meta property=\"og:locale\" content=\"fr_FR\" \/>\n<meta property=\"og:type\" content=\"article\" \/>\n<meta property=\"og:title\" content=\"Pare-vent sur roulettes - Standard - MLS Beschl\u00e4ge\" \/>\n<meta property=\"og:description\" content=\"Le cadre du pare-brise illustr\u00e9 est un exemple.  Catalogue des pare-vent sur roulettes  N\u00b0 d&#039;art. L x H x L(mm) D\u00e9signation  0190-0001 2000x1700x700 Cadre sans verre  0190-0002 1 jeu - 4 pi\u00e8ces Roues avec fonction de freinage  0190-0003 1866x1530 VSG Verre transparent  0190-0004 1866x1530 VSG verre mat  Autres dimensions et types de verre sur demande : biuro@mlsgroup.eu Cadre \u00e0 3 composants - kit\" \/>\n<meta property=\"og:url\" content=\"https:\/\/mlsbeschlaege.de\/fr\/produit\/pare-vent-sur-roulettes-standard\/\" \/>\n<meta property=\"og:site_name\" content=\"MLS Beschl\u00e4ge\" \/>\n<meta property=\"article:modified_time\" content=\"2026-02-20T09:13:15+00:00\" \/>\n<meta property=\"og:image\" content=\"https:\/\/mlsbeschlaege.de\/wp-content\/uploads\/2018\/02\/Parawan-MLS.png\" \/>\n\t<meta property=\"og:image:width\" content=\"1080\" \/>\n\t<meta property=\"og:image:height\" content=\"1080\" \/>\n\t<meta property=\"og:image:type\" content=\"image\/png\" \/>\n<meta name=\"twitter:card\" content=\"summary_large_image\" \/>\n<script type=\"application\/ld+json\" class=\"yoast-schema-graph\">{\"@context\":\"https:\/\/schema.org\",\"@graph\":[{\"@type\":\"WebPage\",\"@id\":\"https:\/\/mlsbeschlaege.de\/fr\/produit\/pare-vent-sur-roulettes-standard\/\",\"url\":\"https:\/\/mlsbeschlaege.de\/fr\/produit\/pare-vent-sur-roulettes-standard\/\",\"name\":\"Pare-vent sur roulettes - Standard - MLS Beschl\u00e4ge\",\"isPartOf\":{\"@id\":\"https:\/\/mlsbeschlaege.de\/fr\/#website\"},\"primaryImageOfPage\":{\"@id\":\"https:\/\/mlsbeschlaege.de\/fr\/produit\/pare-vent-sur-roulettes-standard\/#primaryimage\"},\"image\":{\"@id\":\"https:\/\/mlsbeschlaege.de\/fr\/produit\/pare-vent-sur-roulettes-standard\/#primaryimage\"},\"thumbnailUrl\":\"https:\/\/mlsbeschlaege.de\/wp-content\/uploads\/2018\/02\/Parawan-MLS.png\",\"datePublished\":\"2018-02-15T20:08:27+00:00\",\"dateModified\":\"2026-02-20T09:13:15+00:00\",\"breadcrumb\":{\"@id\":\"https:\/\/mlsbeschlaege.de\/fr\/produit\/pare-vent-sur-roulettes-standard\/#breadcrumb\"},\"inLanguage\":\"fr-FR\",\"potentialAction\":[{\"@type\":\"ReadAction\",\"target\":[\"https:\/\/mlsbeschlaege.de\/fr\/produit\/pare-vent-sur-roulettes-standard\/\"]}]},{\"@type\":\"ImageObject\",\"inLanguage\":\"fr-FR\",\"@id\":\"https:\/\/mlsbeschlaege.de\/fr\/produit\/pare-vent-sur-roulettes-standard\/#primaryimage\",\"url\":\"https:\/\/mlsbeschlaege.de\/wp-content\/uploads\/2018\/02\/Parawan-MLS.png\",\"contentUrl\":\"https:\/\/mlsbeschlaege.de\/wp-content\/uploads\/2018\/02\/Parawan-MLS.png\",\"width\":1080,\"height\":1080},{\"@type\":\"BreadcrumbList\",\"@id\":\"https:\/\/mlsbeschlaege.de\/fr\/produit\/pare-vent-sur-roulettes-standard\/#breadcrumb\",\"itemListElement\":[{\"@type\":\"ListItem\",\"position\":1,\"name\":\"Strona g\u0142\u00f3wna\",\"item\":\"https:\/\/mlsbeschlaege.de\/fr\/\"},{\"@type\":\"ListItem\",\"position\":2,\"name\":\"Boutique\",\"item\":\"https:\/\/mlsbeschlaege.de\/shop\/\"},{\"@type\":\"ListItem\",\"position\":3,\"name\":\"Pare-vent sur roulettes &#8211; Standard\"}]},{\"@type\":\"WebSite\",\"@id\":\"https:\/\/mlsbeschlaege.de\/fr\/#website\",\"url\":\"https:\/\/mlsbeschlaege.de\/fr\/\",\"name\":\"MLS Beschl\u00e4ge\",\"description\":\"Qualit\u00e4t Beschlaege aus Edelstahl und Aluminium f\u00fcr Glas und Holz Anwendungen\",\"potentialAction\":[{\"@type\":\"SearchAction\",\"target\":{\"@type\":\"EntryPoint\",\"urlTemplate\":\"https:\/\/mlsbeschlaege.de\/fr\/?s={search_term_string}\"},\"query-input\":{\"@type\":\"PropertyValueSpecification\",\"valueRequired\":true,\"valueName\":\"search_term_string\"}}],\"inLanguage\":\"fr-FR\"}]}<\/script>\n<!-- \/ Yoast SEO plugin. -->","yoast_head_json":{"title":"Pare-vent sur roulettes - Standard - MLS Beschl\u00e4ge","robots":{"index":"index","follow":"follow","max-snippet":"max-snippet:-1","max-image-preview":"max-image-preview:large","max-video-preview":"max-video-preview:-1"},"canonical":"https:\/\/mlsbeschlaege.de\/fr\/produit\/pare-vent-sur-roulettes-standard\/","og_locale":"fr_FR","og_type":"article","og_title":"Pare-vent sur roulettes - Standard - MLS Beschl\u00e4ge","og_description":"Le cadre du pare-brise illustr\u00e9 est un exemple.  Catalogue des pare-vent sur roulettes  N\u00b0 d'art. L x H x L(mm) D\u00e9signation  0190-0001 2000x1700x700 Cadre sans verre  0190-0002 1 jeu - 4 pi\u00e8ces Roues avec fonction de freinage  0190-0003 1866x1530 VSG Verre transparent  0190-0004 1866x1530 VSG verre mat  Autres dimensions et types de verre sur demande : biuro@mlsgroup.eu Cadre \u00e0 3 composants - kit","og_url":"https:\/\/mlsbeschlaege.de\/fr\/produit\/pare-vent-sur-roulettes-standard\/","og_site_name":"MLS Beschl\u00e4ge","article_modified_time":"2026-02-20T09:13:15+00:00","og_image":[{"width":1080,"height":1080,"url":"https:\/\/mlsbeschlaege.de\/wp-content\/uploads\/2018\/02\/Parawan-MLS.png","type":"image\/png"}],"twitter_card":"summary_large_image","schema":{"@context":"https:\/\/schema.org","@graph":[{"@type":"WebPage","@id":"https:\/\/mlsbeschlaege.de\/fr\/produit\/pare-vent-sur-roulettes-standard\/","url":"https:\/\/mlsbeschlaege.de\/fr\/produit\/pare-vent-sur-roulettes-standard\/","name":"Pare-vent sur roulettes - Standard - MLS Beschl\u00e4ge","isPartOf":{"@id":"https:\/\/mlsbeschlaege.de\/fr\/#website"},"primaryImageOfPage":{"@id":"https:\/\/mlsbeschlaege.de\/fr\/produit\/pare-vent-sur-roulettes-standard\/#primaryimage"},"image":{"@id":"https:\/\/mlsbeschlaege.de\/fr\/produit\/pare-vent-sur-roulettes-standard\/#primaryimage"},"thumbnailUrl":"https:\/\/mlsbeschlaege.de\/wp-content\/uploads\/2018\/02\/Parawan-MLS.png","datePublished":"2018-02-15T20:08:27+00:00","dateModified":"2026-02-20T09:13:15+00:00","breadcrumb":{"@id":"https:\/\/mlsbeschlaege.de\/fr\/produit\/pare-vent-sur-roulettes-standard\/#breadcrumb"},"inLanguage":"fr-FR","potentialAction":[{"@type":"ReadAction","target":["https:\/\/mlsbeschlaege.de\/fr\/produit\/pare-vent-sur-roulettes-standard\/"]}]},{"@type":"ImageObject","inLanguage":"fr-FR","@id":"https:\/\/mlsbeschlaege.de\/fr\/produit\/pare-vent-sur-roulettes-standard\/#primaryimage","url":"https:\/\/mlsbeschlaege.de\/wp-content\/uploads\/2018\/02\/Parawan-MLS.png","contentUrl":"https:\/\/mlsbeschlaege.de\/wp-content\/uploads\/2018\/02\/Parawan-MLS.png","width":1080,"height":1080},{"@type":"BreadcrumbList","@id":"https:\/\/mlsbeschlaege.de\/fr\/produit\/pare-vent-sur-roulettes-standard\/#breadcrumb","itemListElement":[{"@type":"ListItem","position":1,"name":"Strona g\u0142\u00f3wna","item":"https:\/\/mlsbeschlaege.de\/fr\/"},{"@type":"ListItem","position":2,"name":"Boutique","item":"https:\/\/mlsbeschlaege.de\/shop\/"},{"@type":"ListItem","position":3,"name":"Pare-vent sur roulettes &#8211; Standard"}]},{"@type":"WebSite","@id":"https:\/\/mlsbeschlaege.de\/fr\/#website","url":"https:\/\/mlsbeschlaege.de\/fr\/","name":"MLS Beschl\u00e4ge","description":"Qualit\u00e4t Beschlaege aus Edelstahl und Aluminium f\u00fcr Glas und Holz Anwendungen","potentialAction":[{"@type":"SearchAction","target":{"@type":"EntryPoint","urlTemplate":"https:\/\/mlsbeschlaege.de\/fr\/?s={search_term_string}"},"query-input":{"@type":"PropertyValueSpecification","valueRequired":true,"valueName":"search_term_string"}}],"inLanguage":"fr-FR"}]}},"_links":{"self":[{"href":"https:\/\/mlsbeschlaege.de\/fr\/wp-json\/wp\/v2\/product\/55241","targetHints":{"allow":["GET"]}}],"collection":[{"href":"https:\/\/mlsbeschlaege.de\/fr\/wp-json\/wp\/v2\/product"}],"about":[{"href":"https:\/\/mlsbeschlaege.de\/fr\/wp-json\/wp\/v2\/types\/product"}],"replies":[{"embeddable":true,"href":"https:\/\/mlsbeschlaege.de\/fr\/wp-json\/wp\/v2\/comments?post=55241"}],"version-history":[{"count":0,"href":"https:\/\/mlsbeschlaege.de\/fr\/wp-json\/wp\/v2\/product\/55241\/revisions"}],"wp:featuredmedia":[{"embeddable":true,"href":"https:\/\/mlsbeschlaege.de\/fr\/wp-json\/wp\/v2\/media\/55245"}],"wp:attachment":[{"href":"https:\/\/mlsbeschlaege.de\/fr\/wp-json\/wp\/v2\/media?parent=55241"}],"wp:term":[{"taxonomy":"product_brand","embeddable":true,"href":"https:\/\/mlsbeschlaege.de\/fr\/wp-json\/wp\/v2\/product_brand?post=55241"},{"taxonomy":"product_cat","embeddable":true,"href":"https:\/\/mlsbeschlaege.de\/fr\/wp-json\/wp\/v2\/product_cat?post=55241"},{"taxonomy":"product_tag","embeddable":true,"href":"https:\/\/mlsbeschlaege.de\/fr\/wp-json\/wp\/v2\/product_tag?post=55241"}],"curies":[{"name":"wp","href":"https:\/\/api.w.org\/{rel}","templated":true}]}}