{"id":55238,"date":"2018-02-15T20:16:17","date_gmt":"2018-02-15T19:16:17","guid":{"rendered":"https:\/\/mlsbeschlaege.de\/produkt\/francais-balcon\/"},"modified":"2026-02-20T10:13:15","modified_gmt":"2026-02-20T09:13:15","slug":"francais-balcon","status":"publish","type":"product","link":"https:\/\/mlsbeschlaege.de\/fr\/produit\/francais-balcon\/","title":{"rendered":"Fran\u00e7ais Balcon"},"content":{"rendered":"<div class=\"col-md-12\">\n<h1 style=\"text-align: center;\">Galerie de photos<\/h1>\n<p><div id=\"grid-gallery-11-48896\" data-gg-id=\"11\" data-title=\"Balkon\" data-grid-type=\"3\" data-offset=\"5.3\" data-area-position=\"center\" data-icons=\"\" data-preloader=\"true\" data-width=\"300\" data-height=\"300\" data-padding=\"0\" data-quicksand=\"disabled\" data-quicksand-duration=\"none\" data-popup-theme=\"theme_1\" data-popup-type=\"colorbox\" data-popup-fadeOut=\"300\" data-columns-number=\"4\" data-popup-captions=\"hide\" data-popup-image-text=\"data-description\" data-popup-widthsize=\"auto\" data-popup-heightsize=\"auto\" data-popup-i18n-words=\"{&quot;close&quot;:&quot;fermer&quot;,&quot;next&quot;:&quot;suivant&quot;,&quot;previous&quot;:&quot;pr\\u00e9c\\u00e9dent&quot;,&quot;start_slideshow&quot;:&quot;d\\u00e9marrer le diaporama&quot;,&quot;stop_slideshow&quot;:&quot;arr\\u00e9ter le diaporama&quot;,&quot;image&quot;:&quot;image&quot;,&quot;of&quot;:&quot;de&quot;,&quot;prev&quot;:&quot;pr\\u00e9c.&quot;,&quot;cExpand&quot;:&quot;Agrandir&quot;,&quot;cPrevious&quot;:&quot;Pr\\u00e9c\\u00e9dent&quot;,&quot;cNext&quot;:&quot;Suivant&quot;,&quot;cExpandStr&quot;:&quot;Agrandir l&#039;image&quot;,&quot;cRotate&quot;:&quot;Pivoter&quot;,&quot;cDetails&quot;:&quot;Details&quot;}\" data-popup-slideshow=\"false\" data-popup-slideshow-speed=\"2500\" data-popup-hoverstop=\"false\" data-popup-slideshow-auto=\"false\" data-popup-background=\"\" data-popup-transparency=\"30\" data-popup-disable-history=\"\" data-popup-disable-changed-url=\"\" data-popup-border-type=\"solid\" data-popup-border-color=\"\" data-popup-border-width=\"\" data-popup-border-enable=\"\" data-fullscreen=\"false\" data-hide-tooltip=\"false\" data-caption-font-family=\"Default\" data-caption-text-size=\"140\" data-is-mobile=\"0\" data-caption-mobile=\"false\" data-hide-long-tltp-title=\"1\" data-caption-disabled-on-mobile=\"false\" data-responsive-colums=\"{&quot;desktop&quot;:{&quot;width&quot;:&quot;1200&quot;,&quot;columns&quot;:&quot;3&quot;},&quot;tablet&quot;:{&quot;width&quot;:&quot;768&quot;,&quot;columns&quot;:&quot;3&quot;},&quot;mobile&quot;:{&quot;width&quot;:&quot;320&quot;,&quot;columns&quot;:&quot;3&quot;}}\" data-popup-placement-type=\"0\" data-social-sharing=\"{&quot;enabled&quot;:&quot;&quot;,&quot;gallerySharing&quot;:{&quot;enabled&quot;:null,&quot;position&quot;:null},&quot;imageSharing&quot;:{&quot;enabled&quot;:null,&quot;wrapperClass&quot;:&quot; vertical &quot;},&quot;popupSharing&quot;:{&quot;enabled&quot;:null,&quot;wrapperClass&quot;:&quot; vertical &quot;}}\" class=\"grid-gallery grid-gallery-fixed \" style=\" width:100%; height:auto; margin-left:auto; margin-right:auto;position:relative;\"> <div class=\"gallery-loading\"> <div class=\"blocks\"> <div class=\"block\"><\/div> <div class=\"block\"><\/div> <div class=\"block\"><\/div> <div class=\"block\"><\/div> <\/div> <\/div> <div class=\"gallery-sharing-top\" style=\"display:none;\"> <\/div> <div id=\"photos-11\" class=\"grid-gallery-photos\"><FIGURE class=\"grid-gallery-caption\" data-grid-gallery-type=\"quarter-slide-up\" data-index=\"0\" style=\"display:none;border-radius:50;; margin:5.3px; width:3000;\" ><div class=\"crop\" style=\" width:3000; height:3000; overflow:hidden;\"><img decoding=\"async\" src=\"https:\/\/mlsbeschlaege.de\/wp-content\/uploads\/2018\/03\/1-1-300x300.png\" class=\"ggImg ggNotInitImg\" alt=\"1\" title=\"1\" data-description=\"1\" data-caption=\"1\" data-title=\"1\" style=\" width:300px; height:300px;\" \/><\/div><FIGCAPTION class=\"\" data-alpha=\"5\" style=\"color:#ffffff; background-color:#6f0000; font-size:140; text-align:left; font-family:Default;\" ><div class=\"grid-gallery-figcaption-wrap\" style=\"\"><\/div><\/FIGCAPTION><\/FIGURE><FIGURE class=\"grid-gallery-caption\" data-grid-gallery-type=\"quarter-slide-up\" data-index=\"1\" style=\"display:none;border-radius:50;; margin:5.3px; width:3000;\" ><div class=\"crop\" style=\" width:3000; height:3000; overflow:hidden;\"><img decoding=\"async\" src=\"https:\/\/mlsbeschlaege.de\/wp-content\/uploads\/2018\/03\/2-2-300x300.png\" class=\"ggImg ggNotInitImg\" alt=\"2\" title=\"2\" data-description=\"2\" data-caption=\"2\" data-title=\"2\" style=\" width:300px; height:300px;\" \/><\/div><FIGCAPTION class=\"\" data-alpha=\"5\" style=\"color:#ffffff; background-color:#6f0000; font-size:140; text-align:left; font-family:Default;\" ><div class=\"grid-gallery-figcaption-wrap\" style=\"\"><\/div><\/FIGCAPTION><\/FIGURE><FIGURE class=\"grid-gallery-caption\" data-grid-gallery-type=\"quarter-slide-up\" data-index=\"2\" style=\"display:none;border-radius:50;; margin:5.3px; width:3000;\" ><div class=\"crop\" style=\" width:3000; height:3000; overflow:hidden;\"><img decoding=\"async\" src=\"https:\/\/mlsbeschlaege.de\/wp-content\/uploads\/2018\/03\/3-1-300x300.png\" class=\"ggImg ggNotInitImg\" alt=\"3\" title=\"3\" data-description=\"3\" data-caption=\"3\" data-title=\"3\" style=\" width:300px; height:300px;\" \/><\/div><FIGCAPTION class=\"\" data-alpha=\"5\" style=\"color:#ffffff; background-color:#6f0000; font-size:140; text-align:left; font-family:Default;\" ><div class=\"grid-gallery-figcaption-wrap\" style=\"\"><\/div><\/FIGCAPTION><\/FIGURE><FIGURE class=\"grid-gallery-caption\" data-grid-gallery-type=\"quarter-slide-up\" data-index=\"3\" style=\"display:none;border-radius:50;; margin:5.3px; width:3000;\" ><div class=\"crop\" style=\" width:3000; height:3000; overflow:hidden;\"><img decoding=\"async\" src=\"https:\/\/mlsbeschlaege.de\/wp-content\/uploads\/2018\/03\/4-300x300.png\" class=\"ggImg ggNotInitImg\" alt=\"4\" title=\"4\" data-description=\"4\" data-caption=\"4\" data-title=\"4\" style=\" width:300px; height:300px;\" \/><\/div><FIGCAPTION class=\"\" data-alpha=\"5\" style=\"color:#ffffff; background-color:#6f0000; font-size:140; text-align:left; font-family:Default;\" ><div class=\"grid-gallery-figcaption-wrap\" style=\"\"><\/div><\/FIGCAPTION><\/FIGURE> <div class=\"grid-gallery-clearfix\"><\/div> <\/div> <div class=\"gallery-sharing-bottom\" style=\"display:none;\"> <\/div> <div class=\"gallery-sharing-image\" style=\"display:none;\"> <\/div> <div class=\"gallery-sharing-popup\" style=\"display:none;\"> <\/div> <div class=\"grid-gallery-clearfix\"><\/div> <\/div> <!-- Gallery by Supsystic plugin1.15.32 --><a title=\"Wordpress Gallery Plugin Free\" style=\"display:none;\" href=\"https:\/\/supsystic.com\/plugins\/photo-gallery\/?utm_medium=love_link\" target=\"_blank\">Wordpress Gallery Plugin Free<\/a><br \/>\n<div id=\"grid-gallery-12-57841\" data-gg-id=\"12\" data-title=\"Balkon2\" data-grid-type=\"1\" data-offset=\"5.3\" data-area-position=\"center\" data-icons=\"\" data-preloader=\"true\" data-width=\"300\" data-height=\"\" data-padding=\"0\" data-quicksand=\"disabled\" data-quicksand-duration=\"none\" data-popup-theme=\"theme_1\" data-popup-type=\"colorbox\" data-popup-fadeOut=\"300\" data-popup-captions=\"hide\" data-popup-image-text=\"data-description\" data-popup-widthsize=\"auto\" data-popup-heightsize=\"auto\" data-popup-i18n-words=\"{&quot;close&quot;:&quot;fermer&quot;,&quot;next&quot;:&quot;suivant&quot;,&quot;previous&quot;:&quot;pr\\u00e9c\\u00e9dent&quot;,&quot;start_slideshow&quot;:&quot;d\\u00e9marrer le diaporama&quot;,&quot;stop_slideshow&quot;:&quot;arr\\u00e9ter le diaporama&quot;,&quot;image&quot;:&quot;image&quot;,&quot;of&quot;:&quot;de&quot;,&quot;prev&quot;:&quot;pr\\u00e9c.&quot;,&quot;cExpand&quot;:&quot;Agrandir&quot;,&quot;cPrevious&quot;:&quot;Pr\\u00e9c\\u00e9dent&quot;,&quot;cNext&quot;:&quot;Suivant&quot;,&quot;cExpandStr&quot;:&quot;Agrandir l&#039;image&quot;,&quot;cRotate&quot;:&quot;Pivoter&quot;,&quot;cDetails&quot;:&quot;Details&quot;}\" data-popup-slideshow=\"false\" data-popup-slideshow-speed=\"2500\" data-popup-hoverstop=\"false\" data-popup-slideshow-auto=\"false\" data-popup-background=\"\" data-popup-transparency=\"30\" data-popup-disable-history=\"\" data-popup-disable-changed-url=\"\" data-popup-border-type=\"\" data-popup-border-color=\"\" data-popup-border-width=\"\" data-popup-border-enable=\"\" data-fullscreen=\"false\" data-hide-tooltip=\"false\" data-caption-font-family=\"Default\" data-caption-text-size=\"140\" data-is-mobile=\"0\" data-caption-mobile=\"false\" data-hide-long-tltp-title=\"1\" data-caption-disabled-on-mobile=\"false\" data-popup-placement-type=\"0\" data-social-sharing=\"{&quot;enabled&quot;:&quot;&quot;,&quot;gallerySharing&quot;:{&quot;enabled&quot;:null,&quot;position&quot;:null},&quot;imageSharing&quot;:{&quot;enabled&quot;:null,&quot;wrapperClass&quot;:&quot; vertical &quot;},&quot;popupSharing&quot;:{&quot;enabled&quot;:null,&quot;wrapperClass&quot;:&quot; vertical &quot;}}\" class=\"grid-gallery grid-gallery-fluid-height \" style=\" width:100%; height:auto; margin-left:auto; margin-right:auto;position:relative;\"> <div class=\"gallery-loading\"> <div class=\"blocks\"> <div class=\"block\"><\/div> <div class=\"block\"><\/div> <div class=\"block\"><\/div> <div class=\"block\"><\/div> <\/div> <\/div> <div class=\"gallery-sharing-top\" style=\"display:none;\"> <\/div> <div id=\"photos-12\" class=\"grid-gallery-photos\"><FIGURE class=\"grid-gallery-caption\" data-grid-gallery-type=\"quarter-slide-up\" data-index=\"0\" style=\"display:none;border-radius:50;; margin:5.3px; width:3000;\" ><div class=\"crop\" style=\"\"><img decoding=\"async\" src=\"https:\/\/mlsbeschlaege.de\/wp-content\/uploads\/2018\/03\/5-300x423.png\" class=\"ggImg\" alt=\"5\" title=\"5\" data-description=\"5\" data-caption=\"5\" data-title=\"5\" style=\" width:300px;\" \/><\/div><FIGCAPTION class=\"\" data-alpha=\"5\" style=\"color:#ffffff; background-color:#6f0000; font-size:140; text-align:left; font-family:Default;\" ><div class=\"grid-gallery-figcaption-wrap\" style=\"\"><\/div><\/FIGCAPTION><\/FIGURE><FIGURE class=\"grid-gallery-caption\" data-grid-gallery-type=\"quarter-slide-up\" data-index=\"1\" style=\"display:none;border-radius:50;; margin:5.3px; width:3000;\" ><div class=\"crop\" style=\"\"><img decoding=\"async\" src=\"https:\/\/mlsbeschlaege.de\/wp-content\/uploads\/2018\/03\/6-300x423.png\" class=\"ggImg\" alt=\"6\" title=\"6\" data-description=\"6\" data-caption=\"6\" data-title=\"6\" style=\" width:300px;\" \/><\/div><FIGCAPTION class=\"\" data-alpha=\"5\" style=\"color:#ffffff; background-color:#6f0000; font-size:140; text-align:left; font-family:Default;\" ><div class=\"grid-gallery-figcaption-wrap\" style=\"\"><\/div><\/FIGCAPTION><\/FIGURE><FIGURE class=\"grid-gallery-caption\" data-grid-gallery-type=\"quarter-slide-up\" data-index=\"2\" style=\"display:none;border-radius:50;; margin:5.3px; width:3000;\" ><div class=\"crop\" style=\"\"><img decoding=\"async\" src=\"https:\/\/mlsbeschlaege.de\/wp-content\/uploads\/2018\/03\/7-300x424.png\" class=\"ggImg\" alt=\"7\" title=\"7\" data-description=\"7\" data-caption=\"7\" data-title=\"7\" style=\" width:300px;\" \/><\/div><FIGCAPTION class=\"\" data-alpha=\"5\" style=\"color:#ffffff; background-color:#6f0000; font-size:140; text-align:left; font-family:Default;\" ><div class=\"grid-gallery-figcaption-wrap\" style=\"\"><\/div><\/FIGCAPTION><\/FIGURE> <div class=\"grid-gallery-clearfix\"><\/div> <\/div> <div class=\"gallery-sharing-bottom\" style=\"display:none;\"> <\/div> <div class=\"gallery-sharing-image\" style=\"display:none;\"> <\/div> <div class=\"gallery-sharing-popup\" style=\"display:none;\"> <\/div> <div class=\"grid-gallery-clearfix\"><\/div> <\/div> <!-- Gallery by Supsystic plugin1.15.32 --><a title=\"Wordpress Gallery Plugin Free\" style=\"display:none;\" href=\"https:\/\/supsystic.com\/plugins\/photo-gallery\/?utm_medium=love_link\" target=\"_blank\">Wordpress Gallery Plugin Free<\/a>\n<\/p><\/div>\n<script>function getWR360PopupSkin(){return 'dark_clean';}<\/script>","protected":false},"excerpt":{"rendered":"<p>Sur demande : <a href=\"mailto:biuro@mlsgroup.eu\">biuro@mlsgroup.eu<\/a><\/p>\n<p><i class=\"fa fa-file-pdf-o\"><\/i><a href=\"https:\/\/topbeschlag.de\/wp-content\/uploads\/docs\/MLS_Katalog_Franzoesisch_balkon.pdf\" target=\"_blank\" rel=\"noopener noreferrer\">  Catalogue Balcon fran\u00e7ais<\/a><\/p>\n","protected":false},"featured_media":55239,"comment_status":"open","ping_status":"closed","template":"","meta":{"pgc_sgb_lightbox_settings":"","_links_to":"","_links_to_target":""},"product_brand":[],"product_cat":[631],"product_tag":[],"class_list":{"0":"post-55238","1":"product","2":"type-product","3":"status-publish","4":"has-post-thumbnail","6":"product_cat-balcon-francais","9":"first","10":"onbackorder","11":"taxable","12":"shipping-taxable","13":"product-type-simple"},"yoast_head":"<!-- This site is optimized with the Yoast SEO plugin v26.6 - https:\/\/yoast.com\/wordpress\/plugins\/seo\/ -->\n<title>Fran\u00e7ais Balcon - MLS Beschl\u00e4ge<\/title>\n<meta name=\"robots\" content=\"index, follow, max-snippet:-1, max-image-preview:large, max-video-preview:-1\" \/>\n<link rel=\"canonical\" href=\"https:\/\/mlsbeschlaege.de\/fr\/produit\/francais-balcon\/\" \/>\n<meta property=\"og:locale\" content=\"fr_FR\" \/>\n<meta property=\"og:type\" content=\"article\" \/>\n<meta property=\"og:title\" content=\"Fran\u00e7ais Balcon - MLS Beschl\u00e4ge\" \/>\n<meta property=\"og:description\" content=\"Sur demande : biuro@mlsgroup.eu  Catalogue Balcon fran\u00e7ais\" \/>\n<meta property=\"og:url\" content=\"https:\/\/mlsbeschlaege.de\/fr\/produit\/francais-balcon\/\" \/>\n<meta property=\"og:site_name\" content=\"MLS Beschl\u00e4ge\" \/>\n<meta property=\"article:modified_time\" content=\"2026-02-20T09:13:15+00:00\" \/>\n<meta property=\"og:image\" content=\"https:\/\/mlsbeschlaege.de\/wp-content\/uploads\/2018\/02\/Balkon_1kx1k-1.png\" \/>\n\t<meta property=\"og:image:width\" content=\"1000\" \/>\n\t<meta property=\"og:image:height\" content=\"1000\" \/>\n\t<meta property=\"og:image:type\" content=\"image\/png\" \/>\n<meta name=\"twitter:card\" content=\"summary_large_image\" \/>\n<script type=\"application\/ld+json\" class=\"yoast-schema-graph\">{\"@context\":\"https:\/\/schema.org\",\"@graph\":[{\"@type\":\"WebPage\",\"@id\":\"https:\/\/mlsbeschlaege.de\/fr\/produit\/francais-balcon\/\",\"url\":\"https:\/\/mlsbeschlaege.de\/fr\/produit\/francais-balcon\/\",\"name\":\"Fran\u00e7ais Balcon - MLS Beschl\u00e4ge\",\"isPartOf\":{\"@id\":\"https:\/\/mlsbeschlaege.de\/fr\/#website\"},\"primaryImageOfPage\":{\"@id\":\"https:\/\/mlsbeschlaege.de\/fr\/produit\/francais-balcon\/#primaryimage\"},\"image\":{\"@id\":\"https:\/\/mlsbeschlaege.de\/fr\/produit\/francais-balcon\/#primaryimage\"},\"thumbnailUrl\":\"https:\/\/mlsbeschlaege.de\/wp-content\/uploads\/2018\/02\/Balkon_1kx1k-1.png\",\"datePublished\":\"2018-02-15T19:16:17+00:00\",\"dateModified\":\"2026-02-20T09:13:15+00:00\",\"breadcrumb\":{\"@id\":\"https:\/\/mlsbeschlaege.de\/fr\/produit\/francais-balcon\/#breadcrumb\"},\"inLanguage\":\"fr-FR\",\"potentialAction\":[{\"@type\":\"ReadAction\",\"target\":[\"https:\/\/mlsbeschlaege.de\/fr\/produit\/francais-balcon\/\"]}]},{\"@type\":\"ImageObject\",\"inLanguage\":\"fr-FR\",\"@id\":\"https:\/\/mlsbeschlaege.de\/fr\/produit\/francais-balcon\/#primaryimage\",\"url\":\"https:\/\/mlsbeschlaege.de\/wp-content\/uploads\/2018\/02\/Balkon_1kx1k-1.png\",\"contentUrl\":\"https:\/\/mlsbeschlaege.de\/wp-content\/uploads\/2018\/02\/Balkon_1kx1k-1.png\",\"width\":1000,\"height\":1000},{\"@type\":\"BreadcrumbList\",\"@id\":\"https:\/\/mlsbeschlaege.de\/fr\/produit\/francais-balcon\/#breadcrumb\",\"itemListElement\":[{\"@type\":\"ListItem\",\"position\":1,\"name\":\"Strona g\u0142\u00f3wna\",\"item\":\"https:\/\/mlsbeschlaege.de\/fr\/\"},{\"@type\":\"ListItem\",\"position\":2,\"name\":\"Boutique\",\"item\":\"https:\/\/mlsbeschlaege.de\/shop\/\"},{\"@type\":\"ListItem\",\"position\":3,\"name\":\"Fran\u00e7ais Balcon\"}]},{\"@type\":\"WebSite\",\"@id\":\"https:\/\/mlsbeschlaege.de\/fr\/#website\",\"url\":\"https:\/\/mlsbeschlaege.de\/fr\/\",\"name\":\"MLS Beschl\u00e4ge\",\"description\":\"Qualit\u00e4t Beschlaege aus Edelstahl und Aluminium f\u00fcr Glas und Holz Anwendungen\",\"potentialAction\":[{\"@type\":\"SearchAction\",\"target\":{\"@type\":\"EntryPoint\",\"urlTemplate\":\"https:\/\/mlsbeschlaege.de\/fr\/?s={search_term_string}\"},\"query-input\":{\"@type\":\"PropertyValueSpecification\",\"valueRequired\":true,\"valueName\":\"search_term_string\"}}],\"inLanguage\":\"fr-FR\"}]}<\/script>\n<!-- \/ Yoast SEO plugin. -->","yoast_head_json":{"title":"Fran\u00e7ais Balcon - MLS Beschl\u00e4ge","robots":{"index":"index","follow":"follow","max-snippet":"max-snippet:-1","max-image-preview":"max-image-preview:large","max-video-preview":"max-video-preview:-1"},"canonical":"https:\/\/mlsbeschlaege.de\/fr\/produit\/francais-balcon\/","og_locale":"fr_FR","og_type":"article","og_title":"Fran\u00e7ais Balcon - MLS Beschl\u00e4ge","og_description":"Sur demande : biuro@mlsgroup.eu  Catalogue Balcon fran\u00e7ais","og_url":"https:\/\/mlsbeschlaege.de\/fr\/produit\/francais-balcon\/","og_site_name":"MLS Beschl\u00e4ge","article_modified_time":"2026-02-20T09:13:15+00:00","og_image":[{"width":1000,"height":1000,"url":"https:\/\/mlsbeschlaege.de\/wp-content\/uploads\/2018\/02\/Balkon_1kx1k-1.png","type":"image\/png"}],"twitter_card":"summary_large_image","schema":{"@context":"https:\/\/schema.org","@graph":[{"@type":"WebPage","@id":"https:\/\/mlsbeschlaege.de\/fr\/produit\/francais-balcon\/","url":"https:\/\/mlsbeschlaege.de\/fr\/produit\/francais-balcon\/","name":"Fran\u00e7ais Balcon - MLS Beschl\u00e4ge","isPartOf":{"@id":"https:\/\/mlsbeschlaege.de\/fr\/#website"},"primaryImageOfPage":{"@id":"https:\/\/mlsbeschlaege.de\/fr\/produit\/francais-balcon\/#primaryimage"},"image":{"@id":"https:\/\/mlsbeschlaege.de\/fr\/produit\/francais-balcon\/#primaryimage"},"thumbnailUrl":"https:\/\/mlsbeschlaege.de\/wp-content\/uploads\/2018\/02\/Balkon_1kx1k-1.png","datePublished":"2018-02-15T19:16:17+00:00","dateModified":"2026-02-20T09:13:15+00:00","breadcrumb":{"@id":"https:\/\/mlsbeschlaege.de\/fr\/produit\/francais-balcon\/#breadcrumb"},"inLanguage":"fr-FR","potentialAction":[{"@type":"ReadAction","target":["https:\/\/mlsbeschlaege.de\/fr\/produit\/francais-balcon\/"]}]},{"@type":"ImageObject","inLanguage":"fr-FR","@id":"https:\/\/mlsbeschlaege.de\/fr\/produit\/francais-balcon\/#primaryimage","url":"https:\/\/mlsbeschlaege.de\/wp-content\/uploads\/2018\/02\/Balkon_1kx1k-1.png","contentUrl":"https:\/\/mlsbeschlaege.de\/wp-content\/uploads\/2018\/02\/Balkon_1kx1k-1.png","width":1000,"height":1000},{"@type":"BreadcrumbList","@id":"https:\/\/mlsbeschlaege.de\/fr\/produit\/francais-balcon\/#breadcrumb","itemListElement":[{"@type":"ListItem","position":1,"name":"Strona g\u0142\u00f3wna","item":"https:\/\/mlsbeschlaege.de\/fr\/"},{"@type":"ListItem","position":2,"name":"Boutique","item":"https:\/\/mlsbeschlaege.de\/shop\/"},{"@type":"ListItem","position":3,"name":"Fran\u00e7ais Balcon"}]},{"@type":"WebSite","@id":"https:\/\/mlsbeschlaege.de\/fr\/#website","url":"https:\/\/mlsbeschlaege.de\/fr\/","name":"MLS Beschl\u00e4ge","description":"Qualit\u00e4t Beschlaege aus Edelstahl und Aluminium f\u00fcr Glas und Holz Anwendungen","potentialAction":[{"@type":"SearchAction","target":{"@type":"EntryPoint","urlTemplate":"https:\/\/mlsbeschlaege.de\/fr\/?s={search_term_string}"},"query-input":{"@type":"PropertyValueSpecification","valueRequired":true,"valueName":"search_term_string"}}],"inLanguage":"fr-FR"}]}},"_links":{"self":[{"href":"https:\/\/mlsbeschlaege.de\/fr\/wp-json\/wp\/v2\/product\/55238","targetHints":{"allow":["GET"]}}],"collection":[{"href":"https:\/\/mlsbeschlaege.de\/fr\/wp-json\/wp\/v2\/product"}],"about":[{"href":"https:\/\/mlsbeschlaege.de\/fr\/wp-json\/wp\/v2\/types\/product"}],"replies":[{"embeddable":true,"href":"https:\/\/mlsbeschlaege.de\/fr\/wp-json\/wp\/v2\/comments?post=55238"}],"version-history":[{"count":0,"href":"https:\/\/mlsbeschlaege.de\/fr\/wp-json\/wp\/v2\/product\/55238\/revisions"}],"wp:featuredmedia":[{"embeddable":true,"href":"https:\/\/mlsbeschlaege.de\/fr\/wp-json\/wp\/v2\/media\/55239"}],"wp:attachment":[{"href":"https:\/\/mlsbeschlaege.de\/fr\/wp-json\/wp\/v2\/media?parent=55238"}],"wp:term":[{"taxonomy":"product_brand","embeddable":true,"href":"https:\/\/mlsbeschlaege.de\/fr\/wp-json\/wp\/v2\/product_brand?post=55238"},{"taxonomy":"product_cat","embeddable":true,"href":"https:\/\/mlsbeschlaege.de\/fr\/wp-json\/wp\/v2\/product_cat?post=55238"},{"taxonomy":"product_tag","embeddable":true,"href":"https:\/\/mlsbeschlaege.de\/fr\/wp-json\/wp\/v2\/product_tag?post=55238"}],"curies":[{"name":"wp","href":"https:\/\/api.w.org\/{rel}","templated":true}]}}