{"id":55234,"date":"2018-02-15T19:47:53","date_gmt":"2018-02-15T18:47:53","guid":{"rendered":"https:\/\/mlsbeschlaege.de\/produkt\/grille-daeration-l-1000\/"},"modified":"2026-02-20T10:13:14","modified_gmt":"2026-02-20T09:13:14","slug":"grille-daeration-l-1000","status":"publish","type":"product","link":"https:\/\/mlsbeschlaege.de\/fr\/produit\/grille-daeration-l-1000\/","title":{"rendered":"Grille d&#8217;a\u00e9ration L 1000"},"content":{"rendered":"<div class=\"col-md-12\">\n<h1 style=\"text-align: center;\">Galerie de photos<\/h1>\n<div id=\"grid-gallery-16-40437\" data-gg-id=\"16\" data-title=\"Luftungsgitter\" data-grid-type=\"3\" data-offset=\"5.3\" data-area-position=\"center\" data-icons=\"\" data-preloader=\"true\" data-width=\"300\" data-height=\"300\" data-padding=\"0\" data-quicksand=\"disabled\" data-quicksand-duration=\"none\" data-popup-theme=\"theme_6\" data-popup-type=\"pretty-photo\" data-columns-number=\"3\" data-popup-captions=\"hide\" data-popup-image-text=\"data-description\" data-popup-widthsize=\"auto\" data-popup-heightsize=\"auto\" data-popup-i18n-words=\"{&quot;close&quot;:&quot;fermer&quot;,&quot;next&quot;:&quot;suivant&quot;,&quot;previous&quot;:&quot;pr\\u00e9c\\u00e9dent&quot;,&quot;start_slideshow&quot;:&quot;d\\u00e9marrer le diaporama&quot;,&quot;stop_slideshow&quot;:&quot;arr\\u00e9ter le diaporama&quot;,&quot;image&quot;:&quot;image&quot;,&quot;of&quot;:&quot;de&quot;,&quot;prev&quot;:&quot;pr\\u00e9c.&quot;,&quot;cExpand&quot;:&quot;Agrandir&quot;,&quot;cPrevious&quot;:&quot;Pr\\u00e9c\\u00e9dent&quot;,&quot;cNext&quot;:&quot;Suivant&quot;,&quot;cExpandStr&quot;:&quot;Agrandir l&#039;image&quot;,&quot;cRotate&quot;:&quot;Pivoter&quot;,&quot;cDetails&quot;:&quot;Details&quot;}\" data-popup-slideshow=\"false\" data-popup-slideshow-speed=\"2500\" data-popup-hoverstop=\"true\" data-popup-slideshow-auto=\"false\" data-popup-background=\"\" data-popup-transparency=\"30\" data-popup-disable-history=\"\" data-popup-disable-changed-url=\"\" data-popup-border-type=\"solid\" data-popup-border-color=\"\" data-popup-border-width=\"\" data-popup-border-enable=\"\" data-fullscreen=\"false\" data-hide-tooltip=\"false\" data-caption-font-family=\"Default\" data-caption-text-size=\"140\" data-is-mobile=\"0\" data-caption-mobile=\"false\" data-hide-long-tltp-title=\"1\" data-caption-disabled-on-mobile=\"false\" data-responsive-colums=\"{&quot;desktop&quot;:{&quot;width&quot;:&quot;1200&quot;,&quot;columns&quot;:&quot;3&quot;},&quot;tablet&quot;:{&quot;width&quot;:&quot;768&quot;,&quot;columns&quot;:&quot;3&quot;},&quot;mobile&quot;:{&quot;width&quot;:&quot;320&quot;,&quot;columns&quot;:&quot;3&quot;}}\" data-popup-placement-type=\"0\" data-social-sharing=\"{&quot;enabled&quot;:&quot;&quot;,&quot;gallerySharing&quot;:{&quot;enabled&quot;:null,&quot;position&quot;:null},&quot;imageSharing&quot;:{&quot;enabled&quot;:null,&quot;wrapperClass&quot;:&quot; vertical &quot;},&quot;popupSharing&quot;:{&quot;enabled&quot;:null,&quot;wrapperClass&quot;:&quot; vertical &quot;}}\" class=\"grid-gallery grid-gallery-fixed \" style=\" width:100%; height:auto; margin-left:auto; margin-right:auto;position:relative;\"> <div class=\"gallery-loading\"> <div class=\"blocks\"> <div class=\"block\"><\/div> <div class=\"block\"><\/div> <div class=\"block\"><\/div> <div class=\"block\"><\/div> <\/div> <\/div> <div class=\"gallery-sharing-top\" style=\"display:none;\"> <\/div> <div id=\"photos-16\" class=\"grid-gallery-photos\"><FIGURE class=\"grid-gallery-caption\" data-grid-gallery-type=\"quarter-slide-up\" data-index=\"0\" style=\"display:none;border-radius:50;; margin:5.3px; width:3000;\" ><div class=\"crop\" style=\" width:3000; height:3000; overflow:hidden;\"><img decoding=\"async\" src=\"https:\/\/mlsbeschlaege.de\/wp-content\/uploads\/2024\/11\/IMG_3733-300x300.jpg\" class=\"ggImg ggNotInitImg\" alt=\"IMG_3733\" title=\"IMG_3733\" data-description=\"IMG_3733\" data-caption=\"IMG_3733\" data-title=\"IMG_3733\" style=\" width:300px; height:300px;\" \/><\/div><FIGCAPTION class=\"\" data-alpha=\"5\" style=\"color:#ffffff; background-color:#6f0000; font-size:140; text-align:left; font-family:Default;\" ><div class=\"grid-gallery-figcaption-wrap\" style=\"\"><\/div><\/FIGCAPTION><\/FIGURE><FIGURE class=\"grid-gallery-caption\" data-grid-gallery-type=\"quarter-slide-up\" data-index=\"1\" style=\"display:none;border-radius:50;; margin:5.3px; width:3000;\" ><div class=\"crop\" style=\" width:3000; height:3000; overflow:hidden;\"><img decoding=\"async\" src=\"https:\/\/mlsbeschlaege.de\/wp-content\/uploads\/2024\/11\/IMG_37391-300x300.jpg\" class=\"ggImg ggNotInitImg\" alt=\"IMG_3739[1]\" title=\"IMG_3739[1]\" data-description=\"IMG_3739[1]\" data-caption=\"IMG_3739[1]\" data-title=\"IMG_3739[1]\" style=\" width:300px; height:300px;\" \/><\/div><FIGCAPTION class=\"\" data-alpha=\"5\" style=\"color:#ffffff; background-color:#6f0000; font-size:140; text-align:left; font-family:Default;\" ><div class=\"grid-gallery-figcaption-wrap\" style=\"\"><\/div><\/FIGCAPTION><\/FIGURE><FIGURE class=\"grid-gallery-caption\" data-grid-gallery-type=\"quarter-slide-up\" data-index=\"2\" style=\"display:none;border-radius:50;; margin:5.3px; width:3000;\" ><div class=\"crop\" style=\" width:3000; height:3000; overflow:hidden;\"><img decoding=\"async\" src=\"https:\/\/mlsbeschlaege.de\/wp-content\/uploads\/2024\/11\/B1000-VA-rotated-300x300.jpg\" class=\"ggImg ggNotInitImg\" alt=\"B1000 VA\" title=\"B1000 VA\" data-description=\"B1000 VA\" data-caption=\"B1000 VA\" data-title=\"B1000 VA\" style=\" width:300px; height:300px;\" \/><\/div><FIGCAPTION class=\"\" data-alpha=\"5\" style=\"color:#ffffff; background-color:#6f0000; font-size:140; text-align:left; font-family:Default;\" ><div class=\"grid-gallery-figcaption-wrap\" style=\"\"><\/div><\/FIGCAPTION><\/FIGURE> <div class=\"grid-gallery-clearfix\"><\/div> <\/div> <div class=\"gallery-sharing-bottom\" style=\"display:none;\"> <\/div> <div class=\"gallery-sharing-image\" style=\"display:none;\"> <\/div> <div class=\"gallery-sharing-popup\" style=\"display:none;\"> <\/div> <div class=\"grid-gallery-clearfix\"><\/div> <\/div> <!-- Gallery by Supsystic plugin1.15.32 --><a title=\"Wordpress Gallery Plugin Free\" style=\"display:none;\" href=\"https:\/\/supsystic.com\/plugins\/photo-gallery\/?utm_medium=love_link\" target=\"_blank\">Wordpress Gallery Plugin Free<\/a>\n<\/div>\n<script>function getWR360PopupSkin(){return 'dark_clean';}<\/script>","protected":false},"excerpt":{"rendered":"<ul>\n<li>dans une qualit\u00e9 d&#8217;ex\u00e9cution sup\u00e9rieure<\/li>\n<li>pour panneau de porte 37 &#8211; 55 mm<\/li>\n<li>en acier inoxydable 1.4301 bross\u00e9<\/li>\n<li>Fixation par vis visibles des deux c\u00f4t\u00e9s<\/li>\n<li>incl. Mat\u00e9riel de fixation<\/li>\n<\/ul>\n<p><i class=\"fa fa-file-pdf-o\"><\/i><a href=\"https:\/\/mlsbeschlaege.de\/wp-content\/uploads\/docs\/MLS_Katalog_Luftungsgitter.pdf\" target=\"_blank\" rel=\"noopener noreferrer\">  Catalogue des grilles de ventilation<\/a><\/p>\n<p>[member_only]<\/p>\n<p><i class=\"fa fa-euro\"><\/i><a href=\"https:\/\/mlsbeschlaege.de\/wp-content\/uploads\/docs\/preisliste-luftungsgitter.pdf\" target=\"_blank\" rel=\"noopener noreferrer\">  Grilles de ventilation Liste de prix<\/a><\/p>\n<p>[\/member_only]<\/p>\n<table id=\"tabelka\">\n<tbody>\n<tr>\n<td>L (mm)<\/td>\n<td>T (mm)<\/td>\n<td>D\u00e9coupe de ventilation (L x H)<\/td>\n<td>Passage de ventilation<\/td>\n<td>R\u00e9f\u00e9rence<\/td>\n<\/tr>\n<tr>\n<td>465<\/td>\n<td>106<\/td>\n<td>430 x 80<\/td>\n<td>160 cm2<\/td>\n<td>0180-0300<\/td>\n<\/tr>\n<tr>\n<td>625<\/td>\n<td>106<\/td>\n<td>590 x 80<\/td>\n<td>220 cm2<\/td>\n<td>0180-0301<\/td>\n<\/tr>\n<\/tbody>\n<\/table>\n","protected":false},"featured_media":55235,"comment_status":"open","ping_status":"closed","template":"","meta":{"pgc_sgb_lightbox_settings":"","_links_to":"","_links_to_target":""},"product_brand":[],"product_cat":[636],"product_tag":[],"class_list":{"0":"post-55234","1":"product","2":"type-product","3":"status-publish","4":"has-post-thumbnail","6":"product_cat-grille-de-ventilation","7":"product_shipping_class-klasa-a","10":"first","11":"instock","12":"taxable","13":"shipping-taxable","14":"purchasable","15":"product-type-variable"},"yoast_head":"<!-- This site is optimized with the Yoast SEO plugin v26.6 - https:\/\/yoast.com\/wordpress\/plugins\/seo\/ -->\n<title>Grille d&#039;a\u00e9ration L 1000 - MLS Beschl\u00e4ge<\/title>\n<meta name=\"robots\" content=\"index, follow, max-snippet:-1, max-image-preview:large, max-video-preview:-1\" \/>\n<link rel=\"canonical\" href=\"https:\/\/mlsbeschlaege.de\/fr\/produit\/grille-daeration-l-1000\/\" \/>\n<meta property=\"og:locale\" content=\"fr_FR\" \/>\n<meta property=\"og:type\" content=\"article\" \/>\n<meta property=\"og:title\" content=\"Grille d&#039;a\u00e9ration L 1000 - MLS Beschl\u00e4ge\" \/>\n<meta property=\"og:description\" content=\"dans une qualit\u00e9 d&#039;ex\u00e9cution sup\u00e9rieure  pour panneau de porte 37 - 55 mm  en acier inoxydable 1.4301 bross\u00e9  Fixation par vis visibles des deux c\u00f4t\u00e9s  incl. Mat\u00e9riel de fixation  Catalogue des grilles de ventilation [member_only]  Grilles de ventilation Liste de prix [\/member_only]  L (mm) T (mm) D\u00e9coupe de ventilation (L x H) Passage de ventilation R\u00e9f\u00e9rence  465 106 430 x 80 160 cm2 0180-0300  625 106 590 x 80 220 cm2 0180-0301\" \/>\n<meta property=\"og:url\" content=\"https:\/\/mlsbeschlaege.de\/fr\/produit\/grille-daeration-l-1000\/\" \/>\n<meta property=\"og:site_name\" content=\"MLS Beschl\u00e4ge\" \/>\n<meta property=\"article:modified_time\" content=\"2026-02-20T09:13:14+00:00\" \/>\n<meta property=\"og:image\" content=\"https:\/\/mlsbeschlaege.de\/wp-content\/uploads\/2018\/02\/L\u00fcftungsgitter1kx1k-1.png\" \/>\n\t<meta property=\"og:image:width\" content=\"1000\" \/>\n\t<meta property=\"og:image:height\" content=\"1000\" \/>\n\t<meta property=\"og:image:type\" content=\"image\/png\" \/>\n<meta name=\"twitter:card\" content=\"summary_large_image\" \/>\n<script type=\"application\/ld+json\" class=\"yoast-schema-graph\">{\"@context\":\"https:\/\/schema.org\",\"@graph\":[{\"@type\":\"WebPage\",\"@id\":\"https:\/\/mlsbeschlaege.de\/fr\/produit\/grille-daeration-l-1000\/\",\"url\":\"https:\/\/mlsbeschlaege.de\/fr\/produit\/grille-daeration-l-1000\/\",\"name\":\"Grille d'a\u00e9ration L 1000 - MLS Beschl\u00e4ge\",\"isPartOf\":{\"@id\":\"https:\/\/mlsbeschlaege.de\/fr\/#website\"},\"primaryImageOfPage\":{\"@id\":\"https:\/\/mlsbeschlaege.de\/fr\/produit\/grille-daeration-l-1000\/#primaryimage\"},\"image\":{\"@id\":\"https:\/\/mlsbeschlaege.de\/fr\/produit\/grille-daeration-l-1000\/#primaryimage\"},\"thumbnailUrl\":\"https:\/\/mlsbeschlaege.de\/wp-content\/uploads\/2018\/02\/L\u00fcftungsgitter1kx1k-1.png\",\"datePublished\":\"2018-02-15T18:47:53+00:00\",\"dateModified\":\"2026-02-20T09:13:14+00:00\",\"breadcrumb\":{\"@id\":\"https:\/\/mlsbeschlaege.de\/fr\/produit\/grille-daeration-l-1000\/#breadcrumb\"},\"inLanguage\":\"fr-FR\",\"potentialAction\":[{\"@type\":\"ReadAction\",\"target\":[\"https:\/\/mlsbeschlaege.de\/fr\/produit\/grille-daeration-l-1000\/\"]}]},{\"@type\":\"ImageObject\",\"inLanguage\":\"fr-FR\",\"@id\":\"https:\/\/mlsbeschlaege.de\/fr\/produit\/grille-daeration-l-1000\/#primaryimage\",\"url\":\"https:\/\/mlsbeschlaege.de\/wp-content\/uploads\/2018\/02\/L\u00fcftungsgitter1kx1k-1.png\",\"contentUrl\":\"https:\/\/mlsbeschlaege.de\/wp-content\/uploads\/2018\/02\/L\u00fcftungsgitter1kx1k-1.png\",\"width\":1000,\"height\":1000},{\"@type\":\"BreadcrumbList\",\"@id\":\"https:\/\/mlsbeschlaege.de\/fr\/produit\/grille-daeration-l-1000\/#breadcrumb\",\"itemListElement\":[{\"@type\":\"ListItem\",\"position\":1,\"name\":\"Strona g\u0142\u00f3wna\",\"item\":\"https:\/\/mlsbeschlaege.de\/fr\/\"},{\"@type\":\"ListItem\",\"position\":2,\"name\":\"Boutique\",\"item\":\"https:\/\/mlsbeschlaege.de\/shop\/\"},{\"@type\":\"ListItem\",\"position\":3,\"name\":\"Grille d&#8217;a\u00e9ration L 1000\"}]},{\"@type\":\"WebSite\",\"@id\":\"https:\/\/mlsbeschlaege.de\/fr\/#website\",\"url\":\"https:\/\/mlsbeschlaege.de\/fr\/\",\"name\":\"MLS Beschl\u00e4ge\",\"description\":\"Qualit\u00e4t Beschlaege aus Edelstahl und Aluminium f\u00fcr Glas und Holz Anwendungen\",\"potentialAction\":[{\"@type\":\"SearchAction\",\"target\":{\"@type\":\"EntryPoint\",\"urlTemplate\":\"https:\/\/mlsbeschlaege.de\/fr\/?s={search_term_string}\"},\"query-input\":{\"@type\":\"PropertyValueSpecification\",\"valueRequired\":true,\"valueName\":\"search_term_string\"}}],\"inLanguage\":\"fr-FR\"}]}<\/script>\n<!-- \/ Yoast SEO plugin. -->","yoast_head_json":{"title":"Grille d'a\u00e9ration L 1000 - MLS Beschl\u00e4ge","robots":{"index":"index","follow":"follow","max-snippet":"max-snippet:-1","max-image-preview":"max-image-preview:large","max-video-preview":"max-video-preview:-1"},"canonical":"https:\/\/mlsbeschlaege.de\/fr\/produit\/grille-daeration-l-1000\/","og_locale":"fr_FR","og_type":"article","og_title":"Grille d'a\u00e9ration L 1000 - MLS Beschl\u00e4ge","og_description":"dans une qualit\u00e9 d'ex\u00e9cution sup\u00e9rieure  pour panneau de porte 37 - 55 mm  en acier inoxydable 1.4301 bross\u00e9  Fixation par vis visibles des deux c\u00f4t\u00e9s  incl. Mat\u00e9riel de fixation  Catalogue des grilles de ventilation [member_only]  Grilles de ventilation Liste de prix [\/member_only]  L (mm) T (mm) D\u00e9coupe de ventilation (L x H) Passage de ventilation R\u00e9f\u00e9rence  465 106 430 x 80 160 cm2 0180-0300  625 106 590 x 80 220 cm2 0180-0301","og_url":"https:\/\/mlsbeschlaege.de\/fr\/produit\/grille-daeration-l-1000\/","og_site_name":"MLS Beschl\u00e4ge","article_modified_time":"2026-02-20T09:13:14+00:00","og_image":[{"width":1000,"height":1000,"url":"https:\/\/mlsbeschlaege.de\/wp-content\/uploads\/2018\/02\/L\u00fcftungsgitter1kx1k-1.png","type":"image\/png"}],"twitter_card":"summary_large_image","schema":{"@context":"https:\/\/schema.org","@graph":[{"@type":"WebPage","@id":"https:\/\/mlsbeschlaege.de\/fr\/produit\/grille-daeration-l-1000\/","url":"https:\/\/mlsbeschlaege.de\/fr\/produit\/grille-daeration-l-1000\/","name":"Grille d'a\u00e9ration L 1000 - MLS Beschl\u00e4ge","isPartOf":{"@id":"https:\/\/mlsbeschlaege.de\/fr\/#website"},"primaryImageOfPage":{"@id":"https:\/\/mlsbeschlaege.de\/fr\/produit\/grille-daeration-l-1000\/#primaryimage"},"image":{"@id":"https:\/\/mlsbeschlaege.de\/fr\/produit\/grille-daeration-l-1000\/#primaryimage"},"thumbnailUrl":"https:\/\/mlsbeschlaege.de\/wp-content\/uploads\/2018\/02\/L\u00fcftungsgitter1kx1k-1.png","datePublished":"2018-02-15T18:47:53+00:00","dateModified":"2026-02-20T09:13:14+00:00","breadcrumb":{"@id":"https:\/\/mlsbeschlaege.de\/fr\/produit\/grille-daeration-l-1000\/#breadcrumb"},"inLanguage":"fr-FR","potentialAction":[{"@type":"ReadAction","target":["https:\/\/mlsbeschlaege.de\/fr\/produit\/grille-daeration-l-1000\/"]}]},{"@type":"ImageObject","inLanguage":"fr-FR","@id":"https:\/\/mlsbeschlaege.de\/fr\/produit\/grille-daeration-l-1000\/#primaryimage","url":"https:\/\/mlsbeschlaege.de\/wp-content\/uploads\/2018\/02\/L\u00fcftungsgitter1kx1k-1.png","contentUrl":"https:\/\/mlsbeschlaege.de\/wp-content\/uploads\/2018\/02\/L\u00fcftungsgitter1kx1k-1.png","width":1000,"height":1000},{"@type":"BreadcrumbList","@id":"https:\/\/mlsbeschlaege.de\/fr\/produit\/grille-daeration-l-1000\/#breadcrumb","itemListElement":[{"@type":"ListItem","position":1,"name":"Strona g\u0142\u00f3wna","item":"https:\/\/mlsbeschlaege.de\/fr\/"},{"@type":"ListItem","position":2,"name":"Boutique","item":"https:\/\/mlsbeschlaege.de\/shop\/"},{"@type":"ListItem","position":3,"name":"Grille d&#8217;a\u00e9ration L 1000"}]},{"@type":"WebSite","@id":"https:\/\/mlsbeschlaege.de\/fr\/#website","url":"https:\/\/mlsbeschlaege.de\/fr\/","name":"MLS Beschl\u00e4ge","description":"Qualit\u00e4t Beschlaege aus Edelstahl und Aluminium f\u00fcr Glas und Holz Anwendungen","potentialAction":[{"@type":"SearchAction","target":{"@type":"EntryPoint","urlTemplate":"https:\/\/mlsbeschlaege.de\/fr\/?s={search_term_string}"},"query-input":{"@type":"PropertyValueSpecification","valueRequired":true,"valueName":"search_term_string"}}],"inLanguage":"fr-FR"}]}},"_links":{"self":[{"href":"https:\/\/mlsbeschlaege.de\/fr\/wp-json\/wp\/v2\/product\/55234","targetHints":{"allow":["GET"]}}],"collection":[{"href":"https:\/\/mlsbeschlaege.de\/fr\/wp-json\/wp\/v2\/product"}],"about":[{"href":"https:\/\/mlsbeschlaege.de\/fr\/wp-json\/wp\/v2\/types\/product"}],"replies":[{"embeddable":true,"href":"https:\/\/mlsbeschlaege.de\/fr\/wp-json\/wp\/v2\/comments?post=55234"}],"version-history":[{"count":0,"href":"https:\/\/mlsbeschlaege.de\/fr\/wp-json\/wp\/v2\/product\/55234\/revisions"}],"wp:featuredmedia":[{"embeddable":true,"href":"https:\/\/mlsbeschlaege.de\/fr\/wp-json\/wp\/v2\/media\/55235"}],"wp:attachment":[{"href":"https:\/\/mlsbeschlaege.de\/fr\/wp-json\/wp\/v2\/media?parent=55234"}],"wp:term":[{"taxonomy":"product_brand","embeddable":true,"href":"https:\/\/mlsbeschlaege.de\/fr\/wp-json\/wp\/v2\/product_brand?post=55234"},{"taxonomy":"product_cat","embeddable":true,"href":"https:\/\/mlsbeschlaege.de\/fr\/wp-json\/wp\/v2\/product_cat?post=55234"},{"taxonomy":"product_tag","embeddable":true,"href":"https:\/\/mlsbeschlaege.de\/fr\/wp-json\/wp\/v2\/product_tag?post=55234"}],"curies":[{"name":"wp","href":"https:\/\/api.w.org\/{rel}","templated":true}]}}