{"id":55225,"date":"2017-11-05T19:52:26","date_gmt":"2017-11-05T18:52:26","guid":{"rendered":"https:\/\/mlsbeschlaege.de\/produkt\/mc\/"},"modified":"2026-02-20T10:13:12","modified_gmt":"2026-02-20T09:13:12","slug":"mc","status":"publish","type":"product","link":"https:\/\/mlsbeschlaege.de\/fr\/produit\/mc\/","title":{"rendered":"MC"},"content":{"rendered":"<script>function getWR360PopupSkin(){return 'dark_clean';}<\/script>","protected":false},"excerpt":{"rendered":"<div class=\"col-md-12\">\n<img decoding=\"async\" style=\"float: left; padding: 0 30px 15px 0; width: 100%;\" src=\"\/wp-content\/uploads\/drawings\/mcrt.png\">\n<\/div>\n<div class=\"col-md-12\" style=\"margin-top: 20px; margin-bottom: 50px;\">\n<p>Barre de traction Filetage M10<\/p>\n<ul>\n<li>Mat\u00e9riau : acier inoxydable V2A<\/li>\n<li>Surface : bross\u00e9e mate<\/li>\n<li>Longueur Plage de r\u00e9glage \u00b1 20 mm<\/li>\n<\/ul>\n<p><i class=\"fa fa-file-pdf-o\"><\/i><a href=\"https:\/\/mlsbeschlaege.de\/wp-content\/uploads\/docs\/MLS_Katalog_Vordachsysteme_Omega.pdf\" target=\"_blank\" rel=\"noopener noreferrer\">  Catalogue Omega<\/a><\/p>\n<\/div>\n<table id=\"tabelka\">\n<tbody>\n<tr>\n<td>N\u00b0 d&#8217;art.<\/td>\n<td>Longueur L (mm)<\/td>\n<td>Distance B (mm)<\/td>\n<\/tr>\n<tr>\n<td>0480 &#8211; 0109<\/td>\n<td>845<\/td>\n<td>905<\/td>\n<\/tr>\n<tr>\n<td>0480 &#8211; 0110<\/td>\n<td>1045<\/td>\n<td>1105<\/td>\n<\/tr>\n<tr>\n<td>0480 &#8211; 0111<\/td>\n<td>1245<\/td>\n<td>1305<\/td>\n<\/tr>\n<tr>\n<td>0480 &#8211; 0112<\/td>\n<td>1445<\/td>\n<td>1505<\/td>\n<\/tr>\n<tr>\n<td>0480 &#8211; 0113<\/td>\n<td>1645<\/td>\n<td>1705<\/td>\n<\/tr>\n<tr>\n<td>0480 &#8211; 0114<\/td>\n<td>1845<\/td>\n<td>1905<\/td>\n<\/tr>\n<tr>\n<td>0480 &#8211; 0115<\/td>\n<td>2045<\/td>\n<td>2105<\/td>\n<\/tr>\n<\/tbody>\n<\/table>\n","protected":false},"featured_media":55226,"comment_status":"open","ping_status":"closed","template":"","meta":{"pgc_sgb_lightbox_settings":"","_links_to":"","_links_to_target":""},"product_brand":[],"product_cat":[650],"product_tag":[],"class_list":{"0":"post-55225","1":"product","2":"type-product","3":"status-publish","4":"has-post-thumbnail","6":"product_cat-systemes-dauvents-accessoires","7":"product_shipping_class-klasa-a","10":"first","11":"instock","12":"taxable","13":"shipping-taxable","14":"product-type-variable"},"yoast_head":"<!-- This site is optimized with the Yoast SEO plugin v26.6 - https:\/\/yoast.com\/wordpress\/plugins\/seo\/ -->\n<title>MC - MLS Beschl\u00e4ge<\/title>\n<meta name=\"robots\" content=\"index, follow, max-snippet:-1, max-image-preview:large, max-video-preview:-1\" \/>\n<link rel=\"canonical\" href=\"https:\/\/mlsbeschlaege.de\/fr\/produit\/mc\/\" \/>\n<meta property=\"og:locale\" content=\"fr_FR\" \/>\n<meta property=\"og:type\" content=\"article\" \/>\n<meta property=\"og:title\" content=\"MC - MLS Beschl\u00e4ge\" \/>\n<meta property=\"og:description\" content=\"Barre de traction Filetage M10 Mat\u00e9riau : acier inoxydable V2A Surface : bross\u00e9e mate Longueur Plage de r\u00e9glage \u00b1 20 mm  Catalogue Omega      N\u00b0 d&#039;art.  Longueur L (mm) Distance B (mm)     0480 - 0109  845 905    0480 - 0110  1045 1105    0480 - 0111  1245 1305    0480 - 0112  1445 1505    0480 - 0113  1645 1705    0480 - 0114  1845 1905    0480 - 0115  2045 2105\" \/>\n<meta property=\"og:url\" content=\"https:\/\/mlsbeschlaege.de\/fr\/produit\/mc\/\" \/>\n<meta property=\"og:site_name\" content=\"MLS Beschl\u00e4ge\" \/>\n<meta property=\"article:modified_time\" content=\"2026-02-20T09:13:12+00:00\" \/>\n<meta property=\"og:image\" content=\"https:\/\/mlsbeschlaege.de\/wp-content\/uploads\/2017\/11\/MC.png\" \/>\n\t<meta property=\"og:image:width\" content=\"953\" \/>\n\t<meta property=\"og:image:height\" content=\"953\" \/>\n\t<meta property=\"og:image:type\" content=\"image\/png\" \/>\n<meta name=\"twitter:card\" content=\"summary_large_image\" \/>\n<script type=\"application\/ld+json\" class=\"yoast-schema-graph\">{\"@context\":\"https:\/\/schema.org\",\"@graph\":[{\"@type\":\"WebPage\",\"@id\":\"https:\/\/mlsbeschlaege.de\/fr\/produit\/mc\/\",\"url\":\"https:\/\/mlsbeschlaege.de\/fr\/produit\/mc\/\",\"name\":\"MC - MLS Beschl\u00e4ge\",\"isPartOf\":{\"@id\":\"https:\/\/mlsbeschlaege.de\/fr\/#website\"},\"primaryImageOfPage\":{\"@id\":\"https:\/\/mlsbeschlaege.de\/fr\/produit\/mc\/#primaryimage\"},\"image\":{\"@id\":\"https:\/\/mlsbeschlaege.de\/fr\/produit\/mc\/#primaryimage\"},\"thumbnailUrl\":\"https:\/\/mlsbeschlaege.de\/wp-content\/uploads\/2017\/11\/MC.png\",\"datePublished\":\"2017-11-05T18:52:26+00:00\",\"dateModified\":\"2026-02-20T09:13:12+00:00\",\"breadcrumb\":{\"@id\":\"https:\/\/mlsbeschlaege.de\/fr\/produit\/mc\/#breadcrumb\"},\"inLanguage\":\"fr-FR\",\"potentialAction\":[{\"@type\":\"ReadAction\",\"target\":[\"https:\/\/mlsbeschlaege.de\/fr\/produit\/mc\/\"]}]},{\"@type\":\"ImageObject\",\"inLanguage\":\"fr-FR\",\"@id\":\"https:\/\/mlsbeschlaege.de\/fr\/produit\/mc\/#primaryimage\",\"url\":\"https:\/\/mlsbeschlaege.de\/wp-content\/uploads\/2017\/11\/MC.png\",\"contentUrl\":\"https:\/\/mlsbeschlaege.de\/wp-content\/uploads\/2017\/11\/MC.png\",\"width\":953,\"height\":953},{\"@type\":\"BreadcrumbList\",\"@id\":\"https:\/\/mlsbeschlaege.de\/fr\/produit\/mc\/#breadcrumb\",\"itemListElement\":[{\"@type\":\"ListItem\",\"position\":1,\"name\":\"Strona g\u0142\u00f3wna\",\"item\":\"https:\/\/mlsbeschlaege.de\/fr\/\"},{\"@type\":\"ListItem\",\"position\":2,\"name\":\"Boutique\",\"item\":\"https:\/\/mlsbeschlaege.de\/shop\/\"},{\"@type\":\"ListItem\",\"position\":3,\"name\":\"MC\"}]},{\"@type\":\"WebSite\",\"@id\":\"https:\/\/mlsbeschlaege.de\/fr\/#website\",\"url\":\"https:\/\/mlsbeschlaege.de\/fr\/\",\"name\":\"MLS Beschl\u00e4ge\",\"description\":\"Qualit\u00e4t Beschlaege aus Edelstahl und Aluminium f\u00fcr Glas und Holz Anwendungen\",\"potentialAction\":[{\"@type\":\"SearchAction\",\"target\":{\"@type\":\"EntryPoint\",\"urlTemplate\":\"https:\/\/mlsbeschlaege.de\/fr\/?s={search_term_string}\"},\"query-input\":{\"@type\":\"PropertyValueSpecification\",\"valueRequired\":true,\"valueName\":\"search_term_string\"}}],\"inLanguage\":\"fr-FR\"}]}<\/script>\n<!-- \/ Yoast SEO plugin. -->","yoast_head_json":{"title":"MC - MLS Beschl\u00e4ge","robots":{"index":"index","follow":"follow","max-snippet":"max-snippet:-1","max-image-preview":"max-image-preview:large","max-video-preview":"max-video-preview:-1"},"canonical":"https:\/\/mlsbeschlaege.de\/fr\/produit\/mc\/","og_locale":"fr_FR","og_type":"article","og_title":"MC - MLS Beschl\u00e4ge","og_description":"Barre de traction Filetage M10 Mat\u00e9riau : acier inoxydable V2A Surface : bross\u00e9e mate Longueur Plage de r\u00e9glage \u00b1 20 mm  Catalogue Omega      N\u00b0 d'art.  Longueur L (mm) Distance B (mm)     0480 - 0109  845 905    0480 - 0110  1045 1105    0480 - 0111  1245 1305    0480 - 0112  1445 1505    0480 - 0113  1645 1705    0480 - 0114  1845 1905    0480 - 0115  2045 2105","og_url":"https:\/\/mlsbeschlaege.de\/fr\/produit\/mc\/","og_site_name":"MLS Beschl\u00e4ge","article_modified_time":"2026-02-20T09:13:12+00:00","og_image":[{"width":953,"height":953,"url":"https:\/\/mlsbeschlaege.de\/wp-content\/uploads\/2017\/11\/MC.png","type":"image\/png"}],"twitter_card":"summary_large_image","schema":{"@context":"https:\/\/schema.org","@graph":[{"@type":"WebPage","@id":"https:\/\/mlsbeschlaege.de\/fr\/produit\/mc\/","url":"https:\/\/mlsbeschlaege.de\/fr\/produit\/mc\/","name":"MC - MLS Beschl\u00e4ge","isPartOf":{"@id":"https:\/\/mlsbeschlaege.de\/fr\/#website"},"primaryImageOfPage":{"@id":"https:\/\/mlsbeschlaege.de\/fr\/produit\/mc\/#primaryimage"},"image":{"@id":"https:\/\/mlsbeschlaege.de\/fr\/produit\/mc\/#primaryimage"},"thumbnailUrl":"https:\/\/mlsbeschlaege.de\/wp-content\/uploads\/2017\/11\/MC.png","datePublished":"2017-11-05T18:52:26+00:00","dateModified":"2026-02-20T09:13:12+00:00","breadcrumb":{"@id":"https:\/\/mlsbeschlaege.de\/fr\/produit\/mc\/#breadcrumb"},"inLanguage":"fr-FR","potentialAction":[{"@type":"ReadAction","target":["https:\/\/mlsbeschlaege.de\/fr\/produit\/mc\/"]}]},{"@type":"ImageObject","inLanguage":"fr-FR","@id":"https:\/\/mlsbeschlaege.de\/fr\/produit\/mc\/#primaryimage","url":"https:\/\/mlsbeschlaege.de\/wp-content\/uploads\/2017\/11\/MC.png","contentUrl":"https:\/\/mlsbeschlaege.de\/wp-content\/uploads\/2017\/11\/MC.png","width":953,"height":953},{"@type":"BreadcrumbList","@id":"https:\/\/mlsbeschlaege.de\/fr\/produit\/mc\/#breadcrumb","itemListElement":[{"@type":"ListItem","position":1,"name":"Strona g\u0142\u00f3wna","item":"https:\/\/mlsbeschlaege.de\/fr\/"},{"@type":"ListItem","position":2,"name":"Boutique","item":"https:\/\/mlsbeschlaege.de\/shop\/"},{"@type":"ListItem","position":3,"name":"MC"}]},{"@type":"WebSite","@id":"https:\/\/mlsbeschlaege.de\/fr\/#website","url":"https:\/\/mlsbeschlaege.de\/fr\/","name":"MLS Beschl\u00e4ge","description":"Qualit\u00e4t Beschlaege aus Edelstahl und Aluminium f\u00fcr Glas und Holz Anwendungen","potentialAction":[{"@type":"SearchAction","target":{"@type":"EntryPoint","urlTemplate":"https:\/\/mlsbeschlaege.de\/fr\/?s={search_term_string}"},"query-input":{"@type":"PropertyValueSpecification","valueRequired":true,"valueName":"search_term_string"}}],"inLanguage":"fr-FR"}]}},"_links":{"self":[{"href":"https:\/\/mlsbeschlaege.de\/fr\/wp-json\/wp\/v2\/product\/55225","targetHints":{"allow":["GET"]}}],"collection":[{"href":"https:\/\/mlsbeschlaege.de\/fr\/wp-json\/wp\/v2\/product"}],"about":[{"href":"https:\/\/mlsbeschlaege.de\/fr\/wp-json\/wp\/v2\/types\/product"}],"replies":[{"embeddable":true,"href":"https:\/\/mlsbeschlaege.de\/fr\/wp-json\/wp\/v2\/comments?post=55225"}],"version-history":[{"count":0,"href":"https:\/\/mlsbeschlaege.de\/fr\/wp-json\/wp\/v2\/product\/55225\/revisions"}],"wp:featuredmedia":[{"embeddable":true,"href":"https:\/\/mlsbeschlaege.de\/fr\/wp-json\/wp\/v2\/media\/55226"}],"wp:attachment":[{"href":"https:\/\/mlsbeschlaege.de\/fr\/wp-json\/wp\/v2\/media?parent=55225"}],"wp:term":[{"taxonomy":"product_brand","embeddable":true,"href":"https:\/\/mlsbeschlaege.de\/fr\/wp-json\/wp\/v2\/product_brand?post=55225"},{"taxonomy":"product_cat","embeddable":true,"href":"https:\/\/mlsbeschlaege.de\/fr\/wp-json\/wp\/v2\/product_cat?post=55225"},{"taxonomy":"product_tag","embeddable":true,"href":"https:\/\/mlsbeschlaege.de\/fr\/wp-json\/wp\/v2\/product_tag?post=55225"}],"curies":[{"name":"wp","href":"https:\/\/api.w.org\/{rel}","templated":true}]}}