{"id":55188,"date":"2018-04-15T16:50:02","date_gmt":"2018-04-15T14:50:02","guid":{"rendered":"https:\/\/mlsbeschlaege.de\/produkt\/hublot-b6000-a8\/"},"modified":"2026-03-19T13:50:40","modified_gmt":"2026-03-19T12:50:40","slug":"hublot-b6000-a8","status":"publish","type":"product","link":"https:\/\/mlsbeschlaege.de\/fr\/produit\/hublot-b6000-a8\/","title":{"rendered":"Hublot B6000 A8"},"content":{"rendered":"<div class=\"col-md-12\">\n<h1 style=\"text-align: center;\">Galerie de photos<\/h1>\n<div id=\"grid-gallery-17-32248\" data-gg-id=\"17\" data-title=\"B6000A8\" data-grid-type=\"3\" data-offset=\"5.3\" data-area-position=\"center\" data-icons=\"\" data-preloader=\"true\" data-width=\"300\" data-height=\"300\" data-padding=\"0\" data-quicksand=\"disabled\" data-quicksand-duration=\"none\" data-popup-theme=\"theme_6\" data-popup-type=\"pretty-photo\" data-columns-number=\"3\" data-popup-captions=\"hide\" data-popup-image-text=\"data-description\" data-popup-widthsize=\"auto\" data-popup-heightsize=\"auto\" data-popup-i18n-words=\"{&quot;close&quot;:&quot;fermer&quot;,&quot;next&quot;:&quot;suivant&quot;,&quot;previous&quot;:&quot;pr\\u00e9c\\u00e9dent&quot;,&quot;start_slideshow&quot;:&quot;d\\u00e9marrer le diaporama&quot;,&quot;stop_slideshow&quot;:&quot;arr\\u00e9ter le diaporama&quot;,&quot;image&quot;:&quot;image&quot;,&quot;of&quot;:&quot;de&quot;,&quot;prev&quot;:&quot;pr\\u00e9c.&quot;,&quot;cExpand&quot;:&quot;Agrandir&quot;,&quot;cPrevious&quot;:&quot;Pr\\u00e9c\\u00e9dent&quot;,&quot;cNext&quot;:&quot;Suivant&quot;,&quot;cExpandStr&quot;:&quot;Agrandir l&#039;image&quot;,&quot;cRotate&quot;:&quot;Pivoter&quot;,&quot;cDetails&quot;:&quot;Details&quot;}\" data-popup-slideshow=\"false\" data-popup-slideshow-speed=\"2500\" data-popup-hoverstop=\"true\" data-popup-slideshow-auto=\"false\" data-popup-background=\"\" data-popup-transparency=\"30\" data-popup-disable-history=\"\" data-popup-disable-changed-url=\"\" data-popup-border-type=\"solid\" data-popup-border-color=\"\" data-popup-border-width=\"\" data-popup-border-enable=\"\" data-fullscreen=\"false\" data-hide-tooltip=\"false\" data-caption-font-family=\"Default\" data-caption-text-size=\"140\" data-is-mobile=\"0\" data-caption-mobile=\"false\" data-hide-long-tltp-title=\"1\" data-caption-disabled-on-mobile=\"false\" data-responsive-colums=\"{&quot;desktop&quot;:{&quot;width&quot;:&quot;1200&quot;,&quot;columns&quot;:&quot;3&quot;},&quot;tablet&quot;:{&quot;width&quot;:&quot;768&quot;,&quot;columns&quot;:&quot;3&quot;},&quot;mobile&quot;:{&quot;width&quot;:&quot;320&quot;,&quot;columns&quot;:&quot;3&quot;}}\" data-popup-placement-type=\"0\" data-social-sharing=\"{&quot;enabled&quot;:&quot;&quot;,&quot;gallerySharing&quot;:{&quot;enabled&quot;:null,&quot;position&quot;:null},&quot;imageSharing&quot;:{&quot;enabled&quot;:null,&quot;wrapperClass&quot;:&quot; vertical &quot;},&quot;popupSharing&quot;:{&quot;enabled&quot;:null,&quot;wrapperClass&quot;:&quot; vertical &quot;}}\" class=\"grid-gallery grid-gallery-fixed \" style=\" width:100%; height:auto; margin-left:auto; margin-right:auto;position:relative;\"> <div class=\"gallery-loading\"> <div class=\"blocks\"> <div class=\"block\"><\/div> <div class=\"block\"><\/div> <div class=\"block\"><\/div> <div class=\"block\"><\/div> <\/div> <\/div> <div class=\"gallery-sharing-top\" style=\"display:none;\"> <\/div> <div id=\"photos-17\" class=\"grid-gallery-photos\"><FIGURE class=\"grid-gallery-caption\" data-grid-gallery-type=\"quarter-slide-up\" data-index=\"0\" style=\"display:none;border-radius:50;; margin:5.3px; width:3000;\" ><div class=\"crop\" style=\" width:3000; height:3000; overflow:hidden;\"><img decoding=\"async\" src=\"https:\/\/mlsbeschlaege.de\/wp-content\/uploads\/2024\/12\/IMG_3728-300x300.jpg\" class=\"ggImg ggNotInitImg\" alt=\"IMG_3728\" title=\"IMG_3728\" data-description=\"IMG_3728\" data-caption=\"IMG_3728\" data-title=\"IMG_3728\" style=\" width:300px; height:300px;\" \/><\/div><FIGCAPTION class=\"\" data-alpha=\"5\" style=\"color:#ffffff; background-color:#6f0000; font-size:140; text-align:left; font-family:Default;\" ><div class=\"grid-gallery-figcaption-wrap\" style=\"\"><\/div><\/FIGCAPTION><\/FIGURE> <div class=\"grid-gallery-clearfix\"><\/div> <\/div> <div class=\"gallery-sharing-bottom\" style=\"display:none;\"> <\/div> <div class=\"gallery-sharing-image\" style=\"display:none;\"> <\/div> <div class=\"gallery-sharing-popup\" style=\"display:none;\"> <\/div> <div class=\"grid-gallery-clearfix\"><\/div> <\/div> <!-- Gallery by Supsystic plugin1.15.32 --><a title=\"Wordpress Gallery Plugin Free\" style=\"display:none;\" href=\"https:\/\/supsystic.com\/plugins\/photo-gallery\/?utm_medium=love_link\" target=\"_blank\">Wordpress Gallery Plugin Free<\/a>\n<\/div>\n<script>function getWR360PopupSkin(){return 'dark_clean';}<\/script>","protected":false},"excerpt":{"rendered":"<p><img decoding=\"async\" style=\"float: left; padding: 0 15px 15px 0;\" src=\"https:\/\/mlsbeschlaege.de\/wp-content\/uploads\/drawings\/bullaugen.svg\"><\/p>\n<ul>\n<li>d&#8217;une qualit\u00e9 d&#8217;ex\u00e9cution parfaite<\/li>\n<li>pour panneau de porte 40 mm ( \/- 2 mm)<\/li>\n<li>deux anneaux m\u00e9talliques en aluminium &#8211; noir mat<\/li>\n<li>un panneau de verre VSG 4 mm<\/li>\n<li>Vis visibles des deux c\u00f4t\u00e9s<\/li>\n<\/ul>\n<p><i class=\"fa fa-video-camera\"><\/i><a href=\"#\">[video_popup url=\"https:\/\/mlsbeschlaege.de\/wp-content\/uploads\/2023\/05\/MLS-B_6000.mp4\" text=\"  Vid\u00e9o B6000\" wrap=\"1\"]<\/a><\/p>\n<p><i class=\"fa fa-file-pdf-o\"><\/i><a id=\"link-to-assembly-instruction\" href=\"https:\/\/mlsbeschlaege.de\/wp-content\/uploads\/docs\/B6000_A8fr.pdf\" target=\"_blank\" rel=\"noopener\">  Instructions de montage hublots<\/a> <img decoding=\"async\" style=\"display:none;height:16px;padding-left:10px;\" id=\"link-to-assembly-instruction-flag-de\" height=\"16px\" src=\"https:\/\/mlsbeschlaege.de\/wp-content\/uploads\/flag-fr.webp\"> <img decoding=\"async\" style=\"display:none;height:16px;padding-left:10px;\" id=\"link-to-assembly-instruction-flag-other\" height=\"16px\" src=\"https:\/\/mlsbeschlaege.de\/wp-content\/uploads\/flag-enesfrit.webp\"><br \/>\n<br \/><script>\ndocument.addEventListener('DOMContentLoaded', function() {\n    const userLang = navigator.language || navigator.userLanguage;\n    const link = document.querySelector('#link-to-assembly-instruction');\n    const flagDe = document.querySelector('#link-to-assembly-instruction-flag-de');\n    const flagOther = document.querySelector('#link-to-assembly-instruction-flag-other');\n    if (userLang.startsWith('fr')) {\n        link.textContent = ' Instructions de montage hublots';\n        link.href=\"https:\/\/mlsbeschlaege.de\/wp-content\/uploads\/docs\/B6000_A8fr.pdf\"\n        flagDe.style.display = \"inline-block\";\n        flagOther.style.display = \"none\";\n    } else {\n        link.textContent = ' Installation instructions for portholes';\n        link.href=\"https:\/\/mlsbeschlaege.de\/wp-content\/uploads\/docs\/b6000a8.pdf\"\n        flagOther.style.display = \"inline-block\";\n        flagDe.style.display = \"none\";\n    }\n});\n<\/script><\/p>\n<p><i class=\"fa fa-file-pdf-o\"><\/i><a href=\"https:\/\/mlsbeschlaege.de\/wp-content\/uploads\/docs\/MLS_Katalog_Bullaugen.pdf\" target=\"_blank\" rel=\"noopener noreferrer\">  Catalogue des hublots<\/a><\/p>\n<p><i class=\"fa fa-euro\"><\/i><a href=\"https:\/\/mlsbeschlaege.de\/wp-content\/uploads\/docs\/B2B-Preisliste-Bullaugen-DE.pdf\" target=\"_blank\" rel=\"noopener\">  Liste de prix hublots<\/a><\/p>\n<div class=\"ico-360\">\n[wr360expand name=\"view04\" browserfs=\"true\" config=\"https:\/\/mlsbeschlaege.de\/wp-content\/uploads\/360\/b6000a8\/b6000a8.xml\"]<\/p>\n<p class=\"text-center\">Pr\u00e9sentation \u00e0 360<\/p>\n<p>[\/wr360expand]\n<\/div>\n<table id=\"tabelka\">\n<tbody>\n<tr>\n<td>D (mm)<\/td>\n<td>d (mm)<\/td>\n<td>B (mm)<\/td>\n<td>clair<\/td>\n<td>mat<\/td>\n<\/tr>\n<tr>\n<td>250<\/td>\n<td>160<\/td>\n<td>235<\/td>\n<td>0180-0200-A8<\/td>\n<td>0180-0210-A8<\/td>\n<\/tr>\n<tr>\n<td>300<\/td>\n<td>200<\/td>\n<td>280<\/td>\n<td>0180-0201-A8<\/td>\n<td>0180-0211-A8<\/td>\n<\/tr>\n<tr>\n<td>350<\/td>\n<td>240<\/td>\n<td>330<\/td>\n<td>0180-0202-A8<\/td>\n<td>0180-0212-A8<\/td>\n<\/tr>\n<tr>\n<td>400<\/td>\n<td>280<\/td>\n<td>370<\/td>\n<td>0180-0203-A8<\/td>\n<td>0180-0213-A8<\/td>\n<\/tr>\n<\/tbody>\n<\/table>\n<p>&nbsp;<\/p>\n","protected":false},"featured_media":55190,"comment_status":"open","ping_status":"closed","template":"","meta":{"pgc_sgb_lightbox_settings":"","_links_to":"","_links_to_target":""},"product_brand":[],"product_cat":[628],"product_tag":[],"class_list":{"0":"post-55188","1":"product","2":"type-product","3":"status-publish","4":"has-post-thumbnail","6":"product_cat-hublots","7":"product_shipping_class-klasa-a","10":"first","11":"instock","12":"taxable","13":"shipping-taxable","14":"product-type-variable"},"yoast_head":"<!-- This site is optimized with the Yoast SEO plugin v26.6 - https:\/\/yoast.com\/wordpress\/plugins\/seo\/ -->\n<title>Hublot B6000 A8 - MLS Beschl\u00e4ge<\/title>\n<meta name=\"robots\" content=\"index, follow, max-snippet:-1, max-image-preview:large, max-video-preview:-1\" \/>\n<link rel=\"canonical\" href=\"https:\/\/mlsbeschlaege.de\/fr\/produit\/hublot-b6000-a8\/\" \/>\n<meta property=\"og:locale\" content=\"fr_FR\" \/>\n<meta property=\"og:type\" content=\"article\" \/>\n<meta property=\"og:title\" content=\"Hublot B6000 A8 - MLS Beschl\u00e4ge\" \/>\n<meta property=\"og:description\" content=\"d&#039;une qualit\u00e9 d&#039;ex\u00e9cution parfaite  pour panneau de porte 40 mm ( \/- 2 mm)  deux anneaux m\u00e9talliques en aluminium - noir mat  un panneau de verre VSG 4 mm  Vis visibles des deux c\u00f4t\u00e9s     Instructions de montage hublots     Catalogue des hublots   Liste de prix hublots         D (mm) d (mm) B (mm) clair mat   250 160 235 0180-0200-A8 0180-0210-A8   300 200 280 0180-0201-A8 0180-0211-A8   350 240 330 0180-0202-A8 0180-0212-A8   400 280 370 0180-0203-A8 0180-0213-A8    &nbsp;\" \/>\n<meta property=\"og:url\" content=\"https:\/\/mlsbeschlaege.de\/fr\/produit\/hublot-b6000-a8\/\" \/>\n<meta property=\"og:site_name\" content=\"MLS Beschl\u00e4ge\" \/>\n<meta property=\"article:modified_time\" content=\"2026-03-19T12:50:40+00:00\" \/>\n<meta property=\"og:image\" content=\"https:\/\/mlsbeschlaege.de\/wp-content\/uploads\/2018\/04\/B6000a8p-5.png\" \/>\n\t<meta property=\"og:image:width\" content=\"990\" \/>\n\t<meta property=\"og:image:height\" content=\"990\" \/>\n\t<meta property=\"og:image:type\" content=\"image\/png\" \/>\n<meta name=\"twitter:card\" content=\"summary_large_image\" \/>\n<meta name=\"twitter:label1\" content=\"Dur\u00e9e de lecture estim\u00e9e\" \/>\n\t<meta name=\"twitter:data1\" content=\"1 minute\" \/>\n<script type=\"application\/ld+json\" class=\"yoast-schema-graph\">{\"@context\":\"https:\/\/schema.org\",\"@graph\":[{\"@type\":\"WebPage\",\"@id\":\"https:\/\/mlsbeschlaege.de\/fr\/produit\/hublot-b6000-a8\/\",\"url\":\"https:\/\/mlsbeschlaege.de\/fr\/produit\/hublot-b6000-a8\/\",\"name\":\"Hublot B6000 A8 - MLS Beschl\u00e4ge\",\"isPartOf\":{\"@id\":\"https:\/\/mlsbeschlaege.de\/fr\/#website\"},\"primaryImageOfPage\":{\"@id\":\"https:\/\/mlsbeschlaege.de\/fr\/produit\/hublot-b6000-a8\/#primaryimage\"},\"image\":{\"@id\":\"https:\/\/mlsbeschlaege.de\/fr\/produit\/hublot-b6000-a8\/#primaryimage\"},\"thumbnailUrl\":\"https:\/\/mlsbeschlaege.de\/wp-content\/uploads\/2018\/04\/B6000a8p-5.png\",\"datePublished\":\"2018-04-15T14:50:02+00:00\",\"dateModified\":\"2026-03-19T12:50:40+00:00\",\"breadcrumb\":{\"@id\":\"https:\/\/mlsbeschlaege.de\/fr\/produit\/hublot-b6000-a8\/#breadcrumb\"},\"inLanguage\":\"fr-FR\",\"potentialAction\":[{\"@type\":\"ReadAction\",\"target\":[\"https:\/\/mlsbeschlaege.de\/fr\/produit\/hublot-b6000-a8\/\"]}]},{\"@type\":\"ImageObject\",\"inLanguage\":\"fr-FR\",\"@id\":\"https:\/\/mlsbeschlaege.de\/fr\/produit\/hublot-b6000-a8\/#primaryimage\",\"url\":\"https:\/\/mlsbeschlaege.de\/wp-content\/uploads\/2018\/04\/B6000a8p-5.png\",\"contentUrl\":\"https:\/\/mlsbeschlaege.de\/wp-content\/uploads\/2018\/04\/B6000a8p-5.png\",\"width\":990,\"height\":990},{\"@type\":\"BreadcrumbList\",\"@id\":\"https:\/\/mlsbeschlaege.de\/fr\/produit\/hublot-b6000-a8\/#breadcrumb\",\"itemListElement\":[{\"@type\":\"ListItem\",\"position\":1,\"name\":\"Strona g\u0142\u00f3wna\",\"item\":\"https:\/\/mlsbeschlaege.de\/fr\/\"},{\"@type\":\"ListItem\",\"position\":2,\"name\":\"Boutique\",\"item\":\"https:\/\/mlsbeschlaege.de\/shop\/\"},{\"@type\":\"ListItem\",\"position\":3,\"name\":\"Hublot B6000 A8\"}]},{\"@type\":\"WebSite\",\"@id\":\"https:\/\/mlsbeschlaege.de\/fr\/#website\",\"url\":\"https:\/\/mlsbeschlaege.de\/fr\/\",\"name\":\"MLS Beschl\u00e4ge\",\"description\":\"Qualit\u00e4t Beschlaege aus Edelstahl und Aluminium f\u00fcr Glas und Holz Anwendungen\",\"potentialAction\":[{\"@type\":\"SearchAction\",\"target\":{\"@type\":\"EntryPoint\",\"urlTemplate\":\"https:\/\/mlsbeschlaege.de\/fr\/?s={search_term_string}\"},\"query-input\":{\"@type\":\"PropertyValueSpecification\",\"valueRequired\":true,\"valueName\":\"search_term_string\"}}],\"inLanguage\":\"fr-FR\"}]}<\/script>\n<!-- \/ Yoast SEO plugin. -->","yoast_head_json":{"title":"Hublot B6000 A8 - MLS Beschl\u00e4ge","robots":{"index":"index","follow":"follow","max-snippet":"max-snippet:-1","max-image-preview":"max-image-preview:large","max-video-preview":"max-video-preview:-1"},"canonical":"https:\/\/mlsbeschlaege.de\/fr\/produit\/hublot-b6000-a8\/","og_locale":"fr_FR","og_type":"article","og_title":"Hublot B6000 A8 - MLS Beschl\u00e4ge","og_description":"d'une qualit\u00e9 d'ex\u00e9cution parfaite  pour panneau de porte 40 mm ( \/- 2 mm)  deux anneaux m\u00e9talliques en aluminium - noir mat  un panneau de verre VSG 4 mm  Vis visibles des deux c\u00f4t\u00e9s     Instructions de montage hublots     Catalogue des hublots   Liste de prix hublots         D (mm) d (mm) B (mm) clair mat   250 160 235 0180-0200-A8 0180-0210-A8   300 200 280 0180-0201-A8 0180-0211-A8   350 240 330 0180-0202-A8 0180-0212-A8   400 280 370 0180-0203-A8 0180-0213-A8    &nbsp;","og_url":"https:\/\/mlsbeschlaege.de\/fr\/produit\/hublot-b6000-a8\/","og_site_name":"MLS Beschl\u00e4ge","article_modified_time":"2026-03-19T12:50:40+00:00","og_image":[{"width":990,"height":990,"url":"https:\/\/mlsbeschlaege.de\/wp-content\/uploads\/2018\/04\/B6000a8p-5.png","type":"image\/png"}],"twitter_card":"summary_large_image","twitter_misc":{"Dur\u00e9e de lecture estim\u00e9e":"1 minute"},"schema":{"@context":"https:\/\/schema.org","@graph":[{"@type":"WebPage","@id":"https:\/\/mlsbeschlaege.de\/fr\/produit\/hublot-b6000-a8\/","url":"https:\/\/mlsbeschlaege.de\/fr\/produit\/hublot-b6000-a8\/","name":"Hublot B6000 A8 - MLS Beschl\u00e4ge","isPartOf":{"@id":"https:\/\/mlsbeschlaege.de\/fr\/#website"},"primaryImageOfPage":{"@id":"https:\/\/mlsbeschlaege.de\/fr\/produit\/hublot-b6000-a8\/#primaryimage"},"image":{"@id":"https:\/\/mlsbeschlaege.de\/fr\/produit\/hublot-b6000-a8\/#primaryimage"},"thumbnailUrl":"https:\/\/mlsbeschlaege.de\/wp-content\/uploads\/2018\/04\/B6000a8p-5.png","datePublished":"2018-04-15T14:50:02+00:00","dateModified":"2026-03-19T12:50:40+00:00","breadcrumb":{"@id":"https:\/\/mlsbeschlaege.de\/fr\/produit\/hublot-b6000-a8\/#breadcrumb"},"inLanguage":"fr-FR","potentialAction":[{"@type":"ReadAction","target":["https:\/\/mlsbeschlaege.de\/fr\/produit\/hublot-b6000-a8\/"]}]},{"@type":"ImageObject","inLanguage":"fr-FR","@id":"https:\/\/mlsbeschlaege.de\/fr\/produit\/hublot-b6000-a8\/#primaryimage","url":"https:\/\/mlsbeschlaege.de\/wp-content\/uploads\/2018\/04\/B6000a8p-5.png","contentUrl":"https:\/\/mlsbeschlaege.de\/wp-content\/uploads\/2018\/04\/B6000a8p-5.png","width":990,"height":990},{"@type":"BreadcrumbList","@id":"https:\/\/mlsbeschlaege.de\/fr\/produit\/hublot-b6000-a8\/#breadcrumb","itemListElement":[{"@type":"ListItem","position":1,"name":"Strona g\u0142\u00f3wna","item":"https:\/\/mlsbeschlaege.de\/fr\/"},{"@type":"ListItem","position":2,"name":"Boutique","item":"https:\/\/mlsbeschlaege.de\/shop\/"},{"@type":"ListItem","position":3,"name":"Hublot B6000 A8"}]},{"@type":"WebSite","@id":"https:\/\/mlsbeschlaege.de\/fr\/#website","url":"https:\/\/mlsbeschlaege.de\/fr\/","name":"MLS Beschl\u00e4ge","description":"Qualit\u00e4t Beschlaege aus Edelstahl und Aluminium f\u00fcr Glas und Holz Anwendungen","potentialAction":[{"@type":"SearchAction","target":{"@type":"EntryPoint","urlTemplate":"https:\/\/mlsbeschlaege.de\/fr\/?s={search_term_string}"},"query-input":{"@type":"PropertyValueSpecification","valueRequired":true,"valueName":"search_term_string"}}],"inLanguage":"fr-FR"}]}},"_links":{"self":[{"href":"https:\/\/mlsbeschlaege.de\/fr\/wp-json\/wp\/v2\/product\/55188","targetHints":{"allow":["GET"]}}],"collection":[{"href":"https:\/\/mlsbeschlaege.de\/fr\/wp-json\/wp\/v2\/product"}],"about":[{"href":"https:\/\/mlsbeschlaege.de\/fr\/wp-json\/wp\/v2\/types\/product"}],"replies":[{"embeddable":true,"href":"https:\/\/mlsbeschlaege.de\/fr\/wp-json\/wp\/v2\/comments?post=55188"}],"version-history":[{"count":2,"href":"https:\/\/mlsbeschlaege.de\/fr\/wp-json\/wp\/v2\/product\/55188\/revisions"}],"predecessor-version":[{"id":58195,"href":"https:\/\/mlsbeschlaege.de\/fr\/wp-json\/wp\/v2\/product\/55188\/revisions\/58195"}],"wp:featuredmedia":[{"embeddable":true,"href":"https:\/\/mlsbeschlaege.de\/fr\/wp-json\/wp\/v2\/media\/55190"}],"wp:attachment":[{"href":"https:\/\/mlsbeschlaege.de\/fr\/wp-json\/wp\/v2\/media?parent=55188"}],"wp:term":[{"taxonomy":"product_brand","embeddable":true,"href":"https:\/\/mlsbeschlaege.de\/fr\/wp-json\/wp\/v2\/product_brand?post=55188"},{"taxonomy":"product_cat","embeddable":true,"href":"https:\/\/mlsbeschlaege.de\/fr\/wp-json\/wp\/v2\/product_cat?post=55188"},{"taxonomy":"product_tag","embeddable":true,"href":"https:\/\/mlsbeschlaege.de\/fr\/wp-json\/wp\/v2\/product_tag?post=55188"}],"curies":[{"name":"wp","href":"https:\/\/api.w.org\/{rel}","templated":true}]}}