{"id":55155,"date":"2025-06-03T17:50:07","date_gmt":"2025-06-03T15:50:07","guid":{"rendered":"https:\/\/mlsbeschlaege.de\/produkt\/lot-de-trois-hublot-b4000-acier-inoxydable-250mm-mat\/"},"modified":"2026-03-19T13:48:16","modified_gmt":"2026-03-19T12:48:16","slug":"pack-de-trois-hublot-b4000-acier-inoxydable-250mm-mat","status":"publish","type":"product","link":"https:\/\/mlsbeschlaege.de\/fr\/produit\/pack-de-trois-hublot-b4000-acier-inoxydable-250mm-mat\/","title":{"rendered":"Pack de trois : hublot B4000 acier inoxydable 250mm mat"},"content":{"rendered":"<h2><strong>Hublot en acier inoxydable bross\u00e9<\/strong><\/h2>\n<p>Les hublots en acier inoxydable bross\u00e9 sont adapt\u00e9s \u00e0 l&#8217;installation dans les portes int\u00e9rieures. Caract\u00e9ris\u00e9 par une qualit\u00e9 de finition parfaite, le hublot avec verre d\u00e9poli est une solution unique et ultramoderne pour la d\u00e9coration de votre habitation ou de votre espace de travail. Le hublot convient pour une \u00e9paisseur de panneau de porte de 40 mm (+\/- 2 mm). Le hublot rond pour porte int\u00e9rieure est \u00e9quip\u00e9 d&#8217;un panneau de verre d\u00e9poli en verre de s\u00e9curit\u00e9 feuillet\u00e9 d&#8217;une \u00e9paisseur de 4 mm. Il peut donc \u00eatre utilis\u00e9 \u00e0 n&#8217;importe quelle hauteur. Parmi les autres avantages de design de la fen\u00eatre de porte, on compte \u00e9galement le vissage visible des deux c\u00f4t\u00e9s, qui conf\u00e8re \u00e0 la porte un style moderne.<\/p>\n<p>Les hublots de porte sont garantis 2 ans.<\/p>\n<h3><strong>Possibilit\u00e9s d&#8217;utilisation du hublot rond :<\/strong><\/h3>\n<p>Les fen\u00eatres \u00e0 hublot en acier inoxydable avec verre d\u00e9poli peuvent \u00eatre install\u00e9es sur les portes int\u00e9rieures de votre appartement, de votre maison ou de votre bureau. Elles se distingueront par leur aspect ultramoderne et leur qualit\u00e9 de fabrication. Les possibilit\u00e9s d&#8217;utilisation sont presque illimit\u00e9es ! Laissez libre cours \u00e0 votre imagination et donnez \u00e0 votre int\u00e9rieur un nouveau look admirable.<\/p>\n<h3><strong>Instructions d&#8217;installation pour les hublots de porte en acier inoxydable :<\/strong><\/h3>\n<ol>\n<li>D\u00e9montez le panneau de porte et posez-le \u00e0 plat.<br \/>\n2. Mesurez le centre de l&#8217;ouverture \u00e0 d\u00e9couper. Les dimensions de la d\u00e9coupe sont indiqu\u00e9es dans le tableau en fonction du diam\u00e8tre du hublot.<br \/>\n3. Mesurer les dimensions de la d\u00e9coupe et les tracer avec un crayon. Commencer ensuite avec une m\u00e8che de \u00f8 8 mm, puis scier l&#8217;ouverture avec une scie sauteuse et une lame de scie appropri\u00e9e pour une coupe circulaire.<br \/>\n4. Nettoyer l&#8217;ouverture sci\u00e9e de la poussi\u00e8re et de la sciure.<br \/>\n5. Fixer \u00e0 nouveau le panneau de porte dans le cadre de porte.<br \/>\n6. Placer les deux parties du hublot de chaque c\u00f4t\u00e9 de la porte dans l&#8217;ouverture sci\u00e9e, ajuster les trous de fixation et visser les vis.<\/li>\n<\/ol>\n<h3><strong>Contenu de la livraison :<\/strong><\/h3>\n<ul>\n<li>2 anneaux m\u00e9talliques en acier inoxydable<\/li>\n<li>1 panneau de verre VSG 4 mm<\/li>\n<li>Mat\u00e9riel de fixation<\/li>\n<\/ul>\n<p>Consultez \u00e9galement d&#8217;autres offres dans notre boutique en ligne &#8211; vous y trouverez d&#8217;autres diam\u00e8tres et d&#8217;autres variantes de vitrage (verre clair et verre d\u00e9poli).<\/p>\n<script>function getWR360PopupSkin(){return 'dark_clean';}<\/script>","protected":false},"excerpt":{"rendered":"<div><img decoding=\"async\" style=\"float: left; padding: 0 30px 15px 0;\" src=\"https:\/\/mlsbeschlaege.de\/wp-content\/uploads\/drawings\/bullaugen.svg\" \/><\/div>\n<div>\n<ul>\n<li>d&#8217;une qualit\u00e9 d&#8217;ex\u00e9cution parfaite<\/li>\n<li>pour panneau de porte 40 mm (+\/- 2 mm)<\/li>\n<li>deux anneaux m\u00e9talliques en acier inoxydable bross\u00e9<\/li>\n<li>un panneau de verre VSG 4 mm<\/li>\n<li>Fixation par vis visibles des deux c\u00f4t\u00e9s<\/li>\n<\/ul>\n<\/div>\n<div style=\"clear: both;\">\n<p><i class=\"fa fa-video-camera\"><\/i><a href=\"#\">[video_popup url=\"https:\/\/mlsbeschlaege.de\/wp-content\/uploads\/2023\/05\/MLS-B_4000.mp4\" text=\" Vid\u00e9o B4000\" wrap=\"1\"]<\/a><\/p>\n<p><i class=\"fa fa-file-pdf-o\"><\/i><a href=\"https:\/\/mlsbeschlaege.de\/wp-content\/uploads\/docs\/B4000_AVfr.pdf\" target=\"_blank\" rel=\"noopener\"> Instructions de montage hublots<\/a><\/p>\n<p><i class=\"fa fa-file-pdf-o\"><\/i><a href=\"https:\/\/mlsbeschlaege.de\/wp-content\/uploads\/docs\/MLS_Katalog_Bullaugen.pdf\" target=\"_blank\" rel=\"noopener noreferrer\"> Catalogue des hublots<\/a><\/p>\n<p><a href=\"https:\/\/mlsbeschlaege.de\/wp-content\/uploads\/docs\/B2B-Preisliste-Bullaugen-DE.pdf\" target=\"_blank\" rel=\"noopener\">Liste de prix hublots<\/a><\/p>\n<\/div>\n<div class=\"ico-360\">\n[wr360expand name=\"view04\" browserfs=\"true\" config=\"https:\/\/mlsbeschlaege.de\/wp-content\/uploads\/360\/b4000pr\/b4000pr.xml\"]<\/p>\n<p class=\"text-center\">Pr\u00e9sentation \u00e0 360<\/p>\n<p>[\/wr360expand]\n<\/div>\n<p>&nbsp;<\/p>\n<table id=\"tabelka\">\n<tbody>\n<tr>\n<td>D (mm)<\/td>\n<td>d (mm)<\/td>\n<td>B (mm)<\/td>\n<td>mat<\/td>\n<\/tr>\n<tr>\n<td>250<\/td>\n<td>195<\/td>\n<td>235<\/td>\n<td>0180-0160<\/td>\n<\/tr>\n<\/tbody>\n<\/table>\n","protected":false},"featured_media":55158,"comment_status":"open","ping_status":"closed","template":"","meta":{"pgc_sgb_lightbox_settings":"","_links_to":"","_links_to_target":""},"product_brand":[],"product_cat":[628,643],"product_tag":[787],"class_list":{"0":"post-55155","1":"product","2":"type-product","3":"status-publish","4":"has-post-thumbnail","6":"product_cat-hublots","7":"product_cat-offres-speciales","8":"product_tag-bulaj","9":"product_shipping_class-klasa-a","12":"first","13":"instock","14":"sale","15":"taxable","16":"shipping-taxable","17":"purchasable","18":"product-type-simple"},"yoast_head":"<!-- This site is optimized with the Yoast SEO plugin v26.6 - https:\/\/yoast.com\/wordpress\/plugins\/seo\/ -->\n<title>Pack de trois : hublot B4000 acier inoxydable 250mm mat - MLS Beschl\u00e4ge<\/title>\n<meta name=\"robots\" content=\"index, follow, max-snippet:-1, max-image-preview:large, max-video-preview:-1\" \/>\n<link rel=\"canonical\" href=\"https:\/\/mlsbeschlaege.de\/fr\/produit\/pack-de-trois-hublot-b4000-acier-inoxydable-250mm-mat\/\" \/>\n<meta property=\"og:locale\" content=\"fr_FR\" \/>\n<meta property=\"og:type\" content=\"article\" \/>\n<meta property=\"og:title\" content=\"Pack de trois : hublot B4000 acier inoxydable 250mm mat - MLS Beschl\u00e4ge\" \/>\n<meta property=\"og:description\" content=\"d&#039;une qualit\u00e9 d&#039;ex\u00e9cution parfaite  pour panneau de porte 40 mm (+\/- 2 mm)  deux anneaux m\u00e9talliques en acier inoxydable bross\u00e9  un panneau de verre VSG 4 mm  Fixation par vis visibles des deux c\u00f4t\u00e9s        Instructions de montage hublots   Catalogue des hublots  Liste de prix hublots        &nbsp;    D (mm) d (mm) B (mm) mat   250 195 235 0180-0160\" \/>\n<meta property=\"og:url\" content=\"https:\/\/mlsbeschlaege.de\/fr\/produit\/pack-de-trois-hublot-b4000-acier-inoxydable-250mm-mat\/\" \/>\n<meta property=\"og:site_name\" content=\"MLS Beschl\u00e4ge\" \/>\n<meta property=\"article:modified_time\" content=\"2026-03-19T12:48:16+00:00\" \/>\n<meta property=\"og:image\" content=\"https:\/\/mlsbeschlaege.de\/wp-content\/uploads\/2026\/02\/0180-0160-SV-fr-3.jpg\" \/>\n\t<meta property=\"og:image:width\" content=\"600\" \/>\n\t<meta property=\"og:image:height\" content=\"600\" \/>\n\t<meta property=\"og:image:type\" content=\"image\/jpeg\" \/>\n<meta name=\"twitter:card\" content=\"summary_large_image\" \/>\n<meta name=\"twitter:label1\" content=\"Dur\u00e9e de lecture estim\u00e9e\" \/>\n\t<meta name=\"twitter:data1\" content=\"2 minutes\" \/>\n<script type=\"application\/ld+json\" class=\"yoast-schema-graph\">{\"@context\":\"https:\/\/schema.org\",\"@graph\":[{\"@type\":\"WebPage\",\"@id\":\"https:\/\/mlsbeschlaege.de\/fr\/produit\/pack-de-trois-hublot-b4000-acier-inoxydable-250mm-mat\/\",\"url\":\"https:\/\/mlsbeschlaege.de\/fr\/produit\/pack-de-trois-hublot-b4000-acier-inoxydable-250mm-mat\/\",\"name\":\"Pack de trois : hublot B4000 acier inoxydable 250mm mat - MLS Beschl\u00e4ge\",\"isPartOf\":{\"@id\":\"https:\/\/mlsbeschlaege.de\/fr\/#website\"},\"primaryImageOfPage\":{\"@id\":\"https:\/\/mlsbeschlaege.de\/fr\/produit\/pack-de-trois-hublot-b4000-acier-inoxydable-250mm-mat\/#primaryimage\"},\"image\":{\"@id\":\"https:\/\/mlsbeschlaege.de\/fr\/produit\/pack-de-trois-hublot-b4000-acier-inoxydable-250mm-mat\/#primaryimage\"},\"thumbnailUrl\":\"https:\/\/mlsbeschlaege.de\/wp-content\/uploads\/2026\/02\/0180-0160-SV-fr-3.jpg\",\"datePublished\":\"2025-06-03T15:50:07+00:00\",\"dateModified\":\"2026-03-19T12:48:16+00:00\",\"breadcrumb\":{\"@id\":\"https:\/\/mlsbeschlaege.de\/fr\/produit\/pack-de-trois-hublot-b4000-acier-inoxydable-250mm-mat\/#breadcrumb\"},\"inLanguage\":\"fr-FR\",\"potentialAction\":[{\"@type\":\"ReadAction\",\"target\":[\"https:\/\/mlsbeschlaege.de\/fr\/produit\/pack-de-trois-hublot-b4000-acier-inoxydable-250mm-mat\/\"]}]},{\"@type\":\"ImageObject\",\"inLanguage\":\"fr-FR\",\"@id\":\"https:\/\/mlsbeschlaege.de\/fr\/produit\/pack-de-trois-hublot-b4000-acier-inoxydable-250mm-mat\/#primaryimage\",\"url\":\"https:\/\/mlsbeschlaege.de\/wp-content\/uploads\/2026\/02\/0180-0160-SV-fr-3.jpg\",\"contentUrl\":\"https:\/\/mlsbeschlaege.de\/wp-content\/uploads\/2026\/02\/0180-0160-SV-fr-3.jpg\",\"width\":600,\"height\":600},{\"@type\":\"BreadcrumbList\",\"@id\":\"https:\/\/mlsbeschlaege.de\/fr\/produit\/pack-de-trois-hublot-b4000-acier-inoxydable-250mm-mat\/#breadcrumb\",\"itemListElement\":[{\"@type\":\"ListItem\",\"position\":1,\"name\":\"Strona g\u0142\u00f3wna\",\"item\":\"https:\/\/mlsbeschlaege.de\/fr\/\"},{\"@type\":\"ListItem\",\"position\":2,\"name\":\"Boutique\",\"item\":\"https:\/\/mlsbeschlaege.de\/shop\/\"},{\"@type\":\"ListItem\",\"position\":3,\"name\":\"Pack de trois : hublot B4000 acier inoxydable 250mm mat\"}]},{\"@type\":\"WebSite\",\"@id\":\"https:\/\/mlsbeschlaege.de\/fr\/#website\",\"url\":\"https:\/\/mlsbeschlaege.de\/fr\/\",\"name\":\"MLS Beschl\u00e4ge\",\"description\":\"Qualit\u00e4t Beschlaege aus Edelstahl und Aluminium f\u00fcr Glas und Holz Anwendungen\",\"potentialAction\":[{\"@type\":\"SearchAction\",\"target\":{\"@type\":\"EntryPoint\",\"urlTemplate\":\"https:\/\/mlsbeschlaege.de\/fr\/?s={search_term_string}\"},\"query-input\":{\"@type\":\"PropertyValueSpecification\",\"valueRequired\":true,\"valueName\":\"search_term_string\"}}],\"inLanguage\":\"fr-FR\"}]}<\/script>\n<!-- \/ Yoast SEO plugin. -->","yoast_head_json":{"title":"Pack de trois : hublot B4000 acier inoxydable 250mm mat - MLS Beschl\u00e4ge","robots":{"index":"index","follow":"follow","max-snippet":"max-snippet:-1","max-image-preview":"max-image-preview:large","max-video-preview":"max-video-preview:-1"},"canonical":"https:\/\/mlsbeschlaege.de\/fr\/produit\/pack-de-trois-hublot-b4000-acier-inoxydable-250mm-mat\/","og_locale":"fr_FR","og_type":"article","og_title":"Pack de trois : hublot B4000 acier inoxydable 250mm mat - MLS Beschl\u00e4ge","og_description":"d'une qualit\u00e9 d'ex\u00e9cution parfaite  pour panneau de porte 40 mm (+\/- 2 mm)  deux anneaux m\u00e9talliques en acier inoxydable bross\u00e9  un panneau de verre VSG 4 mm  Fixation par vis visibles des deux c\u00f4t\u00e9s        Instructions de montage hublots   Catalogue des hublots  Liste de prix hublots        &nbsp;    D (mm) d (mm) B (mm) mat   250 195 235 0180-0160","og_url":"https:\/\/mlsbeschlaege.de\/fr\/produit\/pack-de-trois-hublot-b4000-acier-inoxydable-250mm-mat\/","og_site_name":"MLS Beschl\u00e4ge","article_modified_time":"2026-03-19T12:48:16+00:00","og_image":[{"width":600,"height":600,"url":"https:\/\/mlsbeschlaege.de\/wp-content\/uploads\/2026\/02\/0180-0160-SV-fr-3.jpg","type":"image\/jpeg"}],"twitter_card":"summary_large_image","twitter_misc":{"Dur\u00e9e de lecture estim\u00e9e":"2 minutes"},"schema":{"@context":"https:\/\/schema.org","@graph":[{"@type":"WebPage","@id":"https:\/\/mlsbeschlaege.de\/fr\/produit\/pack-de-trois-hublot-b4000-acier-inoxydable-250mm-mat\/","url":"https:\/\/mlsbeschlaege.de\/fr\/produit\/pack-de-trois-hublot-b4000-acier-inoxydable-250mm-mat\/","name":"Pack de trois : hublot B4000 acier inoxydable 250mm mat - MLS Beschl\u00e4ge","isPartOf":{"@id":"https:\/\/mlsbeschlaege.de\/fr\/#website"},"primaryImageOfPage":{"@id":"https:\/\/mlsbeschlaege.de\/fr\/produit\/pack-de-trois-hublot-b4000-acier-inoxydable-250mm-mat\/#primaryimage"},"image":{"@id":"https:\/\/mlsbeschlaege.de\/fr\/produit\/pack-de-trois-hublot-b4000-acier-inoxydable-250mm-mat\/#primaryimage"},"thumbnailUrl":"https:\/\/mlsbeschlaege.de\/wp-content\/uploads\/2026\/02\/0180-0160-SV-fr-3.jpg","datePublished":"2025-06-03T15:50:07+00:00","dateModified":"2026-03-19T12:48:16+00:00","breadcrumb":{"@id":"https:\/\/mlsbeschlaege.de\/fr\/produit\/pack-de-trois-hublot-b4000-acier-inoxydable-250mm-mat\/#breadcrumb"},"inLanguage":"fr-FR","potentialAction":[{"@type":"ReadAction","target":["https:\/\/mlsbeschlaege.de\/fr\/produit\/pack-de-trois-hublot-b4000-acier-inoxydable-250mm-mat\/"]}]},{"@type":"ImageObject","inLanguage":"fr-FR","@id":"https:\/\/mlsbeschlaege.de\/fr\/produit\/pack-de-trois-hublot-b4000-acier-inoxydable-250mm-mat\/#primaryimage","url":"https:\/\/mlsbeschlaege.de\/wp-content\/uploads\/2026\/02\/0180-0160-SV-fr-3.jpg","contentUrl":"https:\/\/mlsbeschlaege.de\/wp-content\/uploads\/2026\/02\/0180-0160-SV-fr-3.jpg","width":600,"height":600},{"@type":"BreadcrumbList","@id":"https:\/\/mlsbeschlaege.de\/fr\/produit\/pack-de-trois-hublot-b4000-acier-inoxydable-250mm-mat\/#breadcrumb","itemListElement":[{"@type":"ListItem","position":1,"name":"Strona g\u0142\u00f3wna","item":"https:\/\/mlsbeschlaege.de\/fr\/"},{"@type":"ListItem","position":2,"name":"Boutique","item":"https:\/\/mlsbeschlaege.de\/shop\/"},{"@type":"ListItem","position":3,"name":"Pack de trois : hublot B4000 acier inoxydable 250mm mat"}]},{"@type":"WebSite","@id":"https:\/\/mlsbeschlaege.de\/fr\/#website","url":"https:\/\/mlsbeschlaege.de\/fr\/","name":"MLS Beschl\u00e4ge","description":"Qualit\u00e4t Beschlaege aus Edelstahl und Aluminium f\u00fcr Glas und Holz Anwendungen","potentialAction":[{"@type":"SearchAction","target":{"@type":"EntryPoint","urlTemplate":"https:\/\/mlsbeschlaege.de\/fr\/?s={search_term_string}"},"query-input":{"@type":"PropertyValueSpecification","valueRequired":true,"valueName":"search_term_string"}}],"inLanguage":"fr-FR"}]}},"_links":{"self":[{"href":"https:\/\/mlsbeschlaege.de\/fr\/wp-json\/wp\/v2\/product\/55155","targetHints":{"allow":["GET"]}}],"collection":[{"href":"https:\/\/mlsbeschlaege.de\/fr\/wp-json\/wp\/v2\/product"}],"about":[{"href":"https:\/\/mlsbeschlaege.de\/fr\/wp-json\/wp\/v2\/types\/product"}],"replies":[{"embeddable":true,"href":"https:\/\/mlsbeschlaege.de\/fr\/wp-json\/wp\/v2\/comments?post=55155"}],"version-history":[{"count":4,"href":"https:\/\/mlsbeschlaege.de\/fr\/wp-json\/wp\/v2\/product\/55155\/revisions"}],"predecessor-version":[{"id":58193,"href":"https:\/\/mlsbeschlaege.de\/fr\/wp-json\/wp\/v2\/product\/55155\/revisions\/58193"}],"wp:featuredmedia":[{"embeddable":true,"href":"https:\/\/mlsbeschlaege.de\/fr\/wp-json\/wp\/v2\/media\/55158"}],"wp:attachment":[{"href":"https:\/\/mlsbeschlaege.de\/fr\/wp-json\/wp\/v2\/media?parent=55155"}],"wp:term":[{"taxonomy":"product_brand","embeddable":true,"href":"https:\/\/mlsbeschlaege.de\/fr\/wp-json\/wp\/v2\/product_brand?post=55155"},{"taxonomy":"product_cat","embeddable":true,"href":"https:\/\/mlsbeschlaege.de\/fr\/wp-json\/wp\/v2\/product_cat?post=55155"},{"taxonomy":"product_tag","embeddable":true,"href":"https:\/\/mlsbeschlaege.de\/fr\/wp-json\/wp\/v2\/product_tag?post=55155"}],"curies":[{"name":"wp","href":"https:\/\/api.w.org\/{rel}","templated":true}]}}