{"id":55143,"date":"2025-06-04T15:26:48","date_gmt":"2025-06-04T13:26:48","guid":{"rendered":"https:\/\/mlsbeschlaege.de\/produkt\/pack-de-trois-hublot-b4000-a6-250mm-mat\/"},"modified":"2026-03-19T13:28:55","modified_gmt":"2026-03-19T12:28:55","slug":"pack-de-trois-hublot-b4000-a6-250mm-mat","status":"publish","type":"product","link":"https:\/\/mlsbeschlaege.de\/fr\/produit\/pack-de-trois-hublot-b4000-a6-250mm-mat\/","title":{"rendered":"Pack de trois : Hublot B4000 A6 250mm Mat"},"content":{"rendered":"<h2><strong>Hublot en aluminium aspect inox<\/strong><\/h2>\n<p>Les hublots ronds en aluminium d&#8217;aspect inox sont adapt\u00e9s \u00e0 l&#8217;installation dans les portes int\u00e9rieures. Caract\u00e9ris\u00e9 par une qualit\u00e9 de finition parfaite, le hublot avec verre d\u00e9poli est une solution unique et ultramoderne pour la d\u00e9coration de votre habitation ou de votre espace de travail. Le hublot convient pour une \u00e9paisseur de panneau de porte de 40 mm (+\/- 2 mm). Le hublot rond pour porte int\u00e9rieure est \u00e9quip\u00e9 d&#8217;un panneau de verre d\u00e9poli en verre de s\u00e9curit\u00e9 feuillet\u00e9 d&#8217;une \u00e9paisseur de 4 mm. Il peut donc \u00eatre utilis\u00e9 \u00e0 n&#8217;importe quelle hauteur. Parmi les autres avantages de design de la fen\u00eatre de porte, on compte \u00e9galement le vissage visible des deux c\u00f4t\u00e9s, qui conf\u00e8re \u00e0 la porte un style moderne.<\/p>\n<p>Les hublots de porte sont garantis 2 ans.<\/p>\n<h2><strong>Possibilit\u00e9s d&#8217;utilisation du hublot rond<\/strong><\/h2>\n<p>Les fen\u00eatres hublot en aluminium aspect inox avec verre d\u00e9poli peuvent \u00eatre install\u00e9es sur les portes int\u00e9rieures de votre appartement, maison ou bureau. Elles y s\u00e9duiront par leur aspect ultramoderne et leur haute qualit\u00e9 de finition. Les possibilit\u00e9s d&#8217;utilisation sont presque illimit\u00e9es ! Laissez libre cours \u00e0 votre imagination et donnez \u00e0 votre int\u00e9rieur un nouveau look admirable.<\/p>\n<h3><strong>Contenu de la livraison :<\/strong><\/h3>\n<ul>\n<li>2 anneaux m\u00e9talliques en aluminium aspect inox<\/li>\n<li>1 panneau de verre VSG 4 mm<\/li>\n<li>Mat\u00e9riel de fixation<\/li>\n<\/ul>\n<p>Consultez \u00e9galement d&#8217;autres offres dans notre boutique en ligne &#8211; vous y trouverez d&#8217;autres diam\u00e8tres et d&#8217;autres variantes de vitrage (verre clair et verre d\u00e9poli).<\/p>\n<script>function getWR360PopupSkin(){return 'dark_clean';}<\/script>","protected":false},"excerpt":{"rendered":"<p><img decoding=\"async\" style=\"float: left; padding: 0 30px 15px 0;\" src=\"https:\/\/mlsbeschlaege.de\/wp-content\/uploads\/drawings\/bullaugen.svg\" \/><\/p>\n<ul>\n<li>d&#8217;une qualit\u00e9 d&#8217;ex\u00e9cution parfaite<\/li>\n<li>pour panneau de porte 40 mm (+\/- 2 mm)<\/li>\n<li>deux anneaux m\u00e9talliques en aluminium &#8211; aspect inox<\/li>\n<li>un panneau de verre VSG 4 mm<\/li>\n<li>Fixation par vis visibles des deux c\u00f4t\u00e9s<\/li>\n<\/ul>\n<div style=\"clear: both;\"><\/div>\n<p><i class=\"fa fa-video-camera\"><\/i><a href=\"#\">[video_popup url=\"https:\/\/mlsbeschlaege.de\/wp-content\/uploads\/2023\/05\/MLS-B_4000.mp4\" text=\" Vid\u00e9o B4000\" wrap=\"1\"]<\/a><br \/>\n<i class=\"fa fa-file-pdf-o\"><\/i><a id=\"link-to-assembly-instruction\" href=\"https:\/\/mlsbeschlaege.de\/wp-content\/uploads\/docs\/B4000_A6fr.pdf\" target=\"_blank\" rel=\"noopener\"> Instructions de montage hublots<\/a> <img decoding=\"async\" id=\"link-to-assembly-instruction-flag-de\" style=\"display: none; height: 16px;padding-left:10px;\" src=\"https:\/\/mlsbeschlaege.de\/wp-content\/uploads\/flag-fr.webp\" height=\"16px\" \/> <img decoding=\"async\" id=\"link-to-assembly-instruction-flag-other\" style=\"display: none; height: 16px;padding-left:10px;\" src=\"https:\/\/mlsbeschlaege.de\/wp-content\/uploads\/flag-enesfrit.webp\" height=\"16px\" \/><script>\ndocument.addEventListener('DOMContentLoaded', function() {\n    const userLang = navigator.language || navigator.userLanguage;\n    const link = document.querySelector('#link-to-assembly-instruction');\n    const flagDe = document.querySelector('#link-to-assembly-instruction-flag-de');\n    const flagOther = document.querySelector('#link-to-assembly-instruction-flag-other');\n    if (userLang.startsWith('fr')) {\n        link.textContent = ' Instructions de montage hublots';\n        link.href=\"https:\/\/mlsbeschlaege.de\/wp-content\/uploads\/docs\/B4000_A6fr.pdf\"\n        flagDe.style.display = \"inline-block\";\n        flagOther.style.display = \"none\";\n    } else {\n        link.textContent = ' Installation instructions for portholes';\n        link.href=\"https:\/\/mlsbeschlaege.de\/wp-content\/uploads\/docs\/b4000a6.pdf\"\n        flagOther.style.display = \"inline-block\";\n        flagDe.style.display = \"none\";\n    }\n});\n<\/script><br \/>\n<i class=\"fa fa-file-pdf-o\"><\/i><a href=\"https:\/\/mlsbeschlaege.de\/wp-content\/uploads\/docs\/MLS_Katalog_Bullaugen.pdf\" target=\"_blank\" rel=\"noopener noreferrer\"> Catalogue des hublots<\/a><br \/>\n<i class=\"fa fa-euro\"><\/i><a href=\"https:\/\/mlsbeschlaege.de\/wp-content\/uploads\/docs\/B2B-Preisliste-Bullaugen-DE.pdf\" target=\"_blank\" rel=\"noopener\"> Liste de prix hublots<\/a><\/p>\n<div class=\"ico-360\">[wr360expand name=\"view04\" browserfs=\"true\" config=\"https:\/\/mlsbeschlaege.de\/wp-content\/uploads\/360\/b4000a6pr\/b4000a6pr.xml\"]<\/p>\n<p class=\"text-center\">Pr\u00e9sentation \u00e0 360<\/p>\n<p>[\/wr360expand]<\/p>\n<\/div>\n<table id=\"tabelka\">\n<tbody>\n<tr>\n<td>D (mm)<\/td>\n<td>d (mm)<\/td>\n<td>B (mm)<\/td>\n<td>mat<\/td>\n<\/tr>\n<tr>\n<td>250<\/td>\n<td>195<\/td>\n<td>235<\/td>\n<td>0180-0160 A6<\/td>\n<\/tr>\n<\/tbody>\n<\/table>\n","protected":false},"featured_media":55146,"comment_status":"open","ping_status":"closed","template":"","meta":{"pgc_sgb_lightbox_settings":"","_links_to":"","_links_to_target":""},"product_brand":[],"product_cat":[628,643],"product_tag":[],"class_list":{"0":"post-55143","1":"product","2":"type-product","3":"status-publish","4":"has-post-thumbnail","6":"product_cat-hublots","7":"product_cat-offres-speciales","8":"product_shipping_class-klasa-a","11":"first","12":"instock","13":"sale","14":"taxable","15":"shipping-taxable","16":"purchasable","17":"product-type-simple"},"yoast_head":"<!-- This site is optimized with the Yoast SEO plugin v26.6 - https:\/\/yoast.com\/wordpress\/plugins\/seo\/ -->\n<title>Pack de trois : Hublot B4000 A6 250mm Mat - MLS Beschl\u00e4ge<\/title>\n<meta name=\"robots\" content=\"index, follow, max-snippet:-1, max-image-preview:large, max-video-preview:-1\" \/>\n<link rel=\"canonical\" href=\"https:\/\/mlsbeschlaege.de\/fr\/produit\/pack-de-trois-hublot-b4000-a6-250mm-mat\/\" \/>\n<meta property=\"og:locale\" content=\"fr_FR\" \/>\n<meta property=\"og:type\" content=\"article\" \/>\n<meta property=\"og:title\" content=\"Pack de trois : Hublot B4000 A6 250mm Mat - MLS Beschl\u00e4ge\" \/>\n<meta property=\"og:description\" content=\"d&#039;une qualit\u00e9 d&#039;ex\u00e9cution parfaite  pour panneau de porte 40 mm (+\/- 2 mm)  deux anneaux m\u00e9talliques en aluminium - aspect inox  un panneau de verre VSG 4 mm  Fixation par vis visibles des deux c\u00f4t\u00e9s     Instructions de montage hublots   Catalogue des hublots  Liste de prix hublots       D (mm) d (mm) B (mm) mat   250 195 235 0180-0160 A6\" \/>\n<meta property=\"og:url\" content=\"https:\/\/mlsbeschlaege.de\/fr\/produit\/pack-de-trois-hublot-b4000-a6-250mm-mat\/\" \/>\n<meta property=\"og:site_name\" content=\"MLS Beschl\u00e4ge\" \/>\n<meta property=\"article:modified_time\" content=\"2026-03-19T12:28:55+00:00\" \/>\n<meta property=\"og:image\" content=\"https:\/\/mlsbeschlaege.de\/wp-content\/uploads\/2026\/02\/0180-0160-A6-SV-fr.jpg\" \/>\n\t<meta property=\"og:image:width\" content=\"600\" \/>\n\t<meta property=\"og:image:height\" content=\"600\" \/>\n\t<meta property=\"og:image:type\" content=\"image\/jpeg\" \/>\n<meta name=\"twitter:card\" content=\"summary_large_image\" \/>\n<meta name=\"twitter:label1\" content=\"Dur\u00e9e de lecture estim\u00e9e\" \/>\n\t<meta name=\"twitter:data1\" content=\"2 minutes\" \/>\n<script type=\"application\/ld+json\" class=\"yoast-schema-graph\">{\"@context\":\"https:\/\/schema.org\",\"@graph\":[{\"@type\":\"WebPage\",\"@id\":\"https:\/\/mlsbeschlaege.de\/fr\/produit\/pack-de-trois-hublot-b4000-a6-250mm-mat\/\",\"url\":\"https:\/\/mlsbeschlaege.de\/fr\/produit\/pack-de-trois-hublot-b4000-a6-250mm-mat\/\",\"name\":\"Pack de trois : Hublot B4000 A6 250mm Mat - MLS Beschl\u00e4ge\",\"isPartOf\":{\"@id\":\"https:\/\/mlsbeschlaege.de\/fr\/#website\"},\"primaryImageOfPage\":{\"@id\":\"https:\/\/mlsbeschlaege.de\/fr\/produit\/pack-de-trois-hublot-b4000-a6-250mm-mat\/#primaryimage\"},\"image\":{\"@id\":\"https:\/\/mlsbeschlaege.de\/fr\/produit\/pack-de-trois-hublot-b4000-a6-250mm-mat\/#primaryimage\"},\"thumbnailUrl\":\"https:\/\/mlsbeschlaege.de\/wp-content\/uploads\/2026\/02\/0180-0160-A6-SV-fr.jpg\",\"datePublished\":\"2025-06-04T13:26:48+00:00\",\"dateModified\":\"2026-03-19T12:28:55+00:00\",\"breadcrumb\":{\"@id\":\"https:\/\/mlsbeschlaege.de\/fr\/produit\/pack-de-trois-hublot-b4000-a6-250mm-mat\/#breadcrumb\"},\"inLanguage\":\"fr-FR\",\"potentialAction\":[{\"@type\":\"ReadAction\",\"target\":[\"https:\/\/mlsbeschlaege.de\/fr\/produit\/pack-de-trois-hublot-b4000-a6-250mm-mat\/\"]}]},{\"@type\":\"ImageObject\",\"inLanguage\":\"fr-FR\",\"@id\":\"https:\/\/mlsbeschlaege.de\/fr\/produit\/pack-de-trois-hublot-b4000-a6-250mm-mat\/#primaryimage\",\"url\":\"https:\/\/mlsbeschlaege.de\/wp-content\/uploads\/2026\/02\/0180-0160-A6-SV-fr.jpg\",\"contentUrl\":\"https:\/\/mlsbeschlaege.de\/wp-content\/uploads\/2026\/02\/0180-0160-A6-SV-fr.jpg\",\"width\":600,\"height\":600},{\"@type\":\"BreadcrumbList\",\"@id\":\"https:\/\/mlsbeschlaege.de\/fr\/produit\/pack-de-trois-hublot-b4000-a6-250mm-mat\/#breadcrumb\",\"itemListElement\":[{\"@type\":\"ListItem\",\"position\":1,\"name\":\"Strona g\u0142\u00f3wna\",\"item\":\"https:\/\/mlsbeschlaege.de\/fr\/\"},{\"@type\":\"ListItem\",\"position\":2,\"name\":\"Boutique\",\"item\":\"https:\/\/mlsbeschlaege.de\/shop\/\"},{\"@type\":\"ListItem\",\"position\":3,\"name\":\"Pack de trois : Hublot B4000 A6 250mm Mat\"}]},{\"@type\":\"WebSite\",\"@id\":\"https:\/\/mlsbeschlaege.de\/fr\/#website\",\"url\":\"https:\/\/mlsbeschlaege.de\/fr\/\",\"name\":\"MLS Beschl\u00e4ge\",\"description\":\"Qualit\u00e4t Beschlaege aus Edelstahl und Aluminium f\u00fcr Glas und Holz Anwendungen\",\"potentialAction\":[{\"@type\":\"SearchAction\",\"target\":{\"@type\":\"EntryPoint\",\"urlTemplate\":\"https:\/\/mlsbeschlaege.de\/fr\/?s={search_term_string}\"},\"query-input\":{\"@type\":\"PropertyValueSpecification\",\"valueRequired\":true,\"valueName\":\"search_term_string\"}}],\"inLanguage\":\"fr-FR\"}]}<\/script>\n<!-- \/ Yoast SEO plugin. -->","yoast_head_json":{"title":"Pack de trois : Hublot B4000 A6 250mm Mat - MLS Beschl\u00e4ge","robots":{"index":"index","follow":"follow","max-snippet":"max-snippet:-1","max-image-preview":"max-image-preview:large","max-video-preview":"max-video-preview:-1"},"canonical":"https:\/\/mlsbeschlaege.de\/fr\/produit\/pack-de-trois-hublot-b4000-a6-250mm-mat\/","og_locale":"fr_FR","og_type":"article","og_title":"Pack de trois : Hublot B4000 A6 250mm Mat - MLS Beschl\u00e4ge","og_description":"d'une qualit\u00e9 d'ex\u00e9cution parfaite  pour panneau de porte 40 mm (+\/- 2 mm)  deux anneaux m\u00e9talliques en aluminium - aspect inox  un panneau de verre VSG 4 mm  Fixation par vis visibles des deux c\u00f4t\u00e9s     Instructions de montage hublots   Catalogue des hublots  Liste de prix hublots       D (mm) d (mm) B (mm) mat   250 195 235 0180-0160 A6","og_url":"https:\/\/mlsbeschlaege.de\/fr\/produit\/pack-de-trois-hublot-b4000-a6-250mm-mat\/","og_site_name":"MLS Beschl\u00e4ge","article_modified_time":"2026-03-19T12:28:55+00:00","og_image":[{"width":600,"height":600,"url":"https:\/\/mlsbeschlaege.de\/wp-content\/uploads\/2026\/02\/0180-0160-A6-SV-fr.jpg","type":"image\/jpeg"}],"twitter_card":"summary_large_image","twitter_misc":{"Dur\u00e9e de lecture estim\u00e9e":"2 minutes"},"schema":{"@context":"https:\/\/schema.org","@graph":[{"@type":"WebPage","@id":"https:\/\/mlsbeschlaege.de\/fr\/produit\/pack-de-trois-hublot-b4000-a6-250mm-mat\/","url":"https:\/\/mlsbeschlaege.de\/fr\/produit\/pack-de-trois-hublot-b4000-a6-250mm-mat\/","name":"Pack de trois : Hublot B4000 A6 250mm Mat - MLS Beschl\u00e4ge","isPartOf":{"@id":"https:\/\/mlsbeschlaege.de\/fr\/#website"},"primaryImageOfPage":{"@id":"https:\/\/mlsbeschlaege.de\/fr\/produit\/pack-de-trois-hublot-b4000-a6-250mm-mat\/#primaryimage"},"image":{"@id":"https:\/\/mlsbeschlaege.de\/fr\/produit\/pack-de-trois-hublot-b4000-a6-250mm-mat\/#primaryimage"},"thumbnailUrl":"https:\/\/mlsbeschlaege.de\/wp-content\/uploads\/2026\/02\/0180-0160-A6-SV-fr.jpg","datePublished":"2025-06-04T13:26:48+00:00","dateModified":"2026-03-19T12:28:55+00:00","breadcrumb":{"@id":"https:\/\/mlsbeschlaege.de\/fr\/produit\/pack-de-trois-hublot-b4000-a6-250mm-mat\/#breadcrumb"},"inLanguage":"fr-FR","potentialAction":[{"@type":"ReadAction","target":["https:\/\/mlsbeschlaege.de\/fr\/produit\/pack-de-trois-hublot-b4000-a6-250mm-mat\/"]}]},{"@type":"ImageObject","inLanguage":"fr-FR","@id":"https:\/\/mlsbeschlaege.de\/fr\/produit\/pack-de-trois-hublot-b4000-a6-250mm-mat\/#primaryimage","url":"https:\/\/mlsbeschlaege.de\/wp-content\/uploads\/2026\/02\/0180-0160-A6-SV-fr.jpg","contentUrl":"https:\/\/mlsbeschlaege.de\/wp-content\/uploads\/2026\/02\/0180-0160-A6-SV-fr.jpg","width":600,"height":600},{"@type":"BreadcrumbList","@id":"https:\/\/mlsbeschlaege.de\/fr\/produit\/pack-de-trois-hublot-b4000-a6-250mm-mat\/#breadcrumb","itemListElement":[{"@type":"ListItem","position":1,"name":"Strona g\u0142\u00f3wna","item":"https:\/\/mlsbeschlaege.de\/fr\/"},{"@type":"ListItem","position":2,"name":"Boutique","item":"https:\/\/mlsbeschlaege.de\/shop\/"},{"@type":"ListItem","position":3,"name":"Pack de trois : Hublot B4000 A6 250mm Mat"}]},{"@type":"WebSite","@id":"https:\/\/mlsbeschlaege.de\/fr\/#website","url":"https:\/\/mlsbeschlaege.de\/fr\/","name":"MLS Beschl\u00e4ge","description":"Qualit\u00e4t Beschlaege aus Edelstahl und Aluminium f\u00fcr Glas und Holz Anwendungen","potentialAction":[{"@type":"SearchAction","target":{"@type":"EntryPoint","urlTemplate":"https:\/\/mlsbeschlaege.de\/fr\/?s={search_term_string}"},"query-input":{"@type":"PropertyValueSpecification","valueRequired":true,"valueName":"search_term_string"}}],"inLanguage":"fr-FR"}]}},"_links":{"self":[{"href":"https:\/\/mlsbeschlaege.de\/fr\/wp-json\/wp\/v2\/product\/55143","targetHints":{"allow":["GET"]}}],"collection":[{"href":"https:\/\/mlsbeschlaege.de\/fr\/wp-json\/wp\/v2\/product"}],"about":[{"href":"https:\/\/mlsbeschlaege.de\/fr\/wp-json\/wp\/v2\/types\/product"}],"replies":[{"embeddable":true,"href":"https:\/\/mlsbeschlaege.de\/fr\/wp-json\/wp\/v2\/comments?post=55143"}],"version-history":[{"count":3,"href":"https:\/\/mlsbeschlaege.de\/fr\/wp-json\/wp\/v2\/product\/55143\/revisions"}],"predecessor-version":[{"id":58185,"href":"https:\/\/mlsbeschlaege.de\/fr\/wp-json\/wp\/v2\/product\/55143\/revisions\/58185"}],"wp:featuredmedia":[{"embeddable":true,"href":"https:\/\/mlsbeschlaege.de\/fr\/wp-json\/wp\/v2\/media\/55146"}],"wp:attachment":[{"href":"https:\/\/mlsbeschlaege.de\/fr\/wp-json\/wp\/v2\/media?parent=55143"}],"wp:term":[{"taxonomy":"product_brand","embeddable":true,"href":"https:\/\/mlsbeschlaege.de\/fr\/wp-json\/wp\/v2\/product_brand?post=55143"},{"taxonomy":"product_cat","embeddable":true,"href":"https:\/\/mlsbeschlaege.de\/fr\/wp-json\/wp\/v2\/product_cat?post=55143"},{"taxonomy":"product_tag","embeddable":true,"href":"https:\/\/mlsbeschlaege.de\/fr\/wp-json\/wp\/v2\/product_tag?post=55143"}],"curies":[{"name":"wp","href":"https:\/\/api.w.org\/{rel}","templated":true}]}}