{"id":55064,"date":"2026-02-18T21:00:03","date_gmt":"2026-02-18T20:00:03","guid":{"rendered":"https:\/\/mlsbeschlaege.de\/wishlist-2\/"},"modified":"2026-02-23T19:30:47","modified_gmt":"2026-02-23T18:30:47","slug":"wishlist","status":"publish","type":"page","link":"https:\/\/mlsbeschlaege.de\/fr\/wishlist\/","title":{"rendered":"Liste de souhaits"},"content":{"rendered":"<div class=\"woosw-list\"><table class=\"woosw-items\" data-key=\"WOOSW\"><tr class=\"woosw-item woosw-item-7267\" data-id=\"7267\"><td class=\"woosw-item--image\"><a  href=\"https:\/\/mlsbeschlaege.de\/produkt\/bullauge-b4000-a8\/?attribute_pa_durchmesser-mm=300&#038;attribute_pa_glas=klar&#038;attribute_pa_verschraubung=beidseitig\" ><img fetchpriority=\"high\" decoding=\"async\" width=\"300\" height=\"300\" src=\"https:\/\/mlsbeschlaege.de\/wp-content\/uploads\/2017\/10\/B4000A8p1-300x300.png\" class=\"attachment-woocommerce_thumbnail size-woocommerce_thumbnail\" alt=\"Bullauge B4000 A8\" \/><\/a><\/td><td class=\"woosw-item--info\"><div class=\"woosw-item--name\"><a  href=\"https:\/\/mlsbeschlaege.de\/produkt\/bullauge-b4000-a8\/?attribute_pa_durchmesser-mm=300&#038;attribute_pa_glas=klar&#038;attribute_pa_verschraubung=beidseitig\" >Bullauge B4000 A8<\/a><\/div><div class=\"woosw-item--price\"><span class=\"woocommerce-Price-amount amount\"><span class=\"woocommerce-Price-currencySymbol\">&euro;<\/span>53,00<\/span> <small class=\"woocommerce-price-suffix\">TVA 0,0 % incluse<\/small><\/div><div class=\"woosw-item--time\">02\/02\/2026<\/div><\/td><td class=\"woosw-item--actions\"><div class=\"woosw-item--stock\"><\/div><div class=\"woosw-item--atc\"><p class=\"product woocommerce add_to_cart_inline \" style=\"\"><div class=\"type_variation\" data-title=\"Ajouter au panier\"><a rel=\"nofollow\" href=\"https:\/\/mlsbeschlaege.de\/produkt\/bullauge-b4000-a8\/?attribute_pa_durchmesser-mm=300&#038;attribute_pa_glas=klar&#038;attribute_pa_verschraubung=beidseitig&#038;variation_id=7267&#038;add-to-cart=7261\" data-quantity=\"1\" data-product_id=\"7267\" data-product_sku=\"0180-0141-A8\" class=\"button product_type_variation add_to_cart_button ajax_add_to_cart\"><span>Ajouter au panier<\/span><\/a><\/div><\/p><\/div><\/td><\/tr><tr class=\"woosw-item woosw-item-301\" data-id=\"301\"><td class=\"woosw-item--image\"><a  href=\"https:\/\/mlsbeschlaege.de\/produkt\/bullauge-b1000\/?attribute_pa_durchmesser-mm=350&#038;attribute_pa_glas=klar\" ><img decoding=\"async\" width=\"300\" height=\"300\" src=\"https:\/\/mlsbeschlaege.de\/wp-content\/uploads\/2017\/05\/B1000k-300x300.png\" class=\"attachment-woocommerce_thumbnail size-woocommerce_thumbnail\" alt=\"Bullauge B1000\" \/><\/a><\/td><td class=\"woosw-item--info\"><div class=\"woosw-item--name\"><a  href=\"https:\/\/mlsbeschlaege.de\/produkt\/bullauge-b1000\/?attribute_pa_durchmesser-mm=350&#038;attribute_pa_glas=klar\" >Bullauge B1000<\/a><\/div><div class=\"woosw-item--price\"><span class=\"woocommerce-Price-amount amount\"><span class=\"woocommerce-Price-currencySymbol\">&euro;<\/span>69,00<\/span> <small class=\"woocommerce-price-suffix\">TVA 0,0 % incluse<\/small><\/div><div class=\"woosw-item--time\">04\/12\/2025<\/div><\/td><td class=\"woosw-item--actions\"><div class=\"woosw-item--stock\"><\/div><div class=\"woosw-item--atc\"><p class=\"product woocommerce add_to_cart_inline \" style=\"\"><div class=\"type_variation\" data-title=\"Ajouter au panier\"><a rel=\"nofollow\" href=\"https:\/\/mlsbeschlaege.de\/produkt\/bullauge-b1000\/?attribute_pa_durchmesser-mm=350&#038;attribute_pa_glas=klar&#038;variation_id=301&#038;add-to-cart=108\" data-quantity=\"1\" data-product_id=\"301\" data-product_sku=\"0180-0003\" class=\"button product_type_variation add_to_cart_button ajax_add_to_cart\"><span>Ajouter au panier<\/span><\/a><\/div><\/p><\/div><\/td><\/tr><tr class=\"woosw-item woosw-item-108\" data-id=\"108\"><td class=\"woosw-item--image\"><a  href=\"https:\/\/mlsbeschlaege.de\/produkt\/bullauge-b1000\/\" ><img decoding=\"async\" width=\"300\" height=\"300\" src=\"https:\/\/mlsbeschlaege.de\/wp-content\/uploads\/2017\/05\/B1000k-300x300.png\" class=\"attachment-woocommerce_thumbnail size-woocommerce_thumbnail\" alt=\"Bullauge B1000\" \/><\/a><\/td><td class=\"woosw-item--info\"><div class=\"woosw-item--name\"><a  href=\"https:\/\/mlsbeschlaege.de\/produkt\/bullauge-b1000\/\" >Bullauge B1000<\/a><\/div><div class=\"woosw-item--price\"><span class=\"woocommerce-Price-amount amount\" aria-hidden=\"true\"><span class=\"woocommerce-Price-currencySymbol\">&euro;<\/span>54,00<\/span> <span aria-hidden=\"true\">\u00a0\u2013\u00a0<\/span> <span class=\"woocommerce-Price-amount amount\" aria-hidden=\"true\"><span class=\"woocommerce-Price-currencySymbol\">&euro;<\/span>217,00<\/span><span class=\"screen-reader-text\">Plage de prix\u00a0: &euro;54,00 \u00e0 &euro;217,00<\/span> <small class=\"woocommerce-price-suffix\">TVA 0,0 % incluse<\/small><\/div><div class=\"woosw-item--time\">04\/12\/2025<\/div><\/td><td class=\"woosw-item--actions\"><div class=\"woosw-item--stock\"><\/div><div class=\"woosw-item--atc\"><p class=\"product woocommerce add_to_cart_inline \" style=\"\"><div class=\"type_variable\" data-title=\"Lire la suite\"><a rel=\"nofollow\" href=\"https:\/\/mlsbeschlaege.de\/produkt\/bullauge-b1000\/\" data-quantity=\"1\" data-product_id=\"108\" data-product_sku=\"b1000\" class=\"button product_type_variable\"><span>Lire la suite<\/span><\/a><\/div><\/p><\/div><\/td><\/tr><tr class=\"woosw-item woosw-item-379\" data-id=\"379\"><td class=\"woosw-item--image\"><a  href=\"https:\/\/mlsbeschlaege.de\/produkt\/bullauge-b4000\/\" ><img decoding=\"async\" width=\"300\" height=\"300\" src=\"https:\/\/mlsbeschlaege.de\/wp-content\/uploads\/2017\/05\/B4000-klar-300x300.png\" class=\"attachment-woocommerce_thumbnail size-woocommerce_thumbnail\" alt=\"Bullauge B4000 Edelstahl\" \/><\/a><\/td><td class=\"woosw-item--info\"><div class=\"woosw-item--name\"><a  href=\"https:\/\/mlsbeschlaege.de\/produkt\/bullauge-b4000\/\" >Bullauge B4000 Edelstahl<\/a><\/div><div class=\"woosw-item--price\"><span class=\"woocommerce-Price-amount amount\" aria-hidden=\"true\"><span class=\"woocommerce-Price-currencySymbol\">&euro;<\/span>54,00<\/span> <span aria-hidden=\"true\">\u00a0\u2013\u00a0<\/span> <span class=\"woocommerce-Price-amount amount\" aria-hidden=\"true\"><span class=\"woocommerce-Price-currencySymbol\">&euro;<\/span>82,00<\/span><span class=\"screen-reader-text\">Plage de prix\u00a0: &euro;54,00 \u00e0 &euro;82,00<\/span> <small class=\"woocommerce-price-suffix\">TVA 0,0 % incluse<\/small><\/div><div class=\"woosw-item--time\">22\/06\/2025<\/div><\/td><td class=\"woosw-item--actions\"><div class=\"woosw-item--stock\"><\/div><div class=\"woosw-item--atc\"><p class=\"product woocommerce add_to_cart_inline \" style=\"\"><div class=\"type_variable\" data-title=\"Lire la suite\"><a rel=\"nofollow\" href=\"https:\/\/mlsbeschlaege.de\/produkt\/bullauge-b4000\/\" data-quantity=\"1\" data-product_id=\"379\" data-product_sku=\"b4000\" class=\"button product_type_variable\"><span>Lire la suite<\/span><\/a><\/div><\/p><\/div><\/td><\/tr><\/table><div class=\"woosw-actions\"><div class=\"woosw-copy\"><span class=\"woosw-copy-label\">Lien vers la liste de souhaits :<\/span><span class=\"woosw-copy-url\"><input id=\"woosw_copy_url\" type=\"url\" value=\"https:\/\/mlsbeschlaege.de\/wishlist\/WOOSW\" readonly\/><\/span><span class=\"woosw-copy-btn\"><button id=\"woosw_copy_btn\" type=\"button\" class=\"button\">Copie<\/button><\/span><\/div><!-- \/woosw-copy --><\/div><!-- \/woosw-actions --><\/div><!-- \/woosw-list -->\n<script>function getWR360PopupSkin(){return 'dark_clean';}<\/script>","protected":false},"excerpt":{"rendered":"","protected":false},"author":740,"featured_media":0,"parent":0,"menu_order":0,"comment_status":"closed","ping_status":"closed","template":"","meta":{"pgc_sgb_lightbox_settings":"","footnotes":"","_links_to":"","_links_to_target":""},"class_list":["post-55064","page","type-page","status-publish","hentry"],"yoast_head":"<!-- This site is optimized with the Yoast SEO plugin v26.6 - https:\/\/yoast.com\/wordpress\/plugins\/seo\/ -->\n<title>Liste de souhaits - MLS Beschl\u00e4ge<\/title>\n<meta name=\"robots\" content=\"index, follow, max-snippet:-1, max-image-preview:large, max-video-preview:-1\" \/>\n<link rel=\"canonical\" href=\"https:\/\/mlsbeschlaege.de\/fr\/wishlist\/\" \/>\n<meta property=\"og:locale\" content=\"fr_FR\" \/>\n<meta property=\"og:type\" content=\"article\" \/>\n<meta property=\"og:title\" content=\"Liste de souhaits - MLS Beschl\u00e4ge\" \/>\n<meta property=\"og:url\" content=\"https:\/\/mlsbeschlaege.de\/fr\/wishlist\/\" \/>\n<meta property=\"og:site_name\" content=\"MLS Beschl\u00e4ge\" \/>\n<meta property=\"article:modified_time\" content=\"2026-02-23T18:30:47+00:00\" \/>\n<meta name=\"twitter:card\" content=\"summary_large_image\" \/>\n<meta name=\"twitter:label1\" content=\"Dur\u00e9e de lecture estim\u00e9e\" \/>\n\t<meta name=\"twitter:data1\" content=\"1 minute\" \/>\n<script type=\"application\/ld+json\" class=\"yoast-schema-graph\">{\"@context\":\"https:\/\/schema.org\",\"@graph\":[{\"@type\":\"WebPage\",\"@id\":\"https:\/\/mlsbeschlaege.de\/fr\/wishlist\/\",\"url\":\"https:\/\/mlsbeschlaege.de\/fr\/wishlist\/\",\"name\":\"Liste de souhaits - MLS Beschl\u00e4ge\",\"isPartOf\":{\"@id\":\"https:\/\/mlsbeschlaege.de\/fr\/#website\"},\"datePublished\":\"2026-02-18T20:00:03+00:00\",\"dateModified\":\"2026-02-23T18:30:47+00:00\",\"breadcrumb\":{\"@id\":\"https:\/\/mlsbeschlaege.de\/fr\/wishlist\/#breadcrumb\"},\"inLanguage\":\"fr-FR\",\"potentialAction\":[{\"@type\":\"ReadAction\",\"target\":[\"https:\/\/mlsbeschlaege.de\/fr\/wishlist\/\"]}]},{\"@type\":\"BreadcrumbList\",\"@id\":\"https:\/\/mlsbeschlaege.de\/fr\/wishlist\/#breadcrumb\",\"itemListElement\":[{\"@type\":\"ListItem\",\"position\":1,\"name\":\"Strona g\u0142\u00f3wna\",\"item\":\"https:\/\/mlsbeschlaege.de\/fr\/\"},{\"@type\":\"ListItem\",\"position\":2,\"name\":\"Liste de souhaits\"}]},{\"@type\":\"WebSite\",\"@id\":\"https:\/\/mlsbeschlaege.de\/fr\/#website\",\"url\":\"https:\/\/mlsbeschlaege.de\/fr\/\",\"name\":\"MLS Beschl\u00e4ge\",\"description\":\"Qualit\u00e4t Beschlaege aus Edelstahl und Aluminium f\u00fcr Glas und Holz Anwendungen\",\"potentialAction\":[{\"@type\":\"SearchAction\",\"target\":{\"@type\":\"EntryPoint\",\"urlTemplate\":\"https:\/\/mlsbeschlaege.de\/fr\/?s={search_term_string}\"},\"query-input\":{\"@type\":\"PropertyValueSpecification\",\"valueRequired\":true,\"valueName\":\"search_term_string\"}}],\"inLanguage\":\"fr-FR\"}]}<\/script>\n<!-- \/ Yoast SEO plugin. -->","yoast_head_json":{"title":"Liste de souhaits - MLS Beschl\u00e4ge","robots":{"index":"index","follow":"follow","max-snippet":"max-snippet:-1","max-image-preview":"max-image-preview:large","max-video-preview":"max-video-preview:-1"},"canonical":"https:\/\/mlsbeschlaege.de\/fr\/wishlist\/","og_locale":"fr_FR","og_type":"article","og_title":"Liste de souhaits - MLS Beschl\u00e4ge","og_url":"https:\/\/mlsbeschlaege.de\/fr\/wishlist\/","og_site_name":"MLS Beschl\u00e4ge","article_modified_time":"2026-02-23T18:30:47+00:00","twitter_card":"summary_large_image","twitter_misc":{"Dur\u00e9e de lecture estim\u00e9e":"1 minute"},"schema":{"@context":"https:\/\/schema.org","@graph":[{"@type":"WebPage","@id":"https:\/\/mlsbeschlaege.de\/fr\/wishlist\/","url":"https:\/\/mlsbeschlaege.de\/fr\/wishlist\/","name":"Liste de souhaits - MLS Beschl\u00e4ge","isPartOf":{"@id":"https:\/\/mlsbeschlaege.de\/fr\/#website"},"datePublished":"2026-02-18T20:00:03+00:00","dateModified":"2026-02-23T18:30:47+00:00","breadcrumb":{"@id":"https:\/\/mlsbeschlaege.de\/fr\/wishlist\/#breadcrumb"},"inLanguage":"fr-FR","potentialAction":[{"@type":"ReadAction","target":["https:\/\/mlsbeschlaege.de\/fr\/wishlist\/"]}]},{"@type":"BreadcrumbList","@id":"https:\/\/mlsbeschlaege.de\/fr\/wishlist\/#breadcrumb","itemListElement":[{"@type":"ListItem","position":1,"name":"Strona g\u0142\u00f3wna","item":"https:\/\/mlsbeschlaege.de\/fr\/"},{"@type":"ListItem","position":2,"name":"Liste de souhaits"}]},{"@type":"WebSite","@id":"https:\/\/mlsbeschlaege.de\/fr\/#website","url":"https:\/\/mlsbeschlaege.de\/fr\/","name":"MLS Beschl\u00e4ge","description":"Qualit\u00e4t Beschlaege aus Edelstahl und Aluminium f\u00fcr Glas und Holz Anwendungen","potentialAction":[{"@type":"SearchAction","target":{"@type":"EntryPoint","urlTemplate":"https:\/\/mlsbeschlaege.de\/fr\/?s={search_term_string}"},"query-input":{"@type":"PropertyValueSpecification","valueRequired":true,"valueName":"search_term_string"}}],"inLanguage":"fr-FR"}]}},"_links":{"self":[{"href":"https:\/\/mlsbeschlaege.de\/fr\/wp-json\/wp\/v2\/pages\/55064","targetHints":{"allow":["GET"]}}],"collection":[{"href":"https:\/\/mlsbeschlaege.de\/fr\/wp-json\/wp\/v2\/pages"}],"about":[{"href":"https:\/\/mlsbeschlaege.de\/fr\/wp-json\/wp\/v2\/types\/page"}],"author":[{"embeddable":true,"href":"https:\/\/mlsbeschlaege.de\/fr\/wp-json\/wp\/v2\/users\/740"}],"replies":[{"embeddable":true,"href":"https:\/\/mlsbeschlaege.de\/fr\/wp-json\/wp\/v2\/comments?post=55064"}],"version-history":[{"count":1,"href":"https:\/\/mlsbeschlaege.de\/fr\/wp-json\/wp\/v2\/pages\/55064\/revisions"}],"predecessor-version":[{"id":58089,"href":"https:\/\/mlsbeschlaege.de\/fr\/wp-json\/wp\/v2\/pages\/55064\/revisions\/58089"}],"wp:attachment":[{"href":"https:\/\/mlsbeschlaege.de\/fr\/wp-json\/wp\/v2\/media?parent=55064"}],"curies":[{"name":"wp","href":"https:\/\/api.w.org\/{rel}","templated":true}]}}