{"id":55055,"date":"2026-02-18T20:57:59","date_gmt":"2026-02-18T19:57:59","guid":{"rendered":"https:\/\/mlsbeschlaege.de\/contact\/"},"modified":"2026-03-23T14:16:04","modified_gmt":"2026-03-23T13:16:04","slug":"contact","status":"publish","type":"page","link":"https:\/\/mlsbeschlaege.de\/fr\/contact\/","title":{"rendered":"Contact"},"content":{"rendered":"\t\t<div data-elementor-type=\"wp-page\" data-elementor-id=\"55055\" class=\"elementor elementor-55055 elementor-49480\" data-elementor-post-type=\"page\">\n\t\t\t\t\t\t<section class=\"elementor-section elementor-top-section elementor-element elementor-element-2353881 elementor-section-boxed elementor-section-height-default elementor-section-height-default\" data-id=\"2353881\" data-element_type=\"section\">\n\t\t\t\t\t\t<div class=\"elementor-container elementor-column-gap-default\">\n\t\t\t\t\t<div class=\"elementor-column elementor-col-50 elementor-top-column elementor-element elementor-element-9b12d21\" data-id=\"9b12d21\" data-element_type=\"column\">\n\t\t\t<div class=\"elementor-widget-wrap elementor-element-populated\">\n\t\t\t\t\t\t<section class=\"elementor-section elementor-inner-section elementor-element elementor-element-fcf539e elementor-section-boxed elementor-section-height-default elementor-section-height-default\" data-id=\"fcf539e\" data-element_type=\"section\">\n\t\t\t\t\t\t<div class=\"elementor-container elementor-column-gap-default\">\n\t\t\t\t\t<div class=\"elementor-column elementor-col-100 elementor-inner-column elementor-element elementor-element-5cb6d2d\" data-id=\"5cb6d2d\" data-element_type=\"column\" data-settings=\"{&quot;background_background&quot;:&quot;classic&quot;}\">\n\t\t\t<div class=\"elementor-widget-wrap elementor-element-populated\">\n\t\t\t\t\t\t<div class=\"elementor-element elementor-element-fd098e4 elementor-widget__width-auto title-bold elementor-widget elementor-widget-heading\" data-id=\"fd098e4\" data-element_type=\"widget\" data-widget_type=\"heading.default\">\n\t\t\t\t<div class=\"elementor-widget-container\">\n\t\t\t\t\t<h4 class=\"elementor-heading-title elementor-size-default\">Contactez-nous<\/h4>\t\t\t\t<\/div>\n\t\t\t\t<\/div>\n\t\t\t\t<div class=\"elementor-element elementor-element-41fa5e2 elementor-widget elementor-widget-heading\" data-id=\"41fa5e2\" data-element_type=\"widget\" data-widget_type=\"heading.default\">\n\t\t\t\t<div class=\"elementor-widget-container\">\n\t\t\t\t\t<h5 class=\"elementor-heading-title elementor-size-default\">Adresse<\/h5>\t\t\t\t<\/div>\n\t\t\t\t<\/div>\n\t\t\t\t<div class=\"elementor-element elementor-element-fdf6efc elementor-widget elementor-widget-text-editor\" data-id=\"fdf6efc\" data-element_type=\"widget\" data-widget_type=\"text-editor.default\">\n\t\t\t\t<div class=\"elementor-widget-container\">\n\t\t\t\t\t\t\t\t\t<p>MLSgroup Jolanta Wodejko<br \/>62-064 Plewiska \/ Pozna\u0144<br \/>ul. Grunwaldzka 515 B\/1<br \/>Pologne<br \/>EU-Num\u00e9ro fiscal: PL9291206744<\/p>\t\t\t\t\t\t\t\t<\/div>\n\t\t\t\t<\/div>\n\t\t\t\t<div class=\"elementor-element elementor-element-6d5073a elementor-widget elementor-widget-heading\" data-id=\"6d5073a\" data-element_type=\"widget\" data-widget_type=\"heading.default\">\n\t\t\t\t<div class=\"elementor-widget-container\">\n\t\t\t\t\t<h5 class=\"elementor-heading-title elementor-size-default\">T\u00e9l\u00e9phone<\/h5>\t\t\t\t<\/div>\n\t\t\t\t<\/div>\n\t\t\t\t<div class=\"elementor-element elementor-element-3978215 elementor-widget elementor-widget-text-editor\" data-id=\"3978215\" data-element_type=\"widget\" data-widget_type=\"text-editor.default\">\n\t\t\t\t<div class=\"elementor-widget-container\">\n\t\t\t\t\t\t\t\t\t<p><a href=\"tel:+48502699415\">(+48) 502 699 415<\/a><\/p>\t\t\t\t\t\t\t\t<\/div>\n\t\t\t\t<\/div>\n\t\t\t\t<div class=\"elementor-element elementor-element-25550f6 elementor-widget elementor-widget-heading\" data-id=\"25550f6\" data-element_type=\"widget\" data-widget_type=\"heading.default\">\n\t\t\t\t<div class=\"elementor-widget-container\">\n\t\t\t\t\t<h5 class=\"elementor-heading-title elementor-size-default\">E-mail<\/h5>\t\t\t\t<\/div>\n\t\t\t\t<\/div>\n\t\t\t\t<div class=\"elementor-element elementor-element-6f6db91 elementor-widget elementor-widget-text-editor\" data-id=\"6f6db91\" data-element_type=\"widget\" data-widget_type=\"text-editor.default\">\n\t\t\t\t<div class=\"elementor-widget-container\">\n\t\t\t\t\t\t\t\t\t<p><a href=\"mailto:kontakt@mlsbeschlaege.de\">kontakt@mlsbeschlaege.de<\/a><\/p><p><a href=\"mailto:biuro@mlsgroup.eu\">biuro@mlsgroup.eu<\/a><\/p>\t\t\t\t\t\t\t\t<\/div>\n\t\t\t\t<\/div>\n\t\t\t\t<div class=\"elementor-element elementor-element-8c20678 elementor-widget elementor-widget-heading\" data-id=\"8c20678\" data-element_type=\"widget\" data-widget_type=\"heading.default\">\n\t\t\t\t<div class=\"elementor-widget-container\">\n\t\t\t\t\t<h5 class=\"elementor-heading-title elementor-size-default\">WWW<\/h5>\t\t\t\t<\/div>\n\t\t\t\t<\/div>\n\t\t\t\t<div class=\"elementor-element elementor-element-73f45ef elementor-widget elementor-widget-text-editor\" data-id=\"73f45ef\" data-element_type=\"widget\" data-widget_type=\"text-editor.default\">\n\t\t\t\t<div class=\"elementor-widget-container\">\n\t\t\t\t\t\t\t\t\t<p><a href=\"https:\/\/www.mlsbeschlaege.de\/\">www.mlsbeschlaege.de<\/a><\/p><p><a href=\"https:\/\/www.mlsgroup.eu\/\">www.mlsgroup.eu<\/a><\/p><p> <\/p>\t\t\t\t\t\t\t\t<\/div>\n\t\t\t\t<\/div>\n\t\t\t\t\t<\/div>\n\t\t<\/div>\n\t\t\t\t\t<\/div>\n\t\t<\/section>\n\t\t\t\t\t<\/div>\n\t\t<\/div>\n\t\t\t\t<div class=\"elementor-column elementor-col-50 elementor-top-column elementor-element elementor-element-77675f7\" data-id=\"77675f7\" data-element_type=\"column\">\n\t\t\t<div class=\"elementor-widget-wrap elementor-element-populated\">\n\t\t\t\t<div class=\"elementor-element elementor-element-51db1a3 e-flex e-con-boxed e-con e-parent\" data-id=\"51db1a3\" data-element_type=\"container\">\n\t\t\t\t\t<div class=\"e-con-inner\">\n\t\t<div class=\"elementor-element elementor-element-e2833e0 e-con-full e-flex e-con e-child\" data-id=\"e2833e0\" data-element_type=\"container\">\n\t\t\t\t<div class=\"elementor-element elementor-element-38bc294 elementor-view-stacked elementor-shape-circle elementor-widget elementor-widget-icon\" data-id=\"38bc294\" data-element_type=\"widget\" data-settings=\"{&quot;motion_fx_motion_fx_scrolling&quot;:&quot;yes&quot;,&quot;motion_fx_devices&quot;:[&quot;desktop&quot;,&quot;tablet_extra&quot;,&quot;tablet&quot;,&quot;mobile&quot;]}\" data-widget_type=\"icon.default\">\n\t\t\t\t<div class=\"elementor-widget-container\">\n\t\t\t\t\t\t\t<div class=\"elementor-icon-wrapper\">\n\t\t\t<div class=\"elementor-icon\">\n\t\t\t<i aria-hidden=\"true\" class=\"icon icon-bank1\"><\/i>\t\t\t<\/div>\n\t\t<\/div>\n\t\t\t\t\t\t<\/div>\n\t\t\t\t<\/div>\n\t\t\t\t<\/div>\n\t\t\t\t<div class=\"elementor-element elementor-element-95c7207 elementor-widget__width-initial elementor-widget elementor-widget-text-editor\" data-id=\"95c7207\" data-element_type=\"widget\" data-widget_type=\"text-editor.default\">\n\t\t\t\t<div class=\"elementor-widget-container\">\n\t\t\t\t\t\t\t\t\t<p><strong>Coordonn\u00e9es bancaires :<\/strong><\/p><p><b>Sparkasse Uckermark<br><\/b>BIC : <b>WELADED1UMP <br><\/b>IBAN : <strong>DE64 1705 6060 0101 0362 64<\/strong><\/p><p>Nest Bank SA<br>BIC : NESBPLPW IBAN : PL73 1870 1045 2078 1086 2909 0003<\/p>\t\t\t\t\t\t\t\t<\/div>\n\t\t\t\t<\/div>\n\t\t\t\t\t<\/div>\n\t\t\t\t<\/div>\n\t\t<div class=\"elementor-element elementor-element-24c652c e-flex e-con-boxed e-con e-parent\" data-id=\"24c652c\" data-element_type=\"container\">\n\t\t\t\t\t<div class=\"e-con-inner\">\n\t\t\t\t<div class=\"elementor-element elementor-element-37f8151 elementor-widget elementor-widget-gallery\" data-id=\"37f8151\" data-element_type=\"widget\" data-settings=\"{&quot;lazyload&quot;:&quot;yes&quot;,&quot;gallery_layout&quot;:&quot;grid&quot;,&quot;columns&quot;:4,&quot;columns_tablet&quot;:2,&quot;columns_mobile&quot;:1,&quot;gap&quot;:{&quot;unit&quot;:&quot;px&quot;,&quot;size&quot;:10,&quot;sizes&quot;:[]},&quot;gap_tablet_extra&quot;:{&quot;unit&quot;:&quot;px&quot;,&quot;size&quot;:10,&quot;sizes&quot;:[]},&quot;gap_tablet&quot;:{&quot;unit&quot;:&quot;px&quot;,&quot;size&quot;:10,&quot;sizes&quot;:[]},&quot;gap_mobile&quot;:{&quot;unit&quot;:&quot;px&quot;,&quot;size&quot;:10,&quot;sizes&quot;:[]},&quot;link_to&quot;:&quot;file&quot;,&quot;aspect_ratio&quot;:&quot;3:2&quot;,&quot;overlay_background&quot;:&quot;yes&quot;,&quot;content_hover_animation&quot;:&quot;fade-in&quot;}\" data-widget_type=\"gallery.default\">\n\t\t\t\t<div class=\"elementor-widget-container\">\n\t\t\t\t\t\t\t<div class=\"elementor-gallery__container\">\n\t\t\t\t\t\t\t<a class=\"e-gallery-item elementor-gallery-item elementor-animated-content\" href=\"https:\/\/mlsbeschlaege.de\/wp-content\/uploads\/2017\/08\/Schwei\u00dfarbeiten.jpg\" data-elementor-open-lightbox=\"yes\" data-elementor-lightbox-slideshow=\"37f8151\" data-elementor-lightbox-title=\"Schwei\u00dfarbeiten\" data-e-action-hash=\"#elementor-action%3Aaction%3Dlightbox%26settings%3DeyJpZCI6NTYxOSwidXJsIjoiaHR0cHM6XC9cL21sc2Jlc2NobGFlZ2UuZGVcL3dwLWNvbnRlbnRcL3VwbG9hZHNcLzIwMTdcLzA4XC9TY2h3ZWlcdTAwZGZhcmJlaXRlbi5qcGciLCJzbGlkZXNob3ciOiIzN2Y4MTUxIn0%3D\">\n\t\t\t\t\t<div class=\"e-gallery-image elementor-gallery-item__image\" data-thumbnail=\"https:\/\/mlsbeschlaege.de\/wp-content\/uploads\/2017\/08\/Schwei\u00dfarbeiten-300x223.jpg\" data-width=\"300\" data-height=\"223\" aria-label=\"\" role=\"img\" ><\/div>\n\t\t\t\t\t\t\t\t\t\t\t<div class=\"elementor-gallery-item__overlay\"><\/div>\n\t\t\t\t\t\t\t\t\t\t\t\t\t\t<\/a>\n\t\t\t\t\t\t\t<a class=\"e-gallery-item elementor-gallery-item elementor-animated-content\" href=\"https:\/\/mlsbeschlaege.de\/wp-content\/uploads\/2017\/08\/CNC-Abkantpressen-1.jpg\" data-elementor-open-lightbox=\"yes\" data-elementor-lightbox-slideshow=\"37f8151\" data-elementor-lightbox-title=\"CNC-Abkantpressen-1\" data-e-action-hash=\"#elementor-action%3Aaction%3Dlightbox%26settings%3DeyJpZCI6NTYyMSwidXJsIjoiaHR0cHM6XC9cL21sc2Jlc2NobGFlZ2UuZGVcL3dwLWNvbnRlbnRcL3VwbG9hZHNcLzIwMTdcLzA4XC9DTkMtQWJrYW50cHJlc3Nlbi0xLmpwZyIsInNsaWRlc2hvdyI6IjM3ZjgxNTEifQ%3D%3D\">\n\t\t\t\t\t<div class=\"e-gallery-image elementor-gallery-item__image\" data-thumbnail=\"https:\/\/mlsbeschlaege.de\/wp-content\/uploads\/2017\/08\/CNC-Abkantpressen-1-300x225.jpg\" data-width=\"300\" data-height=\"225\" aria-label=\"\" role=\"img\" ><\/div>\n\t\t\t\t\t\t\t\t\t\t\t<div class=\"elementor-gallery-item__overlay\"><\/div>\n\t\t\t\t\t\t\t\t\t\t\t\t\t\t<\/a>\n\t\t\t\t\t\t\t<a class=\"e-gallery-item elementor-gallery-item elementor-animated-content\" href=\"https:\/\/mlsbeschlaege.de\/wp-content\/uploads\/2017\/08\/Typ_Tru_Laser_3030-1.jpg\" data-elementor-open-lightbox=\"yes\" data-elementor-lightbox-slideshow=\"37f8151\" data-elementor-lightbox-title=\"Typ_Tru_Laser_3030-1\" data-e-action-hash=\"#elementor-action%3Aaction%3Dlightbox%26settings%3DeyJpZCI6NTYyMCwidXJsIjoiaHR0cHM6XC9cL21sc2Jlc2NobGFlZ2UuZGVcL3dwLWNvbnRlbnRcL3VwbG9hZHNcLzIwMTdcLzA4XC9UeXBfVHJ1X0xhc2VyXzMwMzAtMS5qcGciLCJzbGlkZXNob3ciOiIzN2Y4MTUxIn0%3D\">\n\t\t\t\t\t<div class=\"e-gallery-image elementor-gallery-item__image\" data-thumbnail=\"https:\/\/mlsbeschlaege.de\/wp-content\/uploads\/2017\/08\/Typ_Tru_Laser_3030-1-300x225.jpg\" data-width=\"300\" data-height=\"225\" aria-label=\"\" role=\"img\" ><\/div>\n\t\t\t\t\t\t\t\t\t\t\t<div class=\"elementor-gallery-item__overlay\"><\/div>\n\t\t\t\t\t\t\t\t\t\t\t\t\t\t<\/a>\n\t\t\t\t\t\t\t<a class=\"e-gallery-item elementor-gallery-item elementor-animated-content\" href=\"https:\/\/mlsbeschlaege.de\/wp-content\/uploads\/2017\/08\/Nibbel_Stanzmaschine_Trumpf.jpg\" data-elementor-open-lightbox=\"yes\" data-elementor-lightbox-slideshow=\"37f8151\" data-elementor-lightbox-title=\"Nibbel_Stanzmaschine_Trumpf\" data-e-action-hash=\"#elementor-action%3Aaction%3Dlightbox%26settings%3DeyJpZCI6NTYxNCwidXJsIjoiaHR0cHM6XC9cL21sc2Jlc2NobGFlZ2UuZGVcL3dwLWNvbnRlbnRcL3VwbG9hZHNcLzIwMTdcLzA4XC9OaWJiZWxfU3RhbnptYXNjaGluZV9UcnVtcGYuanBnIiwic2xpZGVzaG93IjoiMzdmODE1MSJ9\">\n\t\t\t\t\t<div class=\"e-gallery-image elementor-gallery-item__image\" data-thumbnail=\"https:\/\/mlsbeschlaege.de\/wp-content\/uploads\/2017\/08\/Nibbel_Stanzmaschine_Trumpf-300x225.jpg\" data-width=\"300\" data-height=\"225\" aria-label=\"\" role=\"img\" ><\/div>\n\t\t\t\t\t\t\t\t\t\t\t<div class=\"elementor-gallery-item__overlay\"><\/div>\n\t\t\t\t\t\t\t\t\t\t\t\t\t\t<\/a>\n\t\t\t\t\t<\/div>\n\t\t\t\t\t<\/div>\n\t\t\t\t<\/div>\n\t\t\t\t\t<\/div>\n\t\t\t\t<\/div>\n\t\t\t\t<div class=\"elementor-element elementor-element-7d7353d elementor-widget elementor-widget-spacer\" data-id=\"7d7353d\" data-element_type=\"widget\" data-widget_type=\"spacer.default\">\n\t\t\t\t<div class=\"elementor-widget-container\">\n\t\t\t\t\t\t\t<div class=\"elementor-spacer\">\n\t\t\t<div class=\"elementor-spacer-inner\"><\/div>\n\t\t<\/div>\n\t\t\t\t\t\t<\/div>\n\t\t\t\t<\/div>\n\t\t\t\t<div class=\"elementor-element elementor-element-0a75148 elementor-widget__width-auto title-bold elementor-widget elementor-widget-heading\" data-id=\"0a75148\" data-element_type=\"widget\" data-widget_type=\"heading.default\">\n\t\t\t\t<div class=\"elementor-widget-container\">\n\t\t\t\t\t<h2 class=\"elementor-heading-title elementor-size-default\">Formulaire de contact<\/h2>\t\t\t\t<\/div>\n\t\t\t\t<\/div>\n\t\t\t\t<div class=\"elementor-element elementor-element-93a4430 elementor-widget elementor-widget-shortcode\" data-id=\"93a4430\" data-element_type=\"widget\" data-widget_type=\"shortcode.default\">\n\t\t\t\t<div class=\"elementor-widget-container\">\n\t\t\t\t\t\t\t<div class=\"elementor-shortcode\">\n<div class=\"wpcf7 no-js\" id=\"wpcf7-f58084-o1\" lang=\"en-US\" dir=\"ltr\" data-wpcf7-id=\"58084\">\n<div class=\"screen-reader-response\"><p role=\"status\" aria-live=\"polite\" aria-atomic=\"true\"><\/p> <ul><\/ul><\/div>\n<form action=\"\/fr\/wp-json\/wp\/v2\/pages\/55055#wpcf7-f58084-o1\" method=\"post\" class=\"wpcf7-form init\" aria-label=\"Contact form\" novalidate=\"novalidate\" data-status=\"init\">\n<fieldset class=\"hidden-fields-container\"><input type=\"hidden\" name=\"_wpcf7\" value=\"58084\" \/><input type=\"hidden\" name=\"_wpcf7_version\" value=\"6.1.4\" \/><input type=\"hidden\" name=\"_wpcf7_locale\" value=\"en_US\" \/><input type=\"hidden\" name=\"_wpcf7_unit_tag\" value=\"wpcf7-f58084-o1\" \/><input type=\"hidden\" name=\"_wpcf7_container_post\" value=\"0\" \/><input type=\"hidden\" name=\"_wpcf7_posted_data_hash\" value=\"\" \/>\n<\/fieldset>\n<div class=\"contact-us-form\">\n\t<div class=\"row\">\n\t\t<div class=\"col-sm-4 form-required\">\n\t\t\t<p><span class=\"wpcf7-form-control-wrap\" data-name=\"Name\"><input size=\"40\" maxlength=\"400\" class=\"wpcf7-form-control wpcf7-text wpcf7-validates-as-required\" aria-required=\"true\" aria-invalid=\"false\" placeholder=\"Nom\" value=\"\" type=\"text\" name=\"Name\" \/><\/span>\n\t\t\t<\/p>\n\t\t<\/div>\n\t\t<div class=\"col-sm-4 form-required\">\n\t\t\t<p><span class=\"wpcf7-form-control-wrap\" data-name=\"Email\"><input size=\"40\" maxlength=\"400\" class=\"wpcf7-form-control wpcf7-email wpcf7-validates-as-required wpcf7-text wpcf7-validates-as-email\" aria-required=\"true\" aria-invalid=\"false\" placeholder=\"Adresse email\" value=\"\" type=\"email\" name=\"Email\" \/><\/span>\n\t\t\t<\/p>\n\t\t<\/div>\n\t\t<div class=\"col-sm-4\">\n\t\t\t<p><span class=\"wpcf7-form-control-wrap\" data-name=\"Phone\"><input size=\"40\" maxlength=\"400\" class=\"wpcf7-form-control wpcf7-text\" aria-invalid=\"false\" placeholder=\"Num\u00e9ro de t\u00e9l\u00e9phone\" value=\"\" type=\"text\" name=\"Phone\" \/><\/span>\n\t\t\t<\/p>\n\t\t<\/div>\n\t<\/div>\n\t<div class=\"row\">\n\t\t<div class=\"col-sm-12\">\n\t\t\t<p><span class=\"wpcf7-form-control-wrap\" data-name=\"textarea-982\"><textarea cols=\"40\" rows=\"10\" maxlength=\"2000\" class=\"wpcf7-form-control wpcf7-textarea wpcf7-validates-as-required\" aria-required=\"true\" aria-invalid=\"false\" placeholder=\"Commentaire ou message *\" name=\"textarea-982\"><\/textarea><\/span>\n\t\t\t<\/p>\n\t\t<\/div>\n\t<\/div>\n\t<div class=\"button\">\n\t\t<div class=\"cf-turnstile-wrap\" style=\"padding:10px 0 10px 0\">\n\t\t\t<div  class=\"cf-turnstile\" data-sitekey=\"0x4AAAAAACsxHydjix36UjKh\" data-theme=\"light\">\n\t\t\t<\/div>\n\t\t<\/div>\n\t\t<p><span class='wpcf7-form-control-wrap' data-name='aiowps-captcha'><\/span><input class=\"wpcf7-form-control wpcf7-submit has-spinner\" type=\"submit\" value=\"Envoyer un message\" \/>\n\t\t<\/p>\n\t<\/div>\n<\/div><div class=\"wpcf7-response-output\" aria-hidden=\"true\"><\/div>\n<\/form>\n<\/div>\n<\/div>\n\t\t\t\t\t\t<\/div>\n\t\t\t\t<\/div>\n\t\t\t\t\t<\/div>\n\t\t<\/div>\n\t\t\t\t\t<\/div>\n\t\t<\/section>\n\t\t\t\t<section class=\"elementor-section elementor-top-section elementor-element elementor-element-d7db315 elementor-section-boxed elementor-section-height-default elementor-section-height-default\" data-id=\"d7db315\" data-element_type=\"section\">\n\t\t\t\t\t\t<div class=\"elementor-container elementor-column-gap-default\">\n\t\t\t\t\t<div class=\"elementor-column elementor-col-100 elementor-top-column elementor-element elementor-element-55289ce\" data-id=\"55289ce\" data-element_type=\"column\">\n\t\t\t<div class=\"elementor-widget-wrap\">\n\t\t\t\t\t\t\t<\/div>\n\t\t<\/div>\n\t\t\t\t\t<\/div>\n\t\t<\/section>\n\t\t\t\t<\/div>\n\t\t<script>function getWR360PopupSkin(){return 'dark_clean';}<\/script>","protected":false},"excerpt":{"rendered":"<p>Contactez-nous Adresse MLSgroup Jolanta Wodejko62-064 Plewiska \/ Pozna\u0144ul. Grunwaldzka 515 B\/1PologneEU-Num\u00e9ro fiscal: PL9291206744 T\u00e9l\u00e9phone (+48) 502 699 415 E-mail kontakt@mlsbeschlaege.de biuro@mlsgroup.eu WWW www.mlsbeschlaege.de www.mlsgroup.eu Coordonn\u00e9es bancaires : Sparkasse UckermarkBIC : WELADED1UMP IBAN : DE64 1705 6060 0101 0362 64 Nest Bank SABIC : NESBPLPW IBAN : PL73 1870 1045 2078 1086 2909 0003 Formulaire de [&hellip;]<\/p>\n","protected":false},"author":740,"featured_media":0,"parent":0,"menu_order":0,"comment_status":"closed","ping_status":"closed","template":"","meta":{"pgc_sgb_lightbox_settings":"","footnotes":"","_links_to":"","_links_to_target":""},"class_list":["post-55055","page","type-page","status-publish","hentry"],"yoast_head":"<!-- This site is optimized with the Yoast SEO plugin v26.6 - https:\/\/yoast.com\/wordpress\/plugins\/seo\/ -->\n<title>Contact %%page% - MLS Beschl\u00e4ge%<\/title>\n<meta name=\"description\" content=\"MLS Beschl\u00e4ge - Fabricant de hublots, de poign\u00e9es de porte et de poign\u00e9es encastr\u00e9es. Demandez des d\u00e9tails techniques et des prix personnalis\u00e9s.\" \/>\n<meta name=\"robots\" content=\"index, follow, max-snippet:-1, max-image-preview:large, max-video-preview:-1\" \/>\n<link rel=\"canonical\" href=\"https:\/\/mlsbeschlaege.de\/fr\/contact\/\" \/>\n<meta property=\"og:locale\" content=\"fr_FR\" \/>\n<meta property=\"og:type\" content=\"article\" \/>\n<meta property=\"og:title\" content=\"Contact %%page% - MLS Beschl\u00e4ge%\" \/>\n<meta property=\"og:description\" content=\"MLS Beschl\u00e4ge - Fabricant de hublots, de poign\u00e9es de porte et de poign\u00e9es encastr\u00e9es. Demandez des d\u00e9tails techniques et des prix personnalis\u00e9s.\" \/>\n<meta property=\"og:url\" content=\"https:\/\/mlsbeschlaege.de\/fr\/contact\/\" \/>\n<meta property=\"og:site_name\" content=\"MLS Beschl\u00e4ge\" \/>\n<meta property=\"article:modified_time\" content=\"2026-03-23T13:16:04+00:00\" \/>\n<meta name=\"twitter:card\" content=\"summary_large_image\" \/>\n<meta name=\"twitter:label1\" content=\"Dur\u00e9e de lecture estim\u00e9e\" \/>\n\t<meta name=\"twitter:data1\" content=\"1 minute\" \/>\n<script type=\"application\/ld+json\" class=\"yoast-schema-graph\">{\"@context\":\"https:\/\/schema.org\",\"@graph\":[{\"@type\":\"WebPage\",\"@id\":\"https:\/\/mlsbeschlaege.de\/fr\/contact\/\",\"url\":\"https:\/\/mlsbeschlaege.de\/fr\/contact\/\",\"name\":\"Contact %%page% - MLS Beschl\u00e4ge%\",\"isPartOf\":{\"@id\":\"https:\/\/mlsbeschlaege.de\/fr\/#website\"},\"datePublished\":\"2026-02-18T19:57:59+00:00\",\"dateModified\":\"2026-03-23T13:16:04+00:00\",\"description\":\"MLS Beschl\u00e4ge - Fabricant de hublots, de poign\u00e9es de porte et de poign\u00e9es encastr\u00e9es. Demandez des d\u00e9tails techniques et des prix personnalis\u00e9s.\",\"breadcrumb\":{\"@id\":\"https:\/\/mlsbeschlaege.de\/fr\/contact\/#breadcrumb\"},\"inLanguage\":\"fr-FR\",\"potentialAction\":[{\"@type\":\"ReadAction\",\"target\":[\"https:\/\/mlsbeschlaege.de\/fr\/contact\/\"]}]},{\"@type\":\"BreadcrumbList\",\"@id\":\"https:\/\/mlsbeschlaege.de\/fr\/contact\/#breadcrumb\",\"itemListElement\":[{\"@type\":\"ListItem\",\"position\":1,\"name\":\"Strona g\u0142\u00f3wna\",\"item\":\"https:\/\/mlsbeschlaege.de\/fr\/\"},{\"@type\":\"ListItem\",\"position\":2,\"name\":\"Contact\"}]},{\"@type\":\"WebSite\",\"@id\":\"https:\/\/mlsbeschlaege.de\/fr\/#website\",\"url\":\"https:\/\/mlsbeschlaege.de\/fr\/\",\"name\":\"MLS Beschl\u00e4ge\",\"description\":\"Qualit\u00e4t Beschlaege aus Edelstahl und Aluminium f\u00fcr Glas und Holz Anwendungen\",\"potentialAction\":[{\"@type\":\"SearchAction\",\"target\":{\"@type\":\"EntryPoint\",\"urlTemplate\":\"https:\/\/mlsbeschlaege.de\/fr\/?s={search_term_string}\"},\"query-input\":{\"@type\":\"PropertyValueSpecification\",\"valueRequired\":true,\"valueName\":\"search_term_string\"}}],\"inLanguage\":\"fr-FR\"}]}<\/script>\n<!-- \/ Yoast SEO plugin. -->","yoast_head_json":{"title":"Contact %%page% - MLS Beschl\u00e4ge%","description":"MLS Beschl\u00e4ge - Fabricant de hublots, de poign\u00e9es de porte et de poign\u00e9es encastr\u00e9es. Demandez des d\u00e9tails techniques et des prix personnalis\u00e9s.","robots":{"index":"index","follow":"follow","max-snippet":"max-snippet:-1","max-image-preview":"max-image-preview:large","max-video-preview":"max-video-preview:-1"},"canonical":"https:\/\/mlsbeschlaege.de\/fr\/contact\/","og_locale":"fr_FR","og_type":"article","og_title":"Contact %%page% - MLS Beschl\u00e4ge%","og_description":"MLS Beschl\u00e4ge - Fabricant de hublots, de poign\u00e9es de porte et de poign\u00e9es encastr\u00e9es. Demandez des d\u00e9tails techniques et des prix personnalis\u00e9s.","og_url":"https:\/\/mlsbeschlaege.de\/fr\/contact\/","og_site_name":"MLS Beschl\u00e4ge","article_modified_time":"2026-03-23T13:16:04+00:00","twitter_card":"summary_large_image","twitter_misc":{"Dur\u00e9e de lecture estim\u00e9e":"1 minute"},"schema":{"@context":"https:\/\/schema.org","@graph":[{"@type":"WebPage","@id":"https:\/\/mlsbeschlaege.de\/fr\/contact\/","url":"https:\/\/mlsbeschlaege.de\/fr\/contact\/","name":"Contact %%page% - MLS Beschl\u00e4ge%","isPartOf":{"@id":"https:\/\/mlsbeschlaege.de\/fr\/#website"},"datePublished":"2026-02-18T19:57:59+00:00","dateModified":"2026-03-23T13:16:04+00:00","description":"MLS Beschl\u00e4ge - Fabricant de hublots, de poign\u00e9es de porte et de poign\u00e9es encastr\u00e9es. Demandez des d\u00e9tails techniques et des prix personnalis\u00e9s.","breadcrumb":{"@id":"https:\/\/mlsbeschlaege.de\/fr\/contact\/#breadcrumb"},"inLanguage":"fr-FR","potentialAction":[{"@type":"ReadAction","target":["https:\/\/mlsbeschlaege.de\/fr\/contact\/"]}]},{"@type":"BreadcrumbList","@id":"https:\/\/mlsbeschlaege.de\/fr\/contact\/#breadcrumb","itemListElement":[{"@type":"ListItem","position":1,"name":"Strona g\u0142\u00f3wna","item":"https:\/\/mlsbeschlaege.de\/fr\/"},{"@type":"ListItem","position":2,"name":"Contact"}]},{"@type":"WebSite","@id":"https:\/\/mlsbeschlaege.de\/fr\/#website","url":"https:\/\/mlsbeschlaege.de\/fr\/","name":"MLS Beschl\u00e4ge","description":"Qualit\u00e4t Beschlaege aus Edelstahl und Aluminium f\u00fcr Glas und Holz Anwendungen","potentialAction":[{"@type":"SearchAction","target":{"@type":"EntryPoint","urlTemplate":"https:\/\/mlsbeschlaege.de\/fr\/?s={search_term_string}"},"query-input":{"@type":"PropertyValueSpecification","valueRequired":true,"valueName":"search_term_string"}}],"inLanguage":"fr-FR"}]}},"_links":{"self":[{"href":"https:\/\/mlsbeschlaege.de\/fr\/wp-json\/wp\/v2\/pages\/55055","targetHints":{"allow":["GET"]}}],"collection":[{"href":"https:\/\/mlsbeschlaege.de\/fr\/wp-json\/wp\/v2\/pages"}],"about":[{"href":"https:\/\/mlsbeschlaege.de\/fr\/wp-json\/wp\/v2\/types\/page"}],"author":[{"embeddable":true,"href":"https:\/\/mlsbeschlaege.de\/fr\/wp-json\/wp\/v2\/users\/740"}],"replies":[{"embeddable":true,"href":"https:\/\/mlsbeschlaege.de\/fr\/wp-json\/wp\/v2\/comments?post=55055"}],"version-history":[{"count":13,"href":"https:\/\/mlsbeschlaege.de\/fr\/wp-json\/wp\/v2\/pages\/55055\/revisions"}],"predecessor-version":[{"id":58237,"href":"https:\/\/mlsbeschlaege.de\/fr\/wp-json\/wp\/v2\/pages\/55055\/revisions\/58237"}],"wp:attachment":[{"href":"https:\/\/mlsbeschlaege.de\/fr\/wp-json\/wp\/v2\/media?parent=55055"}],"curies":[{"name":"wp","href":"https:\/\/api.w.org\/{rel}","templated":true}]}}